{"id":257275,"date":"2023-03-28T10:37:04","date_gmt":"2023-03-28T10:37:09","guid":{"rendered":"https:\/\/www.erresse-shop.it\/?post_type=product&#038;p=257275"},"modified":"2023-05-15T14:47:36","modified_gmt":"2023-05-15T14:47:36","slug":"villeroy-boch-iconic-platos-la-boule-paradiso","status":"publish","type":"product","link":"https:\/\/www.erresse-shop.it\/es\/shop\/tabla\/platos\/villeroy-boch-iconic-platos-la-boule-paradiso\/","title":{"rendered":"VILLEROY &#038; BOCH Iconic Platos La Boule Paradiso"},"content":{"rendered":"<p><strong>Nuestras ediciones limitadas de aniversario<\/strong><br \/>\nNuestras ra\u00edces combinadas con las \u00faltimas tendencias: con nuestras novedades de edici\u00f3n limitada de aniversario, hemos creado algo extraordinario. En la reinterpretaci\u00f3n de la apreciada decoraci\u00f3n Paradiso, las tendencias actuales se muestran con modernidad y elegancia. La calcograf\u00eda es una t\u00e9cnica originaria de Inglaterra que Nicolas Villeroy aplic\u00f3 a la cer\u00e1mica ya en 1791. Y es precisamente esta t\u00e9cnica tradicional la que ha inspirado nuestro aniversario.<\/p>\n<p><strong>Atractivo visual atemporal con un dise\u00f1o ic\u00f3nico<\/strong><br \/>\nEstilo cl\u00e1sico y moderno juntos en un solo dise\u00f1o: para el 275 aniversario, la colecci\u00f3n Paradiso se inspira en la tradici\u00f3n de 275 a\u00f1os de Villeroy &amp; Boch y la trae al presente. Las decoraciones hist\u00f3ricas con calcograf\u00eda realzadas con elementos gr\u00e1ficos modernos y un naranja intenso dan lugar a un nuevo lenguaje de dise\u00f1o contempor\u00e1neo. Las vers\u00e1tiles piezas combinables impresionan con su moderno colorido. La funcionalidad y un dise\u00f1o ic\u00f3nico hacen de cada La Boule no s\u00f3lo un punto de atracci\u00f3n en cada mesa, sino tambi\u00e9n un objeto de interior muy especial.<\/p>\n<p><strong>El juego se compone de:<\/strong><br \/>\n2 cuencos<br \/>\n2 platos llanos<br \/>\n2 platos llanos<br \/>\n1 plato para servir<\/p>\n<p><strong>Material:<\/strong> porcelana<br \/>\n<strong>Apto para lavavajillas<\/strong><br \/>\n<strong>Apto para microondas<\/strong><\/p>\n","protected":false},"excerpt":{"rendered":"<p>Nuestras ediciones limitadas de aniversario Nuestras ra\u00edces combinadas con las \u00faltimas tendencias: con nuestras novedades de edici\u00f3n limitada de aniversario,<\/p>\n","protected":false},"featured_media":492379,"template":"","meta":{"_acf_changed":false,"inline_featured_image":false},"product_cat":[16031,16027],"product_tag":[23662,24399,17528,16133,16407,24605,21823,25023],"acf":[],"yoast_head":"<!-- This site is optimized with the Yoast SEO Premium plugin v18.6 (Yoast SEO v19.13) - https:\/\/yoast.com\/wordpress\/plugins\/seo\/ -->\n<title>VILLEROY &amp; BOCH Iconic Platos La Boule Paradiso - Erresse Shop<\/title>\n<meta name=\"description\" content=\"Nuestras ediciones limitadas de aniversario Nuestras ra\u00edces combinadas con las \u00faltimas tendencias: con nuestras novedades de edici\u00f3n limitada de\" \/>\n<meta name=\"robots\" content=\"index, follow, max-snippet:-1, max-image-preview:large, max-video-preview:-1\" \/>\n<link rel=\"canonical\" href=\"https:\/\/www.erresse-shop.it\/es\/shop\/tabla\/platos\/villeroy-boch-iconic-platos-la-boule-paradiso\/\" \/>\n<meta property=\"og:locale\" content=\"es_ES\" \/>\n<meta property=\"og:type\" content=\"article\" \/>\n<meta property=\"og:title\" content=\"VILLEROY &amp; BOCH Iconic Platos La Boule Paradiso\" \/>\n<meta property=\"og:description\" content=\"Nuestras ediciones limitadas de aniversario Nuestras ra\u00edces combinadas con las \u00faltimas tendencias: con nuestras novedades de edici\u00f3n limitada de\" \/>\n<meta property=\"og:url\" content=\"https:\/\/www.erresse-shop.it\/es\/shop\/tabla\/platos\/villeroy-boch-iconic-platos-la-boule-paradiso\/\" \/>\n<meta property=\"og:site_name\" content=\"Erresse Shop\" \/>\n<meta property=\"article:modified_time\" content=\"2023-05-15T14:47:36+00:00\" \/>\n<meta property=\"og:image\" content=\"https:\/\/www.erresse-shop.it\/wp-content\/uploads\/2023\/03\/VILLEROY-BOCH-Iconic-Piatti-La-Boule-Paradiso.jpg\" \/>\n\t<meta property=\"og:image:width\" content=\"800\" \/>\n\t<meta property=\"og:image:height\" content=\"800\" \/>\n\t<meta property=\"og:image:type\" content=\"image\/jpeg\" \/>\n<meta name=\"twitter:card\" content=\"summary_large_image\" \/>\n<script type=\"application\/ld+json\" class=\"yoast-schema-graph\">{\"@context\":\"https:\/\/schema.org\",\"@graph\":[{\"@type\":\"WebPage\",\"@id\":\"https:\/\/www.erresse-shop.it\/es\/shop\/tabla\/platos\/villeroy-boch-iconic-platos-la-boule-paradiso\/\",\"url\":\"https:\/\/www.erresse-shop.it\/es\/shop\/tabla\/platos\/villeroy-boch-iconic-platos-la-boule-paradiso\/\",\"name\":\"VILLEROY & BOCH Iconic Platos La Boule Paradiso - Erresse Shop\",\"isPartOf\":{\"@id\":\"https:\/\/www.erresse-shop.it\/es\/#website\"},\"datePublished\":\"2023-03-28T10:37:09+00:00\",\"dateModified\":\"2023-05-15T14:47:36+00:00\",\"description\":\"Nuestras ediciones limitadas de aniversario Nuestras ra\u00edces combinadas con las \u00faltimas tendencias: con nuestras novedades de edici\u00f3n limitada de\",\"breadcrumb\":{\"@id\":\"https:\/\/www.erresse-shop.it\/es\/shop\/tabla\/platos\/villeroy-boch-iconic-platos-la-boule-paradiso\/#breadcrumb\"},\"inLanguage\":\"es\",\"potentialAction\":[{\"@type\":\"ReadAction\",\"target\":[\"https:\/\/www.erresse-shop.it\/es\/shop\/tabla\/platos\/villeroy-boch-iconic-platos-la-boule-paradiso\/\"]}]},{\"@type\":\"BreadcrumbList\",\"@id\":\"https:\/\/www.erresse-shop.it\/es\/shop\/tabla\/platos\/villeroy-boch-iconic-platos-la-boule-paradiso\/#breadcrumb\",\"itemListElement\":[{\"@type\":\"ListItem\",\"position\":1,\"name\":\"Home\",\"item\":\"https:\/\/www.erresse-shop.it\/es\/\"},{\"@type\":\"ListItem\",\"position\":2,\"name\":\"Shop\",\"item\":\"https:\/\/www.erresse-shop.it\/es\/shop\/\"},{\"@type\":\"ListItem\",\"position\":3,\"name\":\"VILLEROY &#038; BOCH Iconic Platos La Boule Paradiso\"}]},{\"@type\":\"WebSite\",\"@id\":\"https:\/\/www.erresse-shop.it\/es\/#website\",\"url\":\"https:\/\/www.erresse-shop.it\/es\/\",\"name\":\"Erresse Shop\",\"description\":\"Articoli di qualit\u00e0 per la casa\",\"potentialAction\":[{\"@type\":\"SearchAction\",\"target\":{\"@type\":\"EntryPoint\",\"urlTemplate\":\"https:\/\/www.erresse-shop.it\/es\/?s={search_term_string}\"},\"query-input\":\"required name=search_term_string\"}],\"inLanguage\":\"es\"}]}<\/script>\n<!-- \/ Yoast SEO Premium plugin. -->","yoast_head_json":{"title":"VILLEROY & BOCH Iconic Platos La Boule Paradiso - Erresse Shop","description":"Nuestras ediciones limitadas de aniversario Nuestras ra\u00edces combinadas con las \u00faltimas tendencias: con nuestras novedades de edici\u00f3n limitada de","robots":{"index":"index","follow":"follow","max-snippet":"max-snippet:-1","max-image-preview":"max-image-preview:large","max-video-preview":"max-video-preview:-1"},"canonical":"https:\/\/www.erresse-shop.it\/es\/shop\/tabla\/platos\/villeroy-boch-iconic-platos-la-boule-paradiso\/","og_locale":"es_ES","og_type":"article","og_title":"VILLEROY & BOCH Iconic Platos La Boule Paradiso","og_description":"Nuestras ediciones limitadas de aniversario Nuestras ra\u00edces combinadas con las \u00faltimas tendencias: con nuestras novedades de edici\u00f3n limitada de","og_url":"https:\/\/www.erresse-shop.it\/es\/shop\/tabla\/platos\/villeroy-boch-iconic-platos-la-boule-paradiso\/","og_site_name":"Erresse Shop","article_modified_time":"2023-05-15T14:47:36+00:00","og_image":[{"width":800,"height":800,"url":"https:\/\/www.erresse-shop.it\/wp-content\/uploads\/2023\/03\/VILLEROY-BOCH-Iconic-Piatti-La-Boule-Paradiso.jpg","type":"image\/jpeg"}],"twitter_card":"summary_large_image","schema":{"@context":"https:\/\/schema.org","@graph":[{"@type":"WebPage","@id":"https:\/\/www.erresse-shop.it\/es\/shop\/tabla\/platos\/villeroy-boch-iconic-platos-la-boule-paradiso\/","url":"https:\/\/www.erresse-shop.it\/es\/shop\/tabla\/platos\/villeroy-boch-iconic-platos-la-boule-paradiso\/","name":"VILLEROY & BOCH Iconic Platos La Boule Paradiso - Erresse Shop","isPartOf":{"@id":"https:\/\/www.erresse-shop.it\/es\/#website"},"datePublished":"2023-03-28T10:37:09+00:00","dateModified":"2023-05-15T14:47:36+00:00","description":"Nuestras ediciones limitadas de aniversario Nuestras ra\u00edces combinadas con las \u00faltimas tendencias: con nuestras novedades de edici\u00f3n limitada de","breadcrumb":{"@id":"https:\/\/www.erresse-shop.it\/es\/shop\/tabla\/platos\/villeroy-boch-iconic-platos-la-boule-paradiso\/#breadcrumb"},"inLanguage":"es","potentialAction":[{"@type":"ReadAction","target":["https:\/\/www.erresse-shop.it\/es\/shop\/tabla\/platos\/villeroy-boch-iconic-platos-la-boule-paradiso\/"]}]},{"@type":"BreadcrumbList","@id":"https:\/\/www.erresse-shop.it\/es\/shop\/tabla\/platos\/villeroy-boch-iconic-platos-la-boule-paradiso\/#breadcrumb","itemListElement":[{"@type":"ListItem","position":1,"name":"Home","item":"https:\/\/www.erresse-shop.it\/es\/"},{"@type":"ListItem","position":2,"name":"Shop","item":"https:\/\/www.erresse-shop.it\/es\/shop\/"},{"@type":"ListItem","position":3,"name":"VILLEROY &#038; BOCH Iconic Platos La Boule Paradiso"}]},{"@type":"WebSite","@id":"https:\/\/www.erresse-shop.it\/es\/#website","url":"https:\/\/www.erresse-shop.it\/es\/","name":"Erresse Shop","description":"Articoli di qualit\u00e0 per la casa","potentialAction":[{"@type":"SearchAction","target":{"@type":"EntryPoint","urlTemplate":"https:\/\/www.erresse-shop.it\/es\/?s={search_term_string}"},"query-input":"required name=search_term_string"}],"inLanguage":"es"}]}},"df_price":249.5,"df_sale_price":249.5,"df_regular_price":499,"df_image_link":"https:\/\/www.erresse-shop.it\/wp-content\/uploads\/2023\/03\/VILLEROY-BOCH-Iconic-Piatti-La-Boule-Paradiso-300x300.jpg","_links":{"self":[{"href":"https:\/\/www.erresse-shop.it\/es\/wp-json\/wp\/v2\/product\/257275"}],"collection":[{"href":"https:\/\/www.erresse-shop.it\/es\/wp-json\/wp\/v2\/product"}],"about":[{"href":"https:\/\/www.erresse-shop.it\/es\/wp-json\/wp\/v2\/types\/product"}],"wp:featuredmedia":[{"embeddable":true,"href":"https:\/\/www.erresse-shop.it\/es\/wp-json\/wp\/v2\/media\/492379"}],"wp:attachment":[{"href":"https:\/\/www.erresse-shop.it\/es\/wp-json\/wp\/v2\/media?parent=257275"}],"wp:term":[{"taxonomy":"product_cat","embeddable":true,"href":"https:\/\/www.erresse-shop.it\/es\/wp-json\/wp\/v2\/product_cat?post=257275"},{"taxonomy":"product_tag","embeddable":true,"href":"https:\/\/www.erresse-shop.it\/es\/wp-json\/wp\/v2\/product_tag?post=257275"}],"curies":[{"name":"wp","href":"https:\/\/api.w.org\/{rel}","templated":true}]}}