{"id":252116,"date":"2023-03-16T10:47:49","date_gmt":"2023-03-16T10:47:53","guid":{"rendered":"https:\/\/www.erresse-shop.it\/?post_type=product&#038;p=252116"},"modified":"2024-06-11T00:02:37","modified_gmt":"2024-06-11T00:02:37","slug":"global-bloque-para-13-cuchillos","status":"publish","type":"product","link":"https:\/\/www.erresse-shop.it\/es\/shop\/cocina\/cuchillos\/bloques-de-cuchillos\/global-bloque-para-13-cuchillos\/","title":{"rendered":"GLOBAL Bloque para 13 Cuchillos"},"content":{"rendered":"<p>Fabricado con el habitual cuidado por el detalle est\u00e9tico y la funcionalidad que siempre han caracterizado a la marca Global, este bloque para cuchillos tiene varios puntos a su favor. El primero, el m\u00e1s evidente, se refiere a su capacidad: 15 amplias ranuras que le permiten alojar hasta 30 cuchillos de diferentes formas y tama\u00f1os (13 indica el fabricante, pero depende claramente del tama\u00f1o de las hojas) en condiciones \u00f3ptimas (gracias al revestimiento interior de pl\u00e1stico); por si fuera poco, el bloque dispone de una abertura adicional apta para alojar un afilador. Todo ello con un tama\u00f1o total decididamente limitado, sin duda menos que si los diferentes cuchillos se guardaran por separado.<\/p>\n<p>Otra caracter\u00edstica a tener en cuenta es la robustez y solidez del bloque que, fabricado en acero inoxidable, dispone de un pedestal de goma que facilita la adherencia a la superficie sobre la que se apoya: \u00a1a prueba de resbalones, por tanto!<\/p>\n<p>El \u00faltimo elemento que, todo hay que decirlo, destaca es la elegancia y el refinamiento de este producto: la forma recuerda en cierto modo el perfil de un velero, mientras que la feliz alternancia crom\u00e1tica entre el gris del acero y el negro de las inserciones sint\u00e9ticas hacen que este bloque resulte especialmente adecuado como objeto de decoraci\u00f3n en cocinas de dise\u00f1o moderno.<\/p>\n","protected":false},"excerpt":{"rendered":"<p>Fabricado con el habitual cuidado por el detalle est\u00e9tico y la funcionalidad que siempre han caracterizado a la marca Global,<\/p>\n","protected":false},"featured_media":252125,"template":"","meta":{"_acf_changed":false,"inline_featured_image":false},"product_cat":[16045,16040,16043],"product_tag":[16132,16509],"acf":[],"yoast_head":"<!-- This site is optimized with the Yoast SEO Premium plugin v18.6 (Yoast SEO v19.13) - https:\/\/yoast.com\/wordpress\/plugins\/seo\/ -->\n<title>GLOBAL Bloque para 13 Cuchillos - Erresse Shop<\/title>\n<meta name=\"description\" content=\"Fabricado con el habitual cuidado por el detalle est\u00e9tico y la funcionalidad que siempre han caracterizado a la marca Global, este bloque para cuchillos\" \/>\n<meta name=\"robots\" content=\"index, follow, max-snippet:-1, max-image-preview:large, max-video-preview:-1\" \/>\n<link rel=\"canonical\" href=\"https:\/\/www.erresse-shop.it\/es\/shop\/cocina\/cuchillos\/bloques-de-cuchillos\/global-bloque-para-13-cuchillos\/\" \/>\n<meta property=\"og:locale\" content=\"es_ES\" \/>\n<meta property=\"og:type\" content=\"article\" \/>\n<meta property=\"og:title\" content=\"GLOBAL Bloque para 13 Cuchillos\" \/>\n<meta property=\"og:description\" content=\"Fabricado con el habitual cuidado por el detalle est\u00e9tico y la funcionalidad que siempre han caracterizado a la marca Global, este bloque para cuchillos\" \/>\n<meta property=\"og:url\" content=\"https:\/\/www.erresse-shop.it\/es\/shop\/cocina\/cuchillos\/bloques-de-cuchillos\/global-bloque-para-13-cuchillos\/\" \/>\n<meta property=\"og:site_name\" content=\"Erresse Shop\" \/>\n<meta property=\"article:modified_time\" content=\"2024-06-11T00:02:37+00:00\" \/>\n<meta property=\"og:image\" content=\"https:\/\/www.erresse-shop.it\/wp-content\/uploads\/2023\/03\/GLOBAL-Ceppo-per-13-Coltelli.jpg\" \/>\n\t<meta property=\"og:image:width\" content=\"800\" \/>\n\t<meta property=\"og:image:height\" content=\"800\" \/>\n\t<meta property=\"og:image:type\" content=\"image\/jpeg\" \/>\n<meta name=\"twitter:card\" content=\"summary_large_image\" \/>\n<script type=\"application\/ld+json\" class=\"yoast-schema-graph\">{\"@context\":\"https:\/\/schema.org\",\"@graph\":[{\"@type\":\"WebPage\",\"@id\":\"https:\/\/www.erresse-shop.it\/es\/shop\/cocina\/cuchillos\/bloques-de-cuchillos\/global-bloque-para-13-cuchillos\/\",\"url\":\"https:\/\/www.erresse-shop.it\/es\/shop\/cocina\/cuchillos\/bloques-de-cuchillos\/global-bloque-para-13-cuchillos\/\",\"name\":\"GLOBAL Bloque para 13 Cuchillos - Erresse Shop\",\"isPartOf\":{\"@id\":\"https:\/\/www.erresse-shop.it\/es\/#website\"},\"datePublished\":\"2023-03-16T10:47:53+00:00\",\"dateModified\":\"2024-06-11T00:02:37+00:00\",\"description\":\"Fabricado con el habitual cuidado por el detalle est\u00e9tico y la funcionalidad que siempre han caracterizado a la marca Global, este bloque para cuchillos\",\"breadcrumb\":{\"@id\":\"https:\/\/www.erresse-shop.it\/es\/shop\/cocina\/cuchillos\/bloques-de-cuchillos\/global-bloque-para-13-cuchillos\/#breadcrumb\"},\"inLanguage\":\"es\",\"potentialAction\":[{\"@type\":\"ReadAction\",\"target\":[\"https:\/\/www.erresse-shop.it\/es\/shop\/cocina\/cuchillos\/bloques-de-cuchillos\/global-bloque-para-13-cuchillos\/\"]}]},{\"@type\":\"BreadcrumbList\",\"@id\":\"https:\/\/www.erresse-shop.it\/es\/shop\/cocina\/cuchillos\/bloques-de-cuchillos\/global-bloque-para-13-cuchillos\/#breadcrumb\",\"itemListElement\":[{\"@type\":\"ListItem\",\"position\":1,\"name\":\"Home\",\"item\":\"https:\/\/www.erresse-shop.it\/es\/\"},{\"@type\":\"ListItem\",\"position\":2,\"name\":\"Shop\",\"item\":\"https:\/\/www.erresse-shop.it\/es\/shop\/\"},{\"@type\":\"ListItem\",\"position\":3,\"name\":\"GLOBAL Bloque para 13 Cuchillos\"}]},{\"@type\":\"WebSite\",\"@id\":\"https:\/\/www.erresse-shop.it\/es\/#website\",\"url\":\"https:\/\/www.erresse-shop.it\/es\/\",\"name\":\"Erresse Shop\",\"description\":\"Articoli di qualit\u00e0 per la casa\",\"potentialAction\":[{\"@type\":\"SearchAction\",\"target\":{\"@type\":\"EntryPoint\",\"urlTemplate\":\"https:\/\/www.erresse-shop.it\/es\/?s={search_term_string}\"},\"query-input\":\"required name=search_term_string\"}],\"inLanguage\":\"es\"}]}<\/script>\n<!-- \/ Yoast SEO Premium plugin. -->","yoast_head_json":{"title":"GLOBAL Bloque para 13 Cuchillos - Erresse Shop","description":"Fabricado con el habitual cuidado por el detalle est\u00e9tico y la funcionalidad que siempre han caracterizado a la marca Global, este bloque para cuchillos","robots":{"index":"index","follow":"follow","max-snippet":"max-snippet:-1","max-image-preview":"max-image-preview:large","max-video-preview":"max-video-preview:-1"},"canonical":"https:\/\/www.erresse-shop.it\/es\/shop\/cocina\/cuchillos\/bloques-de-cuchillos\/global-bloque-para-13-cuchillos\/","og_locale":"es_ES","og_type":"article","og_title":"GLOBAL Bloque para 13 Cuchillos","og_description":"Fabricado con el habitual cuidado por el detalle est\u00e9tico y la funcionalidad que siempre han caracterizado a la marca Global, este bloque para cuchillos","og_url":"https:\/\/www.erresse-shop.it\/es\/shop\/cocina\/cuchillos\/bloques-de-cuchillos\/global-bloque-para-13-cuchillos\/","og_site_name":"Erresse Shop","article_modified_time":"2024-06-11T00:02:37+00:00","og_image":[{"width":800,"height":800,"url":"https:\/\/www.erresse-shop.it\/wp-content\/uploads\/2023\/03\/GLOBAL-Ceppo-per-13-Coltelli.jpg","type":"image\/jpeg"}],"twitter_card":"summary_large_image","schema":{"@context":"https:\/\/schema.org","@graph":[{"@type":"WebPage","@id":"https:\/\/www.erresse-shop.it\/es\/shop\/cocina\/cuchillos\/bloques-de-cuchillos\/global-bloque-para-13-cuchillos\/","url":"https:\/\/www.erresse-shop.it\/es\/shop\/cocina\/cuchillos\/bloques-de-cuchillos\/global-bloque-para-13-cuchillos\/","name":"GLOBAL Bloque para 13 Cuchillos - Erresse Shop","isPartOf":{"@id":"https:\/\/www.erresse-shop.it\/es\/#website"},"datePublished":"2023-03-16T10:47:53+00:00","dateModified":"2024-06-11T00:02:37+00:00","description":"Fabricado con el habitual cuidado por el detalle est\u00e9tico y la funcionalidad que siempre han caracterizado a la marca Global, este bloque para cuchillos","breadcrumb":{"@id":"https:\/\/www.erresse-shop.it\/es\/shop\/cocina\/cuchillos\/bloques-de-cuchillos\/global-bloque-para-13-cuchillos\/#breadcrumb"},"inLanguage":"es","potentialAction":[{"@type":"ReadAction","target":["https:\/\/www.erresse-shop.it\/es\/shop\/cocina\/cuchillos\/bloques-de-cuchillos\/global-bloque-para-13-cuchillos\/"]}]},{"@type":"BreadcrumbList","@id":"https:\/\/www.erresse-shop.it\/es\/shop\/cocina\/cuchillos\/bloques-de-cuchillos\/global-bloque-para-13-cuchillos\/#breadcrumb","itemListElement":[{"@type":"ListItem","position":1,"name":"Home","item":"https:\/\/www.erresse-shop.it\/es\/"},{"@type":"ListItem","position":2,"name":"Shop","item":"https:\/\/www.erresse-shop.it\/es\/shop\/"},{"@type":"ListItem","position":3,"name":"GLOBAL Bloque para 13 Cuchillos"}]},{"@type":"WebSite","@id":"https:\/\/www.erresse-shop.it\/es\/#website","url":"https:\/\/www.erresse-shop.it\/es\/","name":"Erresse Shop","description":"Articoli di qualit\u00e0 per la casa","potentialAction":[{"@type":"SearchAction","target":{"@type":"EntryPoint","urlTemplate":"https:\/\/www.erresse-shop.it\/es\/?s={search_term_string}"},"query-input":"required name=search_term_string"}],"inLanguage":"es"}]}},"df_price":179.95,"df_sale_price":179.95,"df_regular_price":236,"df_image_link":"https:\/\/www.erresse-shop.it\/wp-content\/uploads\/2023\/03\/GLOBAL-Ceppo-per-13-Coltelli-300x300.jpg","_links":{"self":[{"href":"https:\/\/www.erresse-shop.it\/es\/wp-json\/wp\/v2\/product\/252116"}],"collection":[{"href":"https:\/\/www.erresse-shop.it\/es\/wp-json\/wp\/v2\/product"}],"about":[{"href":"https:\/\/www.erresse-shop.it\/es\/wp-json\/wp\/v2\/types\/product"}],"wp:featuredmedia":[{"embeddable":true,"href":"https:\/\/www.erresse-shop.it\/es\/wp-json\/wp\/v2\/media\/252125"}],"wp:attachment":[{"href":"https:\/\/www.erresse-shop.it\/es\/wp-json\/wp\/v2\/media?parent=252116"}],"wp:term":[{"taxonomy":"product_cat","embeddable":true,"href":"https:\/\/www.erresse-shop.it\/es\/wp-json\/wp\/v2\/product_cat?post=252116"},{"taxonomy":"product_tag","embeddable":true,"href":"https:\/\/www.erresse-shop.it\/es\/wp-json\/wp\/v2\/product_tag?post=252116"}],"curies":[{"name":"wp","href":"https:\/\/api.w.org\/{rel}","templated":true}]}}