{"id":252092,"date":"2023-03-16T10:24:27","date_gmt":"2023-03-16T10:24:31","guid":{"rendered":"https:\/\/www.erresse-shop.it\/?post_type=product&#038;p=252092"},"modified":"2024-06-11T00:02:35","modified_gmt":"2024-06-11T00:02:35","slug":"global-bloque-para-8-cuchillos","status":"publish","type":"product","link":"https:\/\/www.erresse-shop.it\/es\/shop\/cocina\/cuchillos\/bloques-de-cuchillos\/global-bloque-para-8-cuchillos\/","title":{"rendered":"GLOBAL Bloque para 8 Cuchillos"},"content":{"rendered":"<p>Fabricado en acero con insertos sint\u00e9ticos, este producto cumple la funci\u00f3n de guardar de la mejor manera posible utensilios tan preciados como los <strong>cuchillos de cocina profesionales<\/strong>. Los golpes accidentales, as\u00ed como la exposici\u00f3n prolongada a agentes corrosivos, pueden de hecho arruinar incluso las hojas del mejor acero, y por eso un cuchillo no puede dejarse sobre la encimera o en un caj\u00f3n sin la protecci\u00f3n adecuada.<\/p>\n<p>Por eso, un bloque para cuchillos permite tenerlos a mano y seguros al mismo tiempo; m\u00e1s concretamente, el bloque que aqu\u00ed presentamos es ideal para albergar cuchillos <strong>Global<\/strong>, cuyo estilo y elementos de dise\u00f1o recuerda. Dispone de ocho ranuras en las que insertar las hojas, de diferentes tama\u00f1os y revestidas interiormente y en el borde con material pl\u00e1stico para su protecci\u00f3n; en la base del bloque, una especie de pedestal de material sint\u00e9tico asegura su estabilidad al hacer que se adhiera a la superficie de apoyo.<\/p>\n<p>Las <strong>dimensiones<\/strong> de las ranuras son tales que pueden alojar cuchillos de hoja peque\u00f1a o mediana (no obstante, no m\u00e1s de 22 cm de longitud) y, por lo tanto, son adecuadas para alojar tanto los productos de la l\u00ednea G como los, m\u00e1s peque\u00f1os y con el caracter\u00edstico mango triangular, de la l\u00ednea GS. Por \u00faltimo, el motivo dibujado en la superficie exterior del bloque embellece el conjunto recordando la textura &#8220;punteada&#8221; que caracteriza desde hace d\u00e9cadas los mangos de los cuchillos producidos por la empresa japonesa.<\/p>\n","protected":false},"excerpt":{"rendered":"<p>Fabricado en acero con insertos sint\u00e9ticos, este producto cumple la funci\u00f3n de guardar de la mejor manera posible utensilios tan<\/p>\n","protected":false},"featured_media":252107,"template":"","meta":{"_acf_changed":false,"inline_featured_image":false},"product_cat":[16045,16040,16043],"product_tag":[16132,16509],"acf":[],"yoast_head":"<!-- This site is optimized with the Yoast SEO Premium plugin v18.6 (Yoast SEO v19.13) - https:\/\/yoast.com\/wordpress\/plugins\/seo\/ -->\n<title>GLOBAL Bloque para 8 Cuchillos - Erresse Shop<\/title>\n<meta name=\"description\" content=\"Fabricado en acero con insertos sint\u00e9ticos, este producto cumple la funci\u00f3n de guardar de la mejor manera posible utensilios tan preciados como los\" \/>\n<meta name=\"robots\" content=\"index, follow, max-snippet:-1, max-image-preview:large, max-video-preview:-1\" \/>\n<link rel=\"canonical\" href=\"https:\/\/www.erresse-shop.it\/es\/shop\/cocina\/cuchillos\/bloques-de-cuchillos\/global-bloque-para-8-cuchillos\/\" \/>\n<meta property=\"og:locale\" content=\"es_ES\" \/>\n<meta property=\"og:type\" content=\"article\" \/>\n<meta property=\"og:title\" content=\"GLOBAL Bloque para 8 Cuchillos\" \/>\n<meta property=\"og:description\" content=\"Fabricado en acero con insertos sint\u00e9ticos, este producto cumple la funci\u00f3n de guardar de la mejor manera posible utensilios tan preciados como los\" \/>\n<meta property=\"og:url\" content=\"https:\/\/www.erresse-shop.it\/es\/shop\/cocina\/cuchillos\/bloques-de-cuchillos\/global-bloque-para-8-cuchillos\/\" \/>\n<meta property=\"og:site_name\" content=\"Erresse Shop\" \/>\n<meta property=\"article:modified_time\" content=\"2024-06-11T00:02:35+00:00\" \/>\n<meta property=\"og:image\" content=\"https:\/\/www.erresse-shop.it\/wp-content\/uploads\/2023\/03\/GLOBAL-Ceppo-per-8-Coltelli.jpg\" \/>\n\t<meta property=\"og:image:width\" content=\"800\" \/>\n\t<meta property=\"og:image:height\" content=\"800\" \/>\n\t<meta property=\"og:image:type\" content=\"image\/jpeg\" \/>\n<meta name=\"twitter:card\" content=\"summary_large_image\" \/>\n<script type=\"application\/ld+json\" class=\"yoast-schema-graph\">{\"@context\":\"https:\/\/schema.org\",\"@graph\":[{\"@type\":\"WebPage\",\"@id\":\"https:\/\/www.erresse-shop.it\/es\/shop\/cocina\/cuchillos\/bloques-de-cuchillos\/global-bloque-para-8-cuchillos\/\",\"url\":\"https:\/\/www.erresse-shop.it\/es\/shop\/cocina\/cuchillos\/bloques-de-cuchillos\/global-bloque-para-8-cuchillos\/\",\"name\":\"GLOBAL Bloque para 8 Cuchillos - Erresse Shop\",\"isPartOf\":{\"@id\":\"https:\/\/www.erresse-shop.it\/es\/#website\"},\"datePublished\":\"2023-03-16T10:24:31+00:00\",\"dateModified\":\"2024-06-11T00:02:35+00:00\",\"description\":\"Fabricado en acero con insertos sint\u00e9ticos, este producto cumple la funci\u00f3n de guardar de la mejor manera posible utensilios tan preciados como los\",\"breadcrumb\":{\"@id\":\"https:\/\/www.erresse-shop.it\/es\/shop\/cocina\/cuchillos\/bloques-de-cuchillos\/global-bloque-para-8-cuchillos\/#breadcrumb\"},\"inLanguage\":\"es\",\"potentialAction\":[{\"@type\":\"ReadAction\",\"target\":[\"https:\/\/www.erresse-shop.it\/es\/shop\/cocina\/cuchillos\/bloques-de-cuchillos\/global-bloque-para-8-cuchillos\/\"]}]},{\"@type\":\"BreadcrumbList\",\"@id\":\"https:\/\/www.erresse-shop.it\/es\/shop\/cocina\/cuchillos\/bloques-de-cuchillos\/global-bloque-para-8-cuchillos\/#breadcrumb\",\"itemListElement\":[{\"@type\":\"ListItem\",\"position\":1,\"name\":\"Home\",\"item\":\"https:\/\/www.erresse-shop.it\/es\/\"},{\"@type\":\"ListItem\",\"position\":2,\"name\":\"Shop\",\"item\":\"https:\/\/www.erresse-shop.it\/es\/shop\/\"},{\"@type\":\"ListItem\",\"position\":3,\"name\":\"GLOBAL Bloque para 8 Cuchillos\"}]},{\"@type\":\"WebSite\",\"@id\":\"https:\/\/www.erresse-shop.it\/es\/#website\",\"url\":\"https:\/\/www.erresse-shop.it\/es\/\",\"name\":\"Erresse Shop\",\"description\":\"Articoli di qualit\u00e0 per la casa\",\"potentialAction\":[{\"@type\":\"SearchAction\",\"target\":{\"@type\":\"EntryPoint\",\"urlTemplate\":\"https:\/\/www.erresse-shop.it\/es\/?s={search_term_string}\"},\"query-input\":\"required name=search_term_string\"}],\"inLanguage\":\"es\"}]}<\/script>\n<!-- \/ Yoast SEO Premium plugin. -->","yoast_head_json":{"title":"GLOBAL Bloque para 8 Cuchillos - Erresse Shop","description":"Fabricado en acero con insertos sint\u00e9ticos, este producto cumple la funci\u00f3n de guardar de la mejor manera posible utensilios tan preciados como los","robots":{"index":"index","follow":"follow","max-snippet":"max-snippet:-1","max-image-preview":"max-image-preview:large","max-video-preview":"max-video-preview:-1"},"canonical":"https:\/\/www.erresse-shop.it\/es\/shop\/cocina\/cuchillos\/bloques-de-cuchillos\/global-bloque-para-8-cuchillos\/","og_locale":"es_ES","og_type":"article","og_title":"GLOBAL Bloque para 8 Cuchillos","og_description":"Fabricado en acero con insertos sint\u00e9ticos, este producto cumple la funci\u00f3n de guardar de la mejor manera posible utensilios tan preciados como los","og_url":"https:\/\/www.erresse-shop.it\/es\/shop\/cocina\/cuchillos\/bloques-de-cuchillos\/global-bloque-para-8-cuchillos\/","og_site_name":"Erresse Shop","article_modified_time":"2024-06-11T00:02:35+00:00","og_image":[{"width":800,"height":800,"url":"https:\/\/www.erresse-shop.it\/wp-content\/uploads\/2023\/03\/GLOBAL-Ceppo-per-8-Coltelli.jpg","type":"image\/jpeg"}],"twitter_card":"summary_large_image","schema":{"@context":"https:\/\/schema.org","@graph":[{"@type":"WebPage","@id":"https:\/\/www.erresse-shop.it\/es\/shop\/cocina\/cuchillos\/bloques-de-cuchillos\/global-bloque-para-8-cuchillos\/","url":"https:\/\/www.erresse-shop.it\/es\/shop\/cocina\/cuchillos\/bloques-de-cuchillos\/global-bloque-para-8-cuchillos\/","name":"GLOBAL Bloque para 8 Cuchillos - Erresse Shop","isPartOf":{"@id":"https:\/\/www.erresse-shop.it\/es\/#website"},"datePublished":"2023-03-16T10:24:31+00:00","dateModified":"2024-06-11T00:02:35+00:00","description":"Fabricado en acero con insertos sint\u00e9ticos, este producto cumple la funci\u00f3n de guardar de la mejor manera posible utensilios tan preciados como los","breadcrumb":{"@id":"https:\/\/www.erresse-shop.it\/es\/shop\/cocina\/cuchillos\/bloques-de-cuchillos\/global-bloque-para-8-cuchillos\/#breadcrumb"},"inLanguage":"es","potentialAction":[{"@type":"ReadAction","target":["https:\/\/www.erresse-shop.it\/es\/shop\/cocina\/cuchillos\/bloques-de-cuchillos\/global-bloque-para-8-cuchillos\/"]}]},{"@type":"BreadcrumbList","@id":"https:\/\/www.erresse-shop.it\/es\/shop\/cocina\/cuchillos\/bloques-de-cuchillos\/global-bloque-para-8-cuchillos\/#breadcrumb","itemListElement":[{"@type":"ListItem","position":1,"name":"Home","item":"https:\/\/www.erresse-shop.it\/es\/"},{"@type":"ListItem","position":2,"name":"Shop","item":"https:\/\/www.erresse-shop.it\/es\/shop\/"},{"@type":"ListItem","position":3,"name":"GLOBAL Bloque para 8 Cuchillos"}]},{"@type":"WebSite","@id":"https:\/\/www.erresse-shop.it\/es\/#website","url":"https:\/\/www.erresse-shop.it\/es\/","name":"Erresse Shop","description":"Articoli di qualit\u00e0 per la casa","potentialAction":[{"@type":"SearchAction","target":{"@type":"EntryPoint","urlTemplate":"https:\/\/www.erresse-shop.it\/es\/?s={search_term_string}"},"query-input":"required name=search_term_string"}],"inLanguage":"es"}]}},"df_price":199.95,"df_sale_price":199.95,"df_regular_price":269,"df_image_link":"https:\/\/www.erresse-shop.it\/wp-content\/uploads\/2023\/03\/GLOBAL-Ceppo-per-8-Coltelli-300x300.jpg","_links":{"self":[{"href":"https:\/\/www.erresse-shop.it\/es\/wp-json\/wp\/v2\/product\/252092"}],"collection":[{"href":"https:\/\/www.erresse-shop.it\/es\/wp-json\/wp\/v2\/product"}],"about":[{"href":"https:\/\/www.erresse-shop.it\/es\/wp-json\/wp\/v2\/types\/product"}],"wp:featuredmedia":[{"embeddable":true,"href":"https:\/\/www.erresse-shop.it\/es\/wp-json\/wp\/v2\/media\/252107"}],"wp:attachment":[{"href":"https:\/\/www.erresse-shop.it\/es\/wp-json\/wp\/v2\/media?parent=252092"}],"wp:term":[{"taxonomy":"product_cat","embeddable":true,"href":"https:\/\/www.erresse-shop.it\/es\/wp-json\/wp\/v2\/product_cat?post=252092"},{"taxonomy":"product_tag","embeddable":true,"href":"https:\/\/www.erresse-shop.it\/es\/wp-json\/wp\/v2\/product_tag?post=252092"}],"curies":[{"name":"wp","href":"https:\/\/api.w.org\/{rel}","templated":true}]}}