{"id":251922,"date":"2023-03-16T07:51:14","date_gmt":"2023-03-16T07:51:18","guid":{"rendered":"https:\/\/www.erresse-shop.it\/?post_type=product&#038;p=251922"},"modified":"2024-06-11T00:02:39","modified_gmt":"2024-06-11T00:02:39","slug":"global-cuchillo-para-verduras-20-cm","status":"publish","type":"product","link":"https:\/\/www.erresse-shop.it\/es\/shop\/cocina\/cuchillos\/cuchillos-de-cocina\/global-cuchillo-para-verduras-20-cm\/","title":{"rendered":"GLOBAL Cuchillo para Verduras 20 cm"},"content":{"rendered":"<p>La forma del cuchillo est\u00e1 dise\u00f1ada espec\u00edficamente para cortar verduras. El GF-36 tiene una hoja larga y plana dise\u00f1ada para hacer pleno contacto con la tabla de cortar en cada pasada y crear cortes limpios de cada verdura. La profundidad de la hoja facilita el trabajo con verduras pesadas como boniatos, calabazas y remolachas. La parte delantera de la cuchilla tiene una ligera curva hacia arriba para cortar verduras en rodajas y dados.<\/p>\n<p>Recomendamos el GF-36 a los cocineros profesionales que cortan mucho en la cocina. Este cuchillo puede soportar mucha tensi\u00f3n y es mucho m\u00e1s robusto que su primo G-5.<\/p>\n<p>Al ser un cuchillo totalmente forjado, el GF-36 est\u00e1 hecho de una sola pieza de acero desde la punta del cuchillo hasta el final del mango y contiene una espiga s\u00f3lida.<\/p>\n<ul>\n<li>Cuchillo totalmente forjado<\/li>\n<li>Acero inoxidable Cromova18<\/li>\n<li>Rockwell C56-58<\/li>\n<li>Filo agudo de 15 grados<\/li>\n<li>Dise\u00f1ado por Komin Yamada<\/li>\n<li>S\u00f3lo se puede lavar a mano<\/li>\n<li>Fabricado en Jap\u00f3n<\/li>\n<\/ul>\n","protected":false},"excerpt":{"rendered":"<p>La forma del cuchillo est\u00e1 dise\u00f1ada espec\u00edficamente para cortar verduras. El GF-36 tiene una hoja larga y plana dise\u00f1ada para<\/p>\n","protected":false},"featured_media":251948,"template":"","meta":{"_acf_changed":false,"inline_featured_image":false},"product_cat":[16040,16043,16047],"product_tag":[16432,22426],"acf":[],"yoast_head":"<!-- This site is optimized with the Yoast SEO Premium plugin v18.6 (Yoast SEO v19.13) - https:\/\/yoast.com\/wordpress\/plugins\/seo\/ -->\n<title>GLOBAL Cuchillo para Verduras 20 cm - Erresse Shop<\/title>\n<meta name=\"description\" content=\"La forma del cuchillo est\u00e1 dise\u00f1ada espec\u00edficamente para cortar verduras. El GF-36 tiene una hoja larga y plana dise\u00f1ada para hacer pleno contacto con la\" \/>\n<meta name=\"robots\" content=\"index, follow, max-snippet:-1, max-image-preview:large, max-video-preview:-1\" \/>\n<link rel=\"canonical\" href=\"https:\/\/www.erresse-shop.it\/es\/shop\/cocina\/cuchillos\/cuchillos-de-cocina\/global-cuchillo-para-verduras-20-cm\/\" \/>\n<meta property=\"og:locale\" content=\"es_ES\" \/>\n<meta property=\"og:type\" content=\"article\" \/>\n<meta property=\"og:title\" content=\"GLOBAL Cuchillo para Verduras 20 cm\" \/>\n<meta property=\"og:description\" content=\"La forma del cuchillo est\u00e1 dise\u00f1ada espec\u00edficamente para cortar verduras. El GF-36 tiene una hoja larga y plana dise\u00f1ada para hacer pleno contacto con la\" \/>\n<meta property=\"og:url\" content=\"https:\/\/www.erresse-shop.it\/es\/shop\/cocina\/cuchillos\/cuchillos-de-cocina\/global-cuchillo-para-verduras-20-cm\/\" \/>\n<meta property=\"og:site_name\" content=\"Erresse Shop\" \/>\n<meta property=\"article:modified_time\" content=\"2024-06-11T00:02:39+00:00\" \/>\n<meta property=\"og:image\" content=\"https:\/\/www.erresse-shop.it\/wp-content\/uploads\/2023\/03\/GLOBAL-Coltello-Verdure-20-cm.jpg\" \/>\n\t<meta property=\"og:image:width\" content=\"800\" \/>\n\t<meta property=\"og:image:height\" content=\"800\" \/>\n\t<meta property=\"og:image:type\" content=\"image\/jpeg\" \/>\n<meta name=\"twitter:card\" content=\"summary_large_image\" \/>\n<script type=\"application\/ld+json\" class=\"yoast-schema-graph\">{\"@context\":\"https:\/\/schema.org\",\"@graph\":[{\"@type\":\"WebPage\",\"@id\":\"https:\/\/www.erresse-shop.it\/es\/shop\/cocina\/cuchillos\/cuchillos-de-cocina\/global-cuchillo-para-verduras-20-cm\/\",\"url\":\"https:\/\/www.erresse-shop.it\/es\/shop\/cocina\/cuchillos\/cuchillos-de-cocina\/global-cuchillo-para-verduras-20-cm\/\",\"name\":\"GLOBAL Cuchillo para Verduras 20 cm - Erresse Shop\",\"isPartOf\":{\"@id\":\"https:\/\/www.erresse-shop.it\/es\/#website\"},\"datePublished\":\"2023-03-16T07:51:18+00:00\",\"dateModified\":\"2024-06-11T00:02:39+00:00\",\"description\":\"La forma del cuchillo est\u00e1 dise\u00f1ada espec\u00edficamente para cortar verduras. El GF-36 tiene una hoja larga y plana dise\u00f1ada para hacer pleno contacto con la\",\"breadcrumb\":{\"@id\":\"https:\/\/www.erresse-shop.it\/es\/shop\/cocina\/cuchillos\/cuchillos-de-cocina\/global-cuchillo-para-verduras-20-cm\/#breadcrumb\"},\"inLanguage\":\"es\",\"potentialAction\":[{\"@type\":\"ReadAction\",\"target\":[\"https:\/\/www.erresse-shop.it\/es\/shop\/cocina\/cuchillos\/cuchillos-de-cocina\/global-cuchillo-para-verduras-20-cm\/\"]}]},{\"@type\":\"BreadcrumbList\",\"@id\":\"https:\/\/www.erresse-shop.it\/es\/shop\/cocina\/cuchillos\/cuchillos-de-cocina\/global-cuchillo-para-verduras-20-cm\/#breadcrumb\",\"itemListElement\":[{\"@type\":\"ListItem\",\"position\":1,\"name\":\"Home\",\"item\":\"https:\/\/www.erresse-shop.it\/es\/\"},{\"@type\":\"ListItem\",\"position\":2,\"name\":\"Shop\",\"item\":\"https:\/\/www.erresse-shop.it\/es\/shop\/\"},{\"@type\":\"ListItem\",\"position\":3,\"name\":\"GLOBAL Cuchillo para Verduras 20 cm\"}]},{\"@type\":\"WebSite\",\"@id\":\"https:\/\/www.erresse-shop.it\/es\/#website\",\"url\":\"https:\/\/www.erresse-shop.it\/es\/\",\"name\":\"Erresse Shop\",\"description\":\"Articoli di qualit\u00e0 per la casa\",\"potentialAction\":[{\"@type\":\"SearchAction\",\"target\":{\"@type\":\"EntryPoint\",\"urlTemplate\":\"https:\/\/www.erresse-shop.it\/es\/?s={search_term_string}\"},\"query-input\":\"required name=search_term_string\"}],\"inLanguage\":\"es\"}]}<\/script>\n<!-- \/ Yoast SEO Premium plugin. -->","yoast_head_json":{"title":"GLOBAL Cuchillo para Verduras 20 cm - Erresse Shop","description":"La forma del cuchillo est\u00e1 dise\u00f1ada espec\u00edficamente para cortar verduras. El GF-36 tiene una hoja larga y plana dise\u00f1ada para hacer pleno contacto con la","robots":{"index":"index","follow":"follow","max-snippet":"max-snippet:-1","max-image-preview":"max-image-preview:large","max-video-preview":"max-video-preview:-1"},"canonical":"https:\/\/www.erresse-shop.it\/es\/shop\/cocina\/cuchillos\/cuchillos-de-cocina\/global-cuchillo-para-verduras-20-cm\/","og_locale":"es_ES","og_type":"article","og_title":"GLOBAL Cuchillo para Verduras 20 cm","og_description":"La forma del cuchillo est\u00e1 dise\u00f1ada espec\u00edficamente para cortar verduras. El GF-36 tiene una hoja larga y plana dise\u00f1ada para hacer pleno contacto con la","og_url":"https:\/\/www.erresse-shop.it\/es\/shop\/cocina\/cuchillos\/cuchillos-de-cocina\/global-cuchillo-para-verduras-20-cm\/","og_site_name":"Erresse Shop","article_modified_time":"2024-06-11T00:02:39+00:00","og_image":[{"width":800,"height":800,"url":"https:\/\/www.erresse-shop.it\/wp-content\/uploads\/2023\/03\/GLOBAL-Coltello-Verdure-20-cm.jpg","type":"image\/jpeg"}],"twitter_card":"summary_large_image","schema":{"@context":"https:\/\/schema.org","@graph":[{"@type":"WebPage","@id":"https:\/\/www.erresse-shop.it\/es\/shop\/cocina\/cuchillos\/cuchillos-de-cocina\/global-cuchillo-para-verduras-20-cm\/","url":"https:\/\/www.erresse-shop.it\/es\/shop\/cocina\/cuchillos\/cuchillos-de-cocina\/global-cuchillo-para-verduras-20-cm\/","name":"GLOBAL Cuchillo para Verduras 20 cm - Erresse Shop","isPartOf":{"@id":"https:\/\/www.erresse-shop.it\/es\/#website"},"datePublished":"2023-03-16T07:51:18+00:00","dateModified":"2024-06-11T00:02:39+00:00","description":"La forma del cuchillo est\u00e1 dise\u00f1ada espec\u00edficamente para cortar verduras. El GF-36 tiene una hoja larga y plana dise\u00f1ada para hacer pleno contacto con la","breadcrumb":{"@id":"https:\/\/www.erresse-shop.it\/es\/shop\/cocina\/cuchillos\/cuchillos-de-cocina\/global-cuchillo-para-verduras-20-cm\/#breadcrumb"},"inLanguage":"es","potentialAction":[{"@type":"ReadAction","target":["https:\/\/www.erresse-shop.it\/es\/shop\/cocina\/cuchillos\/cuchillos-de-cocina\/global-cuchillo-para-verduras-20-cm\/"]}]},{"@type":"BreadcrumbList","@id":"https:\/\/www.erresse-shop.it\/es\/shop\/cocina\/cuchillos\/cuchillos-de-cocina\/global-cuchillo-para-verduras-20-cm\/#breadcrumb","itemListElement":[{"@type":"ListItem","position":1,"name":"Home","item":"https:\/\/www.erresse-shop.it\/es\/"},{"@type":"ListItem","position":2,"name":"Shop","item":"https:\/\/www.erresse-shop.it\/es\/shop\/"},{"@type":"ListItem","position":3,"name":"GLOBAL Cuchillo para Verduras 20 cm"}]},{"@type":"WebSite","@id":"https:\/\/www.erresse-shop.it\/es\/#website","url":"https:\/\/www.erresse-shop.it\/es\/","name":"Erresse Shop","description":"Articoli di qualit\u00e0 per la casa","potentialAction":[{"@type":"SearchAction","target":{"@type":"EntryPoint","urlTemplate":"https:\/\/www.erresse-shop.it\/es\/?s={search_term_string}"},"query-input":"required name=search_term_string"}],"inLanguage":"es"}]}},"df_price":148.2,"df_sale_price":148.2,"df_regular_price":156,"df_image_link":"https:\/\/www.erresse-shop.it\/wp-content\/uploads\/2023\/03\/GLOBAL-Coltello-Verdure-20-cm-300x300.jpg","_links":{"self":[{"href":"https:\/\/www.erresse-shop.it\/es\/wp-json\/wp\/v2\/product\/251922"}],"collection":[{"href":"https:\/\/www.erresse-shop.it\/es\/wp-json\/wp\/v2\/product"}],"about":[{"href":"https:\/\/www.erresse-shop.it\/es\/wp-json\/wp\/v2\/types\/product"}],"wp:featuredmedia":[{"embeddable":true,"href":"https:\/\/www.erresse-shop.it\/es\/wp-json\/wp\/v2\/media\/251948"}],"wp:attachment":[{"href":"https:\/\/www.erresse-shop.it\/es\/wp-json\/wp\/v2\/media?parent=251922"}],"wp:term":[{"taxonomy":"product_cat","embeddable":true,"href":"https:\/\/www.erresse-shop.it\/es\/wp-json\/wp\/v2\/product_cat?post=251922"},{"taxonomy":"product_tag","embeddable":true,"href":"https:\/\/www.erresse-shop.it\/es\/wp-json\/wp\/v2\/product_tag?post=251922"}],"curies":[{"name":"wp","href":"https:\/\/api.w.org\/{rel}","templated":true}]}}