{"id":251842,"date":"2023-03-16T07:13:45","date_gmt":"2023-03-16T07:13:50","guid":{"rendered":"https:\/\/www.erresse-shop.it\/?post_type=product&#038;p=251842"},"modified":"2024-06-11T00:02:21","modified_gmt":"2024-06-11T00:02:21","slug":"global-cuchillo-de-cocinero-universal-27-cm","status":"publish","type":"product","link":"https:\/\/www.erresse-shop.it\/es\/shop\/cocina\/cuchillos\/cuchillos-de-cocina\/global-cuchillo-de-cocinero-universal-27-cm\/","title":{"rendered":"GLOBAL Cuchillo de Cocinero Universal 27 cm"},"content":{"rendered":"<p>Si s\u00f3lo necesita un cuchillo para su cocina, opte por un cuchillo de cocinero de calidad, y si quiere optar por el G-2, c\u00f3mprelo. El G-2 es el cuchillo de cocinero japon\u00e9s m\u00e1s vendido. Puede cortar, trocear, picar y hacer de todo. Es una hoja polivalente que se incluye en casi todos los juegos de cuchillos que se fabrican. Ha ganado docenas de premios a lo largo de los a\u00f1os, lo que demuestra su popularidad. Global (representada por la G-2) ha ganado tres veces consecutivas el premio Which? al mejor cuchillo.<\/p>\n<p>El G-16 y el G-17 son los dos hermanos mayores de la l\u00ednea Global cook&#8217;s\/chef&#8217;s, de 24 y 27 cm respectivamente. Son los t\u00edpicos cuchillos de cocinero, adecuados para cualquier uso en la cocina. El tama\u00f1o de estos cuchillos los hace m\u00e1s adecuados para chefs profesionales en cocinas de trabajo. Para uso dom\u00e9stico, recomendamos los modelos de G-2 en adelante. Adem\u00e1s de la longitud de la hoja, estos cuchillos tienen mangos cil\u00edndricos m\u00e1s grandes y una virola m\u00e1s pronunciada para una mayor protecci\u00f3n.<\/p>\n<ul>\n<li>Acero inoxidable Cromova18<\/li>\n<li>Rockwell C56-58<\/li>\n<li>Filo agudo de 15 grados<\/li>\n<li>Dise\u00f1ado por Komin Yamada<\/li>\n<li>S\u00f3lo se puede lavar a mano<\/li>\n<li>Fabricado en Jap\u00f3n<\/li>\n<\/ul>\n","protected":false},"excerpt":{"rendered":"<p>Si s\u00f3lo necesita un cuchillo para su cocina, opte por un cuchillo de cocinero de calidad, y si quiere optar<\/p>\n","protected":false},"featured_media":251856,"template":"","meta":{"_acf_changed":false,"inline_featured_image":false},"product_cat":[16040,16043,16047],"product_tag":[16698,16432],"acf":[],"yoast_head":"<!-- This site is optimized with the Yoast SEO Premium plugin v18.6 (Yoast SEO v19.13) - https:\/\/yoast.com\/wordpress\/plugins\/seo\/ -->\n<title>GLOBAL Cuchillo de Cocinero Universal 27 cm - Erresse Shop<\/title>\n<meta name=\"description\" content=\"Si s\u00f3lo necesita un cuchillo para su cocina, opte por un cuchillo de cocinero de calidad, y si quiere optar por el G-2, c\u00f3mprelo. El G-2 es el cuchillo de\" \/>\n<meta name=\"robots\" content=\"index, follow, max-snippet:-1, max-image-preview:large, max-video-preview:-1\" \/>\n<link rel=\"canonical\" href=\"https:\/\/www.erresse-shop.it\/es\/shop\/cocina\/cuchillos\/cuchillos-de-cocina\/global-cuchillo-de-cocinero-universal-27-cm\/\" \/>\n<meta property=\"og:locale\" content=\"es_ES\" \/>\n<meta property=\"og:type\" content=\"article\" \/>\n<meta property=\"og:title\" content=\"GLOBAL Cuchillo de Cocinero Universal 27 cm\" \/>\n<meta property=\"og:description\" content=\"Si s\u00f3lo necesita un cuchillo para su cocina, opte por un cuchillo de cocinero de calidad, y si quiere optar por el G-2, c\u00f3mprelo. El G-2 es el cuchillo de\" \/>\n<meta property=\"og:url\" content=\"https:\/\/www.erresse-shop.it\/es\/shop\/cocina\/cuchillos\/cuchillos-de-cocina\/global-cuchillo-de-cocinero-universal-27-cm\/\" \/>\n<meta property=\"og:site_name\" content=\"Erresse Shop\" \/>\n<meta property=\"article:modified_time\" content=\"2024-06-11T00:02:21+00:00\" \/>\n<meta property=\"og:image\" content=\"https:\/\/www.erresse-shop.it\/wp-content\/uploads\/2023\/03\/GLOBAL-Coltello-Cuoco-Universale-27-cm.jpg\" \/>\n\t<meta property=\"og:image:width\" content=\"800\" \/>\n\t<meta property=\"og:image:height\" content=\"800\" \/>\n\t<meta property=\"og:image:type\" content=\"image\/jpeg\" \/>\n<meta name=\"twitter:card\" content=\"summary_large_image\" \/>\n<script type=\"application\/ld+json\" class=\"yoast-schema-graph\">{\"@context\":\"https:\/\/schema.org\",\"@graph\":[{\"@type\":\"WebPage\",\"@id\":\"https:\/\/www.erresse-shop.it\/es\/shop\/cocina\/cuchillos\/cuchillos-de-cocina\/global-cuchillo-de-cocinero-universal-27-cm\/\",\"url\":\"https:\/\/www.erresse-shop.it\/es\/shop\/cocina\/cuchillos\/cuchillos-de-cocina\/global-cuchillo-de-cocinero-universal-27-cm\/\",\"name\":\"GLOBAL Cuchillo de Cocinero Universal 27 cm - Erresse Shop\",\"isPartOf\":{\"@id\":\"https:\/\/www.erresse-shop.it\/es\/#website\"},\"datePublished\":\"2023-03-16T07:13:50+00:00\",\"dateModified\":\"2024-06-11T00:02:21+00:00\",\"description\":\"Si s\u00f3lo necesita un cuchillo para su cocina, opte por un cuchillo de cocinero de calidad, y si quiere optar por el G-2, c\u00f3mprelo. El G-2 es el cuchillo de\",\"breadcrumb\":{\"@id\":\"https:\/\/www.erresse-shop.it\/es\/shop\/cocina\/cuchillos\/cuchillos-de-cocina\/global-cuchillo-de-cocinero-universal-27-cm\/#breadcrumb\"},\"inLanguage\":\"es\",\"potentialAction\":[{\"@type\":\"ReadAction\",\"target\":[\"https:\/\/www.erresse-shop.it\/es\/shop\/cocina\/cuchillos\/cuchillos-de-cocina\/global-cuchillo-de-cocinero-universal-27-cm\/\"]}]},{\"@type\":\"BreadcrumbList\",\"@id\":\"https:\/\/www.erresse-shop.it\/es\/shop\/cocina\/cuchillos\/cuchillos-de-cocina\/global-cuchillo-de-cocinero-universal-27-cm\/#breadcrumb\",\"itemListElement\":[{\"@type\":\"ListItem\",\"position\":1,\"name\":\"Home\",\"item\":\"https:\/\/www.erresse-shop.it\/es\/\"},{\"@type\":\"ListItem\",\"position\":2,\"name\":\"Shop\",\"item\":\"https:\/\/www.erresse-shop.it\/es\/shop\/\"},{\"@type\":\"ListItem\",\"position\":3,\"name\":\"GLOBAL Cuchillo de Cocinero Universal 27 cm\"}]},{\"@type\":\"WebSite\",\"@id\":\"https:\/\/www.erresse-shop.it\/es\/#website\",\"url\":\"https:\/\/www.erresse-shop.it\/es\/\",\"name\":\"Erresse Shop\",\"description\":\"Articoli di qualit\u00e0 per la casa\",\"potentialAction\":[{\"@type\":\"SearchAction\",\"target\":{\"@type\":\"EntryPoint\",\"urlTemplate\":\"https:\/\/www.erresse-shop.it\/es\/?s={search_term_string}\"},\"query-input\":\"required name=search_term_string\"}],\"inLanguage\":\"es\"}]}<\/script>\n<!-- \/ Yoast SEO Premium plugin. -->","yoast_head_json":{"title":"GLOBAL Cuchillo de Cocinero Universal 27 cm - Erresse Shop","description":"Si s\u00f3lo necesita un cuchillo para su cocina, opte por un cuchillo de cocinero de calidad, y si quiere optar por el G-2, c\u00f3mprelo. El G-2 es el cuchillo de","robots":{"index":"index","follow":"follow","max-snippet":"max-snippet:-1","max-image-preview":"max-image-preview:large","max-video-preview":"max-video-preview:-1"},"canonical":"https:\/\/www.erresse-shop.it\/es\/shop\/cocina\/cuchillos\/cuchillos-de-cocina\/global-cuchillo-de-cocinero-universal-27-cm\/","og_locale":"es_ES","og_type":"article","og_title":"GLOBAL Cuchillo de Cocinero Universal 27 cm","og_description":"Si s\u00f3lo necesita un cuchillo para su cocina, opte por un cuchillo de cocinero de calidad, y si quiere optar por el G-2, c\u00f3mprelo. El G-2 es el cuchillo de","og_url":"https:\/\/www.erresse-shop.it\/es\/shop\/cocina\/cuchillos\/cuchillos-de-cocina\/global-cuchillo-de-cocinero-universal-27-cm\/","og_site_name":"Erresse Shop","article_modified_time":"2024-06-11T00:02:21+00:00","og_image":[{"width":800,"height":800,"url":"https:\/\/www.erresse-shop.it\/wp-content\/uploads\/2023\/03\/GLOBAL-Coltello-Cuoco-Universale-27-cm.jpg","type":"image\/jpeg"}],"twitter_card":"summary_large_image","schema":{"@context":"https:\/\/schema.org","@graph":[{"@type":"WebPage","@id":"https:\/\/www.erresse-shop.it\/es\/shop\/cocina\/cuchillos\/cuchillos-de-cocina\/global-cuchillo-de-cocinero-universal-27-cm\/","url":"https:\/\/www.erresse-shop.it\/es\/shop\/cocina\/cuchillos\/cuchillos-de-cocina\/global-cuchillo-de-cocinero-universal-27-cm\/","name":"GLOBAL Cuchillo de Cocinero Universal 27 cm - Erresse Shop","isPartOf":{"@id":"https:\/\/www.erresse-shop.it\/es\/#website"},"datePublished":"2023-03-16T07:13:50+00:00","dateModified":"2024-06-11T00:02:21+00:00","description":"Si s\u00f3lo necesita un cuchillo para su cocina, opte por un cuchillo de cocinero de calidad, y si quiere optar por el G-2, c\u00f3mprelo. El G-2 es el cuchillo de","breadcrumb":{"@id":"https:\/\/www.erresse-shop.it\/es\/shop\/cocina\/cuchillos\/cuchillos-de-cocina\/global-cuchillo-de-cocinero-universal-27-cm\/#breadcrumb"},"inLanguage":"es","potentialAction":[{"@type":"ReadAction","target":["https:\/\/www.erresse-shop.it\/es\/shop\/cocina\/cuchillos\/cuchillos-de-cocina\/global-cuchillo-de-cocinero-universal-27-cm\/"]}]},{"@type":"BreadcrumbList","@id":"https:\/\/www.erresse-shop.it\/es\/shop\/cocina\/cuchillos\/cuchillos-de-cocina\/global-cuchillo-de-cocinero-universal-27-cm\/#breadcrumb","itemListElement":[{"@type":"ListItem","position":1,"name":"Home","item":"https:\/\/www.erresse-shop.it\/es\/"},{"@type":"ListItem","position":2,"name":"Shop","item":"https:\/\/www.erresse-shop.it\/es\/shop\/"},{"@type":"ListItem","position":3,"name":"GLOBAL Cuchillo de Cocinero Universal 27 cm"}]},{"@type":"WebSite","@id":"https:\/\/www.erresse-shop.it\/es\/#website","url":"https:\/\/www.erresse-shop.it\/es\/","name":"Erresse Shop","description":"Articoli di qualit\u00e0 per la casa","potentialAction":[{"@type":"SearchAction","target":{"@type":"EntryPoint","urlTemplate":"https:\/\/www.erresse-shop.it\/es\/?s={search_term_string}"},"query-input":"required name=search_term_string"}],"inLanguage":"es"}]}},"df_price":168.15,"df_sale_price":168.15,"df_regular_price":177,"df_image_link":"https:\/\/www.erresse-shop.it\/wp-content\/uploads\/2023\/03\/GLOBAL-Coltello-Cuoco-Universale-27-cm-300x300.jpg","_links":{"self":[{"href":"https:\/\/www.erresse-shop.it\/es\/wp-json\/wp\/v2\/product\/251842"}],"collection":[{"href":"https:\/\/www.erresse-shop.it\/es\/wp-json\/wp\/v2\/product"}],"about":[{"href":"https:\/\/www.erresse-shop.it\/es\/wp-json\/wp\/v2\/types\/product"}],"wp:featuredmedia":[{"embeddable":true,"href":"https:\/\/www.erresse-shop.it\/es\/wp-json\/wp\/v2\/media\/251856"}],"wp:attachment":[{"href":"https:\/\/www.erresse-shop.it\/es\/wp-json\/wp\/v2\/media?parent=251842"}],"wp:term":[{"taxonomy":"product_cat","embeddable":true,"href":"https:\/\/www.erresse-shop.it\/es\/wp-json\/wp\/v2\/product_cat?post=251842"},{"taxonomy":"product_tag","embeddable":true,"href":"https:\/\/www.erresse-shop.it\/es\/wp-json\/wp\/v2\/product_tag?post=251842"}],"curies":[{"name":"wp","href":"https:\/\/api.w.org\/{rel}","templated":true}]}}