{"id":251521,"date":"2023-03-15T14:05:04","date_gmt":"2023-03-15T14:05:08","guid":{"rendered":"https:\/\/www.erresse-shop.it\/?post_type=product&#038;p=251521"},"modified":"2024-06-11T00:02:19","modified_gmt":"2024-06-11T00:02:19","slug":"global-cuchillo-de-cocinero-oriental-18-cm","status":"publish","type":"product","link":"https:\/\/www.erresse-shop.it\/es\/shop\/cocina\/cuchillos\/cuchillos-de-cocina\/global-cuchillo-de-cocinero-oriental-18-cm\/","title":{"rendered":"GLOBAL Cuchillo de Cocinero Oriental 18 cm"},"content":{"rendered":"<p>Como cuchillo de cocinero, el G-4 es adecuado para la mayor\u00eda de las tareas de cocina, rebanar, picar y picar. La diferencia de rendimiento entre el G-4 y el cuchillo de cocinero cl\u00e1sico, el G-2, es m\u00ednima. La diferencia es est\u00e9tica, concretamente el pliegue de la hoja. Esto confiere al cuchillo un estilo &#8220;oriental&#8221;, pero no tiene ninguna importancia para la funci\u00f3n del cuchillo. No est\u00e1 dise\u00f1ado espec\u00edficamente para alimentos orientales o formas orientales de utilizar el cuchillo, es s\u00f3lo una forma diferente de cuchillo de cocina. Tiene una bonita curva hacia arriba en la hoja, que al cortar con el cuchillo le permite balancearse hacia arriba y hacia abajo en la tabla de cortar, algo as\u00ed como una luna creciente.<\/p>\n<ul>\n<li>Acero inoxidable Chromeva18<\/li>\n<li>Rockwell C56-58<\/li>\n<li>Filo agudo de 15 grados<\/li>\n<li>Dise\u00f1ado por Komin Yamada<\/li>\n<li>S\u00f3lo se puede lavar a mano<\/li>\n<li>Fabricado en Jap\u00f3n<\/li>\n<\/ul>\n","protected":false},"excerpt":{"rendered":"<p>Como cuchillo de cocinero, el G-4 es adecuado para la mayor\u00eda de las tareas de cocina, rebanar, picar y picar.<\/p>\n","protected":false},"featured_media":251571,"template":"","meta":{"_acf_changed":false,"inline_featured_image":false},"product_cat":[16040,16043,16047],"product_tag":[16698,16432,21267,22422],"acf":[],"yoast_head":"<!-- This site is optimized with the Yoast SEO Premium plugin v18.6 (Yoast SEO v19.13) - https:\/\/yoast.com\/wordpress\/plugins\/seo\/ -->\n<title>GLOBAL Cuchillo de Cocinero Oriental 18 cm - Erresse Shop<\/title>\n<meta name=\"description\" content=\"Como cuchillo de cocinero, el G-4 es adecuado para la mayor\u00eda de las tareas de cocina, rebanar, picar y picar. La diferencia de rendimiento entre el G-4 y\" \/>\n<meta name=\"robots\" content=\"index, follow, max-snippet:-1, max-image-preview:large, max-video-preview:-1\" \/>\n<link rel=\"canonical\" href=\"https:\/\/www.erresse-shop.it\/es\/shop\/cocina\/cuchillos\/cuchillos-de-cocina\/global-cuchillo-de-cocinero-oriental-18-cm\/\" \/>\n<meta property=\"og:locale\" content=\"es_ES\" \/>\n<meta property=\"og:type\" content=\"article\" \/>\n<meta property=\"og:title\" content=\"GLOBAL Cuchillo de Cocinero Oriental 18 cm\" \/>\n<meta property=\"og:description\" content=\"Como cuchillo de cocinero, el G-4 es adecuado para la mayor\u00eda de las tareas de cocina, rebanar, picar y picar. La diferencia de rendimiento entre el G-4 y\" \/>\n<meta property=\"og:url\" content=\"https:\/\/www.erresse-shop.it\/es\/shop\/cocina\/cuchillos\/cuchillos-de-cocina\/global-cuchillo-de-cocinero-oriental-18-cm\/\" \/>\n<meta property=\"og:site_name\" content=\"Erresse Shop\" \/>\n<meta property=\"article:modified_time\" content=\"2024-06-11T00:02:19+00:00\" \/>\n<meta property=\"og:image\" content=\"https:\/\/www.erresse-shop.it\/wp-content\/uploads\/2023\/03\/GLOBAL-Coltello-Cuoco-Oriental-18-cm.jpg\" \/>\n\t<meta property=\"og:image:width\" content=\"800\" \/>\n\t<meta property=\"og:image:height\" content=\"800\" \/>\n\t<meta property=\"og:image:type\" content=\"image\/jpeg\" \/>\n<meta name=\"twitter:card\" content=\"summary_large_image\" \/>\n<script type=\"application\/ld+json\" class=\"yoast-schema-graph\">{\"@context\":\"https:\/\/schema.org\",\"@graph\":[{\"@type\":\"WebPage\",\"@id\":\"https:\/\/www.erresse-shop.it\/es\/shop\/cocina\/cuchillos\/cuchillos-de-cocina\/global-cuchillo-de-cocinero-oriental-18-cm\/\",\"url\":\"https:\/\/www.erresse-shop.it\/es\/shop\/cocina\/cuchillos\/cuchillos-de-cocina\/global-cuchillo-de-cocinero-oriental-18-cm\/\",\"name\":\"GLOBAL Cuchillo de Cocinero Oriental 18 cm - Erresse Shop\",\"isPartOf\":{\"@id\":\"https:\/\/www.erresse-shop.it\/es\/#website\"},\"datePublished\":\"2023-03-15T14:05:08+00:00\",\"dateModified\":\"2024-06-11T00:02:19+00:00\",\"description\":\"Como cuchillo de cocinero, el G-4 es adecuado para la mayor\u00eda de las tareas de cocina, rebanar, picar y picar. La diferencia de rendimiento entre el G-4 y\",\"breadcrumb\":{\"@id\":\"https:\/\/www.erresse-shop.it\/es\/shop\/cocina\/cuchillos\/cuchillos-de-cocina\/global-cuchillo-de-cocinero-oriental-18-cm\/#breadcrumb\"},\"inLanguage\":\"es\",\"potentialAction\":[{\"@type\":\"ReadAction\",\"target\":[\"https:\/\/www.erresse-shop.it\/es\/shop\/cocina\/cuchillos\/cuchillos-de-cocina\/global-cuchillo-de-cocinero-oriental-18-cm\/\"]}]},{\"@type\":\"BreadcrumbList\",\"@id\":\"https:\/\/www.erresse-shop.it\/es\/shop\/cocina\/cuchillos\/cuchillos-de-cocina\/global-cuchillo-de-cocinero-oriental-18-cm\/#breadcrumb\",\"itemListElement\":[{\"@type\":\"ListItem\",\"position\":1,\"name\":\"Home\",\"item\":\"https:\/\/www.erresse-shop.it\/es\/\"},{\"@type\":\"ListItem\",\"position\":2,\"name\":\"Shop\",\"item\":\"https:\/\/www.erresse-shop.it\/es\/shop\/\"},{\"@type\":\"ListItem\",\"position\":3,\"name\":\"GLOBAL Cuchillo de Cocinero Oriental 18 cm\"}]},{\"@type\":\"WebSite\",\"@id\":\"https:\/\/www.erresse-shop.it\/es\/#website\",\"url\":\"https:\/\/www.erresse-shop.it\/es\/\",\"name\":\"Erresse Shop\",\"description\":\"Articoli di qualit\u00e0 per la casa\",\"potentialAction\":[{\"@type\":\"SearchAction\",\"target\":{\"@type\":\"EntryPoint\",\"urlTemplate\":\"https:\/\/www.erresse-shop.it\/es\/?s={search_term_string}\"},\"query-input\":\"required name=search_term_string\"}],\"inLanguage\":\"es\"}]}<\/script>\n<!-- \/ Yoast SEO Premium plugin. -->","yoast_head_json":{"title":"GLOBAL Cuchillo de Cocinero Oriental 18 cm - Erresse Shop","description":"Como cuchillo de cocinero, el G-4 es adecuado para la mayor\u00eda de las tareas de cocina, rebanar, picar y picar. La diferencia de rendimiento entre el G-4 y","robots":{"index":"index","follow":"follow","max-snippet":"max-snippet:-1","max-image-preview":"max-image-preview:large","max-video-preview":"max-video-preview:-1"},"canonical":"https:\/\/www.erresse-shop.it\/es\/shop\/cocina\/cuchillos\/cuchillos-de-cocina\/global-cuchillo-de-cocinero-oriental-18-cm\/","og_locale":"es_ES","og_type":"article","og_title":"GLOBAL Cuchillo de Cocinero Oriental 18 cm","og_description":"Como cuchillo de cocinero, el G-4 es adecuado para la mayor\u00eda de las tareas de cocina, rebanar, picar y picar. La diferencia de rendimiento entre el G-4 y","og_url":"https:\/\/www.erresse-shop.it\/es\/shop\/cocina\/cuchillos\/cuchillos-de-cocina\/global-cuchillo-de-cocinero-oriental-18-cm\/","og_site_name":"Erresse Shop","article_modified_time":"2024-06-11T00:02:19+00:00","og_image":[{"width":800,"height":800,"url":"https:\/\/www.erresse-shop.it\/wp-content\/uploads\/2023\/03\/GLOBAL-Coltello-Cuoco-Oriental-18-cm.jpg","type":"image\/jpeg"}],"twitter_card":"summary_large_image","schema":{"@context":"https:\/\/schema.org","@graph":[{"@type":"WebPage","@id":"https:\/\/www.erresse-shop.it\/es\/shop\/cocina\/cuchillos\/cuchillos-de-cocina\/global-cuchillo-de-cocinero-oriental-18-cm\/","url":"https:\/\/www.erresse-shop.it\/es\/shop\/cocina\/cuchillos\/cuchillos-de-cocina\/global-cuchillo-de-cocinero-oriental-18-cm\/","name":"GLOBAL Cuchillo de Cocinero Oriental 18 cm - Erresse Shop","isPartOf":{"@id":"https:\/\/www.erresse-shop.it\/es\/#website"},"datePublished":"2023-03-15T14:05:08+00:00","dateModified":"2024-06-11T00:02:19+00:00","description":"Como cuchillo de cocinero, el G-4 es adecuado para la mayor\u00eda de las tareas de cocina, rebanar, picar y picar. La diferencia de rendimiento entre el G-4 y","breadcrumb":{"@id":"https:\/\/www.erresse-shop.it\/es\/shop\/cocina\/cuchillos\/cuchillos-de-cocina\/global-cuchillo-de-cocinero-oriental-18-cm\/#breadcrumb"},"inLanguage":"es","potentialAction":[{"@type":"ReadAction","target":["https:\/\/www.erresse-shop.it\/es\/shop\/cocina\/cuchillos\/cuchillos-de-cocina\/global-cuchillo-de-cocinero-oriental-18-cm\/"]}]},{"@type":"BreadcrumbList","@id":"https:\/\/www.erresse-shop.it\/es\/shop\/cocina\/cuchillos\/cuchillos-de-cocina\/global-cuchillo-de-cocinero-oriental-18-cm\/#breadcrumb","itemListElement":[{"@type":"ListItem","position":1,"name":"Home","item":"https:\/\/www.erresse-shop.it\/es\/"},{"@type":"ListItem","position":2,"name":"Shop","item":"https:\/\/www.erresse-shop.it\/es\/shop\/"},{"@type":"ListItem","position":3,"name":"GLOBAL Cuchillo de Cocinero Oriental 18 cm"}]},{"@type":"WebSite","@id":"https:\/\/www.erresse-shop.it\/es\/#website","url":"https:\/\/www.erresse-shop.it\/es\/","name":"Erresse Shop","description":"Articoli di qualit\u00e0 per la casa","potentialAction":[{"@type":"SearchAction","target":{"@type":"EntryPoint","urlTemplate":"https:\/\/www.erresse-shop.it\/es\/?s={search_term_string}"},"query-input":"required name=search_term_string"}],"inLanguage":"es"}]}},"df_price":99.75,"df_sale_price":99.75,"df_regular_price":105,"df_image_link":"https:\/\/www.erresse-shop.it\/wp-content\/uploads\/2023\/03\/GLOBAL-Coltello-Cuoco-Oriental-18-cm-300x300.jpg","_links":{"self":[{"href":"https:\/\/www.erresse-shop.it\/es\/wp-json\/wp\/v2\/product\/251521"}],"collection":[{"href":"https:\/\/www.erresse-shop.it\/es\/wp-json\/wp\/v2\/product"}],"about":[{"href":"https:\/\/www.erresse-shop.it\/es\/wp-json\/wp\/v2\/types\/product"}],"wp:featuredmedia":[{"embeddable":true,"href":"https:\/\/www.erresse-shop.it\/es\/wp-json\/wp\/v2\/media\/251571"}],"wp:attachment":[{"href":"https:\/\/www.erresse-shop.it\/es\/wp-json\/wp\/v2\/media?parent=251521"}],"wp:term":[{"taxonomy":"product_cat","embeddable":true,"href":"https:\/\/www.erresse-shop.it\/es\/wp-json\/wp\/v2\/product_cat?post=251521"},{"taxonomy":"product_tag","embeddable":true,"href":"https:\/\/www.erresse-shop.it\/es\/wp-json\/wp\/v2\/product_tag?post=251521"}],"curies":[{"name":"wp","href":"https:\/\/api.w.org\/{rel}","templated":true}]}}