{"id":250548,"date":"2023-03-14T11:33:47","date_gmt":"2023-03-14T11:33:51","guid":{"rendered":"https:\/\/www.erresse-shop.it\/?post_type=product&#038;p=250548"},"modified":"2023-09-26T06:27:38","modified_gmt":"2023-09-26T06:27:38","slug":"berkel-teknica-cuchillo-de-cocina-15-cm-negro","status":"publish","type":"product","link":"https:\/\/www.erresse-shop.it\/es\/shop\/cocina\/cuchillos\/cuchillos-de-cocina\/berkel-teknica-cuchillo-de-cocina-15-cm-negro\/","title":{"rendered":"BERKEL Teknica Cuchillo de Cocina 15 cm Negro"},"content":{"rendered":"<p>El coraz\u00f3n del <strong>Teknica<\/strong> est\u00e1 en el mango que, gracias a una empu\u00f1adura directa, favorece un correcto agarre tanto funcional como ergon\u00f3mico.<\/p>\n<p>La hoja de <strong>acero<\/strong> 1.4116-X50 Cr Mo V15 de chapa de 3 mm asegura un corte preciso mientras que las dos virolas met\u00e1licas garantizan solidez y equilibrio a la vez que realzan la est\u00e9tica de estos cuchillos.<\/p>\n<p>Toda la experiencia de <strong>Berkel<\/strong> al servicio de quienes buscan prestaciones profesionales incluso en la cocina de su casa.<\/p>\n<p>Ergonom\u00eda y rendimiento de corte son la base de nuestra gama Teknica ahora disponible en la nueva versi\u00f3n con mango <strong>negro<\/strong>.<\/p>\n<p>Cuchillo corto y manejable. Gracias a su punta y a su hoja corta, este cuchillo es indispensable en la cocina para cortar y picar carne, pescado, fruta o verdura.<\/p>\n<p><strong>CARACTER\u00cdSTICAS<\/strong><br \/>\n<strong>Peso:<\/strong> 235 gr.<br \/>\n<strong>Tama\u00f1o de la hoja:<\/strong> 15 cm<br \/>\n<strong>Longitud total:<\/strong> 28 cm<br \/>\n<strong>Material de la hoja:<\/strong> Forjada en acero inoxidable 1.4116-X50 Cr Mo V15; Dureza despu\u00e9s del T.T: 59 HRC; Certificado Catra: Muy bueno<br \/>\n<strong>Mango:<\/strong> Resina con acabado satinado<br \/>\n<strong>Uso y mantenimiento:<\/strong> Recomendamos encarecidamente el lavado manual en agua caliente para garantizar la integridad y la durabilidad del producto. En cualquier caso, se aconseja secar el cuchillo despu\u00e9s de cada lavado. No utilice tejidos o esponjas abrasivas.<\/p>\n","protected":false},"excerpt":{"rendered":"<p>El coraz\u00f3n del Teknica est\u00e1 en el mango que, gracias a una empu\u00f1adura directa, favorece un correcto agarre tanto funcional<\/p>\n","protected":false},"featured_media":250568,"template":"","meta":{"_acf_changed":false,"inline_featured_image":false},"product_cat":[16040,16043,16047],"product_tag":[23692,16432,17307,16307,18620],"acf":[],"yoast_head":"<!-- This site is optimized with the Yoast SEO Premium plugin v18.6 (Yoast SEO v19.13) - https:\/\/yoast.com\/wordpress\/plugins\/seo\/ -->\n<title>BERKEL Teknica Cuchillo de Cocina 15 cm Negro - Erresse Shop<\/title>\n<meta name=\"description\" content=\"El coraz\u00f3n del Teknica est\u00e1 en el mango que, gracias a una empu\u00f1adura directa, favorece un correcto agarre tanto funcional como ergon\u00f3mico. La hoja de\" \/>\n<meta name=\"robots\" content=\"index, follow, max-snippet:-1, max-image-preview:large, max-video-preview:-1\" \/>\n<link rel=\"canonical\" href=\"https:\/\/www.erresse-shop.it\/es\/shop\/cocina\/cuchillos\/cuchillos-de-cocina\/berkel-teknica-cuchillo-de-cocina-15-cm-negro\/\" \/>\n<meta property=\"og:locale\" content=\"es_ES\" \/>\n<meta property=\"og:type\" content=\"article\" \/>\n<meta property=\"og:title\" content=\"BERKEL Teknica Cuchillo de Cocina 15 cm Negro\" \/>\n<meta property=\"og:description\" content=\"El coraz\u00f3n del Teknica est\u00e1 en el mango que, gracias a una empu\u00f1adura directa, favorece un correcto agarre tanto funcional como ergon\u00f3mico. La hoja de\" \/>\n<meta property=\"og:url\" content=\"https:\/\/www.erresse-shop.it\/es\/shop\/cocina\/cuchillos\/cuchillos-de-cocina\/berkel-teknica-cuchillo-de-cocina-15-cm-negro\/\" \/>\n<meta property=\"og:site_name\" content=\"Erresse Shop\" \/>\n<meta property=\"article:modified_time\" content=\"2023-09-26T06:27:38+00:00\" \/>\n<meta property=\"og:image\" content=\"https:\/\/www.erresse-shop.it\/wp-content\/uploads\/2023\/03\/BERKEL-Teknica-Coltello-da-Cucina-15-cm-Nero.jpg\" \/>\n\t<meta property=\"og:image:width\" content=\"800\" \/>\n\t<meta property=\"og:image:height\" content=\"800\" \/>\n\t<meta property=\"og:image:type\" content=\"image\/jpeg\" \/>\n<meta name=\"twitter:card\" content=\"summary_large_image\" \/>\n<script type=\"application\/ld+json\" class=\"yoast-schema-graph\">{\"@context\":\"https:\/\/schema.org\",\"@graph\":[{\"@type\":\"WebPage\",\"@id\":\"https:\/\/www.erresse-shop.it\/es\/shop\/cocina\/cuchillos\/cuchillos-de-cocina\/berkel-teknica-cuchillo-de-cocina-15-cm-negro\/\",\"url\":\"https:\/\/www.erresse-shop.it\/es\/shop\/cocina\/cuchillos\/cuchillos-de-cocina\/berkel-teknica-cuchillo-de-cocina-15-cm-negro\/\",\"name\":\"BERKEL Teknica Cuchillo de Cocina 15 cm Negro - Erresse Shop\",\"isPartOf\":{\"@id\":\"https:\/\/www.erresse-shop.it\/es\/#website\"},\"datePublished\":\"2023-03-14T11:33:51+00:00\",\"dateModified\":\"2023-09-26T06:27:38+00:00\",\"description\":\"El coraz\u00f3n del Teknica est\u00e1 en el mango que, gracias a una empu\u00f1adura directa, favorece un correcto agarre tanto funcional como ergon\u00f3mico. La hoja de\",\"breadcrumb\":{\"@id\":\"https:\/\/www.erresse-shop.it\/es\/shop\/cocina\/cuchillos\/cuchillos-de-cocina\/berkel-teknica-cuchillo-de-cocina-15-cm-negro\/#breadcrumb\"},\"inLanguage\":\"es\",\"potentialAction\":[{\"@type\":\"ReadAction\",\"target\":[\"https:\/\/www.erresse-shop.it\/es\/shop\/cocina\/cuchillos\/cuchillos-de-cocina\/berkel-teknica-cuchillo-de-cocina-15-cm-negro\/\"]}]},{\"@type\":\"BreadcrumbList\",\"@id\":\"https:\/\/www.erresse-shop.it\/es\/shop\/cocina\/cuchillos\/cuchillos-de-cocina\/berkel-teknica-cuchillo-de-cocina-15-cm-negro\/#breadcrumb\",\"itemListElement\":[{\"@type\":\"ListItem\",\"position\":1,\"name\":\"Home\",\"item\":\"https:\/\/www.erresse-shop.it\/es\/\"},{\"@type\":\"ListItem\",\"position\":2,\"name\":\"Shop\",\"item\":\"https:\/\/www.erresse-shop.it\/es\/shop\/\"},{\"@type\":\"ListItem\",\"position\":3,\"name\":\"BERKEL Teknica Cuchillo de Cocina 15 cm Negro\"}]},{\"@type\":\"WebSite\",\"@id\":\"https:\/\/www.erresse-shop.it\/es\/#website\",\"url\":\"https:\/\/www.erresse-shop.it\/es\/\",\"name\":\"Erresse Shop\",\"description\":\"Articoli di qualit\u00e0 per la casa\",\"potentialAction\":[{\"@type\":\"SearchAction\",\"target\":{\"@type\":\"EntryPoint\",\"urlTemplate\":\"https:\/\/www.erresse-shop.it\/es\/?s={search_term_string}\"},\"query-input\":\"required name=search_term_string\"}],\"inLanguage\":\"es\"}]}<\/script>\n<!-- \/ Yoast SEO Premium plugin. -->","yoast_head_json":{"title":"BERKEL Teknica Cuchillo de Cocina 15 cm Negro - Erresse Shop","description":"El coraz\u00f3n del Teknica est\u00e1 en el mango que, gracias a una empu\u00f1adura directa, favorece un correcto agarre tanto funcional como ergon\u00f3mico. La hoja de","robots":{"index":"index","follow":"follow","max-snippet":"max-snippet:-1","max-image-preview":"max-image-preview:large","max-video-preview":"max-video-preview:-1"},"canonical":"https:\/\/www.erresse-shop.it\/es\/shop\/cocina\/cuchillos\/cuchillos-de-cocina\/berkel-teknica-cuchillo-de-cocina-15-cm-negro\/","og_locale":"es_ES","og_type":"article","og_title":"BERKEL Teknica Cuchillo de Cocina 15 cm Negro","og_description":"El coraz\u00f3n del Teknica est\u00e1 en el mango que, gracias a una empu\u00f1adura directa, favorece un correcto agarre tanto funcional como ergon\u00f3mico. La hoja de","og_url":"https:\/\/www.erresse-shop.it\/es\/shop\/cocina\/cuchillos\/cuchillos-de-cocina\/berkel-teknica-cuchillo-de-cocina-15-cm-negro\/","og_site_name":"Erresse Shop","article_modified_time":"2023-09-26T06:27:38+00:00","og_image":[{"width":800,"height":800,"url":"https:\/\/www.erresse-shop.it\/wp-content\/uploads\/2023\/03\/BERKEL-Teknica-Coltello-da-Cucina-15-cm-Nero.jpg","type":"image\/jpeg"}],"twitter_card":"summary_large_image","schema":{"@context":"https:\/\/schema.org","@graph":[{"@type":"WebPage","@id":"https:\/\/www.erresse-shop.it\/es\/shop\/cocina\/cuchillos\/cuchillos-de-cocina\/berkel-teknica-cuchillo-de-cocina-15-cm-negro\/","url":"https:\/\/www.erresse-shop.it\/es\/shop\/cocina\/cuchillos\/cuchillos-de-cocina\/berkel-teknica-cuchillo-de-cocina-15-cm-negro\/","name":"BERKEL Teknica Cuchillo de Cocina 15 cm Negro - Erresse Shop","isPartOf":{"@id":"https:\/\/www.erresse-shop.it\/es\/#website"},"datePublished":"2023-03-14T11:33:51+00:00","dateModified":"2023-09-26T06:27:38+00:00","description":"El coraz\u00f3n del Teknica est\u00e1 en el mango que, gracias a una empu\u00f1adura directa, favorece un correcto agarre tanto funcional como ergon\u00f3mico. La hoja de","breadcrumb":{"@id":"https:\/\/www.erresse-shop.it\/es\/shop\/cocina\/cuchillos\/cuchillos-de-cocina\/berkel-teknica-cuchillo-de-cocina-15-cm-negro\/#breadcrumb"},"inLanguage":"es","potentialAction":[{"@type":"ReadAction","target":["https:\/\/www.erresse-shop.it\/es\/shop\/cocina\/cuchillos\/cuchillos-de-cocina\/berkel-teknica-cuchillo-de-cocina-15-cm-negro\/"]}]},{"@type":"BreadcrumbList","@id":"https:\/\/www.erresse-shop.it\/es\/shop\/cocina\/cuchillos\/cuchillos-de-cocina\/berkel-teknica-cuchillo-de-cocina-15-cm-negro\/#breadcrumb","itemListElement":[{"@type":"ListItem","position":1,"name":"Home","item":"https:\/\/www.erresse-shop.it\/es\/"},{"@type":"ListItem","position":2,"name":"Shop","item":"https:\/\/www.erresse-shop.it\/es\/shop\/"},{"@type":"ListItem","position":3,"name":"BERKEL Teknica Cuchillo de Cocina 15 cm Negro"}]},{"@type":"WebSite","@id":"https:\/\/www.erresse-shop.it\/es\/#website","url":"https:\/\/www.erresse-shop.it\/es\/","name":"Erresse Shop","description":"Articoli di qualit\u00e0 per la casa","potentialAction":[{"@type":"SearchAction","target":{"@type":"EntryPoint","urlTemplate":"https:\/\/www.erresse-shop.it\/es\/?s={search_term_string}"},"query-input":"required name=search_term_string"}],"inLanguage":"es"}]}},"df_price":79.95,"df_sale_price":79.95,"df_regular_price":109,"df_image_link":"https:\/\/www.erresse-shop.it\/wp-content\/uploads\/2023\/03\/BERKEL-Teknica-Coltello-da-Cucina-15-cm-Nero-300x300.jpg","_links":{"self":[{"href":"https:\/\/www.erresse-shop.it\/es\/wp-json\/wp\/v2\/product\/250548"}],"collection":[{"href":"https:\/\/www.erresse-shop.it\/es\/wp-json\/wp\/v2\/product"}],"about":[{"href":"https:\/\/www.erresse-shop.it\/es\/wp-json\/wp\/v2\/types\/product"}],"wp:featuredmedia":[{"embeddable":true,"href":"https:\/\/www.erresse-shop.it\/es\/wp-json\/wp\/v2\/media\/250568"}],"wp:attachment":[{"href":"https:\/\/www.erresse-shop.it\/es\/wp-json\/wp\/v2\/media?parent=250548"}],"wp:term":[{"taxonomy":"product_cat","embeddable":true,"href":"https:\/\/www.erresse-shop.it\/es\/wp-json\/wp\/v2\/product_cat?post=250548"},{"taxonomy":"product_tag","embeddable":true,"href":"https:\/\/www.erresse-shop.it\/es\/wp-json\/wp\/v2\/product_tag?post=250548"}],"curies":[{"name":"wp","href":"https:\/\/api.w.org\/{rel}","templated":true}]}}