{"id":249796,"date":"2023-03-13T14:50:01","date_gmt":"2023-03-13T14:50:08","guid":{"rendered":"https:\/\/www.erresse-shop.it\/?post_type=product&#038;p=249796"},"modified":"2023-09-26T06:38:35","modified_gmt":"2023-09-26T06:38:35","slug":"villeroy-boch-metro-chic-set-6-tazas-espresso","status":"publish","type":"product","link":"https:\/\/www.erresse-shop.it\/es\/shop\/tabla\/tazas\/villeroy-boch-metro-chic-set-6-tazas-espresso\/","title":{"rendered":"VILLEROY &#038; BOCH Metro Chic Set 6 Tazas Espresso"},"content":{"rendered":"<p><strong>Peque\u00f1as y refinadas<\/strong><br \/>\nYa sea en blanco purista o con motivos geom\u00e9tricos en negro y dorado, todas las piezas de la colecci\u00f3n de vajillas y art\u00edculos de regalo MetroChic pueden combinarse entre s\u00ed de nuevas maneras. La porcelana de hueso Premium, especialmente duradera, convierte cada mesa en una declaraci\u00f3n de estilo moderno de elegancia atemporal. La taza de moka y espresso impresionar\u00e1 a los entendidos y le deleitar\u00e1 durante mucho tiempo con decoraciones brillantes gracias a la tecnolog\u00eda &#8220;Inglaze Gold&#8221;. M\u00edmese con el dise\u00f1o urbano y deleite a sus invitados.<\/p>\n<p><strong>Material:<\/strong> hueso porcelana premium<br \/>\n<strong>Volumen:<\/strong> 60 ml aprox.<br \/>\n<strong>Apto para lavavajillas:<\/strong> s\u00ed<br \/>\n<strong>Apto para microondas:<\/strong> no<\/p>\n","protected":false},"excerpt":{"rendered":"<p>Peque\u00f1as y refinadas Ya sea en blanco purista o con motivos geom\u00e9tricos en negro y dorado, todas las piezas de<\/p>\n","protected":false},"featured_media":474238,"template":"","meta":{"_acf_changed":false,"inline_featured_image":false},"product_cat":[16027,16034],"product_tag":[25029,23574,22017,21941,16354,16355,16475,16909,21940,25023],"acf":[],"yoast_head":"<!-- This site is optimized with the Yoast SEO Premium plugin v18.6 (Yoast SEO v19.13) - https:\/\/yoast.com\/wordpress\/plugins\/seo\/ -->\n<title>VILLEROY &amp; BOCH Metro Chic Set 6 Tazas Espresso - Erresse Shop<\/title>\n<meta name=\"description\" content=\"Peque\u00f1as y refinadas Ya sea en blanco purista o con motivos geom\u00e9tricos en negro y dorado, todas las piezas de la colecci\u00f3n de vajillas y art\u00edculos de\" \/>\n<meta name=\"robots\" content=\"index, follow, max-snippet:-1, max-image-preview:large, max-video-preview:-1\" \/>\n<link rel=\"canonical\" href=\"https:\/\/www.erresse-shop.it\/es\/shop\/tabla\/tazas\/villeroy-boch-metro-chic-set-6-tazas-espresso\/\" \/>\n<meta property=\"og:locale\" content=\"es_ES\" \/>\n<meta property=\"og:type\" content=\"article\" \/>\n<meta property=\"og:title\" content=\"VILLEROY &amp; BOCH Metro Chic Set 6 Tazas Espresso\" \/>\n<meta property=\"og:description\" content=\"Peque\u00f1as y refinadas Ya sea en blanco purista o con motivos geom\u00e9tricos en negro y dorado, todas las piezas de la colecci\u00f3n de vajillas y art\u00edculos de\" \/>\n<meta property=\"og:url\" content=\"https:\/\/www.erresse-shop.it\/es\/shop\/tabla\/tazas\/villeroy-boch-metro-chic-set-6-tazas-espresso\/\" \/>\n<meta property=\"og:site_name\" content=\"Erresse Shop\" \/>\n<meta property=\"article:modified_time\" content=\"2023-09-26T06:38:35+00:00\" \/>\n<meta property=\"og:image\" content=\"https:\/\/www.erresse-shop.it\/wp-content\/uploads\/2023\/03\/VILLEROY-BOCH-Metro-Chic-Set-6-Tazzine-Espresso.jpg\" \/>\n\t<meta property=\"og:image:width\" content=\"800\" \/>\n\t<meta property=\"og:image:height\" content=\"800\" \/>\n\t<meta property=\"og:image:type\" content=\"image\/jpeg\" \/>\n<meta name=\"twitter:card\" content=\"summary_large_image\" \/>\n<script type=\"application\/ld+json\" class=\"yoast-schema-graph\">{\"@context\":\"https:\/\/schema.org\",\"@graph\":[{\"@type\":\"WebPage\",\"@id\":\"https:\/\/www.erresse-shop.it\/es\/shop\/tabla\/tazas\/villeroy-boch-metro-chic-set-6-tazas-espresso\/\",\"url\":\"https:\/\/www.erresse-shop.it\/es\/shop\/tabla\/tazas\/villeroy-boch-metro-chic-set-6-tazas-espresso\/\",\"name\":\"VILLEROY & BOCH Metro Chic Set 6 Tazas Espresso - Erresse Shop\",\"isPartOf\":{\"@id\":\"https:\/\/www.erresse-shop.it\/es\/#website\"},\"datePublished\":\"2023-03-13T14:50:08+00:00\",\"dateModified\":\"2023-09-26T06:38:35+00:00\",\"description\":\"Peque\u00f1as y refinadas Ya sea en blanco purista o con motivos geom\u00e9tricos en negro y dorado, todas las piezas de la colecci\u00f3n de vajillas y art\u00edculos de\",\"breadcrumb\":{\"@id\":\"https:\/\/www.erresse-shop.it\/es\/shop\/tabla\/tazas\/villeroy-boch-metro-chic-set-6-tazas-espresso\/#breadcrumb\"},\"inLanguage\":\"es\",\"potentialAction\":[{\"@type\":\"ReadAction\",\"target\":[\"https:\/\/www.erresse-shop.it\/es\/shop\/tabla\/tazas\/villeroy-boch-metro-chic-set-6-tazas-espresso\/\"]}]},{\"@type\":\"BreadcrumbList\",\"@id\":\"https:\/\/www.erresse-shop.it\/es\/shop\/tabla\/tazas\/villeroy-boch-metro-chic-set-6-tazas-espresso\/#breadcrumb\",\"itemListElement\":[{\"@type\":\"ListItem\",\"position\":1,\"name\":\"Home\",\"item\":\"https:\/\/www.erresse-shop.it\/es\/\"},{\"@type\":\"ListItem\",\"position\":2,\"name\":\"Shop\",\"item\":\"https:\/\/www.erresse-shop.it\/es\/shop\/\"},{\"@type\":\"ListItem\",\"position\":3,\"name\":\"VILLEROY &#038; BOCH Metro Chic Set 6 Tazas Espresso\"}]},{\"@type\":\"WebSite\",\"@id\":\"https:\/\/www.erresse-shop.it\/es\/#website\",\"url\":\"https:\/\/www.erresse-shop.it\/es\/\",\"name\":\"Erresse Shop\",\"description\":\"Articoli di qualit\u00e0 per la casa\",\"potentialAction\":[{\"@type\":\"SearchAction\",\"target\":{\"@type\":\"EntryPoint\",\"urlTemplate\":\"https:\/\/www.erresse-shop.it\/es\/?s={search_term_string}\"},\"query-input\":\"required name=search_term_string\"}],\"inLanguage\":\"es\"}]}<\/script>\n<!-- \/ Yoast SEO Premium plugin. -->","yoast_head_json":{"title":"VILLEROY & BOCH Metro Chic Set 6 Tazas Espresso - Erresse Shop","description":"Peque\u00f1as y refinadas Ya sea en blanco purista o con motivos geom\u00e9tricos en negro y dorado, todas las piezas de la colecci\u00f3n de vajillas y art\u00edculos de","robots":{"index":"index","follow":"follow","max-snippet":"max-snippet:-1","max-image-preview":"max-image-preview:large","max-video-preview":"max-video-preview:-1"},"canonical":"https:\/\/www.erresse-shop.it\/es\/shop\/tabla\/tazas\/villeroy-boch-metro-chic-set-6-tazas-espresso\/","og_locale":"es_ES","og_type":"article","og_title":"VILLEROY & BOCH Metro Chic Set 6 Tazas Espresso","og_description":"Peque\u00f1as y refinadas Ya sea en blanco purista o con motivos geom\u00e9tricos en negro y dorado, todas las piezas de la colecci\u00f3n de vajillas y art\u00edculos de","og_url":"https:\/\/www.erresse-shop.it\/es\/shop\/tabla\/tazas\/villeroy-boch-metro-chic-set-6-tazas-espresso\/","og_site_name":"Erresse Shop","article_modified_time":"2023-09-26T06:38:35+00:00","og_image":[{"width":800,"height":800,"url":"https:\/\/www.erresse-shop.it\/wp-content\/uploads\/2023\/03\/VILLEROY-BOCH-Metro-Chic-Set-6-Tazzine-Espresso.jpg","type":"image\/jpeg"}],"twitter_card":"summary_large_image","schema":{"@context":"https:\/\/schema.org","@graph":[{"@type":"WebPage","@id":"https:\/\/www.erresse-shop.it\/es\/shop\/tabla\/tazas\/villeroy-boch-metro-chic-set-6-tazas-espresso\/","url":"https:\/\/www.erresse-shop.it\/es\/shop\/tabla\/tazas\/villeroy-boch-metro-chic-set-6-tazas-espresso\/","name":"VILLEROY & BOCH Metro Chic Set 6 Tazas Espresso - Erresse Shop","isPartOf":{"@id":"https:\/\/www.erresse-shop.it\/es\/#website"},"datePublished":"2023-03-13T14:50:08+00:00","dateModified":"2023-09-26T06:38:35+00:00","description":"Peque\u00f1as y refinadas Ya sea en blanco purista o con motivos geom\u00e9tricos en negro y dorado, todas las piezas de la colecci\u00f3n de vajillas y art\u00edculos de","breadcrumb":{"@id":"https:\/\/www.erresse-shop.it\/es\/shop\/tabla\/tazas\/villeroy-boch-metro-chic-set-6-tazas-espresso\/#breadcrumb"},"inLanguage":"es","potentialAction":[{"@type":"ReadAction","target":["https:\/\/www.erresse-shop.it\/es\/shop\/tabla\/tazas\/villeroy-boch-metro-chic-set-6-tazas-espresso\/"]}]},{"@type":"BreadcrumbList","@id":"https:\/\/www.erresse-shop.it\/es\/shop\/tabla\/tazas\/villeroy-boch-metro-chic-set-6-tazas-espresso\/#breadcrumb","itemListElement":[{"@type":"ListItem","position":1,"name":"Home","item":"https:\/\/www.erresse-shop.it\/es\/"},{"@type":"ListItem","position":2,"name":"Shop","item":"https:\/\/www.erresse-shop.it\/es\/shop\/"},{"@type":"ListItem","position":3,"name":"VILLEROY &#038; BOCH Metro Chic Set 6 Tazas Espresso"}]},{"@type":"WebSite","@id":"https:\/\/www.erresse-shop.it\/es\/#website","url":"https:\/\/www.erresse-shop.it\/es\/","name":"Erresse Shop","description":"Articoli di qualit\u00e0 per la casa","potentialAction":[{"@type":"SearchAction","target":{"@type":"EntryPoint","urlTemplate":"https:\/\/www.erresse-shop.it\/es\/?s={search_term_string}"},"query-input":"required name=search_term_string"}],"inLanguage":"es"}]}},"df_price":167.5,"df_sale_price":167.5,"df_regular_price":239.4,"df_image_link":"https:\/\/www.erresse-shop.it\/wp-content\/uploads\/2023\/03\/VILLEROY-BOCH-Metro-Chic-Set-6-Tazzine-Espresso1-300x300.jpg","_links":{"self":[{"href":"https:\/\/www.erresse-shop.it\/es\/wp-json\/wp\/v2\/product\/249796"}],"collection":[{"href":"https:\/\/www.erresse-shop.it\/es\/wp-json\/wp\/v2\/product"}],"about":[{"href":"https:\/\/www.erresse-shop.it\/es\/wp-json\/wp\/v2\/types\/product"}],"wp:featuredmedia":[{"embeddable":true,"href":"https:\/\/www.erresse-shop.it\/es\/wp-json\/wp\/v2\/media\/474238"}],"wp:attachment":[{"href":"https:\/\/www.erresse-shop.it\/es\/wp-json\/wp\/v2\/media?parent=249796"}],"wp:term":[{"taxonomy":"product_cat","embeddable":true,"href":"https:\/\/www.erresse-shop.it\/es\/wp-json\/wp\/v2\/product_cat?post=249796"},{"taxonomy":"product_tag","embeddable":true,"href":"https:\/\/www.erresse-shop.it\/es\/wp-json\/wp\/v2\/product_tag?post=249796"}],"curies":[{"name":"wp","href":"https:\/\/api.w.org\/{rel}","templated":true}]}}