{"id":246425,"date":"2023-03-03T09:49:58","date_gmt":"2023-03-03T09:50:05","guid":{"rendered":"https:\/\/www.erresse-shop.it\/?post_type=product&#038;p=246425"},"modified":"2023-09-26T06:43:20","modified_gmt":"2023-09-26T06:43:20","slug":"g3-ferrari-artiko","status":"publish","type":"product","link":"https:\/\/www.erresse-shop.it\/es\/shop\/pequenos-electrodomesticos\/heladeras\/g3-ferrari-artiko\/","title":{"rendered":"G3 FERRARI Artiko"},"content":{"rendered":"<p>Suministrar bebidas o refrescos fr\u00edos en cantidad y en poco tiempo, o mantener los alimentos fr\u00edos, ya no son problemas imposibles: con <strong>ARTIKO<\/strong> tiene una soluci\u00f3n pr\u00e1ctica y econ\u00f3mica en su hogar. Ocupando poco espacio y requiriendo un bajo consumo de energ\u00eda, esta m\u00e1quina de hacer hielo satisface f\u00e1cilmente las necesidades dom\u00e9sticas, pero tambi\u00e9n puede responder a las exigencias de peque\u00f1as empresas y colectividades.<\/p>\n<p>Se pueden producir aproximadamente 1400 cubitos huecos en 24 horas, un suministro siempre listo en todas las estaciones y a todas las temperaturas, utilizando agua natural o potable del grifo.<\/p>\n<p><strong>Especificaciones t\u00e9cnicas<\/strong><\/p>\n<ul>\n<li>Posibilidad de ajustar 2 tama\u00f1os de cubo: peque\u00f1o y grande<\/li>\n<li>Capacidad de producci\u00f3n: 12 kg en 24 horas (aprox. 1400 cubitos)<\/li>\n<li>Capacidad del dep\u00f3sito de agua: 1,2 L<\/li>\n<li>Capacidad del dep\u00f3sito de hielo: aprox. 600 g<\/li>\n<li>Desconexi\u00f3n autom\u00e1tica cuando el dep\u00f3sito de agua est\u00e1 vac\u00edo o el dep\u00f3sito de hielo est\u00e1 lleno<\/li>\n<li>Funcionamiento autom\u00e1tico y silencioso<\/li>\n<li>Compresor de \u00faltima generaci\u00f3n que utiliza gas ecol\u00f3gico<\/li>\n<li>Gas ecol\u00f3gico R600a, 22g<\/li>\n<li>Accesorios: cubitera, cuchara<\/li>\n<li>Alimentaci\u00f3n: CA 230V ~ 50Hz<\/li>\n<li>Dimensiones (ancho x alto x fondo): 22 x 29 x 28,5 cm<\/li>\n<li>Peso: 6,2 kg<\/li>\n<\/ul>\n<p><strong>No se vende fuera de Europa<\/strong><\/p>\n","protected":false},"excerpt":{"rendered":"<p>Suministrar bebidas o refrescos fr\u00edos en cantidad y en poco tiempo, o mantener los alimentos fr\u00edos, ya no son problemas<\/p>\n","protected":false},"featured_media":246467,"template":"","meta":{"_acf_changed":false,"inline_featured_image":false},"product_cat":[16080,16073],"product_tag":[23912,23692,21823],"acf":[],"yoast_head":"<!-- This site is optimized with the Yoast SEO Premium plugin v18.6 (Yoast SEO v19.13) - https:\/\/yoast.com\/wordpress\/plugins\/seo\/ -->\n<title>G3 FERRARI Artiko - Erresse Shop<\/title>\n<meta name=\"description\" content=\"Suministrar bebidas o refrescos fr\u00edos en cantidad y en poco tiempo, o mantener los alimentos fr\u00edos, ya no son problemas imposibles: con ARTIKO tiene una\" \/>\n<meta name=\"robots\" content=\"index, follow, max-snippet:-1, max-image-preview:large, max-video-preview:-1\" \/>\n<link rel=\"canonical\" href=\"https:\/\/www.erresse-shop.it\/es\/shop\/pequenos-electrodomesticos\/heladeras\/g3-ferrari-artiko\/\" \/>\n<meta property=\"og:locale\" content=\"es_ES\" \/>\n<meta property=\"og:type\" content=\"article\" \/>\n<meta property=\"og:title\" content=\"G3 FERRARI Artiko\" \/>\n<meta property=\"og:description\" content=\"Suministrar bebidas o refrescos fr\u00edos en cantidad y en poco tiempo, o mantener los alimentos fr\u00edos, ya no son problemas imposibles: con ARTIKO tiene una\" \/>\n<meta property=\"og:url\" content=\"https:\/\/www.erresse-shop.it\/es\/shop\/pequenos-electrodomesticos\/heladeras\/g3-ferrari-artiko\/\" \/>\n<meta property=\"og:site_name\" content=\"Erresse Shop\" \/>\n<meta property=\"article:modified_time\" content=\"2023-09-26T06:43:20+00:00\" \/>\n<meta property=\"og:image\" content=\"https:\/\/www.erresse-shop.it\/wp-content\/uploads\/2023\/03\/G3-FERRARI-Artiko.jpg\" \/>\n\t<meta property=\"og:image:width\" content=\"800\" \/>\n\t<meta property=\"og:image:height\" content=\"800\" \/>\n\t<meta property=\"og:image:type\" content=\"image\/jpeg\" \/>\n<meta name=\"twitter:card\" content=\"summary_large_image\" \/>\n<script type=\"application\/ld+json\" class=\"yoast-schema-graph\">{\"@context\":\"https:\/\/schema.org\",\"@graph\":[{\"@type\":\"WebPage\",\"@id\":\"https:\/\/www.erresse-shop.it\/es\/shop\/pequenos-electrodomesticos\/heladeras\/g3-ferrari-artiko\/\",\"url\":\"https:\/\/www.erresse-shop.it\/es\/shop\/pequenos-electrodomesticos\/heladeras\/g3-ferrari-artiko\/\",\"name\":\"G3 FERRARI Artiko - Erresse Shop\",\"isPartOf\":{\"@id\":\"https:\/\/www.erresse-shop.it\/es\/#website\"},\"datePublished\":\"2023-03-03T09:50:05+00:00\",\"dateModified\":\"2023-09-26T06:43:20+00:00\",\"description\":\"Suministrar bebidas o refrescos fr\u00edos en cantidad y en poco tiempo, o mantener los alimentos fr\u00edos, ya no son problemas imposibles: con ARTIKO tiene una\",\"breadcrumb\":{\"@id\":\"https:\/\/www.erresse-shop.it\/es\/shop\/pequenos-electrodomesticos\/heladeras\/g3-ferrari-artiko\/#breadcrumb\"},\"inLanguage\":\"es\",\"potentialAction\":[{\"@type\":\"ReadAction\",\"target\":[\"https:\/\/www.erresse-shop.it\/es\/shop\/pequenos-electrodomesticos\/heladeras\/g3-ferrari-artiko\/\"]}]},{\"@type\":\"BreadcrumbList\",\"@id\":\"https:\/\/www.erresse-shop.it\/es\/shop\/pequenos-electrodomesticos\/heladeras\/g3-ferrari-artiko\/#breadcrumb\",\"itemListElement\":[{\"@type\":\"ListItem\",\"position\":1,\"name\":\"Home\",\"item\":\"https:\/\/www.erresse-shop.it\/es\/\"},{\"@type\":\"ListItem\",\"position\":2,\"name\":\"Shop\",\"item\":\"https:\/\/www.erresse-shop.it\/es\/shop\/\"},{\"@type\":\"ListItem\",\"position\":3,\"name\":\"G3 FERRARI Artiko\"}]},{\"@type\":\"WebSite\",\"@id\":\"https:\/\/www.erresse-shop.it\/es\/#website\",\"url\":\"https:\/\/www.erresse-shop.it\/es\/\",\"name\":\"Erresse Shop\",\"description\":\"Articoli di qualit\u00e0 per la casa\",\"potentialAction\":[{\"@type\":\"SearchAction\",\"target\":{\"@type\":\"EntryPoint\",\"urlTemplate\":\"https:\/\/www.erresse-shop.it\/es\/?s={search_term_string}\"},\"query-input\":\"required name=search_term_string\"}],\"inLanguage\":\"es\"}]}<\/script>\n<!-- \/ Yoast SEO Premium plugin. -->","yoast_head_json":{"title":"G3 FERRARI Artiko - Erresse Shop","description":"Suministrar bebidas o refrescos fr\u00edos en cantidad y en poco tiempo, o mantener los alimentos fr\u00edos, ya no son problemas imposibles: con ARTIKO tiene una","robots":{"index":"index","follow":"follow","max-snippet":"max-snippet:-1","max-image-preview":"max-image-preview:large","max-video-preview":"max-video-preview:-1"},"canonical":"https:\/\/www.erresse-shop.it\/es\/shop\/pequenos-electrodomesticos\/heladeras\/g3-ferrari-artiko\/","og_locale":"es_ES","og_type":"article","og_title":"G3 FERRARI Artiko","og_description":"Suministrar bebidas o refrescos fr\u00edos en cantidad y en poco tiempo, o mantener los alimentos fr\u00edos, ya no son problemas imposibles: con ARTIKO tiene una","og_url":"https:\/\/www.erresse-shop.it\/es\/shop\/pequenos-electrodomesticos\/heladeras\/g3-ferrari-artiko\/","og_site_name":"Erresse Shop","article_modified_time":"2023-09-26T06:43:20+00:00","og_image":[{"width":800,"height":800,"url":"https:\/\/www.erresse-shop.it\/wp-content\/uploads\/2023\/03\/G3-FERRARI-Artiko.jpg","type":"image\/jpeg"}],"twitter_card":"summary_large_image","schema":{"@context":"https:\/\/schema.org","@graph":[{"@type":"WebPage","@id":"https:\/\/www.erresse-shop.it\/es\/shop\/pequenos-electrodomesticos\/heladeras\/g3-ferrari-artiko\/","url":"https:\/\/www.erresse-shop.it\/es\/shop\/pequenos-electrodomesticos\/heladeras\/g3-ferrari-artiko\/","name":"G3 FERRARI Artiko - Erresse Shop","isPartOf":{"@id":"https:\/\/www.erresse-shop.it\/es\/#website"},"datePublished":"2023-03-03T09:50:05+00:00","dateModified":"2023-09-26T06:43:20+00:00","description":"Suministrar bebidas o refrescos fr\u00edos en cantidad y en poco tiempo, o mantener los alimentos fr\u00edos, ya no son problemas imposibles: con ARTIKO tiene una","breadcrumb":{"@id":"https:\/\/www.erresse-shop.it\/es\/shop\/pequenos-electrodomesticos\/heladeras\/g3-ferrari-artiko\/#breadcrumb"},"inLanguage":"es","potentialAction":[{"@type":"ReadAction","target":["https:\/\/www.erresse-shop.it\/es\/shop\/pequenos-electrodomesticos\/heladeras\/g3-ferrari-artiko\/"]}]},{"@type":"BreadcrumbList","@id":"https:\/\/www.erresse-shop.it\/es\/shop\/pequenos-electrodomesticos\/heladeras\/g3-ferrari-artiko\/#breadcrumb","itemListElement":[{"@type":"ListItem","position":1,"name":"Home","item":"https:\/\/www.erresse-shop.it\/es\/"},{"@type":"ListItem","position":2,"name":"Shop","item":"https:\/\/www.erresse-shop.it\/es\/shop\/"},{"@type":"ListItem","position":3,"name":"G3 FERRARI Artiko"}]},{"@type":"WebSite","@id":"https:\/\/www.erresse-shop.it\/es\/#website","url":"https:\/\/www.erresse-shop.it\/es\/","name":"Erresse Shop","description":"Articoli di qualit\u00e0 per la casa","potentialAction":[{"@type":"SearchAction","target":{"@type":"EntryPoint","urlTemplate":"https:\/\/www.erresse-shop.it\/es\/?s={search_term_string}"},"query-input":"required name=search_term_string"}],"inLanguage":"es"}]}},"df_price":184.9,"df_sale_price":184.9,"df_regular_price":184.9,"df_image_link":"https:\/\/www.erresse-shop.it\/wp-content\/uploads\/2023\/03\/G3-FERRARI-Artiko-300x300.jpg","_links":{"self":[{"href":"https:\/\/www.erresse-shop.it\/es\/wp-json\/wp\/v2\/product\/246425"}],"collection":[{"href":"https:\/\/www.erresse-shop.it\/es\/wp-json\/wp\/v2\/product"}],"about":[{"href":"https:\/\/www.erresse-shop.it\/es\/wp-json\/wp\/v2\/types\/product"}],"wp:featuredmedia":[{"embeddable":true,"href":"https:\/\/www.erresse-shop.it\/es\/wp-json\/wp\/v2\/media\/246467"}],"wp:attachment":[{"href":"https:\/\/www.erresse-shop.it\/es\/wp-json\/wp\/v2\/media?parent=246425"}],"wp:term":[{"taxonomy":"product_cat","embeddable":true,"href":"https:\/\/www.erresse-shop.it\/es\/wp-json\/wp\/v2\/product_cat?post=246425"},{"taxonomy":"product_tag","embeddable":true,"href":"https:\/\/www.erresse-shop.it\/es\/wp-json\/wp\/v2\/product_tag?post=246425"}],"curies":[{"name":"wp","href":"https:\/\/api.w.org\/{rel}","templated":true}]}}