{"id":246332,"date":"2023-03-03T09:20:43","date_gmt":"2023-03-03T09:20:50","guid":{"rendered":"https:\/\/www.erresse-shop.it\/?post_type=product&#038;p=246332"},"modified":"2023-09-26T06:43:40","modified_gmt":"2023-09-26T06:43:40","slug":"g3-ferrari-pastaio-10lode-10-l","status":"publish","type":"product","link":"https:\/\/www.erresse-shop.it\/es\/shop\/pequenos-electrodomesticos\/amasadores\/g3-ferrari-pastaio-10lode-10-l\/","title":{"rendered":"G3 FERRARI Pastaio 10&#038;Lode 10 L"},"content":{"rendered":"<p>La <strong>Pastaio 10&amp;Lode<\/strong> es la m\u00e1quina multifunci\u00f3n con movimiento planetario que consigue excelentes resultados. Puede procesar muchos ingredientes, gracias a la gran potencia de su motor, a los engranajes met\u00e1licos internos y a las 6 velocidades de procesamiento. Se pueden preparar varias recetas: masa de pizza, pasta tradicional o al huevo, pasteles, galletas y muchos tipos de pan. Pastaio 10&amp;Lode es polivalente y una gran ayuda en el hogar: f\u00e1cil de usar y limpiar en el d\u00eda a d\u00eda, garantiza excelentes resultados con el batidor de gancho para amasar, el accesorio mezclador para masas blandas y el batidor planetario para batir y batir. Los accesorios opcionales ofrecen muchos otros usos: picar carne, laminar pasta, hacer fideos y espaguetis.<\/p>\n<p><strong>Especificaciones t\u00e9cnicas<\/strong><\/p>\n<ul>\n<li>6 velocidades de funcionamiento + PULSE<\/li>\n<li>Recipiente de acero inoxidable de 10 litros con tapa<\/li>\n<li>Capacidad para procesar masas de hasta 4 kg (dependiendo del alimento a mezclar)<\/li>\n<li>Patas con ventosas para mayor estabilidad<\/li>\n<li>Dispositivo de seguridad que evita el uso accidental<\/li>\n<li>Accesorios incluidos: gancho amasador y batidor de aluminio, batidor de acero inoxidable (o batidora planetaria), tapa de pl\u00e1stico transparente<\/li>\n<li>Alimentaci\u00f3n: AC 220-240V ~ 50\/60 Hz<\/li>\n<li>Potencia: 1500 W (2200 W m\u00e1x.)<\/li>\n<li>Dimensiones (ancho x alto x fondo): 40 x 39,5 x 27 cm<\/li>\n<li>Peso: 6,9 Kg<\/li>\n<\/ul>\n<p><strong>No se vende fuera de Europa<\/strong><\/p>\n","protected":false},"excerpt":{"rendered":"<p>La Pastaio 10&amp;Lode es la m\u00e1quina multifunci\u00f3n con movimiento planetario que consigue excelentes resultados. Puede procesar muchos ingredientes, gracias a<\/p>\n","protected":false},"featured_media":246388,"template":"","meta":{"_acf_changed":false,"inline_featured_image":false},"product_cat":[16082,16073],"product_tag":[23692,16279,19877],"acf":[],"yoast_head":"<!-- This site is optimized with the Yoast SEO Premium plugin v18.6 (Yoast SEO v19.13) - https:\/\/yoast.com\/wordpress\/plugins\/seo\/ -->\n<title>G3 FERRARI Pastaio 10&amp;Lode 10 L - Erresse Shop<\/title>\n<meta name=\"description\" content=\"La Pastaio 10&amp;Lode es la m\u00e1quina multifunci\u00f3n con movimiento planetario que consigue excelentes resultados. Puede procesar muchos ingredientes,\" \/>\n<meta name=\"robots\" content=\"index, follow, max-snippet:-1, max-image-preview:large, max-video-preview:-1\" \/>\n<link rel=\"canonical\" href=\"https:\/\/www.erresse-shop.it\/es\/shop\/pequenos-electrodomesticos\/amasadores\/g3-ferrari-pastaio-10lode-10-l\/\" \/>\n<meta property=\"og:locale\" content=\"es_ES\" \/>\n<meta property=\"og:type\" content=\"article\" \/>\n<meta property=\"og:title\" content=\"G3 FERRARI Pastaio 10&amp;Lode 10 L\" \/>\n<meta property=\"og:description\" content=\"La Pastaio 10&amp;Lode es la m\u00e1quina multifunci\u00f3n con movimiento planetario que consigue excelentes resultados. Puede procesar muchos ingredientes,\" \/>\n<meta property=\"og:url\" content=\"https:\/\/www.erresse-shop.it\/es\/shop\/pequenos-electrodomesticos\/amasadores\/g3-ferrari-pastaio-10lode-10-l\/\" \/>\n<meta property=\"og:site_name\" content=\"Erresse Shop\" \/>\n<meta property=\"article:modified_time\" content=\"2023-09-26T06:43:40+00:00\" \/>\n<meta property=\"og:image\" content=\"https:\/\/www.erresse-shop.it\/wp-content\/uploads\/2023\/03\/G3-FERRARI-Pastaio-10Lode-10-L.jpg\" \/>\n\t<meta property=\"og:image:width\" content=\"800\" \/>\n\t<meta property=\"og:image:height\" content=\"800\" \/>\n\t<meta property=\"og:image:type\" content=\"image\/jpeg\" \/>\n<meta name=\"twitter:card\" content=\"summary_large_image\" \/>\n<script type=\"application\/ld+json\" class=\"yoast-schema-graph\">{\"@context\":\"https:\/\/schema.org\",\"@graph\":[{\"@type\":\"WebPage\",\"@id\":\"https:\/\/www.erresse-shop.it\/es\/shop\/pequenos-electrodomesticos\/amasadores\/g3-ferrari-pastaio-10lode-10-l\/\",\"url\":\"https:\/\/www.erresse-shop.it\/es\/shop\/pequenos-electrodomesticos\/amasadores\/g3-ferrari-pastaio-10lode-10-l\/\",\"name\":\"G3 FERRARI Pastaio 10&Lode 10 L - Erresse Shop\",\"isPartOf\":{\"@id\":\"https:\/\/www.erresse-shop.it\/es\/#website\"},\"datePublished\":\"2023-03-03T09:20:50+00:00\",\"dateModified\":\"2023-09-26T06:43:40+00:00\",\"description\":\"La Pastaio 10&amp;Lode es la m\u00e1quina multifunci\u00f3n con movimiento planetario que consigue excelentes resultados. Puede procesar muchos ingredientes,\",\"breadcrumb\":{\"@id\":\"https:\/\/www.erresse-shop.it\/es\/shop\/pequenos-electrodomesticos\/amasadores\/g3-ferrari-pastaio-10lode-10-l\/#breadcrumb\"},\"inLanguage\":\"es\",\"potentialAction\":[{\"@type\":\"ReadAction\",\"target\":[\"https:\/\/www.erresse-shop.it\/es\/shop\/pequenos-electrodomesticos\/amasadores\/g3-ferrari-pastaio-10lode-10-l\/\"]}]},{\"@type\":\"BreadcrumbList\",\"@id\":\"https:\/\/www.erresse-shop.it\/es\/shop\/pequenos-electrodomesticos\/amasadores\/g3-ferrari-pastaio-10lode-10-l\/#breadcrumb\",\"itemListElement\":[{\"@type\":\"ListItem\",\"position\":1,\"name\":\"Home\",\"item\":\"https:\/\/www.erresse-shop.it\/es\/\"},{\"@type\":\"ListItem\",\"position\":2,\"name\":\"Shop\",\"item\":\"https:\/\/www.erresse-shop.it\/es\/shop\/\"},{\"@type\":\"ListItem\",\"position\":3,\"name\":\"G3 FERRARI Pastaio 10&#038;Lode 10 L\"}]},{\"@type\":\"WebSite\",\"@id\":\"https:\/\/www.erresse-shop.it\/es\/#website\",\"url\":\"https:\/\/www.erresse-shop.it\/es\/\",\"name\":\"Erresse Shop\",\"description\":\"Articoli di qualit\u00e0 per la casa\",\"potentialAction\":[{\"@type\":\"SearchAction\",\"target\":{\"@type\":\"EntryPoint\",\"urlTemplate\":\"https:\/\/www.erresse-shop.it\/es\/?s={search_term_string}\"},\"query-input\":\"required name=search_term_string\"}],\"inLanguage\":\"es\"}]}<\/script>\n<!-- \/ Yoast SEO Premium plugin. -->","yoast_head_json":{"title":"G3 FERRARI Pastaio 10&Lode 10 L - Erresse Shop","description":"La Pastaio 10&amp;Lode es la m\u00e1quina multifunci\u00f3n con movimiento planetario que consigue excelentes resultados. Puede procesar muchos ingredientes,","robots":{"index":"index","follow":"follow","max-snippet":"max-snippet:-1","max-image-preview":"max-image-preview:large","max-video-preview":"max-video-preview:-1"},"canonical":"https:\/\/www.erresse-shop.it\/es\/shop\/pequenos-electrodomesticos\/amasadores\/g3-ferrari-pastaio-10lode-10-l\/","og_locale":"es_ES","og_type":"article","og_title":"G3 FERRARI Pastaio 10&Lode 10 L","og_description":"La Pastaio 10&amp;Lode es la m\u00e1quina multifunci\u00f3n con movimiento planetario que consigue excelentes resultados. Puede procesar muchos ingredientes,","og_url":"https:\/\/www.erresse-shop.it\/es\/shop\/pequenos-electrodomesticos\/amasadores\/g3-ferrari-pastaio-10lode-10-l\/","og_site_name":"Erresse Shop","article_modified_time":"2023-09-26T06:43:40+00:00","og_image":[{"width":800,"height":800,"url":"https:\/\/www.erresse-shop.it\/wp-content\/uploads\/2023\/03\/G3-FERRARI-Pastaio-10Lode-10-L.jpg","type":"image\/jpeg"}],"twitter_card":"summary_large_image","schema":{"@context":"https:\/\/schema.org","@graph":[{"@type":"WebPage","@id":"https:\/\/www.erresse-shop.it\/es\/shop\/pequenos-electrodomesticos\/amasadores\/g3-ferrari-pastaio-10lode-10-l\/","url":"https:\/\/www.erresse-shop.it\/es\/shop\/pequenos-electrodomesticos\/amasadores\/g3-ferrari-pastaio-10lode-10-l\/","name":"G3 FERRARI Pastaio 10&Lode 10 L - Erresse Shop","isPartOf":{"@id":"https:\/\/www.erresse-shop.it\/es\/#website"},"datePublished":"2023-03-03T09:20:50+00:00","dateModified":"2023-09-26T06:43:40+00:00","description":"La Pastaio 10&amp;Lode es la m\u00e1quina multifunci\u00f3n con movimiento planetario que consigue excelentes resultados. Puede procesar muchos ingredientes,","breadcrumb":{"@id":"https:\/\/www.erresse-shop.it\/es\/shop\/pequenos-electrodomesticos\/amasadores\/g3-ferrari-pastaio-10lode-10-l\/#breadcrumb"},"inLanguage":"es","potentialAction":[{"@type":"ReadAction","target":["https:\/\/www.erresse-shop.it\/es\/shop\/pequenos-electrodomesticos\/amasadores\/g3-ferrari-pastaio-10lode-10-l\/"]}]},{"@type":"BreadcrumbList","@id":"https:\/\/www.erresse-shop.it\/es\/shop\/pequenos-electrodomesticos\/amasadores\/g3-ferrari-pastaio-10lode-10-l\/#breadcrumb","itemListElement":[{"@type":"ListItem","position":1,"name":"Home","item":"https:\/\/www.erresse-shop.it\/es\/"},{"@type":"ListItem","position":2,"name":"Shop","item":"https:\/\/www.erresse-shop.it\/es\/shop\/"},{"@type":"ListItem","position":3,"name":"G3 FERRARI Pastaio 10&#038;Lode 10 L"}]},{"@type":"WebSite","@id":"https:\/\/www.erresse-shop.it\/es\/#website","url":"https:\/\/www.erresse-shop.it\/es\/","name":"Erresse Shop","description":"Articoli di qualit\u00e0 per la casa","potentialAction":[{"@type":"SearchAction","target":{"@type":"EntryPoint","urlTemplate":"https:\/\/www.erresse-shop.it\/es\/?s={search_term_string}"},"query-input":"required name=search_term_string"}],"inLanguage":"es"}]}},"df_price":219.9,"df_sale_price":219.9,"df_regular_price":219.9,"df_image_link":"https:\/\/www.erresse-shop.it\/wp-content\/uploads\/2023\/03\/G3-FERRARI-Pastaio-10Lode-10-L-300x300.jpg","_links":{"self":[{"href":"https:\/\/www.erresse-shop.it\/es\/wp-json\/wp\/v2\/product\/246332"}],"collection":[{"href":"https:\/\/www.erresse-shop.it\/es\/wp-json\/wp\/v2\/product"}],"about":[{"href":"https:\/\/www.erresse-shop.it\/es\/wp-json\/wp\/v2\/types\/product"}],"wp:featuredmedia":[{"embeddable":true,"href":"https:\/\/www.erresse-shop.it\/es\/wp-json\/wp\/v2\/media\/246388"}],"wp:attachment":[{"href":"https:\/\/www.erresse-shop.it\/es\/wp-json\/wp\/v2\/media?parent=246332"}],"wp:term":[{"taxonomy":"product_cat","embeddable":true,"href":"https:\/\/www.erresse-shop.it\/es\/wp-json\/wp\/v2\/product_cat?post=246332"},{"taxonomy":"product_tag","embeddable":true,"href":"https:\/\/www.erresse-shop.it\/es\/wp-json\/wp\/v2\/product_tag?post=246332"}],"curies":[{"name":"wp","href":"https:\/\/api.w.org\/{rel}","templated":true}]}}