{"id":246262,"date":"2020-09-22T10:15:26","date_gmt":"2020-09-22T10:15:26","guid":{"rendered":"https:\/\/www.erresse-shop.it\/shop\/sin%20categor\u00eda\/emile-henry-sarten-para-pan-grand-cru-3\/"},"modified":"2025-03-06T07:55:17","modified_gmt":"2025-03-06T07:55:17","slug":"emile-henry-sarten-para-pan-grand-cru-3","status":"publish","type":"product","link":"https:\/\/www.erresse-shop.it\/es\/shop\/sartenes-y-ollas\/cocina-de-pan\/emile-henry-sarten-para-pan-grand-cru-3\/","title":{"rendered":"EMILE HENRY Sart\u00e9n para Pan Grand Cru"},"content":{"rendered":"<p>Emile Henry fue fundada en 1850.<br \/>\nLa cer\u00e1mica de Emile Henry permite difundir gradualmente el calor durante la cocci\u00f3n de los alimentos a baja temperatura para mantener inalterados los sabores y aromas, as\u00ed como los elementos naturales presentes en los alimentos.<br \/>\nLa cocci\u00f3n saludable a baja temperatura de la cer\u00e1mica de Emile Henry mantiene los sabores, preserva las vitaminas y las cualidades nutricionales.<br \/>\nLos productos de Emile Henry se fabrican con componentes naturales: arcilla sin tratar para la mezcla, arena, agua filtrada y \u00f3xidos minerales naturales para los colores. Los productos de Emile Henry no contienen metales pesados \u200b\u200bperjudiciales para la salud: no contienen plomo, cadmio ni n\u00edquel.<br \/>\nLos productos Emile Henry son resistentes a los golpes y pueden usarse con grandes cambios de temperatura. Se pueden utilizar en el lavavajillas.<\/p>\n<p>La panificadora Emile Henry le permite hornear panes grandes y generosos (hasta 1,5 kg), que son f\u00e1ciles de cortar en rebanadas iguales.<\/p>\n<p>Para variar el sabor y la textura del pan (sin gluten, pan de centeno, etc.), puedes mezclar diferentes harinas.<\/p>\n<p>Gracias a la tapa abovedada de cer\u00e1mica refractaria, el cocedor de pan crea las mismas condiciones que un horno de pan tradicional, con el grado adecuado de humedad durante la cocci\u00f3n para obtener una corteza dorada y crujiente con un interior suave y aireado.<\/p>\n<p>Las nervaduras de la base evitan que el pan se pegue y las peque\u00f1as asas facilitan su manipulaci\u00f3n, incluso cuando est\u00e1 caliente.<\/p>\n<p>La base tambi\u00e9n cabe dentro de la tapa para un f\u00e1cil almacenamiento. Pan italiano, pan trenzado granulado o con cebolla, \u00a1la panificadora le permite hornear una amplia variedad de recetas diferentes!<\/p>\n<p>Longitud \/ Di\u00e1metro &#8211; 39 cm<br \/>\nAncho &#8211; 16,5 cm<br \/>\nAltura &#8211; 15 cm<br \/>\nLongitud interna \/ Di\u00e1metro &#8211; 33,5 cm<br \/>\nAncho interno &#8211; 13 cm<br \/>\nAltura interna &#8211; 14 cm<br \/>\nCapacidad \u00fatil &#8211; 2,3 L<br \/>\nCapacidad &#8211; 4,5 L litros<br \/>\nPeso &#8211; KG 3<br \/>\nTemperatura m\u00e1xima &#8211; \u00b0C 270 \u00b0C<br \/>\nTemperatura m\u00ednima &#8211; \u00b0C -20 \u00b0C<\/p>\n","protected":false},"excerpt":{"rendered":"<p>Emile Henry fue fundada en 1850. La cer\u00e1mica de Emile Henry permite difundir gradualmente el calor durante la cocci\u00f3n de<\/p>\n","protected":false},"featured_media":117049,"template":"","meta":{"_acf_changed":false,"inline_featured_image":false},"product_cat":[26049,16058],"product_tag":[19944,16465],"acf":[],"yoast_head":"<!-- This site is optimized with the Yoast SEO Premium plugin v18.6 (Yoast SEO v19.13) - https:\/\/yoast.com\/wordpress\/plugins\/seo\/ -->\n<title>EMILE HENRY Sart\u00e9n para Pan Grand Cru - Erresse Shop<\/title>\n<meta name=\"description\" content=\"Emile Henry fue fundada en 1850. La cer\u00e1mica de Emile Henry permite difundir gradualmente el calor durante la cocci\u00f3n de los alimentos a baja temperatura\" \/>\n<meta name=\"robots\" content=\"index, follow, max-snippet:-1, max-image-preview:large, max-video-preview:-1\" \/>\n<link rel=\"canonical\" href=\"https:\/\/www.erresse-shop.it\/es\/shop\/sartenes-y-ollas\/cocina-de-pan\/emile-henry-sarten-para-pan-grand-cru-3\/\" \/>\n<meta property=\"og:locale\" content=\"es_ES\" \/>\n<meta property=\"og:type\" content=\"article\" \/>\n<meta property=\"og:title\" content=\"EMILE HENRY Sart\u00e9n para Pan Grand Cru\" \/>\n<meta property=\"og:description\" content=\"Emile Henry fue fundada en 1850. La cer\u00e1mica de Emile Henry permite difundir gradualmente el calor durante la cocci\u00f3n de los alimentos a baja temperatura\" \/>\n<meta property=\"og:url\" content=\"https:\/\/www.erresse-shop.it\/es\/shop\/sartenes-y-ollas\/cocina-de-pan\/emile-henry-sarten-para-pan-grand-cru-3\/\" \/>\n<meta property=\"og:site_name\" content=\"Erresse Shop\" \/>\n<meta property=\"article:modified_time\" content=\"2025-03-06T07:55:17+00:00\" \/>\n<meta property=\"og:image\" content=\"https:\/\/www.erresse-shop.it\/wp-content\/uploads\/2020\/09\/EH349503.jpg\" \/>\n\t<meta property=\"og:image:width\" content=\"800\" \/>\n\t<meta property=\"og:image:height\" content=\"800\" \/>\n\t<meta property=\"og:image:type\" content=\"image\/jpeg\" \/>\n<meta name=\"twitter:card\" content=\"summary_large_image\" \/>\n<script type=\"application\/ld+json\" class=\"yoast-schema-graph\">{\"@context\":\"https:\/\/schema.org\",\"@graph\":[{\"@type\":\"WebPage\",\"@id\":\"https:\/\/www.erresse-shop.it\/es\/shop\/sartenes-y-ollas\/cocina-de-pan\/emile-henry-sarten-para-pan-grand-cru-3\/\",\"url\":\"https:\/\/www.erresse-shop.it\/es\/shop\/sartenes-y-ollas\/cocina-de-pan\/emile-henry-sarten-para-pan-grand-cru-3\/\",\"name\":\"EMILE HENRY Sart\u00e9n para Pan Grand Cru - Erresse Shop\",\"isPartOf\":{\"@id\":\"https:\/\/www.erresse-shop.it\/es\/#website\"},\"datePublished\":\"2020-09-22T10:15:26+00:00\",\"dateModified\":\"2025-03-06T07:55:17+00:00\",\"description\":\"Emile Henry fue fundada en 1850. La cer\u00e1mica de Emile Henry permite difundir gradualmente el calor durante la cocci\u00f3n de los alimentos a baja temperatura\",\"breadcrumb\":{\"@id\":\"https:\/\/www.erresse-shop.it\/es\/shop\/sartenes-y-ollas\/cocina-de-pan\/emile-henry-sarten-para-pan-grand-cru-3\/#breadcrumb\"},\"inLanguage\":\"es\",\"potentialAction\":[{\"@type\":\"ReadAction\",\"target\":[\"https:\/\/www.erresse-shop.it\/es\/shop\/sartenes-y-ollas\/cocina-de-pan\/emile-henry-sarten-para-pan-grand-cru-3\/\"]}]},{\"@type\":\"BreadcrumbList\",\"@id\":\"https:\/\/www.erresse-shop.it\/es\/shop\/sartenes-y-ollas\/cocina-de-pan\/emile-henry-sarten-para-pan-grand-cru-3\/#breadcrumb\",\"itemListElement\":[{\"@type\":\"ListItem\",\"position\":1,\"name\":\"Home\",\"item\":\"https:\/\/www.erresse-shop.it\/es\/\"},{\"@type\":\"ListItem\",\"position\":2,\"name\":\"Shop\",\"item\":\"https:\/\/www.erresse-shop.it\/es\/shop\/\"},{\"@type\":\"ListItem\",\"position\":3,\"name\":\"EMILE HENRY Sart\u00e9n para Pan Grand Cru\"}]},{\"@type\":\"WebSite\",\"@id\":\"https:\/\/www.erresse-shop.it\/es\/#website\",\"url\":\"https:\/\/www.erresse-shop.it\/es\/\",\"name\":\"Erresse Shop\",\"description\":\"Articoli di qualit\u00e0 per la casa\",\"potentialAction\":[{\"@type\":\"SearchAction\",\"target\":{\"@type\":\"EntryPoint\",\"urlTemplate\":\"https:\/\/www.erresse-shop.it\/es\/?s={search_term_string}\"},\"query-input\":\"required name=search_term_string\"}],\"inLanguage\":\"es\"}]}<\/script>\n<!-- \/ Yoast SEO Premium plugin. -->","yoast_head_json":{"title":"EMILE HENRY Sart\u00e9n para Pan Grand Cru - Erresse Shop","description":"Emile Henry fue fundada en 1850. La cer\u00e1mica de Emile Henry permite difundir gradualmente el calor durante la cocci\u00f3n de los alimentos a baja temperatura","robots":{"index":"index","follow":"follow","max-snippet":"max-snippet:-1","max-image-preview":"max-image-preview:large","max-video-preview":"max-video-preview:-1"},"canonical":"https:\/\/www.erresse-shop.it\/es\/shop\/sartenes-y-ollas\/cocina-de-pan\/emile-henry-sarten-para-pan-grand-cru-3\/","og_locale":"es_ES","og_type":"article","og_title":"EMILE HENRY Sart\u00e9n para Pan Grand Cru","og_description":"Emile Henry fue fundada en 1850. La cer\u00e1mica de Emile Henry permite difundir gradualmente el calor durante la cocci\u00f3n de los alimentos a baja temperatura","og_url":"https:\/\/www.erresse-shop.it\/es\/shop\/sartenes-y-ollas\/cocina-de-pan\/emile-henry-sarten-para-pan-grand-cru-3\/","og_site_name":"Erresse Shop","article_modified_time":"2025-03-06T07:55:17+00:00","og_image":[{"width":800,"height":800,"url":"https:\/\/www.erresse-shop.it\/wp-content\/uploads\/2020\/09\/EH349503.jpg","type":"image\/jpeg"}],"twitter_card":"summary_large_image","schema":{"@context":"https:\/\/schema.org","@graph":[{"@type":"WebPage","@id":"https:\/\/www.erresse-shop.it\/es\/shop\/sartenes-y-ollas\/cocina-de-pan\/emile-henry-sarten-para-pan-grand-cru-3\/","url":"https:\/\/www.erresse-shop.it\/es\/shop\/sartenes-y-ollas\/cocina-de-pan\/emile-henry-sarten-para-pan-grand-cru-3\/","name":"EMILE HENRY Sart\u00e9n para Pan Grand Cru - Erresse Shop","isPartOf":{"@id":"https:\/\/www.erresse-shop.it\/es\/#website"},"datePublished":"2020-09-22T10:15:26+00:00","dateModified":"2025-03-06T07:55:17+00:00","description":"Emile Henry fue fundada en 1850. La cer\u00e1mica de Emile Henry permite difundir gradualmente el calor durante la cocci\u00f3n de los alimentos a baja temperatura","breadcrumb":{"@id":"https:\/\/www.erresse-shop.it\/es\/shop\/sartenes-y-ollas\/cocina-de-pan\/emile-henry-sarten-para-pan-grand-cru-3\/#breadcrumb"},"inLanguage":"es","potentialAction":[{"@type":"ReadAction","target":["https:\/\/www.erresse-shop.it\/es\/shop\/sartenes-y-ollas\/cocina-de-pan\/emile-henry-sarten-para-pan-grand-cru-3\/"]}]},{"@type":"BreadcrumbList","@id":"https:\/\/www.erresse-shop.it\/es\/shop\/sartenes-y-ollas\/cocina-de-pan\/emile-henry-sarten-para-pan-grand-cru-3\/#breadcrumb","itemListElement":[{"@type":"ListItem","position":1,"name":"Home","item":"https:\/\/www.erresse-shop.it\/es\/"},{"@type":"ListItem","position":2,"name":"Shop","item":"https:\/\/www.erresse-shop.it\/es\/shop\/"},{"@type":"ListItem","position":3,"name":"EMILE HENRY Sart\u00e9n para Pan Grand Cru"}]},{"@type":"WebSite","@id":"https:\/\/www.erresse-shop.it\/es\/#website","url":"https:\/\/www.erresse-shop.it\/es\/","name":"Erresse Shop","description":"Articoli di qualit\u00e0 per la casa","potentialAction":[{"@type":"SearchAction","target":{"@type":"EntryPoint","urlTemplate":"https:\/\/www.erresse-shop.it\/es\/?s={search_term_string}"},"query-input":"required name=search_term_string"}],"inLanguage":"es"}]}},"df_price":99.76200000000001,"df_sale_price":99.76200000000001,"df_regular_price":127.9,"df_image_link":"https:\/\/www.erresse-shop.it\/wp-content\/uploads\/2020\/09\/EH349503-300x300.jpg","_links":{"self":[{"href":"https:\/\/www.erresse-shop.it\/es\/wp-json\/wp\/v2\/product\/246262"}],"collection":[{"href":"https:\/\/www.erresse-shop.it\/es\/wp-json\/wp\/v2\/product"}],"about":[{"href":"https:\/\/www.erresse-shop.it\/es\/wp-json\/wp\/v2\/types\/product"}],"wp:featuredmedia":[{"embeddable":true,"href":"https:\/\/www.erresse-shop.it\/es\/wp-json\/wp\/v2\/media\/117049"}],"wp:attachment":[{"href":"https:\/\/www.erresse-shop.it\/es\/wp-json\/wp\/v2\/media?parent=246262"}],"wp:term":[{"taxonomy":"product_cat","embeddable":true,"href":"https:\/\/www.erresse-shop.it\/es\/wp-json\/wp\/v2\/product_cat?post=246262"},{"taxonomy":"product_tag","embeddable":true,"href":"https:\/\/www.erresse-shop.it\/es\/wp-json\/wp\/v2\/product_tag?post=246262"}],"curies":[{"name":"wp","href":"https:\/\/api.w.org\/{rel}","templated":true}]}}