{"id":244635,"date":"2023-02-28T15:23:24","date_gmt":"2023-02-28T15:23:30","guid":{"rendered":"https:\/\/www.erresse-shop.it\/?post_type=product&#038;p=244635"},"modified":"2023-02-28T15:44:30","modified_gmt":"2023-02-28T15:44:30","slug":"g3-ferrari-friggisano-duo-8-l","status":"publish","type":"product","link":"https:\/\/www.erresse-shop.it\/es\/shop\/pequenos-electrodomesticos\/hornos\/g3-ferrari-friggisano-duo-8-l\/","title":{"rendered":"G3 FERRARI Friggisano Duo 8 L"},"content":{"rendered":"<p>Cada uno tiene sus gustos, pero con <strong>Friggisano Duo<\/strong> todos contentos. Aqu\u00ed est\u00e1 la nueva freidora de aire de doble zona, que fr\u00ede dos platos diferentes con menos grasa y permite servirlos juntos calientes y crujientes.<\/p>\n<p><strong>La freidora de aire caliente que se duplica para cocinar sano <\/strong><br \/>\nFriggisano Duo est\u00e1 dispuesta a transformar el mundo de las freidoras, tanto el de las freidoras de aire como el de las freidoras tradicionales. \u00bfPor qu\u00e9? Porque combina lo mejor de ambas tecnolog\u00edas, ofreci\u00e9ndote la oportunidad de cocinar tus platos de forma sana y sabrosa.<\/p>\n<p>Gracias a la funcionalidad de la freidora de aire, podr\u00e1 cocinar crujientes patatas fritas con hasta un 80% menos de grasas. La tecnolog\u00eda de circulaci\u00f3n r\u00e1pida de aire caliente de la funci\u00f3n AIR FRY, de hecho, le permite alcanzar r\u00e1pidamente una temperatura tan alta que los alimentos quedan crujientes por fuera y blandos por dentro como cuando fr\u00ede de forma tradicional, \u00a1pero lo mejor es que puede fre\u00edr sin aceite!<\/p>\n<p><strong>Cada uno tiene su plato favorito<\/strong><br \/>\nCada uno tiene su propio gusto, pero con Friggisano Duo puedes hacer feliz a todo el mundo porque este aparato te da algo m\u00e1s que las mejores freidoras de aire: es una freidora de dos tanques que te permite cocinar dos platos diferentes al mismo tiempo sin mezclar los sabores. Con la funci\u00f3n especial SYNC, termina la cocci\u00f3n de ambos al mismo tiempo, para que pueda servirlos juntos calientes y crujientes.<\/p>\n<p>Por \u00faltimo, puede cocinar para toda la familia con esta nueva freidora de aire de 8 litros, dividida en dos cestas antiadherentes independientes de 4 litros. \u00bfPatatas fritas para todos? Con la funci\u00f3n DUAL COOK, podr\u00e1 duplicar las porciones y programar la misma cocci\u00f3n en ambos compartimentos para una capacidad total de hasta 1800 gr.<\/p>\n<p><strong>Muchas formas de cocinar sano<\/strong><br \/>\nSi siempre est\u00e1s buscando nuevas ideas para cocinar sano sin renunciar al sabor, con Friggisano Duo ser\u00e1 a\u00fan m\u00e1s f\u00e1cil crear un men\u00fa apetitoso y diversificado. Gracias a los 8 modos de cocci\u00f3n podr\u00e1s fre\u00edr al <strong>aire, asar, gratinar, hornear, calentar, deshidratar, mantener caliente y descongelar<\/strong> una gran variedad de alimentos. Con la funci\u00f3n TEMPORIZADOR y la temperatura ajustable hasta 200 \u00b0 siempre tendr\u00e1 una cocci\u00f3n perfecta, sea cual sea el modo que elija para su receta. No puede equivocarse con la funci\u00f3n AGITAR: un pitido le informa de cu\u00e1ndo es el momento de mezclar.<\/p>\n<p><strong>F\u00e1cil de usar y limpiar<\/strong><br \/>\nFriggisano Duo te garantiza el resultado de una freidora de aire profesional con una gran facilidad de uso, lo que la hace ideal para el uso diario. En cualquier momento puede comprobar los ajustes seleccionados con la pr\u00e1ctica pantalla digital, clara y f\u00e1cil de usar.<\/p>\n<p>\u00a1La limpieza tambi\u00e9n es un juego de ni\u00f1os! Simplemente utilice una esponja no abrasiva y agua caliente para limpiar los recipientes antiadherentes de su freidora de dos cestas.<\/p>\n<p><strong>Especificaciones tecnicas<\/strong><br \/>\n&#8211; Potencia 1700W<br \/>\n&#8211; 2 zonas de cocci\u00f3n independientes<br \/>\n&#8211; Capacidad total 8 litros (4L + 4L, hasta 1800g)<br \/>\n&#8211; Recipientes con c\u00f3moda asa<br \/>\n&#8211; Recipientes y bandejas antiadherentes<br \/>\n&#8211; Temporizador y temperatura regulable (hasta 200\u00b0C)<br \/>\n&#8211; Pantalla digital<br \/>\n&#8211; 8 modos de cocci\u00f3n: fre\u00edr al aire, asar, gratinar, hornear, recalentar, deshidratar, mantener caliente, patatas fritas<br \/>\n&#8211; Funci\u00f3n SYNC: finaliza las dos cocciones al mismo tiempo<br \/>\n&#8211; Funci\u00f3n SHAKE: se\u00f1al ac\u00fastica para sacudir los alimentos<br \/>\n&#8211; Funci\u00f3n DUAL COOK: doble capacidad de cocci\u00f3n, mismos ajustes para ambas zonas<br \/>\n&#8211; Pies antideslizantes<br \/>\n&#8211; Alimentaci\u00f3n: AC 220-240V ~ 50-60Hz<\/p>\n","protected":false},"excerpt":{"rendered":"<p>Cada uno tiene sus gustos, pero con Friggisano Duo todos contentos. Aqu\u00ed est\u00e1 la nueva freidora de aire de doble<\/p>\n","protected":false},"featured_media":458122,"template":"","meta":{"_acf_changed":false,"inline_featured_image":false},"product_cat":[21504,16079,16073],"product_tag":[23692,20949,22114,22115,16402,22101,16138],"acf":[],"yoast_head":"<!-- This site is optimized with the Yoast SEO Premium plugin v18.6 (Yoast SEO v19.13) - https:\/\/yoast.com\/wordpress\/plugins\/seo\/ -->\n<title>G3 FERRARI Friggisano Duo 8 L - Erresse Shop<\/title>\n<meta name=\"description\" content=\"Cada uno tiene sus gustos, pero con Friggisano Duo todos contentos. Aqu\u00ed est\u00e1 la nueva freidora de aire de doble zona, que fr\u00ede dos platos diferentes con\" \/>\n<meta name=\"robots\" content=\"index, follow, max-snippet:-1, max-image-preview:large, max-video-preview:-1\" \/>\n<link rel=\"canonical\" href=\"https:\/\/www.erresse-shop.it\/es\/shop\/pequenos-electrodomesticos\/hornos\/g3-ferrari-friggisano-duo-8-l\/\" \/>\n<meta property=\"og:locale\" content=\"es_ES\" \/>\n<meta property=\"og:type\" content=\"article\" \/>\n<meta property=\"og:title\" content=\"G3 FERRARI Friggisano Duo 8 L\" \/>\n<meta property=\"og:description\" content=\"Cada uno tiene sus gustos, pero con Friggisano Duo todos contentos. Aqu\u00ed est\u00e1 la nueva freidora de aire de doble zona, que fr\u00ede dos platos diferentes con\" \/>\n<meta property=\"og:url\" content=\"https:\/\/www.erresse-shop.it\/es\/shop\/pequenos-electrodomesticos\/hornos\/g3-ferrari-friggisano-duo-8-l\/\" \/>\n<meta property=\"og:site_name\" content=\"Erresse Shop\" \/>\n<meta property=\"article:modified_time\" content=\"2023-02-28T15:44:30+00:00\" \/>\n<meta property=\"og:image\" content=\"https:\/\/www.erresse-shop.it\/wp-content\/uploads\/2023\/02\/G3-FERRARI-Friggitrice-ad-Aria-Friggisano-Duo.jpg\" \/>\n\t<meta property=\"og:image:width\" content=\"2500\" \/>\n\t<meta property=\"og:image:height\" content=\"1796\" \/>\n\t<meta property=\"og:image:type\" content=\"image\/jpeg\" \/>\n<meta name=\"twitter:card\" content=\"summary_large_image\" \/>\n<script type=\"application\/ld+json\" class=\"yoast-schema-graph\">{\"@context\":\"https:\/\/schema.org\",\"@graph\":[{\"@type\":\"WebPage\",\"@id\":\"https:\/\/www.erresse-shop.it\/es\/shop\/pequenos-electrodomesticos\/hornos\/g3-ferrari-friggisano-duo-8-l\/\",\"url\":\"https:\/\/www.erresse-shop.it\/es\/shop\/pequenos-electrodomesticos\/hornos\/g3-ferrari-friggisano-duo-8-l\/\",\"name\":\"G3 FERRARI Friggisano Duo 8 L - Erresse Shop\",\"isPartOf\":{\"@id\":\"https:\/\/www.erresse-shop.it\/es\/#website\"},\"datePublished\":\"2023-02-28T15:23:30+00:00\",\"dateModified\":\"2023-02-28T15:44:30+00:00\",\"description\":\"Cada uno tiene sus gustos, pero con Friggisano Duo todos contentos. Aqu\u00ed est\u00e1 la nueva freidora de aire de doble zona, que fr\u00ede dos platos diferentes con\",\"breadcrumb\":{\"@id\":\"https:\/\/www.erresse-shop.it\/es\/shop\/pequenos-electrodomesticos\/hornos\/g3-ferrari-friggisano-duo-8-l\/#breadcrumb\"},\"inLanguage\":\"es\",\"potentialAction\":[{\"@type\":\"ReadAction\",\"target\":[\"https:\/\/www.erresse-shop.it\/es\/shop\/pequenos-electrodomesticos\/hornos\/g3-ferrari-friggisano-duo-8-l\/\"]}]},{\"@type\":\"BreadcrumbList\",\"@id\":\"https:\/\/www.erresse-shop.it\/es\/shop\/pequenos-electrodomesticos\/hornos\/g3-ferrari-friggisano-duo-8-l\/#breadcrumb\",\"itemListElement\":[{\"@type\":\"ListItem\",\"position\":1,\"name\":\"Home\",\"item\":\"https:\/\/www.erresse-shop.it\/es\/\"},{\"@type\":\"ListItem\",\"position\":2,\"name\":\"Shop\",\"item\":\"https:\/\/www.erresse-shop.it\/es\/shop\/\"},{\"@type\":\"ListItem\",\"position\":3,\"name\":\"G3 FERRARI Friggisano Duo 8 L\"}]},{\"@type\":\"WebSite\",\"@id\":\"https:\/\/www.erresse-shop.it\/es\/#website\",\"url\":\"https:\/\/www.erresse-shop.it\/es\/\",\"name\":\"Erresse Shop\",\"description\":\"Articoli di qualit\u00e0 per la casa\",\"potentialAction\":[{\"@type\":\"SearchAction\",\"target\":{\"@type\":\"EntryPoint\",\"urlTemplate\":\"https:\/\/www.erresse-shop.it\/es\/?s={search_term_string}\"},\"query-input\":\"required name=search_term_string\"}],\"inLanguage\":\"es\"}]}<\/script>\n<!-- \/ Yoast SEO Premium plugin. -->","yoast_head_json":{"title":"G3 FERRARI Friggisano Duo 8 L - Erresse Shop","description":"Cada uno tiene sus gustos, pero con Friggisano Duo todos contentos. Aqu\u00ed est\u00e1 la nueva freidora de aire de doble zona, que fr\u00ede dos platos diferentes con","robots":{"index":"index","follow":"follow","max-snippet":"max-snippet:-1","max-image-preview":"max-image-preview:large","max-video-preview":"max-video-preview:-1"},"canonical":"https:\/\/www.erresse-shop.it\/es\/shop\/pequenos-electrodomesticos\/hornos\/g3-ferrari-friggisano-duo-8-l\/","og_locale":"es_ES","og_type":"article","og_title":"G3 FERRARI Friggisano Duo 8 L","og_description":"Cada uno tiene sus gustos, pero con Friggisano Duo todos contentos. Aqu\u00ed est\u00e1 la nueva freidora de aire de doble zona, que fr\u00ede dos platos diferentes con","og_url":"https:\/\/www.erresse-shop.it\/es\/shop\/pequenos-electrodomesticos\/hornos\/g3-ferrari-friggisano-duo-8-l\/","og_site_name":"Erresse Shop","article_modified_time":"2023-02-28T15:44:30+00:00","og_image":[{"width":2500,"height":1796,"url":"https:\/\/www.erresse-shop.it\/wp-content\/uploads\/2023\/02\/G3-FERRARI-Friggitrice-ad-Aria-Friggisano-Duo.jpg","type":"image\/jpeg"}],"twitter_card":"summary_large_image","schema":{"@context":"https:\/\/schema.org","@graph":[{"@type":"WebPage","@id":"https:\/\/www.erresse-shop.it\/es\/shop\/pequenos-electrodomesticos\/hornos\/g3-ferrari-friggisano-duo-8-l\/","url":"https:\/\/www.erresse-shop.it\/es\/shop\/pequenos-electrodomesticos\/hornos\/g3-ferrari-friggisano-duo-8-l\/","name":"G3 FERRARI Friggisano Duo 8 L - Erresse Shop","isPartOf":{"@id":"https:\/\/www.erresse-shop.it\/es\/#website"},"datePublished":"2023-02-28T15:23:30+00:00","dateModified":"2023-02-28T15:44:30+00:00","description":"Cada uno tiene sus gustos, pero con Friggisano Duo todos contentos. Aqu\u00ed est\u00e1 la nueva freidora de aire de doble zona, que fr\u00ede dos platos diferentes con","breadcrumb":{"@id":"https:\/\/www.erresse-shop.it\/es\/shop\/pequenos-electrodomesticos\/hornos\/g3-ferrari-friggisano-duo-8-l\/#breadcrumb"},"inLanguage":"es","potentialAction":[{"@type":"ReadAction","target":["https:\/\/www.erresse-shop.it\/es\/shop\/pequenos-electrodomesticos\/hornos\/g3-ferrari-friggisano-duo-8-l\/"]}]},{"@type":"BreadcrumbList","@id":"https:\/\/www.erresse-shop.it\/es\/shop\/pequenos-electrodomesticos\/hornos\/g3-ferrari-friggisano-duo-8-l\/#breadcrumb","itemListElement":[{"@type":"ListItem","position":1,"name":"Home","item":"https:\/\/www.erresse-shop.it\/es\/"},{"@type":"ListItem","position":2,"name":"Shop","item":"https:\/\/www.erresse-shop.it\/es\/shop\/"},{"@type":"ListItem","position":3,"name":"G3 FERRARI Friggisano Duo 8 L"}]},{"@type":"WebSite","@id":"https:\/\/www.erresse-shop.it\/es\/#website","url":"https:\/\/www.erresse-shop.it\/es\/","name":"Erresse Shop","description":"Articoli di qualit\u00e0 per la casa","potentialAction":[{"@type":"SearchAction","target":{"@type":"EntryPoint","urlTemplate":"https:\/\/www.erresse-shop.it\/es\/?s={search_term_string}"},"query-input":"required name=search_term_string"}],"inLanguage":"es"}]}},"df_price":129.9,"df_sale_price":129.9,"df_regular_price":129.9,"df_image_link":"https:\/\/www.erresse-shop.it\/wp-content\/uploads\/2023\/02\/G3-FERRARI-Friggisano-Duo-8-L-300x300.jpg","_links":{"self":[{"href":"https:\/\/www.erresse-shop.it\/es\/wp-json\/wp\/v2\/product\/244635"}],"collection":[{"href":"https:\/\/www.erresse-shop.it\/es\/wp-json\/wp\/v2\/product"}],"about":[{"href":"https:\/\/www.erresse-shop.it\/es\/wp-json\/wp\/v2\/types\/product"}],"wp:featuredmedia":[{"embeddable":true,"href":"https:\/\/www.erresse-shop.it\/es\/wp-json\/wp\/v2\/media\/458122"}],"wp:attachment":[{"href":"https:\/\/www.erresse-shop.it\/es\/wp-json\/wp\/v2\/media?parent=244635"}],"wp:term":[{"taxonomy":"product_cat","embeddable":true,"href":"https:\/\/www.erresse-shop.it\/es\/wp-json\/wp\/v2\/product_cat?post=244635"},{"taxonomy":"product_tag","embeddable":true,"href":"https:\/\/www.erresse-shop.it\/es\/wp-json\/wp\/v2\/product_tag?post=244635"}],"curies":[{"name":"wp","href":"https:\/\/api.w.org\/{rel}","templated":true}]}}