{"id":244573,"date":"2023-02-28T14:51:10","date_gmt":"2023-02-28T14:51:17","guid":{"rendered":"https:\/\/www.erresse-shop.it\/?post_type=product&#038;p=244573"},"modified":"2023-02-28T15:20:58","modified_gmt":"2023-02-28T15:20:58","slug":"g3-ferrari-friggisano-22-l","status":"publish","type":"product","link":"https:\/\/www.erresse-shop.it\/es\/shop\/pequenos-electrodomesticos\/hornos\/g3-ferrari-friggisano-22-l\/","title":{"rendered":"G3 FERRARI Friggisano 22 L"},"content":{"rendered":"<p><strong>Friggisano<\/strong> 22L es un electrodom\u00e9stico multifunci\u00f3n que permite cocinar de forma saludable, sin renunciar al sabor y ahorrando energ\u00eda.<\/p>\n<p>Es la evoluci\u00f3n de la Air Fryer, y permite preparar frituras sabrosas y crujientes con hasta un 80% menos de grasa: la tecnolog\u00eda de circulaci\u00f3n r\u00e1pida del aire, junto con la alta temperatura (hasta 230\u00b0C), permite cocinar incluso sin aceite, alimentos sanos y deliciosos, sin renunciar al crujiente de las frituras tradicionales. La cesta de acero inoxidable de la freidora de aire es perfecta para preparar incre\u00edbles patatas fritas y mucho m\u00e1s.<\/p>\n<p>Pero no s\u00f3lo&#8230; Friggisano 22L es tambi\u00e9n un horno el\u00e9ctrico con m\u00faltiples funciones. Podr\u00e1 <strong>fre\u00edr, hornear, asar, tostar, descongelar, deshidratar y recalentar cualquier<\/strong> tipo de alimento. Dispone de 6 funciones de cocci\u00f3n para controlar las 6 resistencias y el potente ventilador, luz interior para controlar la cocci\u00f3n de los alimentos, y la posibilidad de cocinar en 3 niveles diferentes para ahorrar tiempo y energ\u00eda.<\/p>\n<p>Friggisano est\u00e1 equipado con paredes internas f\u00e1ciles de limpiar y bandeja recogegrasa extra\u00edble: \u00a1incluso la limpieza es un juego de ni\u00f1os!<\/p>\n<p><strong>Especificaciones t\u00e9cnicas<\/strong><br \/>\n&#8211; Potencia 1700 W<br \/>\n&#8211; 22 litros de capacidad, con luz interior<br \/>\n&#8211; Freidora y horno multifunci\u00f3n: Air Fryer, Horno, Horno de convecci\u00f3n, Grill, Grill de convecci\u00f3n, Deshidratador<br \/>\n&#8211; Gran ventilador para la funci\u00f3n Air Fryer<br \/>\n&#8211; 6 elementos calefactores<br \/>\n&#8211; 6 funciones de cocci\u00f3n<br \/>\n&#8211; Temperatura de cocci\u00f3n ajustable (hasta 230\u00b0C) &#8211; Temporizador de 60 minutos<br \/>\n&#8211; Accesorios: bandeja, rejilla, cesta para fre\u00edr, bandeja recogegrasa, asa<br \/>\n&#8211; Alimentaci\u00f3n el\u00e9ctrica: CA 230V ~ 50\/60 Hz<\/p>\n","protected":false},"excerpt":{"rendered":"<p>Friggisano 22L es un electrodom\u00e9stico multifunci\u00f3n que permite cocinar de forma saludable, sin renunciar al sabor y ahorrando energ\u00eda. Es<\/p>\n","protected":false},"featured_media":457833,"template":"","meta":{"_acf_changed":false,"inline_featured_image":false},"product_cat":[21504,16079,16073],"product_tag":[23692,16259,20949,22114,22115,16402,22101,16138],"acf":[],"yoast_head":"<!-- This site is optimized with the Yoast SEO Premium plugin v18.6 (Yoast SEO v19.13) - https:\/\/yoast.com\/wordpress\/plugins\/seo\/ -->\n<title>G3 FERRARI Friggisano 22 L - Erresse Shop<\/title>\n<meta name=\"description\" content=\"Friggisano 22L es un electrodom\u00e9stico multifunci\u00f3n que permite cocinar de forma saludable, sin renunciar al sabor y ahorrando energ\u00eda. Es la evoluci\u00f3n de\" \/>\n<meta name=\"robots\" content=\"index, follow, max-snippet:-1, max-image-preview:large, max-video-preview:-1\" \/>\n<link rel=\"canonical\" href=\"https:\/\/www.erresse-shop.it\/es\/shop\/pequenos-electrodomesticos\/hornos\/g3-ferrari-friggisano-22-l\/\" \/>\n<meta property=\"og:locale\" content=\"es_ES\" \/>\n<meta property=\"og:type\" content=\"article\" \/>\n<meta property=\"og:title\" content=\"G3 FERRARI Friggisano 22 L\" \/>\n<meta property=\"og:description\" content=\"Friggisano 22L es un electrodom\u00e9stico multifunci\u00f3n que permite cocinar de forma saludable, sin renunciar al sabor y ahorrando energ\u00eda. Es la evoluci\u00f3n de\" \/>\n<meta property=\"og:url\" content=\"https:\/\/www.erresse-shop.it\/es\/shop\/pequenos-electrodomesticos\/hornos\/g3-ferrari-friggisano-22-l\/\" \/>\n<meta property=\"og:site_name\" content=\"Erresse Shop\" \/>\n<meta property=\"article:modified_time\" content=\"2023-02-28T15:20:58+00:00\" \/>\n<meta property=\"og:image\" content=\"https:\/\/www.erresse-shop.it\/wp-content\/uploads\/2023\/02\/G3-FERRARI-Friggitrice-ad-Aria-Friggisano.jpg\" \/>\n\t<meta property=\"og:image:width\" content=\"2500\" \/>\n\t<meta property=\"og:image:height\" content=\"2500\" \/>\n\t<meta property=\"og:image:type\" content=\"image\/jpeg\" \/>\n<meta name=\"twitter:card\" content=\"summary_large_image\" \/>\n<script type=\"application\/ld+json\" class=\"yoast-schema-graph\">{\"@context\":\"https:\/\/schema.org\",\"@graph\":[{\"@type\":\"WebPage\",\"@id\":\"https:\/\/www.erresse-shop.it\/es\/shop\/pequenos-electrodomesticos\/hornos\/g3-ferrari-friggisano-22-l\/\",\"url\":\"https:\/\/www.erresse-shop.it\/es\/shop\/pequenos-electrodomesticos\/hornos\/g3-ferrari-friggisano-22-l\/\",\"name\":\"G3 FERRARI Friggisano 22 L - Erresse Shop\",\"isPartOf\":{\"@id\":\"https:\/\/www.erresse-shop.it\/es\/#website\"},\"datePublished\":\"2023-02-28T14:51:17+00:00\",\"dateModified\":\"2023-02-28T15:20:58+00:00\",\"description\":\"Friggisano 22L es un electrodom\u00e9stico multifunci\u00f3n que permite cocinar de forma saludable, sin renunciar al sabor y ahorrando energ\u00eda. Es la evoluci\u00f3n de\",\"breadcrumb\":{\"@id\":\"https:\/\/www.erresse-shop.it\/es\/shop\/pequenos-electrodomesticos\/hornos\/g3-ferrari-friggisano-22-l\/#breadcrumb\"},\"inLanguage\":\"es\",\"potentialAction\":[{\"@type\":\"ReadAction\",\"target\":[\"https:\/\/www.erresse-shop.it\/es\/shop\/pequenos-electrodomesticos\/hornos\/g3-ferrari-friggisano-22-l\/\"]}]},{\"@type\":\"BreadcrumbList\",\"@id\":\"https:\/\/www.erresse-shop.it\/es\/shop\/pequenos-electrodomesticos\/hornos\/g3-ferrari-friggisano-22-l\/#breadcrumb\",\"itemListElement\":[{\"@type\":\"ListItem\",\"position\":1,\"name\":\"Home\",\"item\":\"https:\/\/www.erresse-shop.it\/es\/\"},{\"@type\":\"ListItem\",\"position\":2,\"name\":\"Shop\",\"item\":\"https:\/\/www.erresse-shop.it\/es\/shop\/\"},{\"@type\":\"ListItem\",\"position\":3,\"name\":\"G3 FERRARI Friggisano 22 L\"}]},{\"@type\":\"WebSite\",\"@id\":\"https:\/\/www.erresse-shop.it\/es\/#website\",\"url\":\"https:\/\/www.erresse-shop.it\/es\/\",\"name\":\"Erresse Shop\",\"description\":\"Articoli di qualit\u00e0 per la casa\",\"potentialAction\":[{\"@type\":\"SearchAction\",\"target\":{\"@type\":\"EntryPoint\",\"urlTemplate\":\"https:\/\/www.erresse-shop.it\/es\/?s={search_term_string}\"},\"query-input\":\"required name=search_term_string\"}],\"inLanguage\":\"es\"}]}<\/script>\n<!-- \/ Yoast SEO Premium plugin. -->","yoast_head_json":{"title":"G3 FERRARI Friggisano 22 L - Erresse Shop","description":"Friggisano 22L es un electrodom\u00e9stico multifunci\u00f3n que permite cocinar de forma saludable, sin renunciar al sabor y ahorrando energ\u00eda. Es la evoluci\u00f3n de","robots":{"index":"index","follow":"follow","max-snippet":"max-snippet:-1","max-image-preview":"max-image-preview:large","max-video-preview":"max-video-preview:-1"},"canonical":"https:\/\/www.erresse-shop.it\/es\/shop\/pequenos-electrodomesticos\/hornos\/g3-ferrari-friggisano-22-l\/","og_locale":"es_ES","og_type":"article","og_title":"G3 FERRARI Friggisano 22 L","og_description":"Friggisano 22L es un electrodom\u00e9stico multifunci\u00f3n que permite cocinar de forma saludable, sin renunciar al sabor y ahorrando energ\u00eda. Es la evoluci\u00f3n de","og_url":"https:\/\/www.erresse-shop.it\/es\/shop\/pequenos-electrodomesticos\/hornos\/g3-ferrari-friggisano-22-l\/","og_site_name":"Erresse Shop","article_modified_time":"2023-02-28T15:20:58+00:00","og_image":[{"width":2500,"height":2500,"url":"https:\/\/www.erresse-shop.it\/wp-content\/uploads\/2023\/02\/G3-FERRARI-Friggitrice-ad-Aria-Friggisano.jpg","type":"image\/jpeg"}],"twitter_card":"summary_large_image","schema":{"@context":"https:\/\/schema.org","@graph":[{"@type":"WebPage","@id":"https:\/\/www.erresse-shop.it\/es\/shop\/pequenos-electrodomesticos\/hornos\/g3-ferrari-friggisano-22-l\/","url":"https:\/\/www.erresse-shop.it\/es\/shop\/pequenos-electrodomesticos\/hornos\/g3-ferrari-friggisano-22-l\/","name":"G3 FERRARI Friggisano 22 L - Erresse Shop","isPartOf":{"@id":"https:\/\/www.erresse-shop.it\/es\/#website"},"datePublished":"2023-02-28T14:51:17+00:00","dateModified":"2023-02-28T15:20:58+00:00","description":"Friggisano 22L es un electrodom\u00e9stico multifunci\u00f3n que permite cocinar de forma saludable, sin renunciar al sabor y ahorrando energ\u00eda. Es la evoluci\u00f3n de","breadcrumb":{"@id":"https:\/\/www.erresse-shop.it\/es\/shop\/pequenos-electrodomesticos\/hornos\/g3-ferrari-friggisano-22-l\/#breadcrumb"},"inLanguage":"es","potentialAction":[{"@type":"ReadAction","target":["https:\/\/www.erresse-shop.it\/es\/shop\/pequenos-electrodomesticos\/hornos\/g3-ferrari-friggisano-22-l\/"]}]},{"@type":"BreadcrumbList","@id":"https:\/\/www.erresse-shop.it\/es\/shop\/pequenos-electrodomesticos\/hornos\/g3-ferrari-friggisano-22-l\/#breadcrumb","itemListElement":[{"@type":"ListItem","position":1,"name":"Home","item":"https:\/\/www.erresse-shop.it\/es\/"},{"@type":"ListItem","position":2,"name":"Shop","item":"https:\/\/www.erresse-shop.it\/es\/shop\/"},{"@type":"ListItem","position":3,"name":"G3 FERRARI Friggisano 22 L"}]},{"@type":"WebSite","@id":"https:\/\/www.erresse-shop.it\/es\/#website","url":"https:\/\/www.erresse-shop.it\/es\/","name":"Erresse Shop","description":"Articoli di qualit\u00e0 per la casa","potentialAction":[{"@type":"SearchAction","target":{"@type":"EntryPoint","urlTemplate":"https:\/\/www.erresse-shop.it\/es\/?s={search_term_string}"},"query-input":"required name=search_term_string"}],"inLanguage":"es"}]}},"df_price":189.9,"df_sale_price":189.9,"df_regular_price":189.9,"df_image_link":"https:\/\/www.erresse-shop.it\/wp-content\/uploads\/2023\/02\/G3-FERRARI-Friggisano-22-L-300x300.jpg","_links":{"self":[{"href":"https:\/\/www.erresse-shop.it\/es\/wp-json\/wp\/v2\/product\/244573"}],"collection":[{"href":"https:\/\/www.erresse-shop.it\/es\/wp-json\/wp\/v2\/product"}],"about":[{"href":"https:\/\/www.erresse-shop.it\/es\/wp-json\/wp\/v2\/types\/product"}],"wp:featuredmedia":[{"embeddable":true,"href":"https:\/\/www.erresse-shop.it\/es\/wp-json\/wp\/v2\/media\/457833"}],"wp:attachment":[{"href":"https:\/\/www.erresse-shop.it\/es\/wp-json\/wp\/v2\/media?parent=244573"}],"wp:term":[{"taxonomy":"product_cat","embeddable":true,"href":"https:\/\/www.erresse-shop.it\/es\/wp-json\/wp\/v2\/product_cat?post=244573"},{"taxonomy":"product_tag","embeddable":true,"href":"https:\/\/www.erresse-shop.it\/es\/wp-json\/wp\/v2\/product_tag?post=244573"}],"curies":[{"name":"wp","href":"https:\/\/api.w.org\/{rel}","templated":true}]}}