{"id":244244,"date":"2023-02-28T11:26:18","date_gmt":"2023-02-28T11:26:25","guid":{"rendered":"https:\/\/www.erresse-shop.it\/?post_type=product&#038;p=244244"},"modified":"2023-08-07T00:01:45","modified_gmt":"2023-08-07T00:01:45","slug":"g3-ferrari-horno-para-pizzas-delizia-evo-rojo","status":"publish","type":"product","link":"https:\/\/www.erresse-shop.it\/es\/shop\/pequenos-electrodomesticos\/hornos\/g3-ferrari-horno-para-pizzas-delizia-evo-rojo\/","title":{"rendered":"G3 FERRARI Delizia Evo Rojo"},"content":{"rendered":"<p>Con el horno para pizza Delizia por fin podr\u00e1s cocinar la verdadera Pizza Napoletana en tu cocina en s\u00f3lo 5 minutos, condimentarla con los ingredientes que prefieras, divirti\u00e9ndote al experimentar cada d\u00eda nuevas y sabrosas recetas. La fragancia y el sabor inimitable de la pizza en el horno se realzan en el interior del horno <strong>Delizia<\/strong>. La clave para conseguir una buena pizza es una temperatura de cocci\u00f3n muy alta (400\u00b0 C) durante algunos minutos: de esta manera se puede cocer la masa sin resecar el ali\u00f1o. Los hornos dom\u00e9sticos no suelen alcanzar estas temperaturas, pero la piedra refractaria Delizia realmente marca la diferencia llegando hasta los 400\u00b0C, garantizando el mismo resultado de los hornos de las mejores pizzer\u00edas de N\u00e1poles. Sin humos de cocci\u00f3n ni olores desagradables, el horno para pizzas Delizia tambi\u00e9n se puede utilizar para hornear pasteles, tartas, wraps, bizcochos y casta\u00f1as.<\/p>\n<p><strong>Especificaciones t\u00e9cnicas<\/strong><br \/>\n&#8211; Temporizador: 5 minutos con se\u00f1al<br \/>\n&#8211; Termostato regulable: hasta 400\u00b0C<br \/>\n&#8211; Piedra de cocci\u00f3n refractaria (\u00f8 31 cm)<br \/>\n&#8211; Dos resistencias de acero inoxidable<br \/>\n&#8211; Luz roja de funcionamiento<br \/>\n&#8211; Conforme a la normativa europea EN 60335-2-9:A13\/2010<br \/>\n&#8211; Accesorios: bandejas de pizza de aluminio \u00d8 28 cm<br \/>\n&#8211; Alimentaci\u00f3n el\u00e9ctrica: AC 230V ~ 50 Hz<br \/>\n&#8211; Potencia: 1200W<\/p>\n","protected":false},"excerpt":{"rendered":"<p>Con el horno para pizza Delizia por fin podr\u00e1s cocinar la verdadera Pizza Napoletana en tu cocina en s\u00f3lo 5<\/p>\n","protected":false},"featured_media":452914,"template":"","meta":{"_acf_changed":false,"inline_featured_image":false},"product_cat":[16079,16073],"product_tag":[23692,22096,16138,16169,18045],"acf":[],"yoast_head":"<!-- This site is optimized with the Yoast SEO Premium plugin v18.6 (Yoast SEO v19.13) - https:\/\/yoast.com\/wordpress\/plugins\/seo\/ -->\n<title>G3 FERRARI Delizia Evo Rojo - Erresse Shop<\/title>\n<meta name=\"description\" content=\"Con el horno para pizza Delizia por fin podr\u00e1s cocinar la verdadera Pizza Napoletana en tu cocina en s\u00f3lo 5 minutos, condimentarla con los ingredientes\" \/>\n<meta name=\"robots\" content=\"index, follow, max-snippet:-1, max-image-preview:large, max-video-preview:-1\" \/>\n<link rel=\"canonical\" href=\"https:\/\/www.erresse-shop.it\/es\/shop\/pequenos-electrodomesticos\/hornos\/g3-ferrari-horno-para-pizzas-delizia-evo-rojo\/\" \/>\n<meta property=\"og:locale\" content=\"es_ES\" \/>\n<meta property=\"og:type\" content=\"article\" \/>\n<meta property=\"og:title\" content=\"G3 FERRARI Delizia Evo Rojo\" \/>\n<meta property=\"og:description\" content=\"Con el horno para pizza Delizia por fin podr\u00e1s cocinar la verdadera Pizza Napoletana en tu cocina en s\u00f3lo 5 minutos, condimentarla con los ingredientes\" \/>\n<meta property=\"og:url\" content=\"https:\/\/www.erresse-shop.it\/es\/shop\/pequenos-electrodomesticos\/hornos\/g3-ferrari-horno-para-pizzas-delizia-evo-rojo\/\" \/>\n<meta property=\"og:site_name\" content=\"Erresse Shop\" \/>\n<meta property=\"article:modified_time\" content=\"2023-08-07T00:01:45+00:00\" \/>\n<meta property=\"og:image\" content=\"https:\/\/www.erresse-shop.it\/wp-content\/uploads\/2023\/02\/G3-FERRARI-Forno-Pizza-Delizia-Rosso.jpg\" \/>\n\t<meta property=\"og:image:width\" content=\"2500\" \/>\n\t<meta property=\"og:image:height\" content=\"2500\" \/>\n\t<meta property=\"og:image:type\" content=\"image\/jpeg\" \/>\n<meta name=\"twitter:card\" content=\"summary_large_image\" \/>\n<script type=\"application\/ld+json\" class=\"yoast-schema-graph\">{\"@context\":\"https:\/\/schema.org\",\"@graph\":[{\"@type\":\"WebPage\",\"@id\":\"https:\/\/www.erresse-shop.it\/es\/shop\/pequenos-electrodomesticos\/hornos\/g3-ferrari-horno-para-pizzas-delizia-evo-rojo\/\",\"url\":\"https:\/\/www.erresse-shop.it\/es\/shop\/pequenos-electrodomesticos\/hornos\/g3-ferrari-horno-para-pizzas-delizia-evo-rojo\/\",\"name\":\"G3 FERRARI Delizia Evo Rojo - Erresse Shop\",\"isPartOf\":{\"@id\":\"https:\/\/www.erresse-shop.it\/es\/#website\"},\"datePublished\":\"2023-02-28T11:26:25+00:00\",\"dateModified\":\"2023-08-07T00:01:45+00:00\",\"description\":\"Con el horno para pizza Delizia por fin podr\u00e1s cocinar la verdadera Pizza Napoletana en tu cocina en s\u00f3lo 5 minutos, condimentarla con los ingredientes\",\"breadcrumb\":{\"@id\":\"https:\/\/www.erresse-shop.it\/es\/shop\/pequenos-electrodomesticos\/hornos\/g3-ferrari-horno-para-pizzas-delizia-evo-rojo\/#breadcrumb\"},\"inLanguage\":\"es\",\"potentialAction\":[{\"@type\":\"ReadAction\",\"target\":[\"https:\/\/www.erresse-shop.it\/es\/shop\/pequenos-electrodomesticos\/hornos\/g3-ferrari-horno-para-pizzas-delizia-evo-rojo\/\"]}]},{\"@type\":\"BreadcrumbList\",\"@id\":\"https:\/\/www.erresse-shop.it\/es\/shop\/pequenos-electrodomesticos\/hornos\/g3-ferrari-horno-para-pizzas-delizia-evo-rojo\/#breadcrumb\",\"itemListElement\":[{\"@type\":\"ListItem\",\"position\":1,\"name\":\"Home\",\"item\":\"https:\/\/www.erresse-shop.it\/es\/\"},{\"@type\":\"ListItem\",\"position\":2,\"name\":\"Shop\",\"item\":\"https:\/\/www.erresse-shop.it\/es\/shop\/\"},{\"@type\":\"ListItem\",\"position\":3,\"name\":\"G3 FERRARI Delizia Evo Rojo\"}]},{\"@type\":\"WebSite\",\"@id\":\"https:\/\/www.erresse-shop.it\/es\/#website\",\"url\":\"https:\/\/www.erresse-shop.it\/es\/\",\"name\":\"Erresse Shop\",\"description\":\"Articoli di qualit\u00e0 per la casa\",\"potentialAction\":[{\"@type\":\"SearchAction\",\"target\":{\"@type\":\"EntryPoint\",\"urlTemplate\":\"https:\/\/www.erresse-shop.it\/es\/?s={search_term_string}\"},\"query-input\":\"required name=search_term_string\"}],\"inLanguage\":\"es\"}]}<\/script>\n<!-- \/ Yoast SEO Premium plugin. -->","yoast_head_json":{"title":"G3 FERRARI Delizia Evo Rojo - Erresse Shop","description":"Con el horno para pizza Delizia por fin podr\u00e1s cocinar la verdadera Pizza Napoletana en tu cocina en s\u00f3lo 5 minutos, condimentarla con los ingredientes","robots":{"index":"index","follow":"follow","max-snippet":"max-snippet:-1","max-image-preview":"max-image-preview:large","max-video-preview":"max-video-preview:-1"},"canonical":"https:\/\/www.erresse-shop.it\/es\/shop\/pequenos-electrodomesticos\/hornos\/g3-ferrari-horno-para-pizzas-delizia-evo-rojo\/","og_locale":"es_ES","og_type":"article","og_title":"G3 FERRARI Delizia Evo Rojo","og_description":"Con el horno para pizza Delizia por fin podr\u00e1s cocinar la verdadera Pizza Napoletana en tu cocina en s\u00f3lo 5 minutos, condimentarla con los ingredientes","og_url":"https:\/\/www.erresse-shop.it\/es\/shop\/pequenos-electrodomesticos\/hornos\/g3-ferrari-horno-para-pizzas-delizia-evo-rojo\/","og_site_name":"Erresse Shop","article_modified_time":"2023-08-07T00:01:45+00:00","og_image":[{"width":2500,"height":2500,"url":"https:\/\/www.erresse-shop.it\/wp-content\/uploads\/2023\/02\/G3-FERRARI-Forno-Pizza-Delizia-Rosso.jpg","type":"image\/jpeg"}],"twitter_card":"summary_large_image","schema":{"@context":"https:\/\/schema.org","@graph":[{"@type":"WebPage","@id":"https:\/\/www.erresse-shop.it\/es\/shop\/pequenos-electrodomesticos\/hornos\/g3-ferrari-horno-para-pizzas-delizia-evo-rojo\/","url":"https:\/\/www.erresse-shop.it\/es\/shop\/pequenos-electrodomesticos\/hornos\/g3-ferrari-horno-para-pizzas-delizia-evo-rojo\/","name":"G3 FERRARI Delizia Evo Rojo - Erresse Shop","isPartOf":{"@id":"https:\/\/www.erresse-shop.it\/es\/#website"},"datePublished":"2023-02-28T11:26:25+00:00","dateModified":"2023-08-07T00:01:45+00:00","description":"Con el horno para pizza Delizia por fin podr\u00e1s cocinar la verdadera Pizza Napoletana en tu cocina en s\u00f3lo 5 minutos, condimentarla con los ingredientes","breadcrumb":{"@id":"https:\/\/www.erresse-shop.it\/es\/shop\/pequenos-electrodomesticos\/hornos\/g3-ferrari-horno-para-pizzas-delizia-evo-rojo\/#breadcrumb"},"inLanguage":"es","potentialAction":[{"@type":"ReadAction","target":["https:\/\/www.erresse-shop.it\/es\/shop\/pequenos-electrodomesticos\/hornos\/g3-ferrari-horno-para-pizzas-delizia-evo-rojo\/"]}]},{"@type":"BreadcrumbList","@id":"https:\/\/www.erresse-shop.it\/es\/shop\/pequenos-electrodomesticos\/hornos\/g3-ferrari-horno-para-pizzas-delizia-evo-rojo\/#breadcrumb","itemListElement":[{"@type":"ListItem","position":1,"name":"Home","item":"https:\/\/www.erresse-shop.it\/es\/"},{"@type":"ListItem","position":2,"name":"Shop","item":"https:\/\/www.erresse-shop.it\/es\/shop\/"},{"@type":"ListItem","position":3,"name":"G3 FERRARI Delizia Evo Rojo"}]},{"@type":"WebSite","@id":"https:\/\/www.erresse-shop.it\/es\/#website","url":"https:\/\/www.erresse-shop.it\/es\/","name":"Erresse Shop","description":"Articoli di qualit\u00e0 per la casa","potentialAction":[{"@type":"SearchAction","target":{"@type":"EntryPoint","urlTemplate":"https:\/\/www.erresse-shop.it\/es\/?s={search_term_string}"},"query-input":"required name=search_term_string"}],"inLanguage":"es"}]}},"df_price":114.9,"df_sale_price":114.9,"df_regular_price":114.9,"df_image_link":"https:\/\/www.erresse-shop.it\/wp-content\/uploads\/2023\/02\/G3-FERRARI-Delizia-Evo-Rosso-300x300.jpg","_links":{"self":[{"href":"https:\/\/www.erresse-shop.it\/es\/wp-json\/wp\/v2\/product\/244244"}],"collection":[{"href":"https:\/\/www.erresse-shop.it\/es\/wp-json\/wp\/v2\/product"}],"about":[{"href":"https:\/\/www.erresse-shop.it\/es\/wp-json\/wp\/v2\/types\/product"}],"wp:featuredmedia":[{"embeddable":true,"href":"https:\/\/www.erresse-shop.it\/es\/wp-json\/wp\/v2\/media\/452914"}],"wp:attachment":[{"href":"https:\/\/www.erresse-shop.it\/es\/wp-json\/wp\/v2\/media?parent=244244"}],"wp:term":[{"taxonomy":"product_cat","embeddable":true,"href":"https:\/\/www.erresse-shop.it\/es\/wp-json\/wp\/v2\/product_cat?post=244244"},{"taxonomy":"product_tag","embeddable":true,"href":"https:\/\/www.erresse-shop.it\/es\/wp-json\/wp\/v2\/product_tag?post=244244"}],"curies":[{"name":"wp","href":"https:\/\/api.w.org\/{rel}","templated":true}]}}