{"id":244236,"date":"2023-02-27T15:54:29","date_gmt":"2023-02-27T15:54:29","guid":{"rendered":"https:\/\/www.erresse-shop.it\/shop\/sin%20categor\u00eda\/g3-ferrari-horno-para-pizzas-napoletana-rojo\/"},"modified":"2023-08-07T00:01:26","modified_gmt":"2023-08-07T00:01:26","slug":"g3-ferrari-horno-para-pizzas-napoletana-rojo","status":"publish","type":"product","link":"https:\/\/www.erresse-shop.it\/es\/shop\/pequenos-electrodomesticos\/hornos\/g3-ferrari-horno-para-pizzas-napoletana-rojo\/","title":{"rendered":"G3 FERRARI Napoletana Rojo"},"content":{"rendered":"<p>\u00a1La tradicional pizza italiana en 5 minutos! La fragancia y el sabor se realzan con el exclusivo horno para pizza <strong>Pizzeria Snack NAPOLETANA<\/strong>. Gracias a las altas temperaturas de cocci\u00f3n (hasta 400\u00b0C) este horno es capaz de cocinar la pizza sin secar la salsa, garantizando el mismo resultado de las mejores pizzer\u00edas de N\u00e1poles. NAPOLETANA, gracias al EXCLUSIVO sistema de cocci\u00f3n con 2 placas de piedra refractaria, puede utilizarse para preparar excelentes tigelle emiliane o piadine romagnole tradicionales y para cocinar tostadas, pasteles, tartas y deliciosos bocadillos. Libro de recetas incluido.<\/p>\n<p><strong>Especificaciones t\u00e9cnicas<\/strong><br \/>\n&#8211; Termostato regulable (m\u00e1x. 400\u00b0C)<br \/>\n&#8211; Temporizador de 5 minutos<br \/>\n&#8211; 2 piedras refractarias (\u00d8 31 cm)<br \/>\n&#8211; Piedra refractaria superior extra\u00edble<br \/>\n&#8211; 2 resistencias de acero<br \/>\n&#8211; Indicador luminoso de funcionamiento<br \/>\n&#8211; 2 posiciones de cocci\u00f3n<br \/>\n&#8211; Accesorios: bandejas de pizza de aluminio \u00d8 28 cm<br \/>\n&#8211; Alimentaci\u00f3n el\u00e9ctrica: AC 230V ~ 50Hz<br \/>\n&#8211; Potencia: 1200W<\/p>\n","protected":false},"excerpt":{"rendered":"<p>\u00a1La tradicional pizza italiana en 5 minutos! La fragancia y el sabor se realzan con el exclusivo horno para pizza<\/p>\n","protected":false},"featured_media":457936,"template":"","meta":{"_acf_changed":false,"inline_featured_image":false},"product_cat":[16079,16073],"product_tag":[23692,22090,16138,16169,18045],"acf":[],"yoast_head":"<!-- This site is optimized with the Yoast SEO Premium plugin v18.6 (Yoast SEO v19.13) - https:\/\/yoast.com\/wordpress\/plugins\/seo\/ -->\n<title>G3 FERRARI Napoletana Rojo - Erresse Shop<\/title>\n<meta name=\"description\" content=\"\u00a1La tradicional pizza italiana en 5 minutos! La fragancia y el sabor se realzan con el exclusivo horno para pizza Pizzeria Snack NAPOLETANA. Gracias a las\" \/>\n<meta name=\"robots\" content=\"index, follow, max-snippet:-1, max-image-preview:large, max-video-preview:-1\" \/>\n<link rel=\"canonical\" href=\"https:\/\/www.erresse-shop.it\/es\/shop\/pequenos-electrodomesticos\/hornos\/g3-ferrari-horno-para-pizzas-napoletana-rojo\/\" \/>\n<meta property=\"og:locale\" content=\"es_ES\" \/>\n<meta property=\"og:type\" content=\"article\" \/>\n<meta property=\"og:title\" content=\"G3 FERRARI Napoletana Rojo\" \/>\n<meta property=\"og:description\" content=\"\u00a1La tradicional pizza italiana en 5 minutos! La fragancia y el sabor se realzan con el exclusivo horno para pizza Pizzeria Snack NAPOLETANA. Gracias a las\" \/>\n<meta property=\"og:url\" content=\"https:\/\/www.erresse-shop.it\/es\/shop\/pequenos-electrodomesticos\/hornos\/g3-ferrari-horno-para-pizzas-napoletana-rojo\/\" \/>\n<meta property=\"og:site_name\" content=\"Erresse Shop\" \/>\n<meta property=\"article:modified_time\" content=\"2023-08-07T00:01:26+00:00\" \/>\n<meta property=\"og:image\" content=\"https:\/\/www.erresse-shop.it\/wp-content\/uploads\/2023\/02\/G3-FERRARI-Forno-Pizza-Napoletana-Rosso-scaled.jpg\" \/>\n\t<meta property=\"og:image:width\" content=\"2560\" \/>\n\t<meta property=\"og:image:height\" content=\"2560\" \/>\n\t<meta property=\"og:image:type\" content=\"image\/jpeg\" \/>\n<meta name=\"twitter:card\" content=\"summary_large_image\" \/>\n<script type=\"application\/ld+json\" class=\"yoast-schema-graph\">{\"@context\":\"https:\/\/schema.org\",\"@graph\":[{\"@type\":\"WebPage\",\"@id\":\"https:\/\/www.erresse-shop.it\/es\/shop\/pequenos-electrodomesticos\/hornos\/g3-ferrari-horno-para-pizzas-napoletana-rojo\/\",\"url\":\"https:\/\/www.erresse-shop.it\/es\/shop\/pequenos-electrodomesticos\/hornos\/g3-ferrari-horno-para-pizzas-napoletana-rojo\/\",\"name\":\"G3 FERRARI Napoletana Rojo - Erresse Shop\",\"isPartOf\":{\"@id\":\"https:\/\/www.erresse-shop.it\/es\/#website\"},\"datePublished\":\"2023-02-27T15:54:29+00:00\",\"dateModified\":\"2023-08-07T00:01:26+00:00\",\"description\":\"\u00a1La tradicional pizza italiana en 5 minutos! La fragancia y el sabor se realzan con el exclusivo horno para pizza Pizzeria Snack NAPOLETANA. Gracias a las\",\"breadcrumb\":{\"@id\":\"https:\/\/www.erresse-shop.it\/es\/shop\/pequenos-electrodomesticos\/hornos\/g3-ferrari-horno-para-pizzas-napoletana-rojo\/#breadcrumb\"},\"inLanguage\":\"es\",\"potentialAction\":[{\"@type\":\"ReadAction\",\"target\":[\"https:\/\/www.erresse-shop.it\/es\/shop\/pequenos-electrodomesticos\/hornos\/g3-ferrari-horno-para-pizzas-napoletana-rojo\/\"]}]},{\"@type\":\"BreadcrumbList\",\"@id\":\"https:\/\/www.erresse-shop.it\/es\/shop\/pequenos-electrodomesticos\/hornos\/g3-ferrari-horno-para-pizzas-napoletana-rojo\/#breadcrumb\",\"itemListElement\":[{\"@type\":\"ListItem\",\"position\":1,\"name\":\"Home\",\"item\":\"https:\/\/www.erresse-shop.it\/es\/\"},{\"@type\":\"ListItem\",\"position\":2,\"name\":\"Shop\",\"item\":\"https:\/\/www.erresse-shop.it\/es\/shop\/\"},{\"@type\":\"ListItem\",\"position\":3,\"name\":\"G3 FERRARI Napoletana Rojo\"}]},{\"@type\":\"WebSite\",\"@id\":\"https:\/\/www.erresse-shop.it\/es\/#website\",\"url\":\"https:\/\/www.erresse-shop.it\/es\/\",\"name\":\"Erresse Shop\",\"description\":\"Articoli di qualit\u00e0 per la casa\",\"potentialAction\":[{\"@type\":\"SearchAction\",\"target\":{\"@type\":\"EntryPoint\",\"urlTemplate\":\"https:\/\/www.erresse-shop.it\/es\/?s={search_term_string}\"},\"query-input\":\"required name=search_term_string\"}],\"inLanguage\":\"es\"}]}<\/script>\n<!-- \/ Yoast SEO Premium plugin. -->","yoast_head_json":{"title":"G3 FERRARI Napoletana Rojo - Erresse Shop","description":"\u00a1La tradicional pizza italiana en 5 minutos! La fragancia y el sabor se realzan con el exclusivo horno para pizza Pizzeria Snack NAPOLETANA. Gracias a las","robots":{"index":"index","follow":"follow","max-snippet":"max-snippet:-1","max-image-preview":"max-image-preview:large","max-video-preview":"max-video-preview:-1"},"canonical":"https:\/\/www.erresse-shop.it\/es\/shop\/pequenos-electrodomesticos\/hornos\/g3-ferrari-horno-para-pizzas-napoletana-rojo\/","og_locale":"es_ES","og_type":"article","og_title":"G3 FERRARI Napoletana Rojo","og_description":"\u00a1La tradicional pizza italiana en 5 minutos! La fragancia y el sabor se realzan con el exclusivo horno para pizza Pizzeria Snack NAPOLETANA. Gracias a las","og_url":"https:\/\/www.erresse-shop.it\/es\/shop\/pequenos-electrodomesticos\/hornos\/g3-ferrari-horno-para-pizzas-napoletana-rojo\/","og_site_name":"Erresse Shop","article_modified_time":"2023-08-07T00:01:26+00:00","og_image":[{"width":2560,"height":2560,"url":"https:\/\/www.erresse-shop.it\/wp-content\/uploads\/2023\/02\/G3-FERRARI-Forno-Pizza-Napoletana-Rosso-scaled.jpg","type":"image\/jpeg"}],"twitter_card":"summary_large_image","schema":{"@context":"https:\/\/schema.org","@graph":[{"@type":"WebPage","@id":"https:\/\/www.erresse-shop.it\/es\/shop\/pequenos-electrodomesticos\/hornos\/g3-ferrari-horno-para-pizzas-napoletana-rojo\/","url":"https:\/\/www.erresse-shop.it\/es\/shop\/pequenos-electrodomesticos\/hornos\/g3-ferrari-horno-para-pizzas-napoletana-rojo\/","name":"G3 FERRARI Napoletana Rojo - Erresse Shop","isPartOf":{"@id":"https:\/\/www.erresse-shop.it\/es\/#website"},"datePublished":"2023-02-27T15:54:29+00:00","dateModified":"2023-08-07T00:01:26+00:00","description":"\u00a1La tradicional pizza italiana en 5 minutos! La fragancia y el sabor se realzan con el exclusivo horno para pizza Pizzeria Snack NAPOLETANA. Gracias a las","breadcrumb":{"@id":"https:\/\/www.erresse-shop.it\/es\/shop\/pequenos-electrodomesticos\/hornos\/g3-ferrari-horno-para-pizzas-napoletana-rojo\/#breadcrumb"},"inLanguage":"es","potentialAction":[{"@type":"ReadAction","target":["https:\/\/www.erresse-shop.it\/es\/shop\/pequenos-electrodomesticos\/hornos\/g3-ferrari-horno-para-pizzas-napoletana-rojo\/"]}]},{"@type":"BreadcrumbList","@id":"https:\/\/www.erresse-shop.it\/es\/shop\/pequenos-electrodomesticos\/hornos\/g3-ferrari-horno-para-pizzas-napoletana-rojo\/#breadcrumb","itemListElement":[{"@type":"ListItem","position":1,"name":"Home","item":"https:\/\/www.erresse-shop.it\/es\/"},{"@type":"ListItem","position":2,"name":"Shop","item":"https:\/\/www.erresse-shop.it\/es\/shop\/"},{"@type":"ListItem","position":3,"name":"G3 FERRARI Napoletana Rojo"}]},{"@type":"WebSite","@id":"https:\/\/www.erresse-shop.it\/es\/#website","url":"https:\/\/www.erresse-shop.it\/es\/","name":"Erresse Shop","description":"Articoli di qualit\u00e0 per la casa","potentialAction":[{"@type":"SearchAction","target":{"@type":"EntryPoint","urlTemplate":"https:\/\/www.erresse-shop.it\/es\/?s={search_term_string}"},"query-input":"required name=search_term_string"}],"inLanguage":"es"}]}},"df_price":159.9,"df_sale_price":159.9,"df_regular_price":159.9,"df_image_link":"https:\/\/www.erresse-shop.it\/wp-content\/uploads\/2023\/02\/G3-FERRARI-Napoletana-Rosso-300x300.jpg","_links":{"self":[{"href":"https:\/\/www.erresse-shop.it\/es\/wp-json\/wp\/v2\/product\/244236"}],"collection":[{"href":"https:\/\/www.erresse-shop.it\/es\/wp-json\/wp\/v2\/product"}],"about":[{"href":"https:\/\/www.erresse-shop.it\/es\/wp-json\/wp\/v2\/types\/product"}],"wp:featuredmedia":[{"embeddable":true,"href":"https:\/\/www.erresse-shop.it\/es\/wp-json\/wp\/v2\/media\/457936"}],"wp:attachment":[{"href":"https:\/\/www.erresse-shop.it\/es\/wp-json\/wp\/v2\/media?parent=244236"}],"wp:term":[{"taxonomy":"product_cat","embeddable":true,"href":"https:\/\/www.erresse-shop.it\/es\/wp-json\/wp\/v2\/product_cat?post=244236"},{"taxonomy":"product_tag","embeddable":true,"href":"https:\/\/www.erresse-shop.it\/es\/wp-json\/wp\/v2\/product_tag?post=244236"}],"curies":[{"name":"wp","href":"https:\/\/api.w.org\/{rel}","templated":true}]}}