{"id":243802,"date":"2023-02-27T13:39:25","date_gmt":"2023-02-27T13:39:29","guid":{"rendered":"https:\/\/www.erresse-shop.it\/?post_type=product&#038;p=243802"},"modified":"2024-06-11T00:02:58","modified_gmt":"2024-06-11T00:02:58","slug":"sage-the-bbq-press-grill","status":"publish","type":"product","link":"https:\/\/www.erresse-shop.it\/es\/shop\/pequenos-electrodomesticos\/parrillas-y-barbacoas\/sage-the-bbq-press-grill\/","title":{"rendered":"SAGE The BBQ &#038; Press Grill"},"content":{"rendered":"<p><strong>Panini, hamburguesas y filetes perfectos con solo pulsar un bot\u00f3n<\/strong><br \/>\nTrae la parrilla a tu cocina con el modo abierto y duplica el espacio para crear.<\/p>\n<p><strong>Botones preprogramados<\/strong><br \/>\nGracias a los pr\u00e1cticos botones con funciones preprogramadas para panini, hamburguesas y filetes puedes crear el entorno de cocci\u00f3n ideal y lograr resultados culinarios perfectos f\u00e1cilmente.<\/p>\n<p><strong>Modo abierto tipo parrilla<\/strong><br \/>\nAbre el grill para expandir su capacidad y usar las dos placas a la vez. Asar mariscos, hamburguesas o filetes es pan comido, y los huevos y las tortitas a la plancha quedan perfectos. La bandeja de goteo extra\u00edble funciona en el Modo abierto tipo parrilla o en el de contacto y recoge la grasa mientras cocinas. Las parrillas al aire libre acaban de hacerse sitio en tu encimera.<\/p>\n<p><strong>Control independiente de la temperatura de las placas<\/strong><br \/>\nEl control de temperatura electr\u00f3nico en cada placa te facilita las cosas. En Modo abierto tipo parrilla puedes cocinar de forma independiente alimentos que requieren diferentes temperaturas. Un sinf\u00edn de combinaciones para cocinar ma\u00f1ana, tarde y noche.<\/p>\n<p><strong>Placas cer\u00e1micas reversibles para parrilla y plancha<\/strong><br \/>\nFr\u00ede huevos y beicon para el desayuno, tuesta s\u00e1ndwiches para el almuerzo, prepara filetes para la cena y gofres para el postre. Los revestimientos natural y antiadherente permiten tener la comodidad de una placa reversible. Las placas de cer\u00e1mica alcanzan altas temperaturas para tostar m\u00e1s y crear alimentos m\u00e1s crujientes, adem\u00e1s no tienen PFOA ni PTFE.<\/p>\n<p><strong>Compatible con placas para gofres<\/strong><br \/>\nAporta versatilidad a tu grill con las placas cer\u00e1micas antiadherentes de calidad premium para preparar gofres. El borde antiderrames recoge el excedente de mezcla para evitar que se ensucie la encimera. Aptas para lavavajillas.<\/p>\n<p><strong>F\u00e1cil de limpiar<\/strong><br \/>\nLas placas de cer\u00e1mica para parrilla y plancha sin PFOA ni PTFE garantizan una limpieza sencilla a mano. O tambi\u00e9n puedes desencajar las placas y meterlas en el lavavajillas para una limpieza f\u00e1cil y c\u00f3moda.<\/p>\n<p><strong>Dimensiones (ancho x prof. x alto)<\/strong><br \/>\n&#8211; 35.1 x 37.5 x 21.5 cm<\/p>\n<p><strong>Materiales<\/strong><br \/>\n&#8211; Acero inoxidable cepillado<br \/>\n&#8211; Placas de cer\u00e1mica antiadherentes<\/p>\n<p><strong>Capacidad<\/strong><br \/>\n&#8211; superficie de 1500 cm\u00b2<\/p>\n<p><strong>Ajustes<\/strong><br \/>\n&#8211; panini, hamburguesa y filete<\/p>\n<p><strong>Potencia<\/strong><br \/>\n&#8211; 1510-1800 vatios<\/p>\n<p><strong>Voltaje<\/strong><br \/>\n&#8211; 220-240 voltios<\/p>\n<p><strong>Inclinaci\u00f3n de placa ajustable<\/strong><br \/>\n&#8211; Ajusta el \u00e1ngulo de la base para escurrir grasas o \u00fasalas totalmente planas para huevos, tortitas y s\u00e1ndwiches tostados<\/p>\n<p><strong>Dise\u00f1o de la placa<\/strong><br \/>\n&#8211; Placas extra\u00edbles de cer\u00e1mica de calidad premium sin PTFE ni PFOA, con una superficie antiadherente que facilita la limpieza<\/p>\n<p><strong>Altura regulable<\/strong><br \/>\n&#8211; Los ajustes m\u00e1s bajos reducen el peso en los alimentos m\u00e1s delicados y tambi\u00e9n evitan que los ingredientes se salgan de los s\u00e1ndwiches<\/p>\n<p><strong>Garant\u00eda<\/strong><br \/>\n&#8211; Garant\u00eda de reemplazo y reparaci\u00f3n de 2 a\u00f1os<\/p>\n<p>&nbsp;<\/p>\n<p><span style=\"text-decoration: underline;\"><strong>No se vende fuera de Europa<\/strong><\/span><\/p>\n","protected":false},"excerpt":{"rendered":"<p>Panini, hamburguesas y filetes perfectos con solo pulsar un bot\u00f3n Trae la parrilla a tu cocina con el modo abierto<\/p>\n","protected":false},"featured_media":462585,"template":"","meta":{"_acf_changed":false,"inline_featured_image":false},"product_cat":[16083,16073],"product_tag":[22073,22072,21011],"acf":[],"yoast_head":"<!-- This site is optimized with the Yoast SEO Premium plugin v18.6 (Yoast SEO v19.13) - https:\/\/yoast.com\/wordpress\/plugins\/seo\/ -->\n<title>SAGE The BBQ &amp; Press Grill - Erresse Shop<\/title>\n<meta name=\"description\" content=\"Panini, hamburguesas y filetes perfectos con solo pulsar un bot\u00f3n Trae la parrilla a tu cocina con el modo abierto y duplica el espacio para crear.\" \/>\n<meta name=\"robots\" content=\"index, follow, max-snippet:-1, max-image-preview:large, max-video-preview:-1\" \/>\n<link rel=\"canonical\" href=\"https:\/\/www.erresse-shop.it\/es\/shop\/pequenos-electrodomesticos\/parrillas-y-barbacoas\/sage-the-bbq-press-grill\/\" \/>\n<meta property=\"og:locale\" content=\"es_ES\" \/>\n<meta property=\"og:type\" content=\"article\" \/>\n<meta property=\"og:title\" content=\"SAGE The BBQ &amp; Press Grill\" \/>\n<meta property=\"og:description\" content=\"Panini, hamburguesas y filetes perfectos con solo pulsar un bot\u00f3n Trae la parrilla a tu cocina con el modo abierto y duplica el espacio para crear.\" \/>\n<meta property=\"og:url\" content=\"https:\/\/www.erresse-shop.it\/es\/shop\/pequenos-electrodomesticos\/parrillas-y-barbacoas\/sage-the-bbq-press-grill\/\" \/>\n<meta property=\"og:site_name\" content=\"Erresse Shop\" \/>\n<meta property=\"article:modified_time\" content=\"2024-06-11T00:02:58+00:00\" \/>\n<meta property=\"og:image\" content=\"https:\/\/www.erresse-shop.it\/wp-content\/uploads\/2023\/02\/SAGE-The-BBQ-e-Press-Grill-1.jpg\" \/>\n\t<meta property=\"og:image:width\" content=\"1300\" \/>\n\t<meta property=\"og:image:height\" content=\"1300\" \/>\n\t<meta property=\"og:image:type\" content=\"image\/jpeg\" \/>\n<meta name=\"twitter:card\" content=\"summary_large_image\" \/>\n<script type=\"application\/ld+json\" class=\"yoast-schema-graph\">{\"@context\":\"https:\/\/schema.org\",\"@graph\":[{\"@type\":\"WebPage\",\"@id\":\"https:\/\/www.erresse-shop.it\/es\/shop\/pequenos-electrodomesticos\/parrillas-y-barbacoas\/sage-the-bbq-press-grill\/\",\"url\":\"https:\/\/www.erresse-shop.it\/es\/shop\/pequenos-electrodomesticos\/parrillas-y-barbacoas\/sage-the-bbq-press-grill\/\",\"name\":\"SAGE The BBQ & Press Grill - Erresse Shop\",\"isPartOf\":{\"@id\":\"https:\/\/www.erresse-shop.it\/es\/#website\"},\"datePublished\":\"2023-02-27T13:39:29+00:00\",\"dateModified\":\"2024-06-11T00:02:58+00:00\",\"description\":\"Panini, hamburguesas y filetes perfectos con solo pulsar un bot\u00f3n Trae la parrilla a tu cocina con el modo abierto y duplica el espacio para crear.\",\"breadcrumb\":{\"@id\":\"https:\/\/www.erresse-shop.it\/es\/shop\/pequenos-electrodomesticos\/parrillas-y-barbacoas\/sage-the-bbq-press-grill\/#breadcrumb\"},\"inLanguage\":\"es\",\"potentialAction\":[{\"@type\":\"ReadAction\",\"target\":[\"https:\/\/www.erresse-shop.it\/es\/shop\/pequenos-electrodomesticos\/parrillas-y-barbacoas\/sage-the-bbq-press-grill\/\"]}]},{\"@type\":\"BreadcrumbList\",\"@id\":\"https:\/\/www.erresse-shop.it\/es\/shop\/pequenos-electrodomesticos\/parrillas-y-barbacoas\/sage-the-bbq-press-grill\/#breadcrumb\",\"itemListElement\":[{\"@type\":\"ListItem\",\"position\":1,\"name\":\"Home\",\"item\":\"https:\/\/www.erresse-shop.it\/es\/\"},{\"@type\":\"ListItem\",\"position\":2,\"name\":\"Shop\",\"item\":\"https:\/\/www.erresse-shop.it\/es\/shop\/\"},{\"@type\":\"ListItem\",\"position\":3,\"name\":\"SAGE The BBQ &#038; Press Grill\"}]},{\"@type\":\"WebSite\",\"@id\":\"https:\/\/www.erresse-shop.it\/es\/#website\",\"url\":\"https:\/\/www.erresse-shop.it\/es\/\",\"name\":\"Erresse Shop\",\"description\":\"Articoli di qualit\u00e0 per la casa\",\"potentialAction\":[{\"@type\":\"SearchAction\",\"target\":{\"@type\":\"EntryPoint\",\"urlTemplate\":\"https:\/\/www.erresse-shop.it\/es\/?s={search_term_string}\"},\"query-input\":\"required name=search_term_string\"}],\"inLanguage\":\"es\"}]}<\/script>\n<!-- \/ Yoast SEO Premium plugin. -->","yoast_head_json":{"title":"SAGE The BBQ & Press Grill - Erresse Shop","description":"Panini, hamburguesas y filetes perfectos con solo pulsar un bot\u00f3n Trae la parrilla a tu cocina con el modo abierto y duplica el espacio para crear.","robots":{"index":"index","follow":"follow","max-snippet":"max-snippet:-1","max-image-preview":"max-image-preview:large","max-video-preview":"max-video-preview:-1"},"canonical":"https:\/\/www.erresse-shop.it\/es\/shop\/pequenos-electrodomesticos\/parrillas-y-barbacoas\/sage-the-bbq-press-grill\/","og_locale":"es_ES","og_type":"article","og_title":"SAGE The BBQ & Press Grill","og_description":"Panini, hamburguesas y filetes perfectos con solo pulsar un bot\u00f3n Trae la parrilla a tu cocina con el modo abierto y duplica el espacio para crear.","og_url":"https:\/\/www.erresse-shop.it\/es\/shop\/pequenos-electrodomesticos\/parrillas-y-barbacoas\/sage-the-bbq-press-grill\/","og_site_name":"Erresse Shop","article_modified_time":"2024-06-11T00:02:58+00:00","og_image":[{"width":1300,"height":1300,"url":"https:\/\/www.erresse-shop.it\/wp-content\/uploads\/2023\/02\/SAGE-The-BBQ-e-Press-Grill-1.jpg","type":"image\/jpeg"}],"twitter_card":"summary_large_image","schema":{"@context":"https:\/\/schema.org","@graph":[{"@type":"WebPage","@id":"https:\/\/www.erresse-shop.it\/es\/shop\/pequenos-electrodomesticos\/parrillas-y-barbacoas\/sage-the-bbq-press-grill\/","url":"https:\/\/www.erresse-shop.it\/es\/shop\/pequenos-electrodomesticos\/parrillas-y-barbacoas\/sage-the-bbq-press-grill\/","name":"SAGE The BBQ & Press Grill - Erresse Shop","isPartOf":{"@id":"https:\/\/www.erresse-shop.it\/es\/#website"},"datePublished":"2023-02-27T13:39:29+00:00","dateModified":"2024-06-11T00:02:58+00:00","description":"Panini, hamburguesas y filetes perfectos con solo pulsar un bot\u00f3n Trae la parrilla a tu cocina con el modo abierto y duplica el espacio para crear.","breadcrumb":{"@id":"https:\/\/www.erresse-shop.it\/es\/shop\/pequenos-electrodomesticos\/parrillas-y-barbacoas\/sage-the-bbq-press-grill\/#breadcrumb"},"inLanguage":"es","potentialAction":[{"@type":"ReadAction","target":["https:\/\/www.erresse-shop.it\/es\/shop\/pequenos-electrodomesticos\/parrillas-y-barbacoas\/sage-the-bbq-press-grill\/"]}]},{"@type":"BreadcrumbList","@id":"https:\/\/www.erresse-shop.it\/es\/shop\/pequenos-electrodomesticos\/parrillas-y-barbacoas\/sage-the-bbq-press-grill\/#breadcrumb","itemListElement":[{"@type":"ListItem","position":1,"name":"Home","item":"https:\/\/www.erresse-shop.it\/es\/"},{"@type":"ListItem","position":2,"name":"Shop","item":"https:\/\/www.erresse-shop.it\/es\/shop\/"},{"@type":"ListItem","position":3,"name":"SAGE The BBQ &#038; Press Grill"}]},{"@type":"WebSite","@id":"https:\/\/www.erresse-shop.it\/es\/#website","url":"https:\/\/www.erresse-shop.it\/es\/","name":"Erresse Shop","description":"Articoli di qualit\u00e0 per la casa","potentialAction":[{"@type":"SearchAction","target":{"@type":"EntryPoint","urlTemplate":"https:\/\/www.erresse-shop.it\/es\/?s={search_term_string}"},"query-input":"required name=search_term_string"}],"inLanguage":"es"}]}},"df_price":239.95,"df_sale_price":239.95,"df_regular_price":279.9,"df_image_link":"https:\/\/www.erresse-shop.it\/wp-content\/uploads\/2023\/02\/SAGE-The-BBQ-Press-Grill-300x300.jpg","_links":{"self":[{"href":"https:\/\/www.erresse-shop.it\/es\/wp-json\/wp\/v2\/product\/243802"}],"collection":[{"href":"https:\/\/www.erresse-shop.it\/es\/wp-json\/wp\/v2\/product"}],"about":[{"href":"https:\/\/www.erresse-shop.it\/es\/wp-json\/wp\/v2\/types\/product"}],"wp:featuredmedia":[{"embeddable":true,"href":"https:\/\/www.erresse-shop.it\/es\/wp-json\/wp\/v2\/media\/462585"}],"wp:attachment":[{"href":"https:\/\/www.erresse-shop.it\/es\/wp-json\/wp\/v2\/media?parent=243802"}],"wp:term":[{"taxonomy":"product_cat","embeddable":true,"href":"https:\/\/www.erresse-shop.it\/es\/wp-json\/wp\/v2\/product_cat?post=243802"},{"taxonomy":"product_tag","embeddable":true,"href":"https:\/\/www.erresse-shop.it\/es\/wp-json\/wp\/v2\/product_tag?post=243802"}],"curies":[{"name":"wp","href":"https:\/\/api.w.org\/{rel}","templated":true}]}}