{"id":243747,"date":"2023-02-27T13:05:46","date_gmt":"2023-02-27T13:05:50","guid":{"rendered":"https:\/\/www.erresse-shop.it\/?post_type=product&#038;p=243747"},"modified":"2024-06-11T00:02:54","modified_gmt":"2024-06-11T00:02:54","slug":"sage-the-perfect-press","status":"publish","type":"product","link":"https:\/\/www.erresse-shop.it\/es\/shop\/pequenos-electrodomesticos\/parrillas-y-barbacoas\/sage-the-perfect-press\/","title":{"rendered":"SAGE The Perfect Press"},"content":{"rendered":"<p><strong>Con contrapeso para controlar la presi\u00f3n<\/strong><br \/>\nCon la innovadora bisagra con control de presi\u00f3n en the Perfect Press, se usa el peso suficiente para que tu s\u00e1ndwich quede dorado por fuera, sin aplastar los ingredientes dentro. As\u00ed podr\u00e1s disfrutar de un bocadillo crujiente y delicioso.<\/p>\n<p><strong>Control de altura ajustable<\/strong><br \/>\nEl control de altura mantiene la placa superior a la altura ideal para derretir y dorar s\u00e1ndwiches abiertos de cualquier tama\u00f1o, pan plano o esponjosos cruasanes.<\/p>\n<p><strong>Bisagra con control de presi\u00f3n<\/strong><br \/>\nLa duradera bisagra usa menos de 225 g de presi\u00f3n para tostar sin aplastar. El dise\u00f1o flotante de la placa superior ejerce la presi\u00f3n perfecta sobre tus s\u00e1ndwiches.<\/p>\n<p><strong>Dise\u00f1o de limpieza f\u00e1cil<\/strong><br \/>\nLas amplias superficies curvas de las placas de cocci\u00f3n evitan recovecos dif\u00edciles de limpiar. Adem\u00e1s, el recubrimiento antiadherente libre de PFOA facilita la limpieza.<\/p>\n<p><strong>Dise\u00f1o compacto<\/strong><br \/>\nEste modelo compacto te ofrece m\u00e1s sabor, pero ocupa menos espacio en tu encimera.<\/p>\n<p><strong>Ahorra espacio<\/strong><br \/>\nEl resistente clip de almacenamiento bloquea las placas de manera segura, y la pata trasera permite un f\u00e1cil almacenamiento en vertical.<\/p>\n<p><strong>Dimensiones (ancho x prof. x alto)<\/strong><br \/>\n&#8211; 13 (prof.) x 32 (ancho) x 29 (alto)<\/p>\n<p><strong>Materiales<\/strong><br \/>\n&#8211; Carcasa de acero inoxidable cepillado<\/p>\n<p><strong>Capacidad<\/strong><br \/>\n&#8211; Capacidad para dos rebanadas<\/p>\n<p><strong>Ajustes<\/strong><br \/>\n&#8211; Encendido y apagado<\/p>\n<p><strong>Potencia<\/strong><br \/>\n&#8211; 1500 vatios<\/p>\n<p><strong>Voltaje<\/strong><br \/>\n&#8211; 220\u2013240 Volts<\/p>\n<p><strong>Garant\u00eda<\/strong><br \/>\n&#8211; Garant\u00eda de reparaci\u00f3n o reemplazo de 2 a\u00f1os<\/p>\n<p><strong>Dise\u00f1o de la placa<\/strong><br \/>\n&#8211; Dise\u00f1o plano con recubrimiento antiadherente<\/p>\n<p><strong>Altura regulable<\/strong><br \/>\n&#8211; Con posici\u00f3n de control de presi\u00f3n y para fundir queso en s\u00e1ndwiches abiertos<\/p>\n<p><strong>Placa antiadherente<\/strong><br \/>\n&#8211; Revestimiento antiadherente de primera calidad libre de PFOA para una limpieza f\u00e1cil<\/p>\n<p><strong>Garant\u00eda<\/strong><br \/>\n&#8211; Garant\u00eda de reparaci\u00f3n o reemplazo de 2 a\u00f1os<\/p>\n<p>&nbsp;<\/p>\n<p><span style=\"text-decoration: underline;\"><strong>No se vende fuera de Europa<\/strong><\/span><\/p>\n","protected":false},"excerpt":{"rendered":"<p>Con contrapeso para controlar la presi\u00f3n Con la innovadora bisagra con control de presi\u00f3n en the Perfect Press, se usa<\/p>\n","protected":false},"featured_media":466870,"template":"","meta":{"_acf_changed":false,"inline_featured_image":false},"product_cat":[16083,16073],"product_tag":[22073,22072,21011],"acf":[],"yoast_head":"<!-- This site is optimized with the Yoast SEO Premium plugin v18.6 (Yoast SEO v19.13) - https:\/\/yoast.com\/wordpress\/plugins\/seo\/ -->\n<title>SAGE The Perfect Press - Erresse Shop<\/title>\n<meta name=\"description\" content=\"Con contrapeso para controlar la presi\u00f3n Con la innovadora bisagra con control de presi\u00f3n en the Perfect Press, se usa el peso suficiente para que tu\" \/>\n<meta name=\"robots\" content=\"index, follow, max-snippet:-1, max-image-preview:large, max-video-preview:-1\" \/>\n<link rel=\"canonical\" href=\"https:\/\/www.erresse-shop.it\/es\/shop\/pequenos-electrodomesticos\/parrillas-y-barbacoas\/sage-the-perfect-press\/\" \/>\n<meta property=\"og:locale\" content=\"es_ES\" \/>\n<meta property=\"og:type\" content=\"article\" \/>\n<meta property=\"og:title\" content=\"SAGE The Perfect Press\" \/>\n<meta property=\"og:description\" content=\"Con contrapeso para controlar la presi\u00f3n Con la innovadora bisagra con control de presi\u00f3n en the Perfect Press, se usa el peso suficiente para que tu\" \/>\n<meta property=\"og:url\" content=\"https:\/\/www.erresse-shop.it\/es\/shop\/pequenos-electrodomesticos\/parrillas-y-barbacoas\/sage-the-perfect-press\/\" \/>\n<meta property=\"og:site_name\" content=\"Erresse Shop\" \/>\n<meta property=\"article:modified_time\" content=\"2024-06-11T00:02:54+00:00\" \/>\n<meta property=\"og:image\" content=\"https:\/\/www.erresse-shop.it\/wp-content\/uploads\/2023\/02\/SAGE-The-Perfect-Press.jpg\" \/>\n\t<meta property=\"og:image:width\" content=\"1300\" \/>\n\t<meta property=\"og:image:height\" content=\"1300\" \/>\n\t<meta property=\"og:image:type\" content=\"image\/jpeg\" \/>\n<meta name=\"twitter:card\" content=\"summary_large_image\" \/>\n<script type=\"application\/ld+json\" class=\"yoast-schema-graph\">{\"@context\":\"https:\/\/schema.org\",\"@graph\":[{\"@type\":\"WebPage\",\"@id\":\"https:\/\/www.erresse-shop.it\/es\/shop\/pequenos-electrodomesticos\/parrillas-y-barbacoas\/sage-the-perfect-press\/\",\"url\":\"https:\/\/www.erresse-shop.it\/es\/shop\/pequenos-electrodomesticos\/parrillas-y-barbacoas\/sage-the-perfect-press\/\",\"name\":\"SAGE The Perfect Press - Erresse Shop\",\"isPartOf\":{\"@id\":\"https:\/\/www.erresse-shop.it\/es\/#website\"},\"datePublished\":\"2023-02-27T13:05:50+00:00\",\"dateModified\":\"2024-06-11T00:02:54+00:00\",\"description\":\"Con contrapeso para controlar la presi\u00f3n Con la innovadora bisagra con control de presi\u00f3n en the Perfect Press, se usa el peso suficiente para que tu\",\"breadcrumb\":{\"@id\":\"https:\/\/www.erresse-shop.it\/es\/shop\/pequenos-electrodomesticos\/parrillas-y-barbacoas\/sage-the-perfect-press\/#breadcrumb\"},\"inLanguage\":\"es\",\"potentialAction\":[{\"@type\":\"ReadAction\",\"target\":[\"https:\/\/www.erresse-shop.it\/es\/shop\/pequenos-electrodomesticos\/parrillas-y-barbacoas\/sage-the-perfect-press\/\"]}]},{\"@type\":\"BreadcrumbList\",\"@id\":\"https:\/\/www.erresse-shop.it\/es\/shop\/pequenos-electrodomesticos\/parrillas-y-barbacoas\/sage-the-perfect-press\/#breadcrumb\",\"itemListElement\":[{\"@type\":\"ListItem\",\"position\":1,\"name\":\"Home\",\"item\":\"https:\/\/www.erresse-shop.it\/es\/\"},{\"@type\":\"ListItem\",\"position\":2,\"name\":\"Shop\",\"item\":\"https:\/\/www.erresse-shop.it\/es\/shop\/\"},{\"@type\":\"ListItem\",\"position\":3,\"name\":\"SAGE The Perfect Press\"}]},{\"@type\":\"WebSite\",\"@id\":\"https:\/\/www.erresse-shop.it\/es\/#website\",\"url\":\"https:\/\/www.erresse-shop.it\/es\/\",\"name\":\"Erresse Shop\",\"description\":\"Articoli di qualit\u00e0 per la casa\",\"potentialAction\":[{\"@type\":\"SearchAction\",\"target\":{\"@type\":\"EntryPoint\",\"urlTemplate\":\"https:\/\/www.erresse-shop.it\/es\/?s={search_term_string}\"},\"query-input\":\"required name=search_term_string\"}],\"inLanguage\":\"es\"}]}<\/script>\n<!-- \/ Yoast SEO Premium plugin. -->","yoast_head_json":{"title":"SAGE The Perfect Press - Erresse Shop","description":"Con contrapeso para controlar la presi\u00f3n Con la innovadora bisagra con control de presi\u00f3n en the Perfect Press, se usa el peso suficiente para que tu","robots":{"index":"index","follow":"follow","max-snippet":"max-snippet:-1","max-image-preview":"max-image-preview:large","max-video-preview":"max-video-preview:-1"},"canonical":"https:\/\/www.erresse-shop.it\/es\/shop\/pequenos-electrodomesticos\/parrillas-y-barbacoas\/sage-the-perfect-press\/","og_locale":"es_ES","og_type":"article","og_title":"SAGE The Perfect Press","og_description":"Con contrapeso para controlar la presi\u00f3n Con la innovadora bisagra con control de presi\u00f3n en the Perfect Press, se usa el peso suficiente para que tu","og_url":"https:\/\/www.erresse-shop.it\/es\/shop\/pequenos-electrodomesticos\/parrillas-y-barbacoas\/sage-the-perfect-press\/","og_site_name":"Erresse Shop","article_modified_time":"2024-06-11T00:02:54+00:00","og_image":[{"width":1300,"height":1300,"url":"https:\/\/www.erresse-shop.it\/wp-content\/uploads\/2023\/02\/SAGE-The-Perfect-Press.jpg","type":"image\/jpeg"}],"twitter_card":"summary_large_image","schema":{"@context":"https:\/\/schema.org","@graph":[{"@type":"WebPage","@id":"https:\/\/www.erresse-shop.it\/es\/shop\/pequenos-electrodomesticos\/parrillas-y-barbacoas\/sage-the-perfect-press\/","url":"https:\/\/www.erresse-shop.it\/es\/shop\/pequenos-electrodomesticos\/parrillas-y-barbacoas\/sage-the-perfect-press\/","name":"SAGE The Perfect Press - Erresse Shop","isPartOf":{"@id":"https:\/\/www.erresse-shop.it\/es\/#website"},"datePublished":"2023-02-27T13:05:50+00:00","dateModified":"2024-06-11T00:02:54+00:00","description":"Con contrapeso para controlar la presi\u00f3n Con la innovadora bisagra con control de presi\u00f3n en the Perfect Press, se usa el peso suficiente para que tu","breadcrumb":{"@id":"https:\/\/www.erresse-shop.it\/es\/shop\/pequenos-electrodomesticos\/parrillas-y-barbacoas\/sage-the-perfect-press\/#breadcrumb"},"inLanguage":"es","potentialAction":[{"@type":"ReadAction","target":["https:\/\/www.erresse-shop.it\/es\/shop\/pequenos-electrodomesticos\/parrillas-y-barbacoas\/sage-the-perfect-press\/"]}]},{"@type":"BreadcrumbList","@id":"https:\/\/www.erresse-shop.it\/es\/shop\/pequenos-electrodomesticos\/parrillas-y-barbacoas\/sage-the-perfect-press\/#breadcrumb","itemListElement":[{"@type":"ListItem","position":1,"name":"Home","item":"https:\/\/www.erresse-shop.it\/es\/"},{"@type":"ListItem","position":2,"name":"Shop","item":"https:\/\/www.erresse-shop.it\/es\/shop\/"},{"@type":"ListItem","position":3,"name":"SAGE The Perfect Press"}]},{"@type":"WebSite","@id":"https:\/\/www.erresse-shop.it\/es\/#website","url":"https:\/\/www.erresse-shop.it\/es\/","name":"Erresse Shop","description":"Articoli di qualit\u00e0 per la casa","potentialAction":[{"@type":"SearchAction","target":{"@type":"EntryPoint","urlTemplate":"https:\/\/www.erresse-shop.it\/es\/?s={search_term_string}"},"query-input":"required name=search_term_string"}],"inLanguage":"es"}]}},"df_price":119.95,"df_sale_price":119.95,"df_regular_price":129,"df_image_link":"https:\/\/www.erresse-shop.it\/wp-content\/uploads\/2023\/02\/SAGE-The-Perfect-Press-300x300.jpg","_links":{"self":[{"href":"https:\/\/www.erresse-shop.it\/es\/wp-json\/wp\/v2\/product\/243747"}],"collection":[{"href":"https:\/\/www.erresse-shop.it\/es\/wp-json\/wp\/v2\/product"}],"about":[{"href":"https:\/\/www.erresse-shop.it\/es\/wp-json\/wp\/v2\/types\/product"}],"wp:featuredmedia":[{"embeddable":true,"href":"https:\/\/www.erresse-shop.it\/es\/wp-json\/wp\/v2\/media\/466870"}],"wp:attachment":[{"href":"https:\/\/www.erresse-shop.it\/es\/wp-json\/wp\/v2\/media?parent=243747"}],"wp:term":[{"taxonomy":"product_cat","embeddable":true,"href":"https:\/\/www.erresse-shop.it\/es\/wp-json\/wp\/v2\/product_cat?post=243747"},{"taxonomy":"product_tag","embeddable":true,"href":"https:\/\/www.erresse-shop.it\/es\/wp-json\/wp\/v2\/product_tag?post=243747"}],"curies":[{"name":"wp","href":"https:\/\/api.w.org\/{rel}","templated":true}]}}