{"id":243670,"date":"2023-02-27T11:31:08","date_gmt":"2023-02-27T11:31:12","guid":{"rendered":"https:\/\/www.erresse-shop.it\/?post_type=product&#038;p=243670"},"modified":"2023-07-17T00:04:03","modified_gmt":"2023-07-17T00:04:03","slug":"sage-the-citrus-press","status":"publish","type":"product","link":"https:\/\/www.erresse-shop.it\/es\/shop\/pequenos-electrodomesticos\/exprimidores\/sage-the-citrus-press\/","title":{"rendered":"SAGE The Citrus Press"},"content":{"rendered":"<p><strong>Un exprimidor para c\u00edtricos de cualquier tama\u00f1o.<\/strong><br \/>\nExprime hasta la \u00faltima gota de zumo, desde la lima m\u00e1s peque\u00f1a hasta el pomelo m\u00e1s grande. El manejo simple con una sola mano te permite obtener un zumo delicioso con el m\u00ednimo esfuerzo. Despu\u00e9s de extraer todo el jugo, sube el pico de extracci\u00f3n para evitar goteos.<\/p>\n<p><strong>Cono exprimidor para todos los tama\u00f1os<\/strong><br \/>\nNuestro cono exprimidor extrae el m\u00e1ximo zumo para que disfrutes de c\u00edtricos de todos los tama\u00f1os. Adem\u00e1s, es apto para lavavajillas.<\/p>\n<p><strong>Prensa con doble bloqueo de seguridad<\/strong><br \/>\nTodo lo que necesitas es tener una mano libre. El innovador brazo exprimidor garantiza que la presi\u00f3n hacia abajo se ejerza directamente sobre la fruta para maximizar la extracci\u00f3n de zumo. El bloqueo de seguridad no permitir\u00e1 que el cono gire hasta que se baje el brazo articulado y se ejerza la presi\u00f3n suficiente.<\/p>\n<p><strong>Pico antigoteo<\/strong><br \/>\nEl pr\u00e1ctico e innovador Sistema antigoteo retiene el zumo para evitar que se derrame en la encimera.<\/p>\n<p><strong>C\u00fapula de frutas magn\u00e9tica<\/strong><br \/>\nLa c\u00fapula magn\u00e9tica se retira y se vuelve a colocar sin problemas para facilitar la limpieza.<\/p>\n<p><strong>Apto para lavavajillas<\/strong><br \/>\nPasa menos tiempo limpiando. El cono exprimidor, el recolector de zumo, el filtro y la c\u00fapula son aptos para lavavajillas.<\/p>\n<p><strong>Dimensiones (ancho x prof. x alto)<\/strong><br \/>\n&#8211; 33 x 20.3 x 45.7 cm<\/p>\n<p><strong>Materiales<\/strong><br \/>\n&#8211; Base de pol\u00edmero ultrarresistente<br \/>\n&#8211; Filtro de acero inoxidable<\/p>\n<p><strong>Ajustes<\/strong><br \/>\n&#8211; Encendido y apagado<\/p>\n<p><strong>Potencia<\/strong><br \/>\n&#8211; 110 Vatios<\/p>\n<p><strong>Voltaje<\/strong><br \/>\n&#8211; 220\u2013240 Voltios<\/p>\n<p><strong>Sistema de extracci\u00f3n<\/strong><br \/>\n&#8211; El cono exprimidor con aletas y la c\u00fapula proporcionan agarre y presi\u00f3n para maximizar la extracci\u00f3n de zumo. Puedes sacarle hasta la \u00faltima gota de jugo a la lima m\u00e1s peque\u00f1a o al pomelo m\u00e1s grande, usando el mismo cono<\/p>\n<p><strong>Motor potente<\/strong><br \/>\n&#8211; Se pone en funcionamiento autom\u00e1ticamente al aplicar presi\u00f3n al cono exprimidor<\/p>\n<p><strong>Brazo asistido potente<\/strong><br \/>\n&#8211; Permite un prensado r\u00e1pido y sin esfuerzo<\/p>\n<p><strong>Interruptor de seguridad dual<\/strong><br \/>\n&#8211; El bloqueo doble patentado no permitir\u00e1 que el cono gire hasta que se baje el brazo y se ejerza suficiente presi\u00f3n<\/p>\n<p><strong>Garant\u00eda<\/strong><br \/>\n&#8211; Garant\u00eda de reparaci\u00f3n, sustituci\u00f3n o reembolso de 2 a\u00f1os (a criterio exclusivo de Sage Appliances)<\/p>\n<p><strong>No se vende fuera de Europa<\/strong><\/p>\n","protected":false},"excerpt":{"rendered":"<p>Un exprimidor para c\u00edtricos de cualquier tama\u00f1o. Exprime hasta la \u00faltima gota de zumo, desde la lima m\u00e1s peque\u00f1a hasta<\/p>\n","protected":false},"featured_media":487570,"template":"","meta":{"_acf_changed":false,"inline_featured_image":false},"product_cat":[16078,16073],"product_tag":[22062],"acf":[],"yoast_head":"<!-- This site is optimized with the Yoast SEO Premium plugin v18.6 (Yoast SEO v19.13) - https:\/\/yoast.com\/wordpress\/plugins\/seo\/ -->\n<title>SAGE The Citrus Press - Erresse Shop<\/title>\n<meta name=\"description\" content=\"Un exprimidor para c\u00edtricos de cualquier tama\u00f1o. Exprime hasta la \u00faltima gota de zumo, desde la lima m\u00e1s peque\u00f1a hasta el pomelo m\u00e1s grande. El manejo\" \/>\n<meta name=\"robots\" content=\"index, follow, max-snippet:-1, max-image-preview:large, max-video-preview:-1\" \/>\n<link rel=\"canonical\" href=\"https:\/\/www.erresse-shop.it\/es\/shop\/pequenos-electrodomesticos\/exprimidores\/sage-the-citrus-press\/\" \/>\n<meta property=\"og:locale\" content=\"es_ES\" \/>\n<meta property=\"og:type\" content=\"article\" \/>\n<meta property=\"og:title\" content=\"SAGE The Citrus Press\" \/>\n<meta property=\"og:description\" content=\"Un exprimidor para c\u00edtricos de cualquier tama\u00f1o. Exprime hasta la \u00faltima gota de zumo, desde la lima m\u00e1s peque\u00f1a hasta el pomelo m\u00e1s grande. El manejo\" \/>\n<meta property=\"og:url\" content=\"https:\/\/www.erresse-shop.it\/es\/shop\/pequenos-electrodomesticos\/exprimidores\/sage-the-citrus-press\/\" \/>\n<meta property=\"og:site_name\" content=\"Erresse Shop\" \/>\n<meta property=\"article:modified_time\" content=\"2023-07-17T00:04:03+00:00\" \/>\n<meta property=\"og:image\" content=\"https:\/\/www.erresse-shop.it\/wp-content\/uploads\/2023\/02\/SAGE-The-Citrus-Press.jpg\" \/>\n\t<meta property=\"og:image:width\" content=\"1300\" \/>\n\t<meta property=\"og:image:height\" content=\"1300\" \/>\n\t<meta property=\"og:image:type\" content=\"image\/jpeg\" \/>\n<meta name=\"twitter:card\" content=\"summary_large_image\" \/>\n<script type=\"application\/ld+json\" class=\"yoast-schema-graph\">{\"@context\":\"https:\/\/schema.org\",\"@graph\":[{\"@type\":\"WebPage\",\"@id\":\"https:\/\/www.erresse-shop.it\/es\/shop\/pequenos-electrodomesticos\/exprimidores\/sage-the-citrus-press\/\",\"url\":\"https:\/\/www.erresse-shop.it\/es\/shop\/pequenos-electrodomesticos\/exprimidores\/sage-the-citrus-press\/\",\"name\":\"SAGE The Citrus Press - Erresse Shop\",\"isPartOf\":{\"@id\":\"https:\/\/www.erresse-shop.it\/es\/#website\"},\"datePublished\":\"2023-02-27T11:31:12+00:00\",\"dateModified\":\"2023-07-17T00:04:03+00:00\",\"description\":\"Un exprimidor para c\u00edtricos de cualquier tama\u00f1o. Exprime hasta la \u00faltima gota de zumo, desde la lima m\u00e1s peque\u00f1a hasta el pomelo m\u00e1s grande. El manejo\",\"breadcrumb\":{\"@id\":\"https:\/\/www.erresse-shop.it\/es\/shop\/pequenos-electrodomesticos\/exprimidores\/sage-the-citrus-press\/#breadcrumb\"},\"inLanguage\":\"es\",\"potentialAction\":[{\"@type\":\"ReadAction\",\"target\":[\"https:\/\/www.erresse-shop.it\/es\/shop\/pequenos-electrodomesticos\/exprimidores\/sage-the-citrus-press\/\"]}]},{\"@type\":\"BreadcrumbList\",\"@id\":\"https:\/\/www.erresse-shop.it\/es\/shop\/pequenos-electrodomesticos\/exprimidores\/sage-the-citrus-press\/#breadcrumb\",\"itemListElement\":[{\"@type\":\"ListItem\",\"position\":1,\"name\":\"Home\",\"item\":\"https:\/\/www.erresse-shop.it\/es\/\"},{\"@type\":\"ListItem\",\"position\":2,\"name\":\"Shop\",\"item\":\"https:\/\/www.erresse-shop.it\/es\/shop\/\"},{\"@type\":\"ListItem\",\"position\":3,\"name\":\"SAGE The Citrus Press\"}]},{\"@type\":\"WebSite\",\"@id\":\"https:\/\/www.erresse-shop.it\/es\/#website\",\"url\":\"https:\/\/www.erresse-shop.it\/es\/\",\"name\":\"Erresse Shop\",\"description\":\"Articoli di qualit\u00e0 per la casa\",\"potentialAction\":[{\"@type\":\"SearchAction\",\"target\":{\"@type\":\"EntryPoint\",\"urlTemplate\":\"https:\/\/www.erresse-shop.it\/es\/?s={search_term_string}\"},\"query-input\":\"required name=search_term_string\"}],\"inLanguage\":\"es\"}]}<\/script>\n<!-- \/ Yoast SEO Premium plugin. -->","yoast_head_json":{"title":"SAGE The Citrus Press - Erresse Shop","description":"Un exprimidor para c\u00edtricos de cualquier tama\u00f1o. Exprime hasta la \u00faltima gota de zumo, desde la lima m\u00e1s peque\u00f1a hasta el pomelo m\u00e1s grande. El manejo","robots":{"index":"index","follow":"follow","max-snippet":"max-snippet:-1","max-image-preview":"max-image-preview:large","max-video-preview":"max-video-preview:-1"},"canonical":"https:\/\/www.erresse-shop.it\/es\/shop\/pequenos-electrodomesticos\/exprimidores\/sage-the-citrus-press\/","og_locale":"es_ES","og_type":"article","og_title":"SAGE The Citrus Press","og_description":"Un exprimidor para c\u00edtricos de cualquier tama\u00f1o. Exprime hasta la \u00faltima gota de zumo, desde la lima m\u00e1s peque\u00f1a hasta el pomelo m\u00e1s grande. El manejo","og_url":"https:\/\/www.erresse-shop.it\/es\/shop\/pequenos-electrodomesticos\/exprimidores\/sage-the-citrus-press\/","og_site_name":"Erresse Shop","article_modified_time":"2023-07-17T00:04:03+00:00","og_image":[{"width":1300,"height":1300,"url":"https:\/\/www.erresse-shop.it\/wp-content\/uploads\/2023\/02\/SAGE-The-Citrus-Press.jpg","type":"image\/jpeg"}],"twitter_card":"summary_large_image","schema":{"@context":"https:\/\/schema.org","@graph":[{"@type":"WebPage","@id":"https:\/\/www.erresse-shop.it\/es\/shop\/pequenos-electrodomesticos\/exprimidores\/sage-the-citrus-press\/","url":"https:\/\/www.erresse-shop.it\/es\/shop\/pequenos-electrodomesticos\/exprimidores\/sage-the-citrus-press\/","name":"SAGE The Citrus Press - Erresse Shop","isPartOf":{"@id":"https:\/\/www.erresse-shop.it\/es\/#website"},"datePublished":"2023-02-27T11:31:12+00:00","dateModified":"2023-07-17T00:04:03+00:00","description":"Un exprimidor para c\u00edtricos de cualquier tama\u00f1o. Exprime hasta la \u00faltima gota de zumo, desde la lima m\u00e1s peque\u00f1a hasta el pomelo m\u00e1s grande. El manejo","breadcrumb":{"@id":"https:\/\/www.erresse-shop.it\/es\/shop\/pequenos-electrodomesticos\/exprimidores\/sage-the-citrus-press\/#breadcrumb"},"inLanguage":"es","potentialAction":[{"@type":"ReadAction","target":["https:\/\/www.erresse-shop.it\/es\/shop\/pequenos-electrodomesticos\/exprimidores\/sage-the-citrus-press\/"]}]},{"@type":"BreadcrumbList","@id":"https:\/\/www.erresse-shop.it\/es\/shop\/pequenos-electrodomesticos\/exprimidores\/sage-the-citrus-press\/#breadcrumb","itemListElement":[{"@type":"ListItem","position":1,"name":"Home","item":"https:\/\/www.erresse-shop.it\/es\/"},{"@type":"ListItem","position":2,"name":"Shop","item":"https:\/\/www.erresse-shop.it\/es\/shop\/"},{"@type":"ListItem","position":3,"name":"SAGE The Citrus Press"}]},{"@type":"WebSite","@id":"https:\/\/www.erresse-shop.it\/es\/#website","url":"https:\/\/www.erresse-shop.it\/es\/","name":"Erresse Shop","description":"Articoli di qualit\u00e0 per la casa","potentialAction":[{"@type":"SearchAction","target":{"@type":"EntryPoint","urlTemplate":"https:\/\/www.erresse-shop.it\/es\/?s={search_term_string}"},"query-input":"required name=search_term_string"}],"inLanguage":"es"}]}},"df_price":189.9,"df_sale_price":189.9,"df_regular_price":189.9,"df_image_link":"https:\/\/www.erresse-shop.it\/wp-content\/uploads\/2023\/02\/SAGE-The-Citrus-Press-300x300.jpg","_links":{"self":[{"href":"https:\/\/www.erresse-shop.it\/es\/wp-json\/wp\/v2\/product\/243670"}],"collection":[{"href":"https:\/\/www.erresse-shop.it\/es\/wp-json\/wp\/v2\/product"}],"about":[{"href":"https:\/\/www.erresse-shop.it\/es\/wp-json\/wp\/v2\/types\/product"}],"wp:featuredmedia":[{"embeddable":true,"href":"https:\/\/www.erresse-shop.it\/es\/wp-json\/wp\/v2\/media\/487570"}],"wp:attachment":[{"href":"https:\/\/www.erresse-shop.it\/es\/wp-json\/wp\/v2\/media?parent=243670"}],"wp:term":[{"taxonomy":"product_cat","embeddable":true,"href":"https:\/\/www.erresse-shop.it\/es\/wp-json\/wp\/v2\/product_cat?post=243670"},{"taxonomy":"product_tag","embeddable":true,"href":"https:\/\/www.erresse-shop.it\/es\/wp-json\/wp\/v2\/product_tag?post=243670"}],"curies":[{"name":"wp","href":"https:\/\/api.w.org\/{rel}","templated":true}]}}