{"id":243567,"date":"2023-02-27T10:25:18","date_gmt":"2023-02-27T10:25:22","guid":{"rendered":"https:\/\/www.erresse-shop.it\/?post_type=product&#038;p=243567"},"modified":"2023-02-27T11:01:46","modified_gmt":"2023-02-27T11:01:46","slug":"sage-the-puck-sucker","status":"publish","type":"product","link":"https:\/\/www.erresse-shop.it\/es\/shop\/cafe-es\/accesorios-es-3\/sage-the-puck-sucker\/","title":{"rendered":"SAGE The Puck Sucker"},"content":{"rendered":"<p><strong>Compatible con la serie Oracle y Dual Boiler de Sage<\/strong><br \/>\nSe adapta a los portafiltros Sage de 58mm.<\/p>\n<p><strong>Extracci\u00f3n al vac\u00edo f\u00e1cil y silenciosa<\/strong><br \/>\nUna ventosa que se activa autom\u00e1ticamente crea un vac\u00edo r\u00e1pido que libera forma silenciosa los posos de caf\u00e9 del portafiltro en una acci\u00f3n veloz.<\/p>\n<p><strong>Limpieza f\u00e1cil<\/strong><br \/>\nUna tapa de liberaci\u00f3n r\u00e1pida permite la eliminaci\u00f3n inmediata de los posos, combinada con un recipiente Tritan apto para lavavajillas con el que la limpieza resulta sencilla y f\u00e1cil.<\/p>\n<p><strong>Voltaje<\/strong><br \/>\n&#8211; Funcionamiento con pila de 9 V (incluida)<\/p>\n<p><strong>Caracter\u00edsticas adicionales<\/strong><br \/>\n&#8211; Activaci\u00f3n autom\u00e1tica<br \/>\n&#8211; Se adapta SOLO a los portafiltros Sage de 58 mm<br \/>\n&#8211; Recipiente Tritan apto para lavavajillas<br \/>\n&#8211; Capacidad para 10-12 dosis<br \/>\n&#8211; Bomba de vac\u00edo<br \/>\n&#8211; Incluye pila de 9 V<br \/>\n&#8211; Dise\u00f1o acanalado<br \/>\n&#8211; Base de goma antideslizante<br \/>\n&#8211; Recipiente transparente para gestionar la capacidad<\/p>\n","protected":false},"excerpt":{"rendered":"<p>Compatible con la serie Oracle y Dual Boiler de Sage Se adapta a los portafiltros Sage de 58mm. Extracci\u00f3n al<\/p>\n","protected":false},"featured_media":489092,"template":"","meta":{"_acf_changed":false,"inline_featured_image":false},"product_cat":[25357,25352,16076,16073],"product_tag":[23988,23574],"acf":[],"yoast_head":"<!-- This site is optimized with the Yoast SEO Premium plugin v18.6 (Yoast SEO v19.13) - https:\/\/yoast.com\/wordpress\/plugins\/seo\/ -->\n<title>SAGE The Puck Sucker - Erresse Shop<\/title>\n<meta name=\"description\" content=\"Compatible con la serie Oracle y Dual Boiler de Sage Se adapta a los portafiltros Sage de 58mm. Extracci\u00f3n al vac\u00edo f\u00e1cil y silenciosa Una ventosa que se\" \/>\n<meta name=\"robots\" content=\"index, follow, max-snippet:-1, max-image-preview:large, max-video-preview:-1\" \/>\n<link rel=\"canonical\" href=\"https:\/\/www.erresse-shop.it\/es\/shop\/cafe-es\/accesorios-es-3\/sage-the-puck-sucker\/\" \/>\n<meta property=\"og:locale\" content=\"es_ES\" \/>\n<meta property=\"og:type\" content=\"article\" \/>\n<meta property=\"og:title\" content=\"SAGE The Puck Sucker\" \/>\n<meta property=\"og:description\" content=\"Compatible con la serie Oracle y Dual Boiler de Sage Se adapta a los portafiltros Sage de 58mm. Extracci\u00f3n al vac\u00edo f\u00e1cil y silenciosa Una ventosa que se\" \/>\n<meta property=\"og:url\" content=\"https:\/\/www.erresse-shop.it\/es\/shop\/cafe-es\/accesorios-es-3\/sage-the-puck-sucker\/\" \/>\n<meta property=\"og:site_name\" content=\"Erresse Shop\" \/>\n<meta property=\"article:modified_time\" content=\"2023-02-27T11:01:46+00:00\" \/>\n<meta property=\"og:image\" content=\"https:\/\/www.erresse-shop.it\/wp-content\/uploads\/2023\/02\/SAGE-The-Push-Sucker.jpg\" \/>\n\t<meta property=\"og:image:width\" content=\"1300\" \/>\n\t<meta property=\"og:image:height\" content=\"1300\" \/>\n\t<meta property=\"og:image:type\" content=\"image\/jpeg\" \/>\n<meta name=\"twitter:card\" content=\"summary_large_image\" \/>\n<script type=\"application\/ld+json\" class=\"yoast-schema-graph\">{\"@context\":\"https:\/\/schema.org\",\"@graph\":[{\"@type\":\"WebPage\",\"@id\":\"https:\/\/www.erresse-shop.it\/es\/shop\/cafe-es\/accesorios-es-3\/sage-the-puck-sucker\/\",\"url\":\"https:\/\/www.erresse-shop.it\/es\/shop\/cafe-es\/accesorios-es-3\/sage-the-puck-sucker\/\",\"name\":\"SAGE The Puck Sucker - Erresse Shop\",\"isPartOf\":{\"@id\":\"https:\/\/www.erresse-shop.it\/es\/#website\"},\"datePublished\":\"2023-02-27T10:25:22+00:00\",\"dateModified\":\"2023-02-27T11:01:46+00:00\",\"description\":\"Compatible con la serie Oracle y Dual Boiler de Sage Se adapta a los portafiltros Sage de 58mm. Extracci\u00f3n al vac\u00edo f\u00e1cil y silenciosa Una ventosa que se\",\"breadcrumb\":{\"@id\":\"https:\/\/www.erresse-shop.it\/es\/shop\/cafe-es\/accesorios-es-3\/sage-the-puck-sucker\/#breadcrumb\"},\"inLanguage\":\"es\",\"potentialAction\":[{\"@type\":\"ReadAction\",\"target\":[\"https:\/\/www.erresse-shop.it\/es\/shop\/cafe-es\/accesorios-es-3\/sage-the-puck-sucker\/\"]}]},{\"@type\":\"BreadcrumbList\",\"@id\":\"https:\/\/www.erresse-shop.it\/es\/shop\/cafe-es\/accesorios-es-3\/sage-the-puck-sucker\/#breadcrumb\",\"itemListElement\":[{\"@type\":\"ListItem\",\"position\":1,\"name\":\"Home\",\"item\":\"https:\/\/www.erresse-shop.it\/es\/\"},{\"@type\":\"ListItem\",\"position\":2,\"name\":\"Shop\",\"item\":\"https:\/\/www.erresse-shop.it\/es\/shop\/\"},{\"@type\":\"ListItem\",\"position\":3,\"name\":\"SAGE The Puck Sucker\"}]},{\"@type\":\"WebSite\",\"@id\":\"https:\/\/www.erresse-shop.it\/es\/#website\",\"url\":\"https:\/\/www.erresse-shop.it\/es\/\",\"name\":\"Erresse Shop\",\"description\":\"Articoli di qualit\u00e0 per la casa\",\"potentialAction\":[{\"@type\":\"SearchAction\",\"target\":{\"@type\":\"EntryPoint\",\"urlTemplate\":\"https:\/\/www.erresse-shop.it\/es\/?s={search_term_string}\"},\"query-input\":\"required name=search_term_string\"}],\"inLanguage\":\"es\"}]}<\/script>\n<!-- \/ Yoast SEO Premium plugin. -->","yoast_head_json":{"title":"SAGE The Puck Sucker - Erresse Shop","description":"Compatible con la serie Oracle y Dual Boiler de Sage Se adapta a los portafiltros Sage de 58mm. Extracci\u00f3n al vac\u00edo f\u00e1cil y silenciosa Una ventosa que se","robots":{"index":"index","follow":"follow","max-snippet":"max-snippet:-1","max-image-preview":"max-image-preview:large","max-video-preview":"max-video-preview:-1"},"canonical":"https:\/\/www.erresse-shop.it\/es\/shop\/cafe-es\/accesorios-es-3\/sage-the-puck-sucker\/","og_locale":"es_ES","og_type":"article","og_title":"SAGE The Puck Sucker","og_description":"Compatible con la serie Oracle y Dual Boiler de Sage Se adapta a los portafiltros Sage de 58mm. Extracci\u00f3n al vac\u00edo f\u00e1cil y silenciosa Una ventosa que se","og_url":"https:\/\/www.erresse-shop.it\/es\/shop\/cafe-es\/accesorios-es-3\/sage-the-puck-sucker\/","og_site_name":"Erresse Shop","article_modified_time":"2023-02-27T11:01:46+00:00","og_image":[{"width":1300,"height":1300,"url":"https:\/\/www.erresse-shop.it\/wp-content\/uploads\/2023\/02\/SAGE-The-Push-Sucker.jpg","type":"image\/jpeg"}],"twitter_card":"summary_large_image","schema":{"@context":"https:\/\/schema.org","@graph":[{"@type":"WebPage","@id":"https:\/\/www.erresse-shop.it\/es\/shop\/cafe-es\/accesorios-es-3\/sage-the-puck-sucker\/","url":"https:\/\/www.erresse-shop.it\/es\/shop\/cafe-es\/accesorios-es-3\/sage-the-puck-sucker\/","name":"SAGE The Puck Sucker - Erresse Shop","isPartOf":{"@id":"https:\/\/www.erresse-shop.it\/es\/#website"},"datePublished":"2023-02-27T10:25:22+00:00","dateModified":"2023-02-27T11:01:46+00:00","description":"Compatible con la serie Oracle y Dual Boiler de Sage Se adapta a los portafiltros Sage de 58mm. Extracci\u00f3n al vac\u00edo f\u00e1cil y silenciosa Una ventosa que se","breadcrumb":{"@id":"https:\/\/www.erresse-shop.it\/es\/shop\/cafe-es\/accesorios-es-3\/sage-the-puck-sucker\/#breadcrumb"},"inLanguage":"es","potentialAction":[{"@type":"ReadAction","target":["https:\/\/www.erresse-shop.it\/es\/shop\/cafe-es\/accesorios-es-3\/sage-the-puck-sucker\/"]}]},{"@type":"BreadcrumbList","@id":"https:\/\/www.erresse-shop.it\/es\/shop\/cafe-es\/accesorios-es-3\/sage-the-puck-sucker\/#breadcrumb","itemListElement":[{"@type":"ListItem","position":1,"name":"Home","item":"https:\/\/www.erresse-shop.it\/es\/"},{"@type":"ListItem","position":2,"name":"Shop","item":"https:\/\/www.erresse-shop.it\/es\/shop\/"},{"@type":"ListItem","position":3,"name":"SAGE The Puck Sucker"}]},{"@type":"WebSite","@id":"https:\/\/www.erresse-shop.it\/es\/#website","url":"https:\/\/www.erresse-shop.it\/es\/","name":"Erresse Shop","description":"Articoli di qualit\u00e0 per la casa","potentialAction":[{"@type":"SearchAction","target":{"@type":"EntryPoint","urlTemplate":"https:\/\/www.erresse-shop.it\/es\/?s={search_term_string}"},"query-input":"required name=search_term_string"}],"inLanguage":"es"}]}},"df_price":89.9,"df_sale_price":89.9,"df_regular_price":89.9,"df_image_link":"https:\/\/www.erresse-shop.it\/wp-content\/uploads\/2023\/02\/SAGE-The-Puck-Sucker-300x300.jpg","_links":{"self":[{"href":"https:\/\/www.erresse-shop.it\/es\/wp-json\/wp\/v2\/product\/243567"}],"collection":[{"href":"https:\/\/www.erresse-shop.it\/es\/wp-json\/wp\/v2\/product"}],"about":[{"href":"https:\/\/www.erresse-shop.it\/es\/wp-json\/wp\/v2\/types\/product"}],"wp:featuredmedia":[{"embeddable":true,"href":"https:\/\/www.erresse-shop.it\/es\/wp-json\/wp\/v2\/media\/489092"}],"wp:attachment":[{"href":"https:\/\/www.erresse-shop.it\/es\/wp-json\/wp\/v2\/media?parent=243567"}],"wp:term":[{"taxonomy":"product_cat","embeddable":true,"href":"https:\/\/www.erresse-shop.it\/es\/wp-json\/wp\/v2\/product_cat?post=243567"},{"taxonomy":"product_tag","embeddable":true,"href":"https:\/\/www.erresse-shop.it\/es\/wp-json\/wp\/v2\/product_tag?post=243567"}],"curies":[{"name":"wp","href":"https:\/\/api.w.org\/{rel}","templated":true}]}}