{"id":242898,"date":"2023-02-24T14:36:06","date_gmt":"2023-02-24T14:36:13","guid":{"rendered":"https:\/\/www.erresse-shop.it\/?post_type=product&#038;p=242898"},"modified":"2023-02-24T15:07:09","modified_gmt":"2023-02-24T15:07:09","slug":"smeg-dolce-gabbana-exprimidor-de-citricos","status":"publish","type":"product","link":"https:\/\/www.erresse-shop.it\/es\/shop\/pequenos-electrodomesticos\/exprimidores\/smeg-dolce-gabbana-exprimidor-de-citricos\/","title":{"rendered":"SMEG Dolce &#038; Gabbana Exprimidor de C\u00edtricos"},"content":{"rendered":"<p>El <strong>exprimidor<\/strong> de c\u00edtricos el\u00e9ctrico CJF01 de Smeg es un instrumento que combina dise\u00f1o, fiabilidad y m\u00e1ximo rendimiento. Un exprimidor de c\u00edtricos para presumir, que le proporciona el placer de vivir en su cocina y entregarse al bienestar del zumo fresco de c\u00edtricos.<\/p>\n<p>Muchos puntos fuertes lo sit\u00faan entre los mejores de la gama.<\/p>\n<p>El exprimidor de c\u00edtricos <strong>Smeg<\/strong> est\u00e1 equipado con un potente motor de 70 W con sensor de encendido y apagado integrado, complementado con una bandeja de recogida de zumo y una boquilla antigoteo que impide que el zumo salga para evitar ensuciar la encimera de la cocina al final de su uso. La funcionalidad se ve reforzada por la facilidad de uso y limpieza: se incluye una tapa para proteger el producto del polvo cuando no se utiliza (tambi\u00e9n puede utilizarse como recipiente cuando el producto est\u00e1 en uso) y todos sus componentes son f\u00e1cilmente extra\u00edbles.<\/p>\n<p>La gama est\u00e1 enriquecida con materiales de alta calidad que ofrecen una seguridad \u00f3ptima, combinando tradici\u00f3n e innovaci\u00f3n: acero inoxidable y materiales anticorrosivos que conservan todo el sabor del zumo.<\/p>\n<p><strong>EST\u00c9TICA<\/strong><\/p>\n<p><strong>Dolce&amp;Gabbana<\/strong> y <strong>Smeg<\/strong> unen sus almas art\u00edsticas, creando dise\u00f1os <strong>Made in Italy<\/strong> \u00fanicos y originales, como <strong>Sicily is my Love<\/strong>. La nueva colecci\u00f3n de peque\u00f1os electrodom\u00e9sticos ha sido creada por Smeg con el dise\u00f1o de Matteo Bazzicalupo y Raffaella Mangiarotti (deepdesign) y la inconfundible creatividad de Dolce&amp;Gabbana.<\/p>\n<p><strong>Color:<\/strong> Decorado \/ Especial<br \/>\n<strong>Decoraci\u00f3n \/ Color especial:<\/strong> Sicily is my love<br \/>\n<strong>Acabado:<\/strong> Brillante<br \/>\n<strong>Est\u00e9tica:<\/strong> Estilo a\u00f1os 50<br \/>\n<strong>Serie:<\/strong> Sicily is my love<br \/>\n<strong>Colaboraciones:<\/strong> Smeg &amp; Dolce&amp;Gabbana<br \/>\n<strong>Color base:<\/strong> Cromo pulido<br \/>\n<strong>Color superior:<\/strong> Cromo pulido<br \/>\n<strong>Material del cuerpo:<\/strong> Acero<br \/>\n<strong>Material de la base:<\/strong> Pl\u00e1stico<br \/>\n<strong>Material parte superior:<\/strong> Acero<\/p>\n<p><strong>CARACTER\u00cdSTICAS T\u00c9CNICAS<\/strong><\/p>\n<ul>\n<li>Cono universal de acero inoxidable<\/li>\n<li>Filtro de acero inoxidable<\/li>\n<li>Cubierta antipolvo TritanTM<\/li>\n<li>Ca\u00f1o antigoteo de acero inoxidable<\/li>\n<li>Bandeja de goteo de TritanTM<\/li>\n<li>Compartimento interior de la bandeja cromado<\/li>\n<li>Compartimento integrado para el enrollacables<\/li>\n<li>Pies antideslizantes<\/li>\n<li>Potencia 70W<\/li>\n<li>Longitud del cable 1 m<\/li>\n<\/ul>\n<p><strong>ESPECIFICACIONES EL\u00c9CTRICAS<\/strong><\/p>\n<ul>\n<li>Tensi\u00f3n 220-240V &#8211; 50\/60 Hz<\/li>\n<\/ul>\n<p><strong>FUNCIONES<\/strong><\/p>\n<ul>\n<li>Encendido\/apagado autom\u00e1tico<\/li>\n<\/ul>\n<p><strong>No se vende fuera de Europa<\/strong><\/p>\n","protected":false},"excerpt":{"rendered":"<p>El exprimidor de c\u00edtricos el\u00e9ctrico CJF01 de Smeg es un instrumento que combina dise\u00f1o, fiabilidad y m\u00e1ximo rendimiento. Un exprimidor<\/p>\n","protected":false},"featured_media":457368,"template":"","meta":{"_acf_changed":false,"inline_featured_image":false},"product_cat":[16078,16073],"product_tag":[25183,16673,24682,16307,19969,25023],"acf":[],"yoast_head":"<!-- This site is optimized with the Yoast SEO Premium plugin v18.6 (Yoast SEO v19.13) - https:\/\/yoast.com\/wordpress\/plugins\/seo\/ -->\n<title>SMEG Dolce &amp; Gabbana Exprimidor de C\u00edtricos - Erresse Shop<\/title>\n<meta name=\"description\" content=\"El exprimidor de c\u00edtricos el\u00e9ctrico CJF01 de Smeg es un instrumento que combina dise\u00f1o, fiabilidad y m\u00e1ximo rendimiento. Un exprimidor de c\u00edtricos para\" \/>\n<meta name=\"robots\" content=\"index, follow, max-snippet:-1, max-image-preview:large, max-video-preview:-1\" \/>\n<link rel=\"canonical\" href=\"https:\/\/www.erresse-shop.it\/es\/shop\/pequenos-electrodomesticos\/exprimidores\/smeg-dolce-gabbana-exprimidor-de-citricos\/\" \/>\n<meta property=\"og:locale\" content=\"es_ES\" \/>\n<meta property=\"og:type\" content=\"article\" \/>\n<meta property=\"og:title\" content=\"SMEG Dolce &amp; Gabbana Exprimidor de C\u00edtricos\" \/>\n<meta property=\"og:description\" content=\"El exprimidor de c\u00edtricos el\u00e9ctrico CJF01 de Smeg es un instrumento que combina dise\u00f1o, fiabilidad y m\u00e1ximo rendimiento. Un exprimidor de c\u00edtricos para\" \/>\n<meta property=\"og:url\" content=\"https:\/\/www.erresse-shop.it\/es\/shop\/pequenos-electrodomesticos\/exprimidores\/smeg-dolce-gabbana-exprimidor-de-citricos\/\" \/>\n<meta property=\"og:site_name\" content=\"Erresse Shop\" \/>\n<meta property=\"article:modified_time\" content=\"2023-02-24T15:07:09+00:00\" \/>\n<meta property=\"og:image\" content=\"https:\/\/www.erresse-shop.it\/wp-content\/uploads\/2023\/02\/SMEG-Dolce-Gabbana-Spremiagrumi.png\" \/>\n\t<meta property=\"og:image:width\" content=\"800\" \/>\n\t<meta property=\"og:image:height\" content=\"800\" \/>\n\t<meta property=\"og:image:type\" content=\"image\/png\" \/>\n<meta name=\"twitter:card\" content=\"summary_large_image\" \/>\n<script type=\"application\/ld+json\" class=\"yoast-schema-graph\">{\"@context\":\"https:\/\/schema.org\",\"@graph\":[{\"@type\":\"WebPage\",\"@id\":\"https:\/\/www.erresse-shop.it\/es\/shop\/pequenos-electrodomesticos\/exprimidores\/smeg-dolce-gabbana-exprimidor-de-citricos\/\",\"url\":\"https:\/\/www.erresse-shop.it\/es\/shop\/pequenos-electrodomesticos\/exprimidores\/smeg-dolce-gabbana-exprimidor-de-citricos\/\",\"name\":\"SMEG Dolce & Gabbana Exprimidor de C\u00edtricos - Erresse Shop\",\"isPartOf\":{\"@id\":\"https:\/\/www.erresse-shop.it\/es\/#website\"},\"datePublished\":\"2023-02-24T14:36:13+00:00\",\"dateModified\":\"2023-02-24T15:07:09+00:00\",\"description\":\"El exprimidor de c\u00edtricos el\u00e9ctrico CJF01 de Smeg es un instrumento que combina dise\u00f1o, fiabilidad y m\u00e1ximo rendimiento. Un exprimidor de c\u00edtricos para\",\"breadcrumb\":{\"@id\":\"https:\/\/www.erresse-shop.it\/es\/shop\/pequenos-electrodomesticos\/exprimidores\/smeg-dolce-gabbana-exprimidor-de-citricos\/#breadcrumb\"},\"inLanguage\":\"es\",\"potentialAction\":[{\"@type\":\"ReadAction\",\"target\":[\"https:\/\/www.erresse-shop.it\/es\/shop\/pequenos-electrodomesticos\/exprimidores\/smeg-dolce-gabbana-exprimidor-de-citricos\/\"]}]},{\"@type\":\"BreadcrumbList\",\"@id\":\"https:\/\/www.erresse-shop.it\/es\/shop\/pequenos-electrodomesticos\/exprimidores\/smeg-dolce-gabbana-exprimidor-de-citricos\/#breadcrumb\",\"itemListElement\":[{\"@type\":\"ListItem\",\"position\":1,\"name\":\"Home\",\"item\":\"https:\/\/www.erresse-shop.it\/es\/\"},{\"@type\":\"ListItem\",\"position\":2,\"name\":\"Shop\",\"item\":\"https:\/\/www.erresse-shop.it\/es\/shop\/\"},{\"@type\":\"ListItem\",\"position\":3,\"name\":\"SMEG Dolce &#038; Gabbana Exprimidor de C\u00edtricos\"}]},{\"@type\":\"WebSite\",\"@id\":\"https:\/\/www.erresse-shop.it\/es\/#website\",\"url\":\"https:\/\/www.erresse-shop.it\/es\/\",\"name\":\"Erresse Shop\",\"description\":\"Articoli di qualit\u00e0 per la casa\",\"potentialAction\":[{\"@type\":\"SearchAction\",\"target\":{\"@type\":\"EntryPoint\",\"urlTemplate\":\"https:\/\/www.erresse-shop.it\/es\/?s={search_term_string}\"},\"query-input\":\"required name=search_term_string\"}],\"inLanguage\":\"es\"}]}<\/script>\n<!-- \/ Yoast SEO Premium plugin. -->","yoast_head_json":{"title":"SMEG Dolce & Gabbana Exprimidor de C\u00edtricos - Erresse Shop","description":"El exprimidor de c\u00edtricos el\u00e9ctrico CJF01 de Smeg es un instrumento que combina dise\u00f1o, fiabilidad y m\u00e1ximo rendimiento. Un exprimidor de c\u00edtricos para","robots":{"index":"index","follow":"follow","max-snippet":"max-snippet:-1","max-image-preview":"max-image-preview:large","max-video-preview":"max-video-preview:-1"},"canonical":"https:\/\/www.erresse-shop.it\/es\/shop\/pequenos-electrodomesticos\/exprimidores\/smeg-dolce-gabbana-exprimidor-de-citricos\/","og_locale":"es_ES","og_type":"article","og_title":"SMEG Dolce & Gabbana Exprimidor de C\u00edtricos","og_description":"El exprimidor de c\u00edtricos el\u00e9ctrico CJF01 de Smeg es un instrumento que combina dise\u00f1o, fiabilidad y m\u00e1ximo rendimiento. Un exprimidor de c\u00edtricos para","og_url":"https:\/\/www.erresse-shop.it\/es\/shop\/pequenos-electrodomesticos\/exprimidores\/smeg-dolce-gabbana-exprimidor-de-citricos\/","og_site_name":"Erresse Shop","article_modified_time":"2023-02-24T15:07:09+00:00","og_image":[{"width":800,"height":800,"url":"https:\/\/www.erresse-shop.it\/wp-content\/uploads\/2023\/02\/SMEG-Dolce-Gabbana-Spremiagrumi.png","type":"image\/png"}],"twitter_card":"summary_large_image","schema":{"@context":"https:\/\/schema.org","@graph":[{"@type":"WebPage","@id":"https:\/\/www.erresse-shop.it\/es\/shop\/pequenos-electrodomesticos\/exprimidores\/smeg-dolce-gabbana-exprimidor-de-citricos\/","url":"https:\/\/www.erresse-shop.it\/es\/shop\/pequenos-electrodomesticos\/exprimidores\/smeg-dolce-gabbana-exprimidor-de-citricos\/","name":"SMEG Dolce & Gabbana Exprimidor de C\u00edtricos - Erresse Shop","isPartOf":{"@id":"https:\/\/www.erresse-shop.it\/es\/#website"},"datePublished":"2023-02-24T14:36:13+00:00","dateModified":"2023-02-24T15:07:09+00:00","description":"El exprimidor de c\u00edtricos el\u00e9ctrico CJF01 de Smeg es un instrumento que combina dise\u00f1o, fiabilidad y m\u00e1ximo rendimiento. Un exprimidor de c\u00edtricos para","breadcrumb":{"@id":"https:\/\/www.erresse-shop.it\/es\/shop\/pequenos-electrodomesticos\/exprimidores\/smeg-dolce-gabbana-exprimidor-de-citricos\/#breadcrumb"},"inLanguage":"es","potentialAction":[{"@type":"ReadAction","target":["https:\/\/www.erresse-shop.it\/es\/shop\/pequenos-electrodomesticos\/exprimidores\/smeg-dolce-gabbana-exprimidor-de-citricos\/"]}]},{"@type":"BreadcrumbList","@id":"https:\/\/www.erresse-shop.it\/es\/shop\/pequenos-electrodomesticos\/exprimidores\/smeg-dolce-gabbana-exprimidor-de-citricos\/#breadcrumb","itemListElement":[{"@type":"ListItem","position":1,"name":"Home","item":"https:\/\/www.erresse-shop.it\/es\/"},{"@type":"ListItem","position":2,"name":"Shop","item":"https:\/\/www.erresse-shop.it\/es\/shop\/"},{"@type":"ListItem","position":3,"name":"SMEG Dolce &#038; Gabbana Exprimidor de C\u00edtricos"}]},{"@type":"WebSite","@id":"https:\/\/www.erresse-shop.it\/es\/#website","url":"https:\/\/www.erresse-shop.it\/es\/","name":"Erresse Shop","description":"Articoli di qualit\u00e0 per la casa","potentialAction":[{"@type":"SearchAction","target":{"@type":"EntryPoint","urlTemplate":"https:\/\/www.erresse-shop.it\/es\/?s={search_term_string}"},"query-input":"required name=search_term_string"}],"inLanguage":"es"}]}},"df_price":384.92999999999995,"df_sale_price":384.92999999999995,"df_regular_price":549.9,"df_image_link":"https:\/\/www.erresse-shop.it\/wp-content\/uploads\/2023\/02\/SMEG-Dolce-Gabbana-Spremiagrumi-1-300x300.jpg","_links":{"self":[{"href":"https:\/\/www.erresse-shop.it\/es\/wp-json\/wp\/v2\/product\/242898"}],"collection":[{"href":"https:\/\/www.erresse-shop.it\/es\/wp-json\/wp\/v2\/product"}],"about":[{"href":"https:\/\/www.erresse-shop.it\/es\/wp-json\/wp\/v2\/types\/product"}],"wp:featuredmedia":[{"embeddable":true,"href":"https:\/\/www.erresse-shop.it\/es\/wp-json\/wp\/v2\/media\/457368"}],"wp:attachment":[{"href":"https:\/\/www.erresse-shop.it\/es\/wp-json\/wp\/v2\/media?parent=242898"}],"wp:term":[{"taxonomy":"product_cat","embeddable":true,"href":"https:\/\/www.erresse-shop.it\/es\/wp-json\/wp\/v2\/product_cat?post=242898"},{"taxonomy":"product_tag","embeddable":true,"href":"https:\/\/www.erresse-shop.it\/es\/wp-json\/wp\/v2\/product_tag?post=242898"}],"curies":[{"name":"wp","href":"https:\/\/api.w.org\/{rel}","templated":true}]}}