{"id":242638,"date":"2023-02-24T08:29:38","date_gmt":"2023-02-24T08:29:38","guid":{"rendered":"https:\/\/www.erresse-shop.it\/shop\/sin categor\u00eda\/le-creuset-cocotte-every-de-hierro-fundido-18-cm-azure\/"},"modified":"2024-07-05T09:39:09","modified_gmt":"2024-07-05T09:39:09","slug":"le-creuset-cocotte-every-de-hierro-fundido-18-cm-azure","status":"publish","type":"product","link":"https:\/\/www.erresse-shop.it\/es\/shop\/sartenes-y-ollas\/marmitas-y-cocottes\/le-creuset-cocotte-every-de-hierro-fundido-18-cm-azure\/","title":{"rendered":"LE CREUSET Cocotte Every de hierro fundido 18 cm Azure"},"content":{"rendered":"<p><strong>Inspiraci\u00f3n japonesa<\/strong><br \/>\nEn Jap\u00f3n, despu\u00e9s de una comida, es costumbre exclamar &#8220;\u00a1Gochisousama deshita!&#8221;, expresi\u00f3n que significa &#8220;\u00a1Gracias por la estupenda comida!&#8221;. Dise\u00f1ada para dominar los fundamentos de la cocina japonesa del arroz, la Cocotte Every tiene una profundidad y una capacidad notables que le permitir\u00e1n preparar numerosas recetas. El fondo curvo, las paredes altas y la tapa abovedada maximizan la transferencia de calor para conseguir creaciones culinarias con un sabor extraordinario. Adem\u00e1s, su dise\u00f1o \u00fanico incluye una tapa interior de gres vitrificado para evitar que se escape el agua al cocinar arroz.<\/p>\n<ul>\n<li>Nuestro pomo resistente al calor (hasta 260 \u00b0C) est\u00e1 dise\u00f1ado para ofrecer un agarre excelente, incluso cuando se utiliza un agarrador para levantar la tapa.<\/li>\n<li>Versatilidad: este producto es apto para cocinas y hornos, incluso en modo grill.<\/li>\n<li>Alimentos sabrosos: el hierro fundido vitrificado retiene el calor para que la cocci\u00f3n y el dorado sean uniformes. Sus deliciosas creaciones se mantendr\u00e1n calientes durante m\u00e1s tiempo, incluso en la mesa.<\/li>\n<li>Conserva la suculencia: nuestra tapa retiene el vapor generado por la cocci\u00f3n de los alimentos y realza los sabores para unos resultados de cocci\u00f3n extraordinarios.<\/li>\n<li>Todo bajo control: gracias a unos separadores especiales a lo largo del borde, la tapa permite que la presi\u00f3n y el exceso de vapor salgan.<\/li>\n<li>No demasiado caliente: cocine con un calor constante de bajo a medio para cuidar su producto de hierro fundido vitrificado y conseguir resultados deliciosos.<\/li>\n<li>Sencillez sofisticada: dise\u00f1ada para cocinar el arroz a la perfecci\u00f3n, ocupando menos espacio en la cocina.<\/li>\n<li>Una para todos: fabricada en hierro fundido vitrificado, este producto incre\u00edblemente vers\u00e1til satisfar\u00e1 las necesidades de cocineros experimentados y principiantes para la preparaci\u00f3n de casi cualquier plato.<\/li>\n<li>La forma \u00fanica de la Cocotte Every llevar\u00e1 sus creaciones a nuevos niveles de sabor, tanto si prepara una sopa, una comida de una sola olla como si hornea pan.<\/li>\n<li>Mejora con el tiempo: el interior vitrificado desarrolla una p\u00e1tina natural que act\u00faa casi como una superficie antiadherente. Su acabado tiene propiedades que impiden que los alimentos se peguen incluso con peque\u00f1as cantidades de aceite. Lave el producto s\u00f3lo con agua para permitir que se desarrolle la p\u00e1tina.<\/li>\n<li>Los mejores de su clase: nuestros productos se elaboran con los mejores materiales en f\u00e1bricas de todo el mundo para garantizar la calidad que espera de Le Creuset.<\/li>\n<\/ul>\n<p>Material: hierro fundido vitrificado<br \/>\nFabricado en: Francia<br \/>\nGarant\u00eda: de por vida<\/p>\n<p><strong>Fuente de calor:<\/strong><\/p>\n<ul>\n<li>Horno<\/li>\n<li>Horno Modo Grill<\/li>\n<li>Placa El\u00e9ctrica<\/li>\n<li>Vitrocer\u00e1mica<\/li>\n<li>Placa de gas<\/li>\n<li>Placa de inducci\u00f3n<\/li>\n<\/ul>\n<p><strong>Limpieza y cuidados:<\/strong><\/p>\n<ul>\n<li>Espere a que el producto se enfr\u00ede antes de empezar a limpiarlo.<\/li>\n<li>Limpie los restos de comida de la base y los laterales del producto. Si hay comida pegada, llene el producto con agua tibia jabonosa y d\u00e9jelo en remojo durante 15-20 minutos antes de lavarlo como de costumbre.<\/li>\n<li>No utilice limpiadores abrasivos ni esponjas o cepillos met\u00e1licos muy duros en ninguna de las superficies.<\/li>\n<li>S\u00e9calo bien despu\u00e9s de lavarlo y gu\u00e1rdalo en un lugar seco.<\/li>\n<\/ul>\n<div class=\"su-youtube su-u-responsive-media-yes\"><iframe loading=\"lazy\" width=\"500\" height=\"200\" src=\"https:\/\/www.youtube.com\/embed\/YoiKOay1xos?\" frameborder=\"0\" allowfullscreen allow=\"autoplay; encrypted-media; picture-in-picture\" title=\"\"><\/iframe><\/div>\n","protected":false},"excerpt":{"rendered":"<p>Inspiraci\u00f3n japonesa En Jap\u00f3n, despu\u00e9s de una comida, es costumbre exclamar &#8220;\u00a1Gochisousama deshita!&#8221;, expresi\u00f3n que significa &#8220;\u00a1Gracias por la estupenda<\/p>\n","protected":false},"featured_media":242637,"template":"","meta":{"_acf_changed":false,"inline_featured_image":false},"product_cat":[16065,16058],"product_tag":[22341,16111,16211,16781,17104,16248,16158,22976],"acf":[],"yoast_head":"<!-- This site is optimized with the Yoast SEO Premium plugin v18.6 (Yoast SEO v19.13) - https:\/\/yoast.com\/wordpress\/plugins\/seo\/ -->\n<title>LE CREUSET Cocotte Every de hierro fundido 18 cm Azure - Erresse Shop<\/title>\n<meta name=\"description\" content=\"Inspiraci\u00f3n japonesa En Jap\u00f3n, despu\u00e9s de una comida, es costumbre exclamar &quot;\u00a1Gochisousama deshita!&quot;, expresi\u00f3n que significa &quot;\u00a1Gracias por la estupenda\" \/>\n<meta name=\"robots\" content=\"index, follow, max-snippet:-1, max-image-preview:large, max-video-preview:-1\" \/>\n<link rel=\"canonical\" href=\"https:\/\/www.erresse-shop.it\/es\/shop\/sartenes-y-ollas\/marmitas-y-cocottes\/le-creuset-cocotte-every-de-hierro-fundido-18-cm-azure\/\" \/>\n<meta property=\"og:locale\" content=\"es_ES\" \/>\n<meta property=\"og:type\" content=\"article\" \/>\n<meta property=\"og:title\" content=\"LE CREUSET Cocotte Every de hierro fundido 18 cm Azure\" \/>\n<meta property=\"og:description\" content=\"Inspiraci\u00f3n japonesa En Jap\u00f3n, despu\u00e9s de una comida, es costumbre exclamar &quot;\u00a1Gochisousama deshita!&quot;, expresi\u00f3n que significa &quot;\u00a1Gracias por la estupenda\" \/>\n<meta property=\"og:url\" content=\"https:\/\/www.erresse-shop.it\/es\/shop\/sartenes-y-ollas\/marmitas-y-cocottes\/le-creuset-cocotte-every-de-hierro-fundido-18-cm-azure\/\" \/>\n<meta property=\"og:site_name\" content=\"Erresse Shop\" \/>\n<meta property=\"article:modified_time\" content=\"2024-07-05T09:39:09+00:00\" \/>\n<meta property=\"og:image\" content=\"https:\/\/www.erresse-shop.it\/wp-content\/uploads\/2023\/02\/LE-CREUSET-Cocotte-Every-in-Ghisa-18-cm-Azure.jpg\" \/>\n\t<meta property=\"og:image:width\" content=\"800\" \/>\n\t<meta property=\"og:image:height\" content=\"800\" \/>\n\t<meta property=\"og:image:type\" content=\"image\/jpeg\" \/>\n<meta name=\"twitter:card\" content=\"summary_large_image\" \/>\n<script type=\"application\/ld+json\" class=\"yoast-schema-graph\">{\"@context\":\"https:\/\/schema.org\",\"@graph\":[{\"@type\":\"WebPage\",\"@id\":\"https:\/\/www.erresse-shop.it\/es\/shop\/sartenes-y-ollas\/marmitas-y-cocottes\/le-creuset-cocotte-every-de-hierro-fundido-18-cm-azure\/\",\"url\":\"https:\/\/www.erresse-shop.it\/es\/shop\/sartenes-y-ollas\/marmitas-y-cocottes\/le-creuset-cocotte-every-de-hierro-fundido-18-cm-azure\/\",\"name\":\"LE CREUSET Cocotte Every de hierro fundido 18 cm Azure - Erresse Shop\",\"isPartOf\":{\"@id\":\"https:\/\/www.erresse-shop.it\/es\/#website\"},\"datePublished\":\"2023-02-24T08:29:38+00:00\",\"dateModified\":\"2024-07-05T09:39:09+00:00\",\"description\":\"Inspiraci\u00f3n japonesa En Jap\u00f3n, despu\u00e9s de una comida, es costumbre exclamar \\\"\u00a1Gochisousama deshita!\\\", expresi\u00f3n que significa \\\"\u00a1Gracias por la estupenda\",\"breadcrumb\":{\"@id\":\"https:\/\/www.erresse-shop.it\/es\/shop\/sartenes-y-ollas\/marmitas-y-cocottes\/le-creuset-cocotte-every-de-hierro-fundido-18-cm-azure\/#breadcrumb\"},\"inLanguage\":\"es\",\"potentialAction\":[{\"@type\":\"ReadAction\",\"target\":[\"https:\/\/www.erresse-shop.it\/es\/shop\/sartenes-y-ollas\/marmitas-y-cocottes\/le-creuset-cocotte-every-de-hierro-fundido-18-cm-azure\/\"]}]},{\"@type\":\"BreadcrumbList\",\"@id\":\"https:\/\/www.erresse-shop.it\/es\/shop\/sartenes-y-ollas\/marmitas-y-cocottes\/le-creuset-cocotte-every-de-hierro-fundido-18-cm-azure\/#breadcrumb\",\"itemListElement\":[{\"@type\":\"ListItem\",\"position\":1,\"name\":\"Home\",\"item\":\"https:\/\/www.erresse-shop.it\/es\/\"},{\"@type\":\"ListItem\",\"position\":2,\"name\":\"Shop\",\"item\":\"https:\/\/www.erresse-shop.it\/es\/shop\/\"},{\"@type\":\"ListItem\",\"position\":3,\"name\":\"LE CREUSET Cocotte Every de hierro fundido 18 cm Azure\"}]},{\"@type\":\"WebSite\",\"@id\":\"https:\/\/www.erresse-shop.it\/es\/#website\",\"url\":\"https:\/\/www.erresse-shop.it\/es\/\",\"name\":\"Erresse Shop\",\"description\":\"Articoli di qualit\u00e0 per la casa\",\"potentialAction\":[{\"@type\":\"SearchAction\",\"target\":{\"@type\":\"EntryPoint\",\"urlTemplate\":\"https:\/\/www.erresse-shop.it\/es\/?s={search_term_string}\"},\"query-input\":\"required name=search_term_string\"}],\"inLanguage\":\"es\"}]}<\/script>\n<!-- \/ Yoast SEO Premium plugin. -->","yoast_head_json":{"title":"LE CREUSET Cocotte Every de hierro fundido 18 cm Azure - Erresse Shop","description":"Inspiraci\u00f3n japonesa En Jap\u00f3n, despu\u00e9s de una comida, es costumbre exclamar \"\u00a1Gochisousama deshita!\", expresi\u00f3n que significa \"\u00a1Gracias por la estupenda","robots":{"index":"index","follow":"follow","max-snippet":"max-snippet:-1","max-image-preview":"max-image-preview:large","max-video-preview":"max-video-preview:-1"},"canonical":"https:\/\/www.erresse-shop.it\/es\/shop\/sartenes-y-ollas\/marmitas-y-cocottes\/le-creuset-cocotte-every-de-hierro-fundido-18-cm-azure\/","og_locale":"es_ES","og_type":"article","og_title":"LE CREUSET Cocotte Every de hierro fundido 18 cm Azure","og_description":"Inspiraci\u00f3n japonesa En Jap\u00f3n, despu\u00e9s de una comida, es costumbre exclamar \"\u00a1Gochisousama deshita!\", expresi\u00f3n que significa \"\u00a1Gracias por la estupenda","og_url":"https:\/\/www.erresse-shop.it\/es\/shop\/sartenes-y-ollas\/marmitas-y-cocottes\/le-creuset-cocotte-every-de-hierro-fundido-18-cm-azure\/","og_site_name":"Erresse Shop","article_modified_time":"2024-07-05T09:39:09+00:00","og_image":[{"width":800,"height":800,"url":"https:\/\/www.erresse-shop.it\/wp-content\/uploads\/2023\/02\/LE-CREUSET-Cocotte-Every-in-Ghisa-18-cm-Azure.jpg","type":"image\/jpeg"}],"twitter_card":"summary_large_image","schema":{"@context":"https:\/\/schema.org","@graph":[{"@type":"WebPage","@id":"https:\/\/www.erresse-shop.it\/es\/shop\/sartenes-y-ollas\/marmitas-y-cocottes\/le-creuset-cocotte-every-de-hierro-fundido-18-cm-azure\/","url":"https:\/\/www.erresse-shop.it\/es\/shop\/sartenes-y-ollas\/marmitas-y-cocottes\/le-creuset-cocotte-every-de-hierro-fundido-18-cm-azure\/","name":"LE CREUSET Cocotte Every de hierro fundido 18 cm Azure - Erresse Shop","isPartOf":{"@id":"https:\/\/www.erresse-shop.it\/es\/#website"},"datePublished":"2023-02-24T08:29:38+00:00","dateModified":"2024-07-05T09:39:09+00:00","description":"Inspiraci\u00f3n japonesa En Jap\u00f3n, despu\u00e9s de una comida, es costumbre exclamar \"\u00a1Gochisousama deshita!\", expresi\u00f3n que significa \"\u00a1Gracias por la estupenda","breadcrumb":{"@id":"https:\/\/www.erresse-shop.it\/es\/shop\/sartenes-y-ollas\/marmitas-y-cocottes\/le-creuset-cocotte-every-de-hierro-fundido-18-cm-azure\/#breadcrumb"},"inLanguage":"es","potentialAction":[{"@type":"ReadAction","target":["https:\/\/www.erresse-shop.it\/es\/shop\/sartenes-y-ollas\/marmitas-y-cocottes\/le-creuset-cocotte-every-de-hierro-fundido-18-cm-azure\/"]}]},{"@type":"BreadcrumbList","@id":"https:\/\/www.erresse-shop.it\/es\/shop\/sartenes-y-ollas\/marmitas-y-cocottes\/le-creuset-cocotte-every-de-hierro-fundido-18-cm-azure\/#breadcrumb","itemListElement":[{"@type":"ListItem","position":1,"name":"Home","item":"https:\/\/www.erresse-shop.it\/es\/"},{"@type":"ListItem","position":2,"name":"Shop","item":"https:\/\/www.erresse-shop.it\/es\/shop\/"},{"@type":"ListItem","position":3,"name":"LE CREUSET Cocotte Every de hierro fundido 18 cm Azure"}]},{"@type":"WebSite","@id":"https:\/\/www.erresse-shop.it\/es\/#website","url":"https:\/\/www.erresse-shop.it\/es\/","name":"Erresse Shop","description":"Articoli di qualit\u00e0 per la casa","potentialAction":[{"@type":"SearchAction","target":{"@type":"EntryPoint","urlTemplate":"https:\/\/www.erresse-shop.it\/es\/?s={search_term_string}"},"query-input":"required name=search_term_string"}],"inLanguage":"es"}]}},"df_price":110.25,"df_sale_price":110.25,"df_regular_price":245,"df_image_link":"https:\/\/www.erresse-shop.it\/wp-content\/uploads\/2023\/02\/LE-CREUSET-Cocotte-Every-in-Ghisa-18-cm-Azure-300x300.jpg","_links":{"self":[{"href":"https:\/\/www.erresse-shop.it\/es\/wp-json\/wp\/v2\/product\/242638"}],"collection":[{"href":"https:\/\/www.erresse-shop.it\/es\/wp-json\/wp\/v2\/product"}],"about":[{"href":"https:\/\/www.erresse-shop.it\/es\/wp-json\/wp\/v2\/types\/product"}],"wp:featuredmedia":[{"embeddable":true,"href":"https:\/\/www.erresse-shop.it\/es\/wp-json\/wp\/v2\/media\/242637"}],"wp:attachment":[{"href":"https:\/\/www.erresse-shop.it\/es\/wp-json\/wp\/v2\/media?parent=242638"}],"wp:term":[{"taxonomy":"product_cat","embeddable":true,"href":"https:\/\/www.erresse-shop.it\/es\/wp-json\/wp\/v2\/product_cat?post=242638"},{"taxonomy":"product_tag","embeddable":true,"href":"https:\/\/www.erresse-shop.it\/es\/wp-json\/wp\/v2\/product_tag?post=242638"}],"curies":[{"name":"wp","href":"https:\/\/api.w.org\/{rel}","templated":true}]}}