{"id":242379,"date":"2023-02-23T15:31:37","date_gmt":"2023-02-23T15:31:41","guid":{"rendered":"https:\/\/www.erresse-shop.it\/?post_type=product&#038;p=242379"},"modified":"2024-06-11T00:02:56","modified_gmt":"2024-06-11T00:02:56","slug":"sage-the-barista-touch-trufa-negra","status":"publish","type":"product","link":"https:\/\/www.erresse-shop.it\/es\/shop\/pequenos-electrodomesticos\/maquinas-de-cafe\/automatico\/sage-the-barista-touch-trufa-negra\/","title":{"rendered":"SAGE The Barista Touch Trufa Negra"},"content":{"rendered":"<p>Un gran caf\u00e9, al igual que en el bar, con la m\u00e1xima sencillez. Disfrute de un caf\u00e9 de tercera generaci\u00f3n en la comodidad de su hogar, siempre que lo desee, gracias a un rendimiento profesional combinado con una nueva pantalla t\u00e1ctil intuitiva que incluye un men\u00fa de caf\u00e9 preprogramado y espuma de leche autom\u00e1tica. Todo en una m\u00e1quina compacta.<\/p>\n<p><strong>Inteligente, autom\u00e1tico y personalizable<\/strong><br \/>\nGracias al manejo intuitivo de la pantalla t\u00e1ctil, preparar su caf\u00e9 favorito nunca ha sido tan f\u00e1cil. S\u00f3lo se necesitan tres pasos: moler, extraer y espumar la leche. Puede ajustar f\u00e1cilmente la intensidad del caf\u00e9, la espuma de leche y la temperatura para adaptarla a su gusto, y luego guardar los ajustes con su nombre. Puedes crear y guardar hasta 8 caf\u00e9s personalizados.<\/p>\n<p><strong>Espumado autom\u00e1tico de leche<\/strong><br \/>\nLa varilla de vapor autom\u00e1tica permite personalizar la espuma y la temperatura de la leche, lo que da lugar a una espuma de microburbujas como en una cafeter\u00eda, que realza el aroma del caf\u00e9 y es esencial para el arte del latte.<\/p>\n<p><strong>Calentamiento m\u00e1s r\u00e1pido<\/strong><br \/>\nEl innovador sistema de calentamiento ThermoJet\u00ae alcanza la temperatura ideal de extracci\u00f3n en s\u00f3lo 3 segundos. Ya no hay que esperar para disfrutar de una gran taza de caf\u00e9.<\/p>\n<p><strong>Extracci\u00f3n precisa<\/strong><br \/>\nEl control digital de la temperatura (PID) suministra agua a la temperatura correcta, garantizando una extracci\u00f3n \u00f3ptima de su espresso.<\/p>\n<p><strong>Molinillo de caf\u00e9 integrado<\/strong><br \/>\nCon un solo toque, el molinillo de caf\u00e9 c\u00f3nico integrado con control de dosis proporciona la cantidad correcta de caf\u00e9 para obtener el mejor aroma. Dosificaci\u00f3n y grado de molienda ajustables.<\/p>\n<p><strong>Molienda sin manos<\/strong><br \/>\nEl innovador portafiltro permite moler el caf\u00e9 directamente en el portafiltro.<\/p>\n<p>Dimensiones (ancho x fondo x alto): 31 x 32,5 x 40 cm<br \/>\nPotencia: 1680 W<br \/>\nMaterial: Acero inoxidable cepillado Dep\u00f3sito de agua sin BPA<br \/>\nCapacidad del portaplumillas: 250 gramos<br \/>\nCapacidad del dep\u00f3sito de agua: 2 litros<br \/>\nTensi\u00f3n: 220\/240 V<\/p>\n<p><strong>Ajustes:<\/strong><\/p>\n<ul>\n<li>Manejo a trav\u00e9s de la pantalla t\u00e1ctil<\/li>\n<li>5 ajustes favoritos preprogramados<\/li>\n<li>Crear, guardar y nombrar 8 ajustes personalizables<\/li>\n<li>Control de molienda ajustable<\/li>\n<li>Temperatura y espuma de leche programables<\/li>\n<li>Caf\u00e9 espresso simple o doble<\/li>\n<li>Agua caliente<\/li>\n<li>Molinillo de caf\u00e9 integrado<\/li>\n<li>Molinillo de caf\u00e9 c\u00f3nico de acero inoxidable integrado<\/li>\n<li>Sistema de calentamiento ThermoJet: El innovador sistema de calentamiento alcanza la temperatura \u00f3ptima de extracci\u00f3n en 3 segundos<\/li>\n<\/ul>\n<p>Funci\u00f3n de pre-infusi\u00f3n: Esta funci\u00f3n aumenta gradualmente la presi\u00f3n del agua para expandir suavemente el caf\u00e9 molido y asegurar una extracci\u00f3n uniforme<\/p>\n<p><strong>Accesorios incluidos:<\/strong><\/p>\n<ul>\n<li>Soporte de filtro de acero inoxidable de 54 mm<\/li>\n<li>Filtros de pared simple y doble<\/li>\n<li>Jarra de leche de acero inoxidable de 480 ml<\/li>\n<li>Filtro de agua ClaroSwiss<\/li>\n<li>Prensador integrado<\/li>\n<li>La herramienta de dosificaci\u00f3n de precisi\u00f3n Razor\u2122<\/li>\n<li>Kit de limpieza<\/li>\n<li>Tira reactiva de dureza del agua<\/li>\n<\/ul>\n","protected":false},"excerpt":{"rendered":"<p>Un gran caf\u00e9, al igual que en el bar, con la m\u00e1xima sencillez. Disfrute de un caf\u00e9 de tercera generaci\u00f3n<\/p>\n","protected":false},"featured_media":462679,"template":"","meta":{"_acf_changed":false,"inline_featured_image":false},"product_cat":[25362,16076,16073],"product_tag":[23574,16307,23570,16395],"acf":[],"yoast_head":"<!-- This site is optimized with the Yoast SEO Premium plugin v18.6 (Yoast SEO v19.13) - https:\/\/yoast.com\/wordpress\/plugins\/seo\/ -->\n<title>SAGE The Barista Touch Trufa Negra - Erresse Shop<\/title>\n<meta name=\"description\" content=\"Un gran caf\u00e9, al igual que en el bar, con la m\u00e1xima sencillez. Disfrute de un caf\u00e9 de tercera generaci\u00f3n en la comodidad de su hogar, siempre que lo\" \/>\n<meta name=\"robots\" content=\"index, follow, max-snippet:-1, max-image-preview:large, max-video-preview:-1\" \/>\n<link rel=\"canonical\" href=\"https:\/\/www.erresse-shop.it\/es\/shop\/pequenos-electrodomesticos\/maquinas-de-cafe\/automatico\/sage-the-barista-touch-trufa-negra\/\" \/>\n<meta property=\"og:locale\" content=\"es_ES\" \/>\n<meta property=\"og:type\" content=\"article\" \/>\n<meta property=\"og:title\" content=\"SAGE The Barista Touch Trufa Negra\" \/>\n<meta property=\"og:description\" content=\"Un gran caf\u00e9, al igual que en el bar, con la m\u00e1xima sencillez. Disfrute de un caf\u00e9 de tercera generaci\u00f3n en la comodidad de su hogar, siempre que lo\" \/>\n<meta property=\"og:url\" content=\"https:\/\/www.erresse-shop.it\/es\/shop\/pequenos-electrodomesticos\/maquinas-de-cafe\/automatico\/sage-the-barista-touch-trufa-negra\/\" \/>\n<meta property=\"og:site_name\" content=\"Erresse Shop\" \/>\n<meta property=\"article:modified_time\" content=\"2024-06-11T00:02:56+00:00\" \/>\n<meta property=\"og:image\" content=\"https:\/\/www.erresse-shop.it\/wp-content\/uploads\/2023\/02\/SAGE-The-Barista-Touch-Black-Truffle.jpg\" \/>\n\t<meta property=\"og:image:width\" content=\"1300\" \/>\n\t<meta property=\"og:image:height\" content=\"1300\" \/>\n\t<meta property=\"og:image:type\" content=\"image\/jpeg\" \/>\n<meta name=\"twitter:card\" content=\"summary_large_image\" \/>\n<script type=\"application\/ld+json\" class=\"yoast-schema-graph\">{\"@context\":\"https:\/\/schema.org\",\"@graph\":[{\"@type\":\"WebPage\",\"@id\":\"https:\/\/www.erresse-shop.it\/es\/shop\/pequenos-electrodomesticos\/maquinas-de-cafe\/automatico\/sage-the-barista-touch-trufa-negra\/\",\"url\":\"https:\/\/www.erresse-shop.it\/es\/shop\/pequenos-electrodomesticos\/maquinas-de-cafe\/automatico\/sage-the-barista-touch-trufa-negra\/\",\"name\":\"SAGE The Barista Touch Trufa Negra - Erresse Shop\",\"isPartOf\":{\"@id\":\"https:\/\/www.erresse-shop.it\/es\/#website\"},\"datePublished\":\"2023-02-23T15:31:41+00:00\",\"dateModified\":\"2024-06-11T00:02:56+00:00\",\"description\":\"Un gran caf\u00e9, al igual que en el bar, con la m\u00e1xima sencillez. Disfrute de un caf\u00e9 de tercera generaci\u00f3n en la comodidad de su hogar, siempre que lo\",\"breadcrumb\":{\"@id\":\"https:\/\/www.erresse-shop.it\/es\/shop\/pequenos-electrodomesticos\/maquinas-de-cafe\/automatico\/sage-the-barista-touch-trufa-negra\/#breadcrumb\"},\"inLanguage\":\"es\",\"potentialAction\":[{\"@type\":\"ReadAction\",\"target\":[\"https:\/\/www.erresse-shop.it\/es\/shop\/pequenos-electrodomesticos\/maquinas-de-cafe\/automatico\/sage-the-barista-touch-trufa-negra\/\"]}]},{\"@type\":\"BreadcrumbList\",\"@id\":\"https:\/\/www.erresse-shop.it\/es\/shop\/pequenos-electrodomesticos\/maquinas-de-cafe\/automatico\/sage-the-barista-touch-trufa-negra\/#breadcrumb\",\"itemListElement\":[{\"@type\":\"ListItem\",\"position\":1,\"name\":\"Home\",\"item\":\"https:\/\/www.erresse-shop.it\/es\/\"},{\"@type\":\"ListItem\",\"position\":2,\"name\":\"Shop\",\"item\":\"https:\/\/www.erresse-shop.it\/es\/shop\/\"},{\"@type\":\"ListItem\",\"position\":3,\"name\":\"SAGE The Barista Touch Trufa Negra\"}]},{\"@type\":\"WebSite\",\"@id\":\"https:\/\/www.erresse-shop.it\/es\/#website\",\"url\":\"https:\/\/www.erresse-shop.it\/es\/\",\"name\":\"Erresse Shop\",\"description\":\"Articoli di qualit\u00e0 per la casa\",\"potentialAction\":[{\"@type\":\"SearchAction\",\"target\":{\"@type\":\"EntryPoint\",\"urlTemplate\":\"https:\/\/www.erresse-shop.it\/es\/?s={search_term_string}\"},\"query-input\":\"required name=search_term_string\"}],\"inLanguage\":\"es\"}]}<\/script>\n<!-- \/ Yoast SEO Premium plugin. -->","yoast_head_json":{"title":"SAGE The Barista Touch Trufa Negra - Erresse Shop","description":"Un gran caf\u00e9, al igual que en el bar, con la m\u00e1xima sencillez. Disfrute de un caf\u00e9 de tercera generaci\u00f3n en la comodidad de su hogar, siempre que lo","robots":{"index":"index","follow":"follow","max-snippet":"max-snippet:-1","max-image-preview":"max-image-preview:large","max-video-preview":"max-video-preview:-1"},"canonical":"https:\/\/www.erresse-shop.it\/es\/shop\/pequenos-electrodomesticos\/maquinas-de-cafe\/automatico\/sage-the-barista-touch-trufa-negra\/","og_locale":"es_ES","og_type":"article","og_title":"SAGE The Barista Touch Trufa Negra","og_description":"Un gran caf\u00e9, al igual que en el bar, con la m\u00e1xima sencillez. Disfrute de un caf\u00e9 de tercera generaci\u00f3n en la comodidad de su hogar, siempre que lo","og_url":"https:\/\/www.erresse-shop.it\/es\/shop\/pequenos-electrodomesticos\/maquinas-de-cafe\/automatico\/sage-the-barista-touch-trufa-negra\/","og_site_name":"Erresse Shop","article_modified_time":"2024-06-11T00:02:56+00:00","og_image":[{"width":1300,"height":1300,"url":"https:\/\/www.erresse-shop.it\/wp-content\/uploads\/2023\/02\/SAGE-The-Barista-Touch-Black-Truffle.jpg","type":"image\/jpeg"}],"twitter_card":"summary_large_image","schema":{"@context":"https:\/\/schema.org","@graph":[{"@type":"WebPage","@id":"https:\/\/www.erresse-shop.it\/es\/shop\/pequenos-electrodomesticos\/maquinas-de-cafe\/automatico\/sage-the-barista-touch-trufa-negra\/","url":"https:\/\/www.erresse-shop.it\/es\/shop\/pequenos-electrodomesticos\/maquinas-de-cafe\/automatico\/sage-the-barista-touch-trufa-negra\/","name":"SAGE The Barista Touch Trufa Negra - Erresse Shop","isPartOf":{"@id":"https:\/\/www.erresse-shop.it\/es\/#website"},"datePublished":"2023-02-23T15:31:41+00:00","dateModified":"2024-06-11T00:02:56+00:00","description":"Un gran caf\u00e9, al igual que en el bar, con la m\u00e1xima sencillez. Disfrute de un caf\u00e9 de tercera generaci\u00f3n en la comodidad de su hogar, siempre que lo","breadcrumb":{"@id":"https:\/\/www.erresse-shop.it\/es\/shop\/pequenos-electrodomesticos\/maquinas-de-cafe\/automatico\/sage-the-barista-touch-trufa-negra\/#breadcrumb"},"inLanguage":"es","potentialAction":[{"@type":"ReadAction","target":["https:\/\/www.erresse-shop.it\/es\/shop\/pequenos-electrodomesticos\/maquinas-de-cafe\/automatico\/sage-the-barista-touch-trufa-negra\/"]}]},{"@type":"BreadcrumbList","@id":"https:\/\/www.erresse-shop.it\/es\/shop\/pequenos-electrodomesticos\/maquinas-de-cafe\/automatico\/sage-the-barista-touch-trufa-negra\/#breadcrumb","itemListElement":[{"@type":"ListItem","position":1,"name":"Home","item":"https:\/\/www.erresse-shop.it\/es\/"},{"@type":"ListItem","position":2,"name":"Shop","item":"https:\/\/www.erresse-shop.it\/es\/shop\/"},{"@type":"ListItem","position":3,"name":"SAGE The Barista Touch Trufa Negra"}]},{"@type":"WebSite","@id":"https:\/\/www.erresse-shop.it\/es\/#website","url":"https:\/\/www.erresse-shop.it\/es\/","name":"Erresse Shop","description":"Articoli di qualit\u00e0 per la casa","potentialAction":[{"@type":"SearchAction","target":{"@type":"EntryPoint","urlTemplate":"https:\/\/www.erresse-shop.it\/es\/?s={search_term_string}"},"query-input":"required name=search_term_string"}],"inLanguage":"es"}]}},"df_price":1099.95,"df_sale_price":1099.95,"df_regular_price":1249.9,"df_image_link":"https:\/\/www.erresse-shop.it\/wp-content\/uploads\/2023\/02\/SAGE-The-Barista-Touch-Tartufo-Nero-300x300.jpg","_links":{"self":[{"href":"https:\/\/www.erresse-shop.it\/es\/wp-json\/wp\/v2\/product\/242379"}],"collection":[{"href":"https:\/\/www.erresse-shop.it\/es\/wp-json\/wp\/v2\/product"}],"about":[{"href":"https:\/\/www.erresse-shop.it\/es\/wp-json\/wp\/v2\/types\/product"}],"wp:featuredmedia":[{"embeddable":true,"href":"https:\/\/www.erresse-shop.it\/es\/wp-json\/wp\/v2\/media\/462679"}],"wp:attachment":[{"href":"https:\/\/www.erresse-shop.it\/es\/wp-json\/wp\/v2\/media?parent=242379"}],"wp:term":[{"taxonomy":"product_cat","embeddable":true,"href":"https:\/\/www.erresse-shop.it\/es\/wp-json\/wp\/v2\/product_cat?post=242379"},{"taxonomy":"product_tag","embeddable":true,"href":"https:\/\/www.erresse-shop.it\/es\/wp-json\/wp\/v2\/product_tag?post=242379"}],"curies":[{"name":"wp","href":"https:\/\/api.w.org\/{rel}","templated":true}]}}