{"id":242327,"date":"2023-02-23T15:06:56","date_gmt":"2023-02-23T15:07:07","guid":{"rendered":"https:\/\/www.erresse-shop.it\/?post_type=product&#038;p=242327"},"modified":"2024-06-11T00:03:01","modified_gmt":"2024-06-11T00:03:01","slug":"sage-the-bambino-trufa-negra","status":"publish","type":"product","link":"https:\/\/www.erresse-shop.it\/es\/shop\/pequenos-electrodomesticos\/maquinas-de-cafe\/manual-es\/sage-the-bambino-trufa-negra\/","title":{"rendered":"SAGE The Bambino Trufa Negra"},"content":{"rendered":"<p><strong>CAF\u00c9 DE CALIDAD EN UN FORMATO COMPACTO<\/strong><br \/>\nCuando se trata de caf\u00e9 de calidad, The Bambino no hace concesiones. Con su portafiltro de 54 mm con una capacidad de 18 gramos y la espuma de leche a trav\u00e9s de una potente varilla de vapor Thermojet, prepara un gran caf\u00e9 con un aroma con mucho cuerpo, igual que las m\u00e1quinas profesionales. Con un tiempo de calentamiento de s\u00f3lo 3 segundos y una extracci\u00f3n precisa, pasar\u00e1 del grano a la taza m\u00e1s r\u00e1pido que nunca. Como en su cafeter\u00eda favorita.<\/p>\n<p><strong>CALENTAMIENTO M\u00c1S R\u00c1PIDO<\/strong><br \/>\nEl innovador sistema de calentamiento ThermoJet\u00ae alcanza la temperatura ideal de extracci\u00f3n en s\u00f3lo 3 segundos. Ya no hay que esperar para disfrutar de una gran taza de caf\u00e9.<\/p>\n<p><strong>18 GRAMOS DE CAF\u00c9 PARA UN AROMA CON CUERPO<\/strong><br \/>\nLa cantidad correcta de caf\u00e9 en polvo es la base de un espresso equilibrado. El portafiltro de 54 mm con su capacidad de 18 gramos es la clave para un caf\u00e9 de tercera generaci\u00f3n sabroso y equilibrado.<\/p>\n<p><strong>UN BUEN ESPRESSO CON CUERPO<\/strong><br \/>\nComo el sistema de calefacci\u00f3n se enjuaga autom\u00e1ticamente despu\u00e9s de suministrar el vapor, el espresso se suministra siempre a la temperatura correcta.<\/p>\n<p><strong>Garant\u00eda:<\/strong> 2 a\u00f1os<br \/>\n<strong>Materiales de construcci\u00f3n:<\/strong> Acero inoxidable<br \/>\n<strong>Capacidad del dep\u00f3sito de agua:<\/strong> 1,4 l<br \/>\n<strong>Ajustes Panel de control:<\/strong> 1 taza, 2 tazas, agua caliente y vapor<br \/>\n<strong>Temperatura y nivel de espuma de leche ajustables<\/strong><\/p>\n<p><strong>Accesorios incluidos:<\/strong><\/p>\n<ul>\n<li>Filtros de pared simple de 1 y 2 tazas<\/li>\n<li>Filtros de doble pared de 1 y 2 tazas<\/li>\n<li>Jarra de leche de acero inoxidable de 480 ml<\/li>\n<li>Portafiltros de aluminio<\/li>\n<li>Prensador de pl\u00e1stico<\/li>\n<li>Accesorio para la limpieza de la punta de la varilla de vapor<\/li>\n<li>Soporte para el filtro ClaroSwiss<\/li>\n<li>Filtro de agua ClaroSwiss<\/li>\n<li>Polvo descalcificador<\/li>\n<li>Kit de limpieza<\/li>\n<\/ul>\n<p><strong>Algunos v\u00eddeos de demostraci\u00f3n:<\/strong><\/p>\n<div class=\"su-youtube su-u-responsive-media-yes\"><iframe loading=\"lazy\" width=\"500\" height=\"200\" src=\"https:\/\/www.youtube.com\/embed\/RNgXOg-Gr2E?\" frameborder=\"0\" allowfullscreen allow=\"autoplay; encrypted-media; picture-in-picture\" title=\"\"><\/iframe><\/div>\n<p><a href=\"https:\/\/www.youtube.com\/watch?v=2WcUu8vH5R4\" target=\"_blank\" rel=\"noopener\">https:\/\/www.youtube.com\/watch?v=2WcUu8vH5R4<\/a><br \/>\n<a href=\"https:\/\/www.youtube.com\/watch?v=CmNGoS-B8gg\" target=\"_blank\" rel=\"noopener\">https:\/\/www.youtube.com\/watch?v=CmNGoS-B8gg<\/a><\/p>\n<p><span style=\"text-decoration: underline;\"><strong>No disponible fuera de Europa<\/strong><\/span><\/p>\n","protected":false},"excerpt":{"rendered":"<p>CAF\u00c9 DE CALIDAD EN UN FORMATO COMPACTO Cuando se trata de caf\u00e9 de calidad, The Bambino no hace concesiones. Con<\/p>\n","protected":false},"featured_media":479981,"template":"","meta":{"_acf_changed":false,"inline_featured_image":false},"product_cat":[25367,16076,16073],"product_tag":[23574,16307,23583],"acf":[],"yoast_head":"<!-- This site is optimized with the Yoast SEO Premium plugin v18.6 (Yoast SEO v19.13) - https:\/\/yoast.com\/wordpress\/plugins\/seo\/ -->\n<title>SAGE The Bambino Trufa Negra - Erresse Shop<\/title>\n<meta name=\"description\" content=\"CAF\u00c9 DE CALIDAD EN UN FORMATO COMPACTO Cuando se trata de caf\u00e9 de calidad, The Bambino no hace concesiones. Con su portafiltro de 54 mm con una capacidad\" \/>\n<meta name=\"robots\" content=\"index, follow, max-snippet:-1, max-image-preview:large, max-video-preview:-1\" \/>\n<link rel=\"canonical\" href=\"https:\/\/www.erresse-shop.it\/es\/shop\/pequenos-electrodomesticos\/maquinas-de-cafe\/manual-es\/sage-the-bambino-trufa-negra\/\" \/>\n<meta property=\"og:locale\" content=\"es_ES\" \/>\n<meta property=\"og:type\" content=\"article\" \/>\n<meta property=\"og:title\" content=\"SAGE The Bambino Trufa Negra\" \/>\n<meta property=\"og:description\" content=\"CAF\u00c9 DE CALIDAD EN UN FORMATO COMPACTO Cuando se trata de caf\u00e9 de calidad, The Bambino no hace concesiones. Con su portafiltro de 54 mm con una capacidad\" \/>\n<meta property=\"og:url\" content=\"https:\/\/www.erresse-shop.it\/es\/shop\/pequenos-electrodomesticos\/maquinas-de-cafe\/manual-es\/sage-the-bambino-trufa-negra\/\" \/>\n<meta property=\"og:site_name\" content=\"Erresse Shop\" \/>\n<meta property=\"article:modified_time\" content=\"2024-06-11T00:03:01+00:00\" \/>\n<meta property=\"og:image\" content=\"https:\/\/www.erresse-shop.it\/wp-content\/uploads\/2023\/02\/sage-SES450BTR.webp\" \/>\n\t<meta property=\"og:image:width\" content=\"1200\" \/>\n\t<meta property=\"og:image:height\" content=\"1200\" \/>\n\t<meta property=\"og:image:type\" content=\"image\/webp\" \/>\n<meta name=\"twitter:card\" content=\"summary_large_image\" \/>\n<script type=\"application\/ld+json\" class=\"yoast-schema-graph\">{\"@context\":\"https:\/\/schema.org\",\"@graph\":[{\"@type\":\"WebPage\",\"@id\":\"https:\/\/www.erresse-shop.it\/es\/shop\/pequenos-electrodomesticos\/maquinas-de-cafe\/manual-es\/sage-the-bambino-trufa-negra\/\",\"url\":\"https:\/\/www.erresse-shop.it\/es\/shop\/pequenos-electrodomesticos\/maquinas-de-cafe\/manual-es\/sage-the-bambino-trufa-negra\/\",\"name\":\"SAGE The Bambino Trufa Negra - Erresse Shop\",\"isPartOf\":{\"@id\":\"https:\/\/www.erresse-shop.it\/es\/#website\"},\"datePublished\":\"2023-02-23T15:07:07+00:00\",\"dateModified\":\"2024-06-11T00:03:01+00:00\",\"description\":\"CAF\u00c9 DE CALIDAD EN UN FORMATO COMPACTO Cuando se trata de caf\u00e9 de calidad, The Bambino no hace concesiones. Con su portafiltro de 54 mm con una capacidad\",\"breadcrumb\":{\"@id\":\"https:\/\/www.erresse-shop.it\/es\/shop\/pequenos-electrodomesticos\/maquinas-de-cafe\/manual-es\/sage-the-bambino-trufa-negra\/#breadcrumb\"},\"inLanguage\":\"es\",\"potentialAction\":[{\"@type\":\"ReadAction\",\"target\":[\"https:\/\/www.erresse-shop.it\/es\/shop\/pequenos-electrodomesticos\/maquinas-de-cafe\/manual-es\/sage-the-bambino-trufa-negra\/\"]}]},{\"@type\":\"BreadcrumbList\",\"@id\":\"https:\/\/www.erresse-shop.it\/es\/shop\/pequenos-electrodomesticos\/maquinas-de-cafe\/manual-es\/sage-the-bambino-trufa-negra\/#breadcrumb\",\"itemListElement\":[{\"@type\":\"ListItem\",\"position\":1,\"name\":\"Home\",\"item\":\"https:\/\/www.erresse-shop.it\/es\/\"},{\"@type\":\"ListItem\",\"position\":2,\"name\":\"Shop\",\"item\":\"https:\/\/www.erresse-shop.it\/es\/shop\/\"},{\"@type\":\"ListItem\",\"position\":3,\"name\":\"SAGE The Bambino Trufa Negra\"}]},{\"@type\":\"WebSite\",\"@id\":\"https:\/\/www.erresse-shop.it\/es\/#website\",\"url\":\"https:\/\/www.erresse-shop.it\/es\/\",\"name\":\"Erresse Shop\",\"description\":\"Articoli di qualit\u00e0 per la casa\",\"potentialAction\":[{\"@type\":\"SearchAction\",\"target\":{\"@type\":\"EntryPoint\",\"urlTemplate\":\"https:\/\/www.erresse-shop.it\/es\/?s={search_term_string}\"},\"query-input\":\"required name=search_term_string\"}],\"inLanguage\":\"es\"}]}<\/script>\n<!-- \/ Yoast SEO Premium plugin. -->","yoast_head_json":{"title":"SAGE The Bambino Trufa Negra - Erresse Shop","description":"CAF\u00c9 DE CALIDAD EN UN FORMATO COMPACTO Cuando se trata de caf\u00e9 de calidad, The Bambino no hace concesiones. Con su portafiltro de 54 mm con una capacidad","robots":{"index":"index","follow":"follow","max-snippet":"max-snippet:-1","max-image-preview":"max-image-preview:large","max-video-preview":"max-video-preview:-1"},"canonical":"https:\/\/www.erresse-shop.it\/es\/shop\/pequenos-electrodomesticos\/maquinas-de-cafe\/manual-es\/sage-the-bambino-trufa-negra\/","og_locale":"es_ES","og_type":"article","og_title":"SAGE The Bambino Trufa Negra","og_description":"CAF\u00c9 DE CALIDAD EN UN FORMATO COMPACTO Cuando se trata de caf\u00e9 de calidad, The Bambino no hace concesiones. Con su portafiltro de 54 mm con una capacidad","og_url":"https:\/\/www.erresse-shop.it\/es\/shop\/pequenos-electrodomesticos\/maquinas-de-cafe\/manual-es\/sage-the-bambino-trufa-negra\/","og_site_name":"Erresse Shop","article_modified_time":"2024-06-11T00:03:01+00:00","og_image":[{"width":1200,"height":1200,"url":"https:\/\/www.erresse-shop.it\/wp-content\/uploads\/2023\/02\/sage-SES450BTR.webp","type":"image\/webp"}],"twitter_card":"summary_large_image","schema":{"@context":"https:\/\/schema.org","@graph":[{"@type":"WebPage","@id":"https:\/\/www.erresse-shop.it\/es\/shop\/pequenos-electrodomesticos\/maquinas-de-cafe\/manual-es\/sage-the-bambino-trufa-negra\/","url":"https:\/\/www.erresse-shop.it\/es\/shop\/pequenos-electrodomesticos\/maquinas-de-cafe\/manual-es\/sage-the-bambino-trufa-negra\/","name":"SAGE The Bambino Trufa Negra - Erresse Shop","isPartOf":{"@id":"https:\/\/www.erresse-shop.it\/es\/#website"},"datePublished":"2023-02-23T15:07:07+00:00","dateModified":"2024-06-11T00:03:01+00:00","description":"CAF\u00c9 DE CALIDAD EN UN FORMATO COMPACTO Cuando se trata de caf\u00e9 de calidad, The Bambino no hace concesiones. Con su portafiltro de 54 mm con una capacidad","breadcrumb":{"@id":"https:\/\/www.erresse-shop.it\/es\/shop\/pequenos-electrodomesticos\/maquinas-de-cafe\/manual-es\/sage-the-bambino-trufa-negra\/#breadcrumb"},"inLanguage":"es","potentialAction":[{"@type":"ReadAction","target":["https:\/\/www.erresse-shop.it\/es\/shop\/pequenos-electrodomesticos\/maquinas-de-cafe\/manual-es\/sage-the-bambino-trufa-negra\/"]}]},{"@type":"BreadcrumbList","@id":"https:\/\/www.erresse-shop.it\/es\/shop\/pequenos-electrodomesticos\/maquinas-de-cafe\/manual-es\/sage-the-bambino-trufa-negra\/#breadcrumb","itemListElement":[{"@type":"ListItem","position":1,"name":"Home","item":"https:\/\/www.erresse-shop.it\/es\/"},{"@type":"ListItem","position":2,"name":"Shop","item":"https:\/\/www.erresse-shop.it\/es\/shop\/"},{"@type":"ListItem","position":3,"name":"SAGE The Bambino Trufa Negra"}]},{"@type":"WebSite","@id":"https:\/\/www.erresse-shop.it\/es\/#website","url":"https:\/\/www.erresse-shop.it\/es\/","name":"Erresse Shop","description":"Articoli di qualit\u00e0 per la casa","potentialAction":[{"@type":"SearchAction","target":{"@type":"EntryPoint","urlTemplate":"https:\/\/www.erresse-shop.it\/es\/?s={search_term_string}"},"query-input":"required name=search_term_string"}],"inLanguage":"es"}]}},"df_price":309.95,"df_sale_price":309.95,"df_regular_price":364.9,"df_image_link":"https:\/\/www.erresse-shop.it\/wp-content\/uploads\/2023\/02\/SAGE-The-Bambino-Tartufo-Nero-300x300.jpg","_links":{"self":[{"href":"https:\/\/www.erresse-shop.it\/es\/wp-json\/wp\/v2\/product\/242327"}],"collection":[{"href":"https:\/\/www.erresse-shop.it\/es\/wp-json\/wp\/v2\/product"}],"about":[{"href":"https:\/\/www.erresse-shop.it\/es\/wp-json\/wp\/v2\/types\/product"}],"wp:featuredmedia":[{"embeddable":true,"href":"https:\/\/www.erresse-shop.it\/es\/wp-json\/wp\/v2\/media\/479981"}],"wp:attachment":[{"href":"https:\/\/www.erresse-shop.it\/es\/wp-json\/wp\/v2\/media?parent=242327"}],"wp:term":[{"taxonomy":"product_cat","embeddable":true,"href":"https:\/\/www.erresse-shop.it\/es\/wp-json\/wp\/v2\/product_cat?post=242327"},{"taxonomy":"product_tag","embeddable":true,"href":"https:\/\/www.erresse-shop.it\/es\/wp-json\/wp\/v2\/product_tag?post=242327"}],"curies":[{"name":"wp","href":"https:\/\/api.w.org\/{rel}","templated":true}]}}