{"id":239959,"date":"2023-02-17T14:10:23","date_gmt":"2023-02-17T14:10:28","guid":{"rendered":"https:\/\/www.erresse-shop.it\/?post_type=product&#038;p=239959"},"modified":"2023-02-21T08:02:19","modified_gmt":"2023-02-21T08:02:19","slug":"villeroy-boch-amazonia-caja-de-porcelana","status":"publish","type":"product","link":"https:\/\/www.erresse-shop.it\/es\/shop\/mobiliario\/articulos-de-decoracion\/villeroy-boch-amazonia-caja-de-porcelana\/","title":{"rendered":"VILLEROY &#038; BOCH Amazonia Caja de porcelana"},"content":{"rendered":"<p><strong>Versatilidad y belleza de formas<\/strong><br \/>\nMagn\u00edficas orqu\u00eddeas, encantadores colibr\u00edes y coloridas mariposas directamente desde la selva tropical: con la colecci\u00f3n de vajillas y art\u00edculos de regalo Amazonia podr\u00e1 seguir los pasos del explorador Alexander von Humboldt. Cada uno de los art\u00edculos es un exclusivo reclamo en porcelana de hueso de primera calidad que le invita a un viaje de descubrimiento de la verdadera belleza de la naturaleza. La jarra de porcelana a juego completa su mesa bellamente puesta y se convierte en un accesorio vers\u00e1til para muchas ocasiones. Emb\u00e1rquese en una expedici\u00f3n en busca del estilo con decoraci\u00f3n floral.<\/p>\n<p><strong>Material:<\/strong> porcelana bone premium<br \/>\n<strong>Volumen:<\/strong> 800ml<br \/>\n<strong>Apto para lavavajillas:<\/strong> s\u00ed<br \/>\n<strong>Apto para microondas:<\/strong> no<\/p>\n","protected":false},"excerpt":{"rendered":"<p>Versatilidad y belleza de formas Magn\u00edficas orqu\u00eddeas, encantadores colibr\u00edes y coloridas mariposas directamente desde la selva tropical: con la colecci\u00f3n<\/p>\n","protected":false},"featured_media":474628,"template":"","meta":{"_acf_changed":false,"inline_featured_image":false},"product_cat":[16026,16016],"product_tag":[25029,22037,18279,22031,17943,24605,25023],"acf":[],"yoast_head":"<!-- This site is optimized with the Yoast SEO Premium plugin v18.6 (Yoast SEO v19.13) - https:\/\/yoast.com\/wordpress\/plugins\/seo\/ -->\n<title>VILLEROY &amp; BOCH Amazonia Caja de porcelana - Erresse Shop<\/title>\n<meta name=\"description\" content=\"Versatilidad y belleza de formas Magn\u00edficas orqu\u00eddeas, encantadores colibr\u00edes y coloridas mariposas directamente desde la selva tropical: con la colecci\u00f3n\" \/>\n<meta name=\"robots\" content=\"index, follow, max-snippet:-1, max-image-preview:large, max-video-preview:-1\" \/>\n<link rel=\"canonical\" href=\"https:\/\/www.erresse-shop.it\/es\/shop\/mobiliario\/articulos-de-decoracion\/villeroy-boch-amazonia-caja-de-porcelana\/\" \/>\n<meta property=\"og:locale\" content=\"es_ES\" \/>\n<meta property=\"og:type\" content=\"article\" \/>\n<meta property=\"og:title\" content=\"VILLEROY &amp; BOCH Amazonia Caja de porcelana\" \/>\n<meta property=\"og:description\" content=\"Versatilidad y belleza de formas Magn\u00edficas orqu\u00eddeas, encantadores colibr\u00edes y coloridas mariposas directamente desde la selva tropical: con la colecci\u00f3n\" \/>\n<meta property=\"og:url\" content=\"https:\/\/www.erresse-shop.it\/es\/shop\/mobiliario\/articulos-de-decoracion\/villeroy-boch-amazonia-caja-de-porcelana\/\" \/>\n<meta property=\"og:site_name\" content=\"Erresse Shop\" \/>\n<meta property=\"article:modified_time\" content=\"2023-02-21T08:02:19+00:00\" \/>\n<meta property=\"og:image\" content=\"https:\/\/www.erresse-shop.it\/wp-content\/uploads\/2023\/02\/VILLEROY-BOCH-Amazonia-Scatola-di-Porcellana.jpg\" \/>\n\t<meta property=\"og:image:width\" content=\"800\" \/>\n\t<meta property=\"og:image:height\" content=\"800\" \/>\n\t<meta property=\"og:image:type\" content=\"image\/jpeg\" \/>\n<meta name=\"twitter:card\" content=\"summary_large_image\" \/>\n<script type=\"application\/ld+json\" class=\"yoast-schema-graph\">{\"@context\":\"https:\/\/schema.org\",\"@graph\":[{\"@type\":\"WebPage\",\"@id\":\"https:\/\/www.erresse-shop.it\/es\/shop\/mobiliario\/articulos-de-decoracion\/villeroy-boch-amazonia-caja-de-porcelana\/\",\"url\":\"https:\/\/www.erresse-shop.it\/es\/shop\/mobiliario\/articulos-de-decoracion\/villeroy-boch-amazonia-caja-de-porcelana\/\",\"name\":\"VILLEROY & BOCH Amazonia Caja de porcelana - Erresse Shop\",\"isPartOf\":{\"@id\":\"https:\/\/www.erresse-shop.it\/es\/#website\"},\"datePublished\":\"2023-02-17T14:10:28+00:00\",\"dateModified\":\"2023-02-21T08:02:19+00:00\",\"description\":\"Versatilidad y belleza de formas Magn\u00edficas orqu\u00eddeas, encantadores colibr\u00edes y coloridas mariposas directamente desde la selva tropical: con la colecci\u00f3n\",\"breadcrumb\":{\"@id\":\"https:\/\/www.erresse-shop.it\/es\/shop\/mobiliario\/articulos-de-decoracion\/villeroy-boch-amazonia-caja-de-porcelana\/#breadcrumb\"},\"inLanguage\":\"es\",\"potentialAction\":[{\"@type\":\"ReadAction\",\"target\":[\"https:\/\/www.erresse-shop.it\/es\/shop\/mobiliario\/articulos-de-decoracion\/villeroy-boch-amazonia-caja-de-porcelana\/\"]}]},{\"@type\":\"BreadcrumbList\",\"@id\":\"https:\/\/www.erresse-shop.it\/es\/shop\/mobiliario\/articulos-de-decoracion\/villeroy-boch-amazonia-caja-de-porcelana\/#breadcrumb\",\"itemListElement\":[{\"@type\":\"ListItem\",\"position\":1,\"name\":\"Home\",\"item\":\"https:\/\/www.erresse-shop.it\/es\/\"},{\"@type\":\"ListItem\",\"position\":2,\"name\":\"Shop\",\"item\":\"https:\/\/www.erresse-shop.it\/es\/shop\/\"},{\"@type\":\"ListItem\",\"position\":3,\"name\":\"VILLEROY &#038; BOCH Amazonia Caja de porcelana\"}]},{\"@type\":\"WebSite\",\"@id\":\"https:\/\/www.erresse-shop.it\/es\/#website\",\"url\":\"https:\/\/www.erresse-shop.it\/es\/\",\"name\":\"Erresse Shop\",\"description\":\"Articoli di qualit\u00e0 per la casa\",\"potentialAction\":[{\"@type\":\"SearchAction\",\"target\":{\"@type\":\"EntryPoint\",\"urlTemplate\":\"https:\/\/www.erresse-shop.it\/es\/?s={search_term_string}\"},\"query-input\":\"required name=search_term_string\"}],\"inLanguage\":\"es\"}]}<\/script>\n<!-- \/ Yoast SEO Premium plugin. -->","yoast_head_json":{"title":"VILLEROY & BOCH Amazonia Caja de porcelana - Erresse Shop","description":"Versatilidad y belleza de formas Magn\u00edficas orqu\u00eddeas, encantadores colibr\u00edes y coloridas mariposas directamente desde la selva tropical: con la colecci\u00f3n","robots":{"index":"index","follow":"follow","max-snippet":"max-snippet:-1","max-image-preview":"max-image-preview:large","max-video-preview":"max-video-preview:-1"},"canonical":"https:\/\/www.erresse-shop.it\/es\/shop\/mobiliario\/articulos-de-decoracion\/villeroy-boch-amazonia-caja-de-porcelana\/","og_locale":"es_ES","og_type":"article","og_title":"VILLEROY & BOCH Amazonia Caja de porcelana","og_description":"Versatilidad y belleza de formas Magn\u00edficas orqu\u00eddeas, encantadores colibr\u00edes y coloridas mariposas directamente desde la selva tropical: con la colecci\u00f3n","og_url":"https:\/\/www.erresse-shop.it\/es\/shop\/mobiliario\/articulos-de-decoracion\/villeroy-boch-amazonia-caja-de-porcelana\/","og_site_name":"Erresse Shop","article_modified_time":"2023-02-21T08:02:19+00:00","og_image":[{"width":800,"height":800,"url":"https:\/\/www.erresse-shop.it\/wp-content\/uploads\/2023\/02\/VILLEROY-BOCH-Amazonia-Scatola-di-Porcellana.jpg","type":"image\/jpeg"}],"twitter_card":"summary_large_image","schema":{"@context":"https:\/\/schema.org","@graph":[{"@type":"WebPage","@id":"https:\/\/www.erresse-shop.it\/es\/shop\/mobiliario\/articulos-de-decoracion\/villeroy-boch-amazonia-caja-de-porcelana\/","url":"https:\/\/www.erresse-shop.it\/es\/shop\/mobiliario\/articulos-de-decoracion\/villeroy-boch-amazonia-caja-de-porcelana\/","name":"VILLEROY & BOCH Amazonia Caja de porcelana - Erresse Shop","isPartOf":{"@id":"https:\/\/www.erresse-shop.it\/es\/#website"},"datePublished":"2023-02-17T14:10:28+00:00","dateModified":"2023-02-21T08:02:19+00:00","description":"Versatilidad y belleza de formas Magn\u00edficas orqu\u00eddeas, encantadores colibr\u00edes y coloridas mariposas directamente desde la selva tropical: con la colecci\u00f3n","breadcrumb":{"@id":"https:\/\/www.erresse-shop.it\/es\/shop\/mobiliario\/articulos-de-decoracion\/villeroy-boch-amazonia-caja-de-porcelana\/#breadcrumb"},"inLanguage":"es","potentialAction":[{"@type":"ReadAction","target":["https:\/\/www.erresse-shop.it\/es\/shop\/mobiliario\/articulos-de-decoracion\/villeroy-boch-amazonia-caja-de-porcelana\/"]}]},{"@type":"BreadcrumbList","@id":"https:\/\/www.erresse-shop.it\/es\/shop\/mobiliario\/articulos-de-decoracion\/villeroy-boch-amazonia-caja-de-porcelana\/#breadcrumb","itemListElement":[{"@type":"ListItem","position":1,"name":"Home","item":"https:\/\/www.erresse-shop.it\/es\/"},{"@type":"ListItem","position":2,"name":"Shop","item":"https:\/\/www.erresse-shop.it\/es\/shop\/"},{"@type":"ListItem","position":3,"name":"VILLEROY &#038; BOCH Amazonia Caja de porcelana"}]},{"@type":"WebSite","@id":"https:\/\/www.erresse-shop.it\/es\/#website","url":"https:\/\/www.erresse-shop.it\/es\/","name":"Erresse Shop","description":"Articoli di qualit\u00e0 per la casa","potentialAction":[{"@type":"SearchAction","target":{"@type":"EntryPoint","urlTemplate":"https:\/\/www.erresse-shop.it\/es\/?s={search_term_string}"},"query-input":"required name=search_term_string"}],"inLanguage":"es"}]}},"df_price":37.45,"df_sale_price":37.45,"df_regular_price":74.9,"df_image_link":"https:\/\/www.erresse-shop.it\/wp-content\/uploads\/2023\/02\/VILLEROY-BOCH-Amazonia-Scatola-di-Porcellana-1-300x300.jpg","_links":{"self":[{"href":"https:\/\/www.erresse-shop.it\/es\/wp-json\/wp\/v2\/product\/239959"}],"collection":[{"href":"https:\/\/www.erresse-shop.it\/es\/wp-json\/wp\/v2\/product"}],"about":[{"href":"https:\/\/www.erresse-shop.it\/es\/wp-json\/wp\/v2\/types\/product"}],"wp:featuredmedia":[{"embeddable":true,"href":"https:\/\/www.erresse-shop.it\/es\/wp-json\/wp\/v2\/media\/474628"}],"wp:attachment":[{"href":"https:\/\/www.erresse-shop.it\/es\/wp-json\/wp\/v2\/media?parent=239959"}],"wp:term":[{"taxonomy":"product_cat","embeddable":true,"href":"https:\/\/www.erresse-shop.it\/es\/wp-json\/wp\/v2\/product_cat?post=239959"},{"taxonomy":"product_tag","embeddable":true,"href":"https:\/\/www.erresse-shop.it\/es\/wp-json\/wp\/v2\/product_tag?post=239959"}],"curies":[{"name":"wp","href":"https:\/\/api.w.org\/{rel}","templated":true}]}}