{"id":239941,"date":"2023-02-17T14:05:59","date_gmt":"2023-02-17T14:06:03","guid":{"rendered":"https:\/\/www.erresse-shop.it\/?post_type=product&#038;p=239941"},"modified":"2025-04-18T15:00:08","modified_gmt":"2025-04-18T15:00:08","slug":"villeroy-boch-amazonia-placa-decorativa-28x21-cm","status":"publish","type":"product","link":"https:\/\/www.erresse-shop.it\/es\/shop\/tabla\/platos-para-servir\/villeroy-boch-amazonia-placa-decorativa-28x21-cm\/","title":{"rendered":"VILLEROY &#038; BOCH Amazonia Placa Decorativa 28&#215;21 cm"},"content":{"rendered":"<p><strong>Experimente el dise\u00f1o de una forma nueva<\/strong><br \/>\nMagn\u00edficas orqu\u00eddeas, m\u00e1gicos colibr\u00edes y coloridas mariposas directamente de la selva tropical. Este elegante cuenco decorativo es el lugar perfecto para guardar diversos objetos peque\u00f1os. Viva la magia floral de la selva tropical en casa con Villeroy &amp; Boch.<\/p>\n<p><strong>Material:<\/strong> porcelana bone premium<br \/>\n<strong>Dimensiones:<\/strong> 280x210mm<br \/>\n<strong>Apto para lavavajillas:<\/strong> s\u00ed<br \/>\n<strong>Apto para microondas:<\/strong> no<\/p>\n","protected":false},"excerpt":{"rendered":"<p>Experimente el dise\u00f1o de una forma nueva Magn\u00edficas orqu\u00eddeas, m\u00e1gicos colibr\u00edes y coloridas mariposas directamente de la selva tropical. Este<\/p>\n","protected":false},"featured_media":508397,"template":"","meta":{"_acf_changed":false,"inline_featured_image":false},"product_cat":[16032,16027],"product_tag":[22037,16133,21961,21962,16407,19362,24605],"acf":[],"yoast_head":"<!-- This site is optimized with the Yoast SEO Premium plugin v18.6 (Yoast SEO v19.13) - https:\/\/yoast.com\/wordpress\/plugins\/seo\/ -->\n<title>VILLEROY &amp; BOCH Amazonia Placa Decorativa 28x21 cm - Erresse Shop<\/title>\n<meta name=\"description\" content=\"Experimente el dise\u00f1o de una forma nueva Magn\u00edficas orqu\u00eddeas, m\u00e1gicos colibr\u00edes y coloridas mariposas directamente de la selva tropical. Este elegante\" \/>\n<meta name=\"robots\" content=\"index, follow, max-snippet:-1, max-image-preview:large, max-video-preview:-1\" \/>\n<link rel=\"canonical\" href=\"https:\/\/www.erresse-shop.it\/es\/shop\/tabla\/platos-para-servir\/villeroy-boch-amazonia-placa-decorativa-28x21-cm\/\" \/>\n<meta property=\"og:locale\" content=\"es_ES\" \/>\n<meta property=\"og:type\" content=\"article\" \/>\n<meta property=\"og:title\" content=\"VILLEROY &amp; BOCH Amazonia Placa Decorativa 28x21 cm\" \/>\n<meta property=\"og:description\" content=\"Experimente el dise\u00f1o de una forma nueva Magn\u00edficas orqu\u00eddeas, m\u00e1gicos colibr\u00edes y coloridas mariposas directamente de la selva tropical. Este elegante\" \/>\n<meta property=\"og:url\" content=\"https:\/\/www.erresse-shop.it\/es\/shop\/tabla\/platos-para-servir\/villeroy-boch-amazonia-placa-decorativa-28x21-cm\/\" \/>\n<meta property=\"og:site_name\" content=\"Erresse Shop\" \/>\n<meta property=\"article:modified_time\" content=\"2025-04-18T15:00:08+00:00\" \/>\n<meta property=\"og:image\" content=\"https:\/\/www.erresse-shop.it\/wp-content\/uploads\/2023\/02\/VILLEROY-BOCH-Amazonia-Piatto-Decorativo-28x21-cm-.jpg\" \/>\n\t<meta property=\"og:image:width\" content=\"800\" \/>\n\t<meta property=\"og:image:height\" content=\"800\" \/>\n\t<meta property=\"og:image:type\" content=\"image\/jpeg\" \/>\n<meta name=\"twitter:card\" content=\"summary_large_image\" \/>\n<script type=\"application\/ld+json\" class=\"yoast-schema-graph\">{\"@context\":\"https:\/\/schema.org\",\"@graph\":[{\"@type\":\"WebPage\",\"@id\":\"https:\/\/www.erresse-shop.it\/es\/shop\/tabla\/platos-para-servir\/villeroy-boch-amazonia-placa-decorativa-28x21-cm\/\",\"url\":\"https:\/\/www.erresse-shop.it\/es\/shop\/tabla\/platos-para-servir\/villeroy-boch-amazonia-placa-decorativa-28x21-cm\/\",\"name\":\"VILLEROY & BOCH Amazonia Placa Decorativa 28x21 cm - Erresse Shop\",\"isPartOf\":{\"@id\":\"https:\/\/www.erresse-shop.it\/es\/#website\"},\"datePublished\":\"2023-02-17T14:06:03+00:00\",\"dateModified\":\"2025-04-18T15:00:08+00:00\",\"description\":\"Experimente el dise\u00f1o de una forma nueva Magn\u00edficas orqu\u00eddeas, m\u00e1gicos colibr\u00edes y coloridas mariposas directamente de la selva tropical. Este elegante\",\"breadcrumb\":{\"@id\":\"https:\/\/www.erresse-shop.it\/es\/shop\/tabla\/platos-para-servir\/villeroy-boch-amazonia-placa-decorativa-28x21-cm\/#breadcrumb\"},\"inLanguage\":\"es\",\"potentialAction\":[{\"@type\":\"ReadAction\",\"target\":[\"https:\/\/www.erresse-shop.it\/es\/shop\/tabla\/platos-para-servir\/villeroy-boch-amazonia-placa-decorativa-28x21-cm\/\"]}]},{\"@type\":\"BreadcrumbList\",\"@id\":\"https:\/\/www.erresse-shop.it\/es\/shop\/tabla\/platos-para-servir\/villeroy-boch-amazonia-placa-decorativa-28x21-cm\/#breadcrumb\",\"itemListElement\":[{\"@type\":\"ListItem\",\"position\":1,\"name\":\"Home\",\"item\":\"https:\/\/www.erresse-shop.it\/es\/\"},{\"@type\":\"ListItem\",\"position\":2,\"name\":\"Shop\",\"item\":\"https:\/\/www.erresse-shop.it\/es\/shop\/\"},{\"@type\":\"ListItem\",\"position\":3,\"name\":\"VILLEROY &#038; BOCH Amazonia Placa Decorativa 28&#215;21 cm\"}]},{\"@type\":\"WebSite\",\"@id\":\"https:\/\/www.erresse-shop.it\/es\/#website\",\"url\":\"https:\/\/www.erresse-shop.it\/es\/\",\"name\":\"Erresse Shop\",\"description\":\"Articoli di qualit\u00e0 per la casa\",\"potentialAction\":[{\"@type\":\"SearchAction\",\"target\":{\"@type\":\"EntryPoint\",\"urlTemplate\":\"https:\/\/www.erresse-shop.it\/es\/?s={search_term_string}\"},\"query-input\":\"required name=search_term_string\"}],\"inLanguage\":\"es\"}]}<\/script>\n<!-- \/ Yoast SEO Premium plugin. -->","yoast_head_json":{"title":"VILLEROY & BOCH Amazonia Placa Decorativa 28x21 cm - Erresse Shop","description":"Experimente el dise\u00f1o de una forma nueva Magn\u00edficas orqu\u00eddeas, m\u00e1gicos colibr\u00edes y coloridas mariposas directamente de la selva tropical. Este elegante","robots":{"index":"index","follow":"follow","max-snippet":"max-snippet:-1","max-image-preview":"max-image-preview:large","max-video-preview":"max-video-preview:-1"},"canonical":"https:\/\/www.erresse-shop.it\/es\/shop\/tabla\/platos-para-servir\/villeroy-boch-amazonia-placa-decorativa-28x21-cm\/","og_locale":"es_ES","og_type":"article","og_title":"VILLEROY & BOCH Amazonia Placa Decorativa 28x21 cm","og_description":"Experimente el dise\u00f1o de una forma nueva Magn\u00edficas orqu\u00eddeas, m\u00e1gicos colibr\u00edes y coloridas mariposas directamente de la selva tropical. Este elegante","og_url":"https:\/\/www.erresse-shop.it\/es\/shop\/tabla\/platos-para-servir\/villeroy-boch-amazonia-placa-decorativa-28x21-cm\/","og_site_name":"Erresse Shop","article_modified_time":"2025-04-18T15:00:08+00:00","og_image":[{"width":800,"height":800,"url":"https:\/\/www.erresse-shop.it\/wp-content\/uploads\/2023\/02\/VILLEROY-BOCH-Amazonia-Piatto-Decorativo-28x21-cm-.jpg","type":"image\/jpeg"}],"twitter_card":"summary_large_image","schema":{"@context":"https:\/\/schema.org","@graph":[{"@type":"WebPage","@id":"https:\/\/www.erresse-shop.it\/es\/shop\/tabla\/platos-para-servir\/villeroy-boch-amazonia-placa-decorativa-28x21-cm\/","url":"https:\/\/www.erresse-shop.it\/es\/shop\/tabla\/platos-para-servir\/villeroy-boch-amazonia-placa-decorativa-28x21-cm\/","name":"VILLEROY & BOCH Amazonia Placa Decorativa 28x21 cm - Erresse Shop","isPartOf":{"@id":"https:\/\/www.erresse-shop.it\/es\/#website"},"datePublished":"2023-02-17T14:06:03+00:00","dateModified":"2025-04-18T15:00:08+00:00","description":"Experimente el dise\u00f1o de una forma nueva Magn\u00edficas orqu\u00eddeas, m\u00e1gicos colibr\u00edes y coloridas mariposas directamente de la selva tropical. Este elegante","breadcrumb":{"@id":"https:\/\/www.erresse-shop.it\/es\/shop\/tabla\/platos-para-servir\/villeroy-boch-amazonia-placa-decorativa-28x21-cm\/#breadcrumb"},"inLanguage":"es","potentialAction":[{"@type":"ReadAction","target":["https:\/\/www.erresse-shop.it\/es\/shop\/tabla\/platos-para-servir\/villeroy-boch-amazonia-placa-decorativa-28x21-cm\/"]}]},{"@type":"BreadcrumbList","@id":"https:\/\/www.erresse-shop.it\/es\/shop\/tabla\/platos-para-servir\/villeroy-boch-amazonia-placa-decorativa-28x21-cm\/#breadcrumb","itemListElement":[{"@type":"ListItem","position":1,"name":"Home","item":"https:\/\/www.erresse-shop.it\/es\/"},{"@type":"ListItem","position":2,"name":"Shop","item":"https:\/\/www.erresse-shop.it\/es\/shop\/"},{"@type":"ListItem","position":3,"name":"VILLEROY &#038; BOCH Amazonia Placa Decorativa 28&#215;21 cm"}]},{"@type":"WebSite","@id":"https:\/\/www.erresse-shop.it\/es\/#website","url":"https:\/\/www.erresse-shop.it\/es\/","name":"Erresse Shop","description":"Articoli di qualit\u00e0 per la casa","potentialAction":[{"@type":"SearchAction","target":{"@type":"EntryPoint","urlTemplate":"https:\/\/www.erresse-shop.it\/es\/?s={search_term_string}"},"query-input":"required name=search_term_string"}],"inLanguage":"es"}]}},"df_price":92,"df_sale_price":92,"df_regular_price":109,"df_image_link":"https:\/\/www.erresse-shop.it\/wp-content\/uploads\/2023\/02\/VILLEROY-BOCH-Amazonia-Piatto-Decorativo-28-cm-300x300.jpg","_links":{"self":[{"href":"https:\/\/www.erresse-shop.it\/es\/wp-json\/wp\/v2\/product\/239941"}],"collection":[{"href":"https:\/\/www.erresse-shop.it\/es\/wp-json\/wp\/v2\/product"}],"about":[{"href":"https:\/\/www.erresse-shop.it\/es\/wp-json\/wp\/v2\/types\/product"}],"wp:featuredmedia":[{"embeddable":true,"href":"https:\/\/www.erresse-shop.it\/es\/wp-json\/wp\/v2\/media\/508397"}],"wp:attachment":[{"href":"https:\/\/www.erresse-shop.it\/es\/wp-json\/wp\/v2\/media?parent=239941"}],"wp:term":[{"taxonomy":"product_cat","embeddable":true,"href":"https:\/\/www.erresse-shop.it\/es\/wp-json\/wp\/v2\/product_cat?post=239941"},{"taxonomy":"product_tag","embeddable":true,"href":"https:\/\/www.erresse-shop.it\/es\/wp-json\/wp\/v2\/product_tag?post=239941"}],"curies":[{"name":"wp","href":"https:\/\/api.w.org\/{rel}","templated":true}]}}