{"id":239783,"date":"2023-02-17T13:25:59","date_gmt":"2023-02-17T13:26:04","guid":{"rendered":"https:\/\/www.erresse-shop.it\/?post_type=product&#038;p=239783"},"modified":"2024-05-06T00:01:33","modified_gmt":"2024-05-06T00:01:33","slug":"villeroy-boch-amazonia-set-6-platos-planos-28-cm","status":"publish","type":"product","link":"https:\/\/www.erresse-shop.it\/es\/shop\/tabla\/platos\/villeroy-boch-amazonia-set-6-platos-planos-28-cm\/","title":{"rendered":"VILLEROY &#038; BOCH Amazonia Set 6 Platos Planos 28 cm"},"content":{"rendered":"<p><strong>Un fest\u00edn para los ojos en la cena<\/strong><br \/>\nFormas inusuales y decoraciones detalladas y ex\u00f3ticas en colores brillantes hacen de la colecci\u00f3n Amazonia Anmut de Villeroy &amp; Boch un aut\u00e9ntico reclamo. Este plato de dise\u00f1o extravagante es adecuado tanto para el uso diario como para llamar la atenci\u00f3n en la mesa puesta con sofisticaci\u00f3n para la temporada festiva. Impresione a sus invitados con una porcelana exclusiva.<\/p>\n<p><strong>Material:<\/strong> porcelana bone premium<br \/>\n<strong>Di\u00e1metro:<\/strong> 280mm<br \/>\n<strong>Apto para lavavajillas:<\/strong> s\u00ed<br \/>\n<strong>Apto para microondas:<\/strong> no<\/p>\n","protected":false},"excerpt":{"rendered":"<p>Un fest\u00edn para los ojos en la cena Formas inusuales y decoraciones detalladas y ex\u00f3ticas en colores brillantes hacen de<\/p>\n","protected":false},"featured_media":474530,"template":"","meta":{"_acf_changed":false,"inline_featured_image":false},"product_cat":[16031,16027],"product_tag":[25029,22037,23662,24399,21972,16133,19362,21973,24605,25023],"acf":[],"yoast_head":"<!-- This site is optimized with the Yoast SEO Premium plugin v18.6 (Yoast SEO v19.13) - https:\/\/yoast.com\/wordpress\/plugins\/seo\/ -->\n<title>VILLEROY &amp; BOCH Amazonia Set 6 Platos Planos 28 cm - Erresse Shop<\/title>\n<meta name=\"description\" content=\"Un fest\u00edn para los ojos en la cena Formas inusuales y decoraciones detalladas y ex\u00f3ticas en colores brillantes hacen de la colecci\u00f3n Amazonia Anmut de\" \/>\n<meta name=\"robots\" content=\"index, follow, max-snippet:-1, max-image-preview:large, max-video-preview:-1\" \/>\n<link rel=\"canonical\" href=\"https:\/\/www.erresse-shop.it\/es\/shop\/tabla\/platos\/villeroy-boch-amazonia-set-6-platos-planos-28-cm\/\" \/>\n<meta property=\"og:locale\" content=\"es_ES\" \/>\n<meta property=\"og:type\" content=\"article\" \/>\n<meta property=\"og:title\" content=\"VILLEROY &amp; BOCH Amazonia Set 6 Platos Planos 28 cm\" \/>\n<meta property=\"og:description\" content=\"Un fest\u00edn para los ojos en la cena Formas inusuales y decoraciones detalladas y ex\u00f3ticas en colores brillantes hacen de la colecci\u00f3n Amazonia Anmut de\" \/>\n<meta property=\"og:url\" content=\"https:\/\/www.erresse-shop.it\/es\/shop\/tabla\/platos\/villeroy-boch-amazonia-set-6-platos-planos-28-cm\/\" \/>\n<meta property=\"og:site_name\" content=\"Erresse Shop\" \/>\n<meta property=\"article:modified_time\" content=\"2024-05-06T00:01:33+00:00\" \/>\n<meta property=\"og:image\" content=\"https:\/\/www.erresse-shop.it\/wp-content\/uploads\/2023\/02\/VILLEROY-BOCH-Amazonia-Set-6-Piatti-Piani-28-cm.jpg\" \/>\n\t<meta property=\"og:image:width\" content=\"800\" \/>\n\t<meta property=\"og:image:height\" content=\"800\" \/>\n\t<meta property=\"og:image:type\" content=\"image\/jpeg\" \/>\n<meta name=\"twitter:card\" content=\"summary_large_image\" \/>\n<script type=\"application\/ld+json\" class=\"yoast-schema-graph\">{\"@context\":\"https:\/\/schema.org\",\"@graph\":[{\"@type\":\"WebPage\",\"@id\":\"https:\/\/www.erresse-shop.it\/es\/shop\/tabla\/platos\/villeroy-boch-amazonia-set-6-platos-planos-28-cm\/\",\"url\":\"https:\/\/www.erresse-shop.it\/es\/shop\/tabla\/platos\/villeroy-boch-amazonia-set-6-platos-planos-28-cm\/\",\"name\":\"VILLEROY & BOCH Amazonia Set 6 Platos Planos 28 cm - Erresse Shop\",\"isPartOf\":{\"@id\":\"https:\/\/www.erresse-shop.it\/es\/#website\"},\"datePublished\":\"2023-02-17T13:26:04+00:00\",\"dateModified\":\"2024-05-06T00:01:33+00:00\",\"description\":\"Un fest\u00edn para los ojos en la cena Formas inusuales y decoraciones detalladas y ex\u00f3ticas en colores brillantes hacen de la colecci\u00f3n Amazonia Anmut de\",\"breadcrumb\":{\"@id\":\"https:\/\/www.erresse-shop.it\/es\/shop\/tabla\/platos\/villeroy-boch-amazonia-set-6-platos-planos-28-cm\/#breadcrumb\"},\"inLanguage\":\"es\",\"potentialAction\":[{\"@type\":\"ReadAction\",\"target\":[\"https:\/\/www.erresse-shop.it\/es\/shop\/tabla\/platos\/villeroy-boch-amazonia-set-6-platos-planos-28-cm\/\"]}]},{\"@type\":\"BreadcrumbList\",\"@id\":\"https:\/\/www.erresse-shop.it\/es\/shop\/tabla\/platos\/villeroy-boch-amazonia-set-6-platos-planos-28-cm\/#breadcrumb\",\"itemListElement\":[{\"@type\":\"ListItem\",\"position\":1,\"name\":\"Home\",\"item\":\"https:\/\/www.erresse-shop.it\/es\/\"},{\"@type\":\"ListItem\",\"position\":2,\"name\":\"Shop\",\"item\":\"https:\/\/www.erresse-shop.it\/es\/shop\/\"},{\"@type\":\"ListItem\",\"position\":3,\"name\":\"VILLEROY &#038; BOCH Amazonia Set 6 Platos Planos 28 cm\"}]},{\"@type\":\"WebSite\",\"@id\":\"https:\/\/www.erresse-shop.it\/es\/#website\",\"url\":\"https:\/\/www.erresse-shop.it\/es\/\",\"name\":\"Erresse Shop\",\"description\":\"Articoli di qualit\u00e0 per la casa\",\"potentialAction\":[{\"@type\":\"SearchAction\",\"target\":{\"@type\":\"EntryPoint\",\"urlTemplate\":\"https:\/\/www.erresse-shop.it\/es\/?s={search_term_string}\"},\"query-input\":\"required name=search_term_string\"}],\"inLanguage\":\"es\"}]}<\/script>\n<!-- \/ Yoast SEO Premium plugin. -->","yoast_head_json":{"title":"VILLEROY & BOCH Amazonia Set 6 Platos Planos 28 cm - Erresse Shop","description":"Un fest\u00edn para los ojos en la cena Formas inusuales y decoraciones detalladas y ex\u00f3ticas en colores brillantes hacen de la colecci\u00f3n Amazonia Anmut de","robots":{"index":"index","follow":"follow","max-snippet":"max-snippet:-1","max-image-preview":"max-image-preview:large","max-video-preview":"max-video-preview:-1"},"canonical":"https:\/\/www.erresse-shop.it\/es\/shop\/tabla\/platos\/villeroy-boch-amazonia-set-6-platos-planos-28-cm\/","og_locale":"es_ES","og_type":"article","og_title":"VILLEROY & BOCH Amazonia Set 6 Platos Planos 28 cm","og_description":"Un fest\u00edn para los ojos en la cena Formas inusuales y decoraciones detalladas y ex\u00f3ticas en colores brillantes hacen de la colecci\u00f3n Amazonia Anmut de","og_url":"https:\/\/www.erresse-shop.it\/es\/shop\/tabla\/platos\/villeroy-boch-amazonia-set-6-platos-planos-28-cm\/","og_site_name":"Erresse Shop","article_modified_time":"2024-05-06T00:01:33+00:00","og_image":[{"width":800,"height":800,"url":"https:\/\/www.erresse-shop.it\/wp-content\/uploads\/2023\/02\/VILLEROY-BOCH-Amazonia-Set-6-Piatti-Piani-28-cm.jpg","type":"image\/jpeg"}],"twitter_card":"summary_large_image","schema":{"@context":"https:\/\/schema.org","@graph":[{"@type":"WebPage","@id":"https:\/\/www.erresse-shop.it\/es\/shop\/tabla\/platos\/villeroy-boch-amazonia-set-6-platos-planos-28-cm\/","url":"https:\/\/www.erresse-shop.it\/es\/shop\/tabla\/platos\/villeroy-boch-amazonia-set-6-platos-planos-28-cm\/","name":"VILLEROY & BOCH Amazonia Set 6 Platos Planos 28 cm - Erresse Shop","isPartOf":{"@id":"https:\/\/www.erresse-shop.it\/es\/#website"},"datePublished":"2023-02-17T13:26:04+00:00","dateModified":"2024-05-06T00:01:33+00:00","description":"Un fest\u00edn para los ojos en la cena Formas inusuales y decoraciones detalladas y ex\u00f3ticas en colores brillantes hacen de la colecci\u00f3n Amazonia Anmut de","breadcrumb":{"@id":"https:\/\/www.erresse-shop.it\/es\/shop\/tabla\/platos\/villeroy-boch-amazonia-set-6-platos-planos-28-cm\/#breadcrumb"},"inLanguage":"es","potentialAction":[{"@type":"ReadAction","target":["https:\/\/www.erresse-shop.it\/es\/shop\/tabla\/platos\/villeroy-boch-amazonia-set-6-platos-planos-28-cm\/"]}]},{"@type":"BreadcrumbList","@id":"https:\/\/www.erresse-shop.it\/es\/shop\/tabla\/platos\/villeroy-boch-amazonia-set-6-platos-planos-28-cm\/#breadcrumb","itemListElement":[{"@type":"ListItem","position":1,"name":"Home","item":"https:\/\/www.erresse-shop.it\/es\/"},{"@type":"ListItem","position":2,"name":"Shop","item":"https:\/\/www.erresse-shop.it\/es\/shop\/"},{"@type":"ListItem","position":3,"name":"VILLEROY &#038; BOCH Amazonia Set 6 Platos Planos 28 cm"}]},{"@type":"WebSite","@id":"https:\/\/www.erresse-shop.it\/es\/#website","url":"https:\/\/www.erresse-shop.it\/es\/","name":"Erresse Shop","description":"Articoli di qualit\u00e0 per la casa","potentialAction":[{"@type":"SearchAction","target":{"@type":"EntryPoint","urlTemplate":"https:\/\/www.erresse-shop.it\/es\/?s={search_term_string}"},"query-input":"required name=search_term_string"}],"inLanguage":"es"}]}},"df_price":287.52,"df_sale_price":287.52,"df_regular_price":359.4,"df_image_link":"https:\/\/www.erresse-shop.it\/wp-content\/uploads\/2023\/02\/VILLEROY-BOCH-Amazonia-Set-6-Piatti-Piani-28-cm-1-300x300.jpg","_links":{"self":[{"href":"https:\/\/www.erresse-shop.it\/es\/wp-json\/wp\/v2\/product\/239783"}],"collection":[{"href":"https:\/\/www.erresse-shop.it\/es\/wp-json\/wp\/v2\/product"}],"about":[{"href":"https:\/\/www.erresse-shop.it\/es\/wp-json\/wp\/v2\/types\/product"}],"wp:featuredmedia":[{"embeddable":true,"href":"https:\/\/www.erresse-shop.it\/es\/wp-json\/wp\/v2\/media\/474530"}],"wp:attachment":[{"href":"https:\/\/www.erresse-shop.it\/es\/wp-json\/wp\/v2\/media?parent=239783"}],"wp:term":[{"taxonomy":"product_cat","embeddable":true,"href":"https:\/\/www.erresse-shop.it\/es\/wp-json\/wp\/v2\/product_cat?post=239783"},{"taxonomy":"product_tag","embeddable":true,"href":"https:\/\/www.erresse-shop.it\/es\/wp-json\/wp\/v2\/product_tag?post=239783"}],"curies":[{"name":"wp","href":"https:\/\/api.w.org\/{rel}","templated":true}]}}