{"id":239636,"date":"2023-02-17T10:25:02","date_gmt":"2023-02-17T10:25:07","guid":{"rendered":"https:\/\/www.erresse-shop.it\/?post_type=product&#038;p=239636"},"modified":"2023-02-21T08:26:44","modified_gmt":"2023-02-21T08:26:44","slug":"villeroy-boch-metro-chic-jarron-alto-305-cm","status":"publish","type":"product","link":"https:\/\/www.erresse-shop.it\/es\/shop\/mobiliario\/jarrones\/villeroy-boch-metro-chic-jarron-alto-305-cm\/","title":{"rendered":"VILLEROY &#038; BOCH Metro Chic Jarr\u00f3n alto 30,5 cm"},"content":{"rendered":"<p><strong>Un objeto encantador no necesariamente s\u00f3lo en la mesa puesta<\/strong><br \/>\nYa sea en blanco purista o con motivos geom\u00e9tricos en negro y dorado, todas las piezas de la colecci\u00f3n de vajilla fina y art\u00edculos de regalo MetroChic pueden combinarse entre s\u00ed de nuevas maneras. La porcelana de hueso Premium, especialmente duradera, convierte cada mesa en una declaraci\u00f3n de estilo moderno de elegancia atemporal. Con una altura de 30 cm, el jarr\u00f3n tambi\u00e9n puede contener flores de tallo largo y le deleitar\u00e1 durante mucho tiempo con decoraciones brillantes gracias a la tecnolog\u00eda &#8220;Inglaze Gold&#8221;. M\u00edmese con el dise\u00f1o urbano o deleite a los dem\u00e1s con esta exquisita idea de regalo.<\/p>\n<p><strong>Material:<\/strong> porcelana bone premium<br \/>\n<strong>Altura: <\/strong>305m<br \/>\n<strong>Di\u00e1metro:<\/strong> 131mm<br \/>\n<strong>Apto para lavavajillas:<\/strong> s\u00ed<br \/>\n<strong>Apto para microondas:<\/strong> no<\/p>\n","protected":false},"excerpt":{"rendered":"<p>Un objeto encantador no necesariamente s\u00f3lo en la mesa puesta Ya sea en blanco purista o con motivos geom\u00e9tricos en<\/p>\n","protected":false},"featured_media":239753,"template":"","meta":{"_acf_changed":false,"inline_featured_image":false},"product_cat":[16024,16016],"product_tag":[25029,16122,22017,17943,25023],"acf":[],"yoast_head":"<!-- This site is optimized with the Yoast SEO Premium plugin v18.6 (Yoast SEO v19.13) - https:\/\/yoast.com\/wordpress\/plugins\/seo\/ -->\n<title>VILLEROY &amp; BOCH Metro Chic Jarr\u00f3n alto 30,5 cm - Erresse Shop<\/title>\n<meta name=\"description\" content=\"Un objeto encantador no necesariamente s\u00f3lo en la mesa puesta Ya sea en blanco purista o con motivos geom\u00e9tricos en negro y dorado, todas las piezas de la\" \/>\n<meta name=\"robots\" content=\"index, follow, max-snippet:-1, max-image-preview:large, max-video-preview:-1\" \/>\n<link rel=\"canonical\" href=\"https:\/\/www.erresse-shop.it\/es\/shop\/mobiliario\/jarrones\/villeroy-boch-metro-chic-jarron-alto-305-cm\/\" \/>\n<meta property=\"og:locale\" content=\"es_ES\" \/>\n<meta property=\"og:type\" content=\"article\" \/>\n<meta property=\"og:title\" content=\"VILLEROY &amp; BOCH Metro Chic Jarr\u00f3n alto 30,5 cm\" \/>\n<meta property=\"og:description\" content=\"Un objeto encantador no necesariamente s\u00f3lo en la mesa puesta Ya sea en blanco purista o con motivos geom\u00e9tricos en negro y dorado, todas las piezas de la\" \/>\n<meta property=\"og:url\" content=\"https:\/\/www.erresse-shop.it\/es\/shop\/mobiliario\/jarrones\/villeroy-boch-metro-chic-jarron-alto-305-cm\/\" \/>\n<meta property=\"og:site_name\" content=\"Erresse Shop\" \/>\n<meta property=\"article:modified_time\" content=\"2023-02-21T08:26:44+00:00\" \/>\n<meta property=\"og:image\" content=\"https:\/\/www.erresse-shop.it\/wp-content\/uploads\/2023\/02\/VILLEROY-BOCH-Metro-Chic-Vaso-Alto-305-cm.jpg\" \/>\n\t<meta property=\"og:image:width\" content=\"800\" \/>\n\t<meta property=\"og:image:height\" content=\"800\" \/>\n\t<meta property=\"og:image:type\" content=\"image\/jpeg\" \/>\n<meta name=\"twitter:card\" content=\"summary_large_image\" \/>\n<script type=\"application\/ld+json\" class=\"yoast-schema-graph\">{\"@context\":\"https:\/\/schema.org\",\"@graph\":[{\"@type\":\"WebPage\",\"@id\":\"https:\/\/www.erresse-shop.it\/es\/shop\/mobiliario\/jarrones\/villeroy-boch-metro-chic-jarron-alto-305-cm\/\",\"url\":\"https:\/\/www.erresse-shop.it\/es\/shop\/mobiliario\/jarrones\/villeroy-boch-metro-chic-jarron-alto-305-cm\/\",\"name\":\"VILLEROY & BOCH Metro Chic Jarr\u00f3n alto 30,5 cm - Erresse Shop\",\"isPartOf\":{\"@id\":\"https:\/\/www.erresse-shop.it\/es\/#website\"},\"datePublished\":\"2023-02-17T10:25:07+00:00\",\"dateModified\":\"2023-02-21T08:26:44+00:00\",\"description\":\"Un objeto encantador no necesariamente s\u00f3lo en la mesa puesta Ya sea en blanco purista o con motivos geom\u00e9tricos en negro y dorado, todas las piezas de la\",\"breadcrumb\":{\"@id\":\"https:\/\/www.erresse-shop.it\/es\/shop\/mobiliario\/jarrones\/villeroy-boch-metro-chic-jarron-alto-305-cm\/#breadcrumb\"},\"inLanguage\":\"es\",\"potentialAction\":[{\"@type\":\"ReadAction\",\"target\":[\"https:\/\/www.erresse-shop.it\/es\/shop\/mobiliario\/jarrones\/villeroy-boch-metro-chic-jarron-alto-305-cm\/\"]}]},{\"@type\":\"BreadcrumbList\",\"@id\":\"https:\/\/www.erresse-shop.it\/es\/shop\/mobiliario\/jarrones\/villeroy-boch-metro-chic-jarron-alto-305-cm\/#breadcrumb\",\"itemListElement\":[{\"@type\":\"ListItem\",\"position\":1,\"name\":\"Home\",\"item\":\"https:\/\/www.erresse-shop.it\/es\/\"},{\"@type\":\"ListItem\",\"position\":2,\"name\":\"Shop\",\"item\":\"https:\/\/www.erresse-shop.it\/es\/shop\/\"},{\"@type\":\"ListItem\",\"position\":3,\"name\":\"VILLEROY &#038; BOCH Metro Chic Jarr\u00f3n alto 30,5 cm\"}]},{\"@type\":\"WebSite\",\"@id\":\"https:\/\/www.erresse-shop.it\/es\/#website\",\"url\":\"https:\/\/www.erresse-shop.it\/es\/\",\"name\":\"Erresse Shop\",\"description\":\"Articoli di qualit\u00e0 per la casa\",\"potentialAction\":[{\"@type\":\"SearchAction\",\"target\":{\"@type\":\"EntryPoint\",\"urlTemplate\":\"https:\/\/www.erresse-shop.it\/es\/?s={search_term_string}\"},\"query-input\":\"required name=search_term_string\"}],\"inLanguage\":\"es\"}]}<\/script>\n<!-- \/ Yoast SEO Premium plugin. -->","yoast_head_json":{"title":"VILLEROY & BOCH Metro Chic Jarr\u00f3n alto 30,5 cm - Erresse Shop","description":"Un objeto encantador no necesariamente s\u00f3lo en la mesa puesta Ya sea en blanco purista o con motivos geom\u00e9tricos en negro y dorado, todas las piezas de la","robots":{"index":"index","follow":"follow","max-snippet":"max-snippet:-1","max-image-preview":"max-image-preview:large","max-video-preview":"max-video-preview:-1"},"canonical":"https:\/\/www.erresse-shop.it\/es\/shop\/mobiliario\/jarrones\/villeroy-boch-metro-chic-jarron-alto-305-cm\/","og_locale":"es_ES","og_type":"article","og_title":"VILLEROY & BOCH Metro Chic Jarr\u00f3n alto 30,5 cm","og_description":"Un objeto encantador no necesariamente s\u00f3lo en la mesa puesta Ya sea en blanco purista o con motivos geom\u00e9tricos en negro y dorado, todas las piezas de la","og_url":"https:\/\/www.erresse-shop.it\/es\/shop\/mobiliario\/jarrones\/villeroy-boch-metro-chic-jarron-alto-305-cm\/","og_site_name":"Erresse Shop","article_modified_time":"2023-02-21T08:26:44+00:00","og_image":[{"width":800,"height":800,"url":"https:\/\/www.erresse-shop.it\/wp-content\/uploads\/2023\/02\/VILLEROY-BOCH-Metro-Chic-Vaso-Alto-305-cm.jpg","type":"image\/jpeg"}],"twitter_card":"summary_large_image","schema":{"@context":"https:\/\/schema.org","@graph":[{"@type":"WebPage","@id":"https:\/\/www.erresse-shop.it\/es\/shop\/mobiliario\/jarrones\/villeroy-boch-metro-chic-jarron-alto-305-cm\/","url":"https:\/\/www.erresse-shop.it\/es\/shop\/mobiliario\/jarrones\/villeroy-boch-metro-chic-jarron-alto-305-cm\/","name":"VILLEROY & BOCH Metro Chic Jarr\u00f3n alto 30,5 cm - Erresse Shop","isPartOf":{"@id":"https:\/\/www.erresse-shop.it\/es\/#website"},"datePublished":"2023-02-17T10:25:07+00:00","dateModified":"2023-02-21T08:26:44+00:00","description":"Un objeto encantador no necesariamente s\u00f3lo en la mesa puesta Ya sea en blanco purista o con motivos geom\u00e9tricos en negro y dorado, todas las piezas de la","breadcrumb":{"@id":"https:\/\/www.erresse-shop.it\/es\/shop\/mobiliario\/jarrones\/villeroy-boch-metro-chic-jarron-alto-305-cm\/#breadcrumb"},"inLanguage":"es","potentialAction":[{"@type":"ReadAction","target":["https:\/\/www.erresse-shop.it\/es\/shop\/mobiliario\/jarrones\/villeroy-boch-metro-chic-jarron-alto-305-cm\/"]}]},{"@type":"BreadcrumbList","@id":"https:\/\/www.erresse-shop.it\/es\/shop\/mobiliario\/jarrones\/villeroy-boch-metro-chic-jarron-alto-305-cm\/#breadcrumb","itemListElement":[{"@type":"ListItem","position":1,"name":"Home","item":"https:\/\/www.erresse-shop.it\/es\/"},{"@type":"ListItem","position":2,"name":"Shop","item":"https:\/\/www.erresse-shop.it\/es\/shop\/"},{"@type":"ListItem","position":3,"name":"VILLEROY &#038; BOCH Metro Chic Jarr\u00f3n alto 30,5 cm"}]},{"@type":"WebSite","@id":"https:\/\/www.erresse-shop.it\/es\/#website","url":"https:\/\/www.erresse-shop.it\/es\/","name":"Erresse Shop","description":"Articoli di qualit\u00e0 per la casa","potentialAction":[{"@type":"SearchAction","target":{"@type":"EntryPoint","urlTemplate":"https:\/\/www.erresse-shop.it\/es\/?s={search_term_string}"},"query-input":"required name=search_term_string"}],"inLanguage":"es"}]}},"df_price":99.5,"df_sale_price":99.5,"df_regular_price":199,"df_image_link":"https:\/\/www.erresse-shop.it\/wp-content\/uploads\/2023\/02\/VILLEROY-BOCH-Metro-Chic-Vaso-Alto-305-cm-300x300.jpg","_links":{"self":[{"href":"https:\/\/www.erresse-shop.it\/es\/wp-json\/wp\/v2\/product\/239636"}],"collection":[{"href":"https:\/\/www.erresse-shop.it\/es\/wp-json\/wp\/v2\/product"}],"about":[{"href":"https:\/\/www.erresse-shop.it\/es\/wp-json\/wp\/v2\/types\/product"}],"wp:featuredmedia":[{"embeddable":true,"href":"https:\/\/www.erresse-shop.it\/es\/wp-json\/wp\/v2\/media\/239753"}],"wp:attachment":[{"href":"https:\/\/www.erresse-shop.it\/es\/wp-json\/wp\/v2\/media?parent=239636"}],"wp:term":[{"taxonomy":"product_cat","embeddable":true,"href":"https:\/\/www.erresse-shop.it\/es\/wp-json\/wp\/v2\/product_cat?post=239636"},{"taxonomy":"product_tag","embeddable":true,"href":"https:\/\/www.erresse-shop.it\/es\/wp-json\/wp\/v2\/product_tag?post=239636"}],"curies":[{"name":"wp","href":"https:\/\/api.w.org\/{rel}","templated":true}]}}