{"id":239551,"date":"2023-02-17T10:03:23","date_gmt":"2023-02-17T10:03:27","guid":{"rendered":"https:\/\/www.erresse-shop.it\/?post_type=product&#038;p=239551"},"modified":"2025-06-20T20:37:55","modified_gmt":"2025-06-20T20:37:55","slug":"villeroy-boch-metro-chic-marcador-de-posicion-33-cm","status":"publish","type":"product","link":"https:\/\/www.erresse-shop.it\/es\/shop\/tabla\/platos-para-servir\/villeroy-boch-metro-chic-marcador-de-posicion-33-cm\/","title":{"rendered":"VILLEROY &#038; BOCH Metro Chic Marcador de posici\u00f3n 33 cm"},"content":{"rendered":"<p><strong>Dise\u00f1o: generoso y elegante<\/strong><br \/>\nYa sea en blanco purista o con motivos geom\u00e9tricos en negro y dorado, todas las piezas de la colecci\u00f3n de vajillas y art\u00edculos de regalo premium MetroChic pueden combinarse entre s\u00ed de nuevas maneras. La porcelana de hueso Premium, especialmente duradera, convierte cada mesa en una declaraci\u00f3n de estilo moderno de elegancia atemporal. El cubierto tambi\u00e9n puede utilizarse como plato para tartas y postres y le deleitar\u00e1 durante mucho tiempo con brillantes decoraciones gracias a la tecnolog\u00eda &#8220;Inglaze Gold&#8221;. M\u00edmese con el dise\u00f1o urbano y deleite a sus invitados.<\/p>\n<p><strong>Material:<\/strong> porcelana bone premium<br \/>\n<strong>Di\u00e1metro:<\/strong> 330mm<br \/>\n<strong>Apto para lavavajillas:<\/strong> s\u00ed<br \/>\n<strong>Apto para microondas:<\/strong> no<\/p>\n","protected":false},"excerpt":{"rendered":"<p>Dise\u00f1o: generoso y elegante Ya sea en blanco purista o con motivos geom\u00e9tricos en negro y dorado, todas las piezas<\/p>\n","protected":false},"featured_media":474479,"template":"","meta":{"_acf_changed":false,"inline_featured_image":false},"product_cat":[16032,16027],"product_tag":[25029,22017,16133,21961,21962,16407,19362,21823,25023],"acf":[],"yoast_head":"<!-- This site is optimized with the Yoast SEO Premium plugin v18.6 (Yoast SEO v19.13) - https:\/\/yoast.com\/wordpress\/plugins\/seo\/ -->\n<title>VILLEROY &amp; BOCH Metro Chic Marcador de posici\u00f3n 33 cm - Erresse Shop<\/title>\n<meta name=\"description\" content=\"Dise\u00f1o: generoso y elegante Ya sea en blanco purista o con motivos geom\u00e9tricos en negro y dorado, todas las piezas de la colecci\u00f3n de vajillas y art\u00edculos\" \/>\n<meta name=\"robots\" content=\"index, follow, max-snippet:-1, max-image-preview:large, max-video-preview:-1\" \/>\n<link rel=\"canonical\" href=\"https:\/\/www.erresse-shop.it\/es\/shop\/tabla\/platos-para-servir\/villeroy-boch-metro-chic-marcador-de-posicion-33-cm\/\" \/>\n<meta property=\"og:locale\" content=\"es_ES\" \/>\n<meta property=\"og:type\" content=\"article\" \/>\n<meta property=\"og:title\" content=\"VILLEROY &amp; BOCH Metro Chic Marcador de posici\u00f3n 33 cm\" \/>\n<meta property=\"og:description\" content=\"Dise\u00f1o: generoso y elegante Ya sea en blanco purista o con motivos geom\u00e9tricos en negro y dorado, todas las piezas de la colecci\u00f3n de vajillas y art\u00edculos\" \/>\n<meta property=\"og:url\" content=\"https:\/\/www.erresse-shop.it\/es\/shop\/tabla\/platos-para-servir\/villeroy-boch-metro-chic-marcador-de-posicion-33-cm\/\" \/>\n<meta property=\"og:site_name\" content=\"Erresse Shop\" \/>\n<meta property=\"article:modified_time\" content=\"2025-06-20T20:37:55+00:00\" \/>\n<meta property=\"og:image\" content=\"https:\/\/www.erresse-shop.it\/wp-content\/uploads\/2023\/02\/VILLEROY-BOCH-Metro-Chic-Segnaposto-33-cm.jpg\" \/>\n\t<meta property=\"og:image:width\" content=\"800\" \/>\n\t<meta property=\"og:image:height\" content=\"800\" \/>\n\t<meta property=\"og:image:type\" content=\"image\/jpeg\" \/>\n<meta name=\"twitter:card\" content=\"summary_large_image\" \/>\n<script type=\"application\/ld+json\" class=\"yoast-schema-graph\">{\"@context\":\"https:\/\/schema.org\",\"@graph\":[{\"@type\":\"WebPage\",\"@id\":\"https:\/\/www.erresse-shop.it\/es\/shop\/tabla\/platos-para-servir\/villeroy-boch-metro-chic-marcador-de-posicion-33-cm\/\",\"url\":\"https:\/\/www.erresse-shop.it\/es\/shop\/tabla\/platos-para-servir\/villeroy-boch-metro-chic-marcador-de-posicion-33-cm\/\",\"name\":\"VILLEROY & BOCH Metro Chic Marcador de posici\u00f3n 33 cm - Erresse Shop\",\"isPartOf\":{\"@id\":\"https:\/\/www.erresse-shop.it\/es\/#website\"},\"datePublished\":\"2023-02-17T10:03:27+00:00\",\"dateModified\":\"2025-06-20T20:37:55+00:00\",\"description\":\"Dise\u00f1o: generoso y elegante Ya sea en blanco purista o con motivos geom\u00e9tricos en negro y dorado, todas las piezas de la colecci\u00f3n de vajillas y art\u00edculos\",\"breadcrumb\":{\"@id\":\"https:\/\/www.erresse-shop.it\/es\/shop\/tabla\/platos-para-servir\/villeroy-boch-metro-chic-marcador-de-posicion-33-cm\/#breadcrumb\"},\"inLanguage\":\"es\",\"potentialAction\":[{\"@type\":\"ReadAction\",\"target\":[\"https:\/\/www.erresse-shop.it\/es\/shop\/tabla\/platos-para-servir\/villeroy-boch-metro-chic-marcador-de-posicion-33-cm\/\"]}]},{\"@type\":\"BreadcrumbList\",\"@id\":\"https:\/\/www.erresse-shop.it\/es\/shop\/tabla\/platos-para-servir\/villeroy-boch-metro-chic-marcador-de-posicion-33-cm\/#breadcrumb\",\"itemListElement\":[{\"@type\":\"ListItem\",\"position\":1,\"name\":\"Home\",\"item\":\"https:\/\/www.erresse-shop.it\/es\/\"},{\"@type\":\"ListItem\",\"position\":2,\"name\":\"Shop\",\"item\":\"https:\/\/www.erresse-shop.it\/es\/shop\/\"},{\"@type\":\"ListItem\",\"position\":3,\"name\":\"VILLEROY &#038; BOCH Metro Chic Marcador de posici\u00f3n 33 cm\"}]},{\"@type\":\"WebSite\",\"@id\":\"https:\/\/www.erresse-shop.it\/es\/#website\",\"url\":\"https:\/\/www.erresse-shop.it\/es\/\",\"name\":\"Erresse Shop\",\"description\":\"Articoli di qualit\u00e0 per la casa\",\"potentialAction\":[{\"@type\":\"SearchAction\",\"target\":{\"@type\":\"EntryPoint\",\"urlTemplate\":\"https:\/\/www.erresse-shop.it\/es\/?s={search_term_string}\"},\"query-input\":\"required name=search_term_string\"}],\"inLanguage\":\"es\"}]}<\/script>\n<!-- \/ Yoast SEO Premium plugin. -->","yoast_head_json":{"title":"VILLEROY & BOCH Metro Chic Marcador de posici\u00f3n 33 cm - Erresse Shop","description":"Dise\u00f1o: generoso y elegante Ya sea en blanco purista o con motivos geom\u00e9tricos en negro y dorado, todas las piezas de la colecci\u00f3n de vajillas y art\u00edculos","robots":{"index":"index","follow":"follow","max-snippet":"max-snippet:-1","max-image-preview":"max-image-preview:large","max-video-preview":"max-video-preview:-1"},"canonical":"https:\/\/www.erresse-shop.it\/es\/shop\/tabla\/platos-para-servir\/villeroy-boch-metro-chic-marcador-de-posicion-33-cm\/","og_locale":"es_ES","og_type":"article","og_title":"VILLEROY & BOCH Metro Chic Marcador de posici\u00f3n 33 cm","og_description":"Dise\u00f1o: generoso y elegante Ya sea en blanco purista o con motivos geom\u00e9tricos en negro y dorado, todas las piezas de la colecci\u00f3n de vajillas y art\u00edculos","og_url":"https:\/\/www.erresse-shop.it\/es\/shop\/tabla\/platos-para-servir\/villeroy-boch-metro-chic-marcador-de-posicion-33-cm\/","og_site_name":"Erresse Shop","article_modified_time":"2025-06-20T20:37:55+00:00","og_image":[{"width":800,"height":800,"url":"https:\/\/www.erresse-shop.it\/wp-content\/uploads\/2023\/02\/VILLEROY-BOCH-Metro-Chic-Segnaposto-33-cm.jpg","type":"image\/jpeg"}],"twitter_card":"summary_large_image","schema":{"@context":"https:\/\/schema.org","@graph":[{"@type":"WebPage","@id":"https:\/\/www.erresse-shop.it\/es\/shop\/tabla\/platos-para-servir\/villeroy-boch-metro-chic-marcador-de-posicion-33-cm\/","url":"https:\/\/www.erresse-shop.it\/es\/shop\/tabla\/platos-para-servir\/villeroy-boch-metro-chic-marcador-de-posicion-33-cm\/","name":"VILLEROY & BOCH Metro Chic Marcador de posici\u00f3n 33 cm - Erresse Shop","isPartOf":{"@id":"https:\/\/www.erresse-shop.it\/es\/#website"},"datePublished":"2023-02-17T10:03:27+00:00","dateModified":"2025-06-20T20:37:55+00:00","description":"Dise\u00f1o: generoso y elegante Ya sea en blanco purista o con motivos geom\u00e9tricos en negro y dorado, todas las piezas de la colecci\u00f3n de vajillas y art\u00edculos","breadcrumb":{"@id":"https:\/\/www.erresse-shop.it\/es\/shop\/tabla\/platos-para-servir\/villeroy-boch-metro-chic-marcador-de-posicion-33-cm\/#breadcrumb"},"inLanguage":"es","potentialAction":[{"@type":"ReadAction","target":["https:\/\/www.erresse-shop.it\/es\/shop\/tabla\/platos-para-servir\/villeroy-boch-metro-chic-marcador-de-posicion-33-cm\/"]}]},{"@type":"BreadcrumbList","@id":"https:\/\/www.erresse-shop.it\/es\/shop\/tabla\/platos-para-servir\/villeroy-boch-metro-chic-marcador-de-posicion-33-cm\/#breadcrumb","itemListElement":[{"@type":"ListItem","position":1,"name":"Home","item":"https:\/\/www.erresse-shop.it\/es\/"},{"@type":"ListItem","position":2,"name":"Shop","item":"https:\/\/www.erresse-shop.it\/es\/shop\/"},{"@type":"ListItem","position":3,"name":"VILLEROY &#038; BOCH Metro Chic Marcador de posici\u00f3n 33 cm"}]},{"@type":"WebSite","@id":"https:\/\/www.erresse-shop.it\/es\/#website","url":"https:\/\/www.erresse-shop.it\/es\/","name":"Erresse Shop","description":"Articoli di qualit\u00e0 per la casa","potentialAction":[{"@type":"SearchAction","target":{"@type":"EntryPoint","urlTemplate":"https:\/\/www.erresse-shop.it\/es\/?s={search_term_string}"},"query-input":"required name=search_term_string"}],"inLanguage":"es"}]}},"df_price":74.5,"df_sale_price":74.5,"df_regular_price":149,"df_image_link":"https:\/\/www.erresse-shop.it\/wp-content\/uploads\/2023\/02\/VILLEROY-BOCH-Metro-Chic-Segnaposto-33-cm-1-300x300.jpg","_links":{"self":[{"href":"https:\/\/www.erresse-shop.it\/es\/wp-json\/wp\/v2\/product\/239551"}],"collection":[{"href":"https:\/\/www.erresse-shop.it\/es\/wp-json\/wp\/v2\/product"}],"about":[{"href":"https:\/\/www.erresse-shop.it\/es\/wp-json\/wp\/v2\/types\/product"}],"wp:featuredmedia":[{"embeddable":true,"href":"https:\/\/www.erresse-shop.it\/es\/wp-json\/wp\/v2\/media\/474479"}],"wp:attachment":[{"href":"https:\/\/www.erresse-shop.it\/es\/wp-json\/wp\/v2\/media?parent=239551"}],"wp:term":[{"taxonomy":"product_cat","embeddable":true,"href":"https:\/\/www.erresse-shop.it\/es\/wp-json\/wp\/v2\/product_cat?post=239551"},{"taxonomy":"product_tag","embeddable":true,"href":"https:\/\/www.erresse-shop.it\/es\/wp-json\/wp\/v2\/product_tag?post=239551"}],"curies":[{"name":"wp","href":"https:\/\/api.w.org\/{rel}","templated":true}]}}