{"id":239448,"date":"2023-02-17T07:56:31","date_gmt":"2023-02-17T07:56:35","guid":{"rendered":"https:\/\/www.erresse-shop.it\/?post_type=product&#038;p=239448"},"modified":"2024-07-07T11:52:33","modified_gmt":"2024-07-07T11:52:33","slug":"villeroy-boch-metro-chic-set-2-vasos-de-agua-110-mm","status":"publish","type":"product","link":"https:\/\/www.erresse-shop.it\/es\/shop\/tabla\/vino\/calices\/villeroy-boch-metro-chic-set-2-vasos-de-agua-110-mm\/","title":{"rendered":"VILLEROY &#038; BOCH Metro Chic Set 2 Vasos de Agua 110 mm"},"content":{"rendered":"<p><strong>Una copa moderna para vinos finos<\/strong><br \/>\nLa colecci\u00f3n MetroChic Glas ha sido creada para satisfacer las m\u00e1s altas exigencias sin concesiones. Las copas grandes y la forma c\u00f3nica permiten que el bouquet de aromas se despliegue de forma \u00f3ptima sin desvanecerse r\u00e1pidamente. Un buen vaso de agua completa su cena diaria de forma elegante. Los atractivos vasos son tambi\u00e9n el compa\u00f1ero perfecto para su whisky favorito. Disfrute de veladas acogedoras con estilo. Inspire con un estilo excepcional.<\/p>\n<p><strong>Material:<\/strong> cristal<br \/>\n<strong>Volumen:<\/strong> 300ml<br \/>\n<strong>Apto para lavavajillas:<\/strong> s\u00ed<br \/>\n<strong>Apto para microondas:<\/strong> no<\/p>\n","protected":false},"excerpt":{"rendered":"<p>Una copa moderna para vinos finos La colecci\u00f3n MetroChic Glas ha sido creada para satisfacer las m\u00e1s altas exigencias sin<\/p>\n","protected":false},"featured_media":474744,"template":"","meta":{"_acf_changed":false,"inline_featured_image":false},"product_cat":[16052,16051],"product_tag":[25029,23912,21992,22017,16117,16610,16118,25023],"acf":[],"yoast_head":"<!-- This site is optimized with the Yoast SEO Premium plugin v18.6 (Yoast SEO v19.13) - https:\/\/yoast.com\/wordpress\/plugins\/seo\/ -->\n<title>VILLEROY &amp; BOCH Metro Chic Set 2 Vasos de Agua 110 mm - Erresse Shop<\/title>\n<meta name=\"description\" content=\"Una copa moderna para vinos finos La colecci\u00f3n MetroChic Glas ha sido creada para satisfacer las m\u00e1s altas exigencias sin concesiones. Las copas grandes y\" \/>\n<meta name=\"robots\" content=\"index, follow, max-snippet:-1, max-image-preview:large, max-video-preview:-1\" \/>\n<link rel=\"canonical\" href=\"https:\/\/www.erresse-shop.it\/es\/shop\/tabla\/vino\/calices\/villeroy-boch-metro-chic-set-2-vasos-de-agua-110-mm\/\" \/>\n<meta property=\"og:locale\" content=\"es_ES\" \/>\n<meta property=\"og:type\" content=\"article\" \/>\n<meta property=\"og:title\" content=\"VILLEROY &amp; BOCH Metro Chic Set 2 Vasos de Agua 110 mm\" \/>\n<meta property=\"og:description\" content=\"Una copa moderna para vinos finos La colecci\u00f3n MetroChic Glas ha sido creada para satisfacer las m\u00e1s altas exigencias sin concesiones. Las copas grandes y\" \/>\n<meta property=\"og:url\" content=\"https:\/\/www.erresse-shop.it\/es\/shop\/tabla\/vino\/calices\/villeroy-boch-metro-chic-set-2-vasos-de-agua-110-mm\/\" \/>\n<meta property=\"og:site_name\" content=\"Erresse Shop\" \/>\n<meta property=\"article:modified_time\" content=\"2024-07-07T11:52:33+00:00\" \/>\n<meta property=\"og:image\" content=\"https:\/\/www.erresse-shop.it\/wp-content\/uploads\/2023\/02\/VILLEROY-BOCH-Metro-Chic-Set-2-Bicchiere-Acqua-110-mm.jpg\" \/>\n\t<meta property=\"og:image:width\" content=\"800\" \/>\n\t<meta property=\"og:image:height\" content=\"800\" \/>\n\t<meta property=\"og:image:type\" content=\"image\/jpeg\" \/>\n<meta name=\"twitter:card\" content=\"summary_large_image\" \/>\n<script type=\"application\/ld+json\" class=\"yoast-schema-graph\">{\"@context\":\"https:\/\/schema.org\",\"@graph\":[{\"@type\":\"WebPage\",\"@id\":\"https:\/\/www.erresse-shop.it\/es\/shop\/tabla\/vino\/calices\/villeroy-boch-metro-chic-set-2-vasos-de-agua-110-mm\/\",\"url\":\"https:\/\/www.erresse-shop.it\/es\/shop\/tabla\/vino\/calices\/villeroy-boch-metro-chic-set-2-vasos-de-agua-110-mm\/\",\"name\":\"VILLEROY & BOCH Metro Chic Set 2 Vasos de Agua 110 mm - Erresse Shop\",\"isPartOf\":{\"@id\":\"https:\/\/www.erresse-shop.it\/es\/#website\"},\"datePublished\":\"2023-02-17T07:56:35+00:00\",\"dateModified\":\"2024-07-07T11:52:33+00:00\",\"description\":\"Una copa moderna para vinos finos La colecci\u00f3n MetroChic Glas ha sido creada para satisfacer las m\u00e1s altas exigencias sin concesiones. Las copas grandes y\",\"breadcrumb\":{\"@id\":\"https:\/\/www.erresse-shop.it\/es\/shop\/tabla\/vino\/calices\/villeroy-boch-metro-chic-set-2-vasos-de-agua-110-mm\/#breadcrumb\"},\"inLanguage\":\"es\",\"potentialAction\":[{\"@type\":\"ReadAction\",\"target\":[\"https:\/\/www.erresse-shop.it\/es\/shop\/tabla\/vino\/calices\/villeroy-boch-metro-chic-set-2-vasos-de-agua-110-mm\/\"]}]},{\"@type\":\"BreadcrumbList\",\"@id\":\"https:\/\/www.erresse-shop.it\/es\/shop\/tabla\/vino\/calices\/villeroy-boch-metro-chic-set-2-vasos-de-agua-110-mm\/#breadcrumb\",\"itemListElement\":[{\"@type\":\"ListItem\",\"position\":1,\"name\":\"Home\",\"item\":\"https:\/\/www.erresse-shop.it\/es\/\"},{\"@type\":\"ListItem\",\"position\":2,\"name\":\"Shop\",\"item\":\"https:\/\/www.erresse-shop.it\/es\/shop\/\"},{\"@type\":\"ListItem\",\"position\":3,\"name\":\"VILLEROY &#038; BOCH Metro Chic Set 2 Vasos de Agua 110 mm\"}]},{\"@type\":\"WebSite\",\"@id\":\"https:\/\/www.erresse-shop.it\/es\/#website\",\"url\":\"https:\/\/www.erresse-shop.it\/es\/\",\"name\":\"Erresse Shop\",\"description\":\"Articoli di qualit\u00e0 per la casa\",\"potentialAction\":[{\"@type\":\"SearchAction\",\"target\":{\"@type\":\"EntryPoint\",\"urlTemplate\":\"https:\/\/www.erresse-shop.it\/es\/?s={search_term_string}\"},\"query-input\":\"required name=search_term_string\"}],\"inLanguage\":\"es\"}]}<\/script>\n<!-- \/ Yoast SEO Premium plugin. -->","yoast_head_json":{"title":"VILLEROY & BOCH Metro Chic Set 2 Vasos de Agua 110 mm - Erresse Shop","description":"Una copa moderna para vinos finos La colecci\u00f3n MetroChic Glas ha sido creada para satisfacer las m\u00e1s altas exigencias sin concesiones. Las copas grandes y","robots":{"index":"index","follow":"follow","max-snippet":"max-snippet:-1","max-image-preview":"max-image-preview:large","max-video-preview":"max-video-preview:-1"},"canonical":"https:\/\/www.erresse-shop.it\/es\/shop\/tabla\/vino\/calices\/villeroy-boch-metro-chic-set-2-vasos-de-agua-110-mm\/","og_locale":"es_ES","og_type":"article","og_title":"VILLEROY & BOCH Metro Chic Set 2 Vasos de Agua 110 mm","og_description":"Una copa moderna para vinos finos La colecci\u00f3n MetroChic Glas ha sido creada para satisfacer las m\u00e1s altas exigencias sin concesiones. Las copas grandes y","og_url":"https:\/\/www.erresse-shop.it\/es\/shop\/tabla\/vino\/calices\/villeroy-boch-metro-chic-set-2-vasos-de-agua-110-mm\/","og_site_name":"Erresse Shop","article_modified_time":"2024-07-07T11:52:33+00:00","og_image":[{"width":800,"height":800,"url":"https:\/\/www.erresse-shop.it\/wp-content\/uploads\/2023\/02\/VILLEROY-BOCH-Metro-Chic-Set-2-Bicchiere-Acqua-110-mm.jpg","type":"image\/jpeg"}],"twitter_card":"summary_large_image","schema":{"@context":"https:\/\/schema.org","@graph":[{"@type":"WebPage","@id":"https:\/\/www.erresse-shop.it\/es\/shop\/tabla\/vino\/calices\/villeroy-boch-metro-chic-set-2-vasos-de-agua-110-mm\/","url":"https:\/\/www.erresse-shop.it\/es\/shop\/tabla\/vino\/calices\/villeroy-boch-metro-chic-set-2-vasos-de-agua-110-mm\/","name":"VILLEROY & BOCH Metro Chic Set 2 Vasos de Agua 110 mm - Erresse Shop","isPartOf":{"@id":"https:\/\/www.erresse-shop.it\/es\/#website"},"datePublished":"2023-02-17T07:56:35+00:00","dateModified":"2024-07-07T11:52:33+00:00","description":"Una copa moderna para vinos finos La colecci\u00f3n MetroChic Glas ha sido creada para satisfacer las m\u00e1s altas exigencias sin concesiones. Las copas grandes y","breadcrumb":{"@id":"https:\/\/www.erresse-shop.it\/es\/shop\/tabla\/vino\/calices\/villeroy-boch-metro-chic-set-2-vasos-de-agua-110-mm\/#breadcrumb"},"inLanguage":"es","potentialAction":[{"@type":"ReadAction","target":["https:\/\/www.erresse-shop.it\/es\/shop\/tabla\/vino\/calices\/villeroy-boch-metro-chic-set-2-vasos-de-agua-110-mm\/"]}]},{"@type":"BreadcrumbList","@id":"https:\/\/www.erresse-shop.it\/es\/shop\/tabla\/vino\/calices\/villeroy-boch-metro-chic-set-2-vasos-de-agua-110-mm\/#breadcrumb","itemListElement":[{"@type":"ListItem","position":1,"name":"Home","item":"https:\/\/www.erresse-shop.it\/es\/"},{"@type":"ListItem","position":2,"name":"Shop","item":"https:\/\/www.erresse-shop.it\/es\/shop\/"},{"@type":"ListItem","position":3,"name":"VILLEROY &#038; BOCH Metro Chic Set 2 Vasos de Agua 110 mm"}]},{"@type":"WebSite","@id":"https:\/\/www.erresse-shop.it\/es\/#website","url":"https:\/\/www.erresse-shop.it\/es\/","name":"Erresse Shop","description":"Articoli di qualit\u00e0 per la casa","potentialAction":[{"@type":"SearchAction","target":{"@type":"EntryPoint","urlTemplate":"https:\/\/www.erresse-shop.it\/es\/?s={search_term_string}"},"query-input":"required name=search_term_string"}],"inLanguage":"es"}]}},"df_price":49.95,"df_sale_price":49.95,"df_regular_price":59.9,"df_image_link":"https:\/\/www.erresse-shop.it\/wp-content\/uploads\/2023\/02\/VILLEROY-BOCH-Metro-Chic-Set-2-Bicchiere-Acqua-110-mm-1-300x300.jpg","_links":{"self":[{"href":"https:\/\/www.erresse-shop.it\/es\/wp-json\/wp\/v2\/product\/239448"}],"collection":[{"href":"https:\/\/www.erresse-shop.it\/es\/wp-json\/wp\/v2\/product"}],"about":[{"href":"https:\/\/www.erresse-shop.it\/es\/wp-json\/wp\/v2\/types\/product"}],"wp:featuredmedia":[{"embeddable":true,"href":"https:\/\/www.erresse-shop.it\/es\/wp-json\/wp\/v2\/media\/474744"}],"wp:attachment":[{"href":"https:\/\/www.erresse-shop.it\/es\/wp-json\/wp\/v2\/media?parent=239448"}],"wp:term":[{"taxonomy":"product_cat","embeddable":true,"href":"https:\/\/www.erresse-shop.it\/es\/wp-json\/wp\/v2\/product_cat?post=239448"},{"taxonomy":"product_tag","embeddable":true,"href":"https:\/\/www.erresse-shop.it\/es\/wp-json\/wp\/v2\/product_tag?post=239448"}],"curies":[{"name":"wp","href":"https:\/\/api.w.org\/{rel}","templated":true}]}}