{"id":239424,"date":"2023-02-17T07:50:14","date_gmt":"2023-02-17T07:50:18","guid":{"rendered":"https:\/\/www.erresse-shop.it\/?post_type=product&#038;p=239424"},"modified":"2023-02-17T09:36:50","modified_gmt":"2023-02-17T09:36:50","slug":"villeroy-boch-metro-chic-set-2-copas-de-champan-270-mm","status":"publish","type":"product","link":"https:\/\/www.erresse-shop.it\/es\/shop\/tabla\/vino\/calices\/villeroy-boch-metro-chic-set-2-copas-de-champan-270-mm\/","title":{"rendered":"VILLEROY &#038; BOCH Metro Chic Set 2 Copas de Champ\u00e1n 270 mm"},"content":{"rendered":"<p><strong>Copas de vino espumoso para momentos especiales<\/strong><br \/>\nLa nueva colecci\u00f3n MetroChic Glass ha sido creada para satisfacer las m\u00e1s altas exigencias sin concesiones. Las copas grandes y la forma c\u00f3nica permiten que el bouquet de aromas se despliegue de forma \u00f3ptima sin desvanecerse r\u00e1pidamente. En las ocasiones festivas, se necesita un vino espumoso o un champ\u00e1n de primera clase: en las copas altas de champ\u00e1n, estos vinos espumosos frescos se presentar\u00e1n con el m\u00e1ximo estilo. Sirva un vino blanco fresco con un plato ligero en una copa elegante y a la moda.<\/p>\n<p><strong>Material:<\/strong> cristal<br \/>\n<strong>Volumen: <\/strong>120ml<br \/>\n<strong>Apto para lavavajillas:<\/strong> s\u00ed<br \/>\n<strong>Apto para microondas:<\/strong> no<\/p>\n","protected":false},"excerpt":{"rendered":"<p>Copas de vino espumoso para momentos especiales La nueva colecci\u00f3n MetroChic Glass ha sido creada para satisfacer las m\u00e1s altas<\/p>\n","protected":false},"featured_media":474737,"template":"","meta":{"_acf_changed":false,"inline_featured_image":false},"product_cat":[16052,16051],"product_tag":[25029,16319,16306,22017,16117,16610,16118,25023,21429],"acf":[],"yoast_head":"<!-- This site is optimized with the Yoast SEO Premium plugin v18.6 (Yoast SEO v19.13) - https:\/\/yoast.com\/wordpress\/plugins\/seo\/ -->\n<title>VILLEROY &amp; BOCH Metro Chic Set 2 Copas de Champ\u00e1n 270 mm - Erresse Shop<\/title>\n<meta name=\"description\" content=\"Copas de vino espumoso para momentos especiales La nueva colecci\u00f3n MetroChic Glass ha sido creada para satisfacer las m\u00e1s altas exigencias sin\" \/>\n<meta name=\"robots\" content=\"index, follow, max-snippet:-1, max-image-preview:large, max-video-preview:-1\" \/>\n<link rel=\"canonical\" href=\"https:\/\/www.erresse-shop.it\/es\/shop\/tabla\/vino\/calices\/villeroy-boch-metro-chic-set-2-copas-de-champan-270-mm\/\" \/>\n<meta property=\"og:locale\" content=\"es_ES\" \/>\n<meta property=\"og:type\" content=\"article\" \/>\n<meta property=\"og:title\" content=\"VILLEROY &amp; BOCH Metro Chic Set 2 Copas de Champ\u00e1n 270 mm\" \/>\n<meta property=\"og:description\" content=\"Copas de vino espumoso para momentos especiales La nueva colecci\u00f3n MetroChic Glass ha sido creada para satisfacer las m\u00e1s altas exigencias sin\" \/>\n<meta property=\"og:url\" content=\"https:\/\/www.erresse-shop.it\/es\/shop\/tabla\/vino\/calices\/villeroy-boch-metro-chic-set-2-copas-de-champan-270-mm\/\" \/>\n<meta property=\"og:site_name\" content=\"Erresse Shop\" \/>\n<meta property=\"article:modified_time\" content=\"2023-02-17T09:36:50+00:00\" \/>\n<meta property=\"og:image\" content=\"https:\/\/www.erresse-shop.it\/wp-content\/uploads\/2023\/02\/VILLEROY-BOCH-New-Moon-Set-2-Calici-Spumante-270-mm.jpg\" \/>\n\t<meta property=\"og:image:width\" content=\"800\" \/>\n\t<meta property=\"og:image:height\" content=\"800\" \/>\n\t<meta property=\"og:image:type\" content=\"image\/jpeg\" \/>\n<meta name=\"twitter:card\" content=\"summary_large_image\" \/>\n<script type=\"application\/ld+json\" class=\"yoast-schema-graph\">{\"@context\":\"https:\/\/schema.org\",\"@graph\":[{\"@type\":\"WebPage\",\"@id\":\"https:\/\/www.erresse-shop.it\/es\/shop\/tabla\/vino\/calices\/villeroy-boch-metro-chic-set-2-copas-de-champan-270-mm\/\",\"url\":\"https:\/\/www.erresse-shop.it\/es\/shop\/tabla\/vino\/calices\/villeroy-boch-metro-chic-set-2-copas-de-champan-270-mm\/\",\"name\":\"VILLEROY & BOCH Metro Chic Set 2 Copas de Champ\u00e1n 270 mm - Erresse Shop\",\"isPartOf\":{\"@id\":\"https:\/\/www.erresse-shop.it\/es\/#website\"},\"datePublished\":\"2023-02-17T07:50:18+00:00\",\"dateModified\":\"2023-02-17T09:36:50+00:00\",\"description\":\"Copas de vino espumoso para momentos especiales La nueva colecci\u00f3n MetroChic Glass ha sido creada para satisfacer las m\u00e1s altas exigencias sin\",\"breadcrumb\":{\"@id\":\"https:\/\/www.erresse-shop.it\/es\/shop\/tabla\/vino\/calices\/villeroy-boch-metro-chic-set-2-copas-de-champan-270-mm\/#breadcrumb\"},\"inLanguage\":\"es\",\"potentialAction\":[{\"@type\":\"ReadAction\",\"target\":[\"https:\/\/www.erresse-shop.it\/es\/shop\/tabla\/vino\/calices\/villeroy-boch-metro-chic-set-2-copas-de-champan-270-mm\/\"]}]},{\"@type\":\"BreadcrumbList\",\"@id\":\"https:\/\/www.erresse-shop.it\/es\/shop\/tabla\/vino\/calices\/villeroy-boch-metro-chic-set-2-copas-de-champan-270-mm\/#breadcrumb\",\"itemListElement\":[{\"@type\":\"ListItem\",\"position\":1,\"name\":\"Home\",\"item\":\"https:\/\/www.erresse-shop.it\/es\/\"},{\"@type\":\"ListItem\",\"position\":2,\"name\":\"Shop\",\"item\":\"https:\/\/www.erresse-shop.it\/es\/shop\/\"},{\"@type\":\"ListItem\",\"position\":3,\"name\":\"VILLEROY &#038; BOCH Metro Chic Set 2 Copas de Champ\u00e1n 270 mm\"}]},{\"@type\":\"WebSite\",\"@id\":\"https:\/\/www.erresse-shop.it\/es\/#website\",\"url\":\"https:\/\/www.erresse-shop.it\/es\/\",\"name\":\"Erresse Shop\",\"description\":\"Articoli di qualit\u00e0 per la casa\",\"potentialAction\":[{\"@type\":\"SearchAction\",\"target\":{\"@type\":\"EntryPoint\",\"urlTemplate\":\"https:\/\/www.erresse-shop.it\/es\/?s={search_term_string}\"},\"query-input\":\"required name=search_term_string\"}],\"inLanguage\":\"es\"}]}<\/script>\n<!-- \/ Yoast SEO Premium plugin. -->","yoast_head_json":{"title":"VILLEROY & BOCH Metro Chic Set 2 Copas de Champ\u00e1n 270 mm - Erresse Shop","description":"Copas de vino espumoso para momentos especiales La nueva colecci\u00f3n MetroChic Glass ha sido creada para satisfacer las m\u00e1s altas exigencias sin","robots":{"index":"index","follow":"follow","max-snippet":"max-snippet:-1","max-image-preview":"max-image-preview:large","max-video-preview":"max-video-preview:-1"},"canonical":"https:\/\/www.erresse-shop.it\/es\/shop\/tabla\/vino\/calices\/villeroy-boch-metro-chic-set-2-copas-de-champan-270-mm\/","og_locale":"es_ES","og_type":"article","og_title":"VILLEROY & BOCH Metro Chic Set 2 Copas de Champ\u00e1n 270 mm","og_description":"Copas de vino espumoso para momentos especiales La nueva colecci\u00f3n MetroChic Glass ha sido creada para satisfacer las m\u00e1s altas exigencias sin","og_url":"https:\/\/www.erresse-shop.it\/es\/shop\/tabla\/vino\/calices\/villeroy-boch-metro-chic-set-2-copas-de-champan-270-mm\/","og_site_name":"Erresse Shop","article_modified_time":"2023-02-17T09:36:50+00:00","og_image":[{"width":800,"height":800,"url":"https:\/\/www.erresse-shop.it\/wp-content\/uploads\/2023\/02\/VILLEROY-BOCH-New-Moon-Set-2-Calici-Spumante-270-mm.jpg","type":"image\/jpeg"}],"twitter_card":"summary_large_image","schema":{"@context":"https:\/\/schema.org","@graph":[{"@type":"WebPage","@id":"https:\/\/www.erresse-shop.it\/es\/shop\/tabla\/vino\/calices\/villeroy-boch-metro-chic-set-2-copas-de-champan-270-mm\/","url":"https:\/\/www.erresse-shop.it\/es\/shop\/tabla\/vino\/calices\/villeroy-boch-metro-chic-set-2-copas-de-champan-270-mm\/","name":"VILLEROY & BOCH Metro Chic Set 2 Copas de Champ\u00e1n 270 mm - Erresse Shop","isPartOf":{"@id":"https:\/\/www.erresse-shop.it\/es\/#website"},"datePublished":"2023-02-17T07:50:18+00:00","dateModified":"2023-02-17T09:36:50+00:00","description":"Copas de vino espumoso para momentos especiales La nueva colecci\u00f3n MetroChic Glass ha sido creada para satisfacer las m\u00e1s altas exigencias sin","breadcrumb":{"@id":"https:\/\/www.erresse-shop.it\/es\/shop\/tabla\/vino\/calices\/villeroy-boch-metro-chic-set-2-copas-de-champan-270-mm\/#breadcrumb"},"inLanguage":"es","potentialAction":[{"@type":"ReadAction","target":["https:\/\/www.erresse-shop.it\/es\/shop\/tabla\/vino\/calices\/villeroy-boch-metro-chic-set-2-copas-de-champan-270-mm\/"]}]},{"@type":"BreadcrumbList","@id":"https:\/\/www.erresse-shop.it\/es\/shop\/tabla\/vino\/calices\/villeroy-boch-metro-chic-set-2-copas-de-champan-270-mm\/#breadcrumb","itemListElement":[{"@type":"ListItem","position":1,"name":"Home","item":"https:\/\/www.erresse-shop.it\/es\/"},{"@type":"ListItem","position":2,"name":"Shop","item":"https:\/\/www.erresse-shop.it\/es\/shop\/"},{"@type":"ListItem","position":3,"name":"VILLEROY &#038; BOCH Metro Chic Set 2 Copas de Champ\u00e1n 270 mm"}]},{"@type":"WebSite","@id":"https:\/\/www.erresse-shop.it\/es\/#website","url":"https:\/\/www.erresse-shop.it\/es\/","name":"Erresse Shop","description":"Articoli di qualit\u00e0 per la casa","potentialAction":[{"@type":"SearchAction","target":{"@type":"EntryPoint","urlTemplate":"https:\/\/www.erresse-shop.it\/es\/?s={search_term_string}"},"query-input":"required name=search_term_string"}],"inLanguage":"es"}]}},"df_price":47.92,"df_sale_price":47.92,"df_regular_price":59.9,"df_image_link":"https:\/\/www.erresse-shop.it\/wp-content\/uploads\/2023\/02\/VILLEROY-BOCH-Metro-Chic-Set-2-Calici-Spumante-270-mm-1-300x300.jpg","_links":{"self":[{"href":"https:\/\/www.erresse-shop.it\/es\/wp-json\/wp\/v2\/product\/239424"}],"collection":[{"href":"https:\/\/www.erresse-shop.it\/es\/wp-json\/wp\/v2\/product"}],"about":[{"href":"https:\/\/www.erresse-shop.it\/es\/wp-json\/wp\/v2\/types\/product"}],"wp:featuredmedia":[{"embeddable":true,"href":"https:\/\/www.erresse-shop.it\/es\/wp-json\/wp\/v2\/media\/474737"}],"wp:attachment":[{"href":"https:\/\/www.erresse-shop.it\/es\/wp-json\/wp\/v2\/media?parent=239424"}],"wp:term":[{"taxonomy":"product_cat","embeddable":true,"href":"https:\/\/www.erresse-shop.it\/es\/wp-json\/wp\/v2\/product_cat?post=239424"},{"taxonomy":"product_tag","embeddable":true,"href":"https:\/\/www.erresse-shop.it\/es\/wp-json\/wp\/v2\/product_tag?post=239424"}],"curies":[{"name":"wp","href":"https:\/\/api.w.org\/{rel}","templated":true}]}}