{"id":239176,"date":"2023-02-16T14:38:28","date_gmt":"2023-02-16T14:38:32","guid":{"rendered":"https:\/\/www.erresse-shop.it\/?post_type=product&#038;p=239176"},"modified":"2023-02-17T07:39:35","modified_gmt":"2023-02-17T07:39:35","slug":"villeroy-boch-metro-chic-set-2-copas-de-vino-tinto-240-mm","status":"publish","type":"product","link":"https:\/\/www.erresse-shop.it\/es\/shop\/tabla\/vino\/calices\/villeroy-boch-metro-chic-set-2-copas-de-vino-tinto-240-mm\/","title":{"rendered":"VILLEROY &#038; BOCH Metro Chic Set 2 Copas de Vino Tinto 240 mm"},"content":{"rendered":"<p><strong>Para vinos tintos con cuerpo<\/strong><br \/>La nueva colecci\u00f3n MetroChic Glass ha sido creada para satisfacer las m\u00e1s altas exigencias sin concesiones. Las copas grandes y la forma c\u00f3nica permiten que el bouquet de aromas se despliegue de forma \u00f3ptima sin desvanecerse r\u00e1pidamente. La moderna forma de estas copas para vino tinto permite que el aroma de los vinos finos se libere a la perfecci\u00f3n. Sirva un vino blanco fresco con un plato ligero en una copa elegante y a la moda.<\/p>\n<p><strong>Material:<\/strong> cristal<br \/><strong>Volumen:<\/strong> 200ml<br \/><strong>Apto para lavavajillas:<\/strong> s\u00ed<br \/><strong>Apto para microondas:<\/strong> no<\/p>\n","protected":false},"excerpt":{"rendered":"<p><br data-mce-bogus=\"1\"><\/p>\n","protected":false},"featured_media":474723,"template":"","meta":{"_acf_changed":false,"inline_featured_image":false},"product_cat":[16052,16051],"product_tag":[25029,21987,22017,16117,16610,16118,21823,25023],"acf":[],"yoast_head":"<!-- This site is optimized with the Yoast SEO Premium plugin v18.6 (Yoast SEO v19.13) - https:\/\/yoast.com\/wordpress\/plugins\/seo\/ -->\n<title>VILLEROY &amp; BOCH Metro Chic Set 2 Copas de Vino Tinto 240 mm - Erresse Shop<\/title>\n<meta name=\"robots\" content=\"index, follow, max-snippet:-1, max-image-preview:large, max-video-preview:-1\" \/>\n<link rel=\"canonical\" href=\"https:\/\/www.erresse-shop.it\/es\/shop\/tabla\/vino\/calices\/villeroy-boch-metro-chic-set-2-copas-de-vino-tinto-240-mm\/\" \/>\n<meta property=\"og:locale\" content=\"es_ES\" \/>\n<meta property=\"og:type\" content=\"article\" \/>\n<meta property=\"og:title\" content=\"VILLEROY &amp; BOCH Metro Chic Set 2 Copas de Vino Tinto 240 mm\" \/>\n<meta property=\"og:url\" content=\"https:\/\/www.erresse-shop.it\/es\/shop\/tabla\/vino\/calices\/villeroy-boch-metro-chic-set-2-copas-de-vino-tinto-240-mm\/\" \/>\n<meta property=\"og:site_name\" content=\"Erresse Shop\" \/>\n<meta property=\"article:modified_time\" content=\"2023-02-17T07:39:35+00:00\" \/>\n<meta property=\"og:image\" content=\"https:\/\/www.erresse-shop.it\/wp-content\/uploads\/2023\/02\/VILLEROY-BOCH-Metro-Chic-Set-2-Calici-Vino-Rosso-240-ml.jpg\" \/>\n\t<meta property=\"og:image:width\" content=\"800\" \/>\n\t<meta property=\"og:image:height\" content=\"800\" \/>\n\t<meta property=\"og:image:type\" content=\"image\/jpeg\" \/>\n<meta name=\"twitter:card\" content=\"summary_large_image\" \/>\n<script type=\"application\/ld+json\" class=\"yoast-schema-graph\">{\"@context\":\"https:\/\/schema.org\",\"@graph\":[{\"@type\":\"WebPage\",\"@id\":\"https:\/\/www.erresse-shop.it\/es\/shop\/tabla\/vino\/calices\/villeroy-boch-metro-chic-set-2-copas-de-vino-tinto-240-mm\/\",\"url\":\"https:\/\/www.erresse-shop.it\/es\/shop\/tabla\/vino\/calices\/villeroy-boch-metro-chic-set-2-copas-de-vino-tinto-240-mm\/\",\"name\":\"VILLEROY & BOCH Metro Chic Set 2 Copas de Vino Tinto 240 mm - Erresse Shop\",\"isPartOf\":{\"@id\":\"https:\/\/www.erresse-shop.it\/es\/#website\"},\"datePublished\":\"2023-02-16T14:38:32+00:00\",\"dateModified\":\"2023-02-17T07:39:35+00:00\",\"breadcrumb\":{\"@id\":\"https:\/\/www.erresse-shop.it\/es\/shop\/tabla\/vino\/calices\/villeroy-boch-metro-chic-set-2-copas-de-vino-tinto-240-mm\/#breadcrumb\"},\"inLanguage\":\"es\",\"potentialAction\":[{\"@type\":\"ReadAction\",\"target\":[\"https:\/\/www.erresse-shop.it\/es\/shop\/tabla\/vino\/calices\/villeroy-boch-metro-chic-set-2-copas-de-vino-tinto-240-mm\/\"]}]},{\"@type\":\"BreadcrumbList\",\"@id\":\"https:\/\/www.erresse-shop.it\/es\/shop\/tabla\/vino\/calices\/villeroy-boch-metro-chic-set-2-copas-de-vino-tinto-240-mm\/#breadcrumb\",\"itemListElement\":[{\"@type\":\"ListItem\",\"position\":1,\"name\":\"Home\",\"item\":\"https:\/\/www.erresse-shop.it\/es\/\"},{\"@type\":\"ListItem\",\"position\":2,\"name\":\"Shop\",\"item\":\"https:\/\/www.erresse-shop.it\/es\/shop\/\"},{\"@type\":\"ListItem\",\"position\":3,\"name\":\"VILLEROY &#038; BOCH Metro Chic Set 2 Copas de Vino Tinto 240 mm\"}]},{\"@type\":\"WebSite\",\"@id\":\"https:\/\/www.erresse-shop.it\/es\/#website\",\"url\":\"https:\/\/www.erresse-shop.it\/es\/\",\"name\":\"Erresse Shop\",\"description\":\"Articoli di qualit\u00e0 per la casa\",\"potentialAction\":[{\"@type\":\"SearchAction\",\"target\":{\"@type\":\"EntryPoint\",\"urlTemplate\":\"https:\/\/www.erresse-shop.it\/es\/?s={search_term_string}\"},\"query-input\":\"required name=search_term_string\"}],\"inLanguage\":\"es\"}]}<\/script>\n<!-- \/ Yoast SEO Premium plugin. -->","yoast_head_json":{"title":"VILLEROY & BOCH Metro Chic Set 2 Copas de Vino Tinto 240 mm - Erresse Shop","robots":{"index":"index","follow":"follow","max-snippet":"max-snippet:-1","max-image-preview":"max-image-preview:large","max-video-preview":"max-video-preview:-1"},"canonical":"https:\/\/www.erresse-shop.it\/es\/shop\/tabla\/vino\/calices\/villeroy-boch-metro-chic-set-2-copas-de-vino-tinto-240-mm\/","og_locale":"es_ES","og_type":"article","og_title":"VILLEROY & BOCH Metro Chic Set 2 Copas de Vino Tinto 240 mm","og_url":"https:\/\/www.erresse-shop.it\/es\/shop\/tabla\/vino\/calices\/villeroy-boch-metro-chic-set-2-copas-de-vino-tinto-240-mm\/","og_site_name":"Erresse Shop","article_modified_time":"2023-02-17T07:39:35+00:00","og_image":[{"width":800,"height":800,"url":"https:\/\/www.erresse-shop.it\/wp-content\/uploads\/2023\/02\/VILLEROY-BOCH-Metro-Chic-Set-2-Calici-Vino-Rosso-240-ml.jpg","type":"image\/jpeg"}],"twitter_card":"summary_large_image","schema":{"@context":"https:\/\/schema.org","@graph":[{"@type":"WebPage","@id":"https:\/\/www.erresse-shop.it\/es\/shop\/tabla\/vino\/calices\/villeroy-boch-metro-chic-set-2-copas-de-vino-tinto-240-mm\/","url":"https:\/\/www.erresse-shop.it\/es\/shop\/tabla\/vino\/calices\/villeroy-boch-metro-chic-set-2-copas-de-vino-tinto-240-mm\/","name":"VILLEROY & BOCH Metro Chic Set 2 Copas de Vino Tinto 240 mm - Erresse Shop","isPartOf":{"@id":"https:\/\/www.erresse-shop.it\/es\/#website"},"datePublished":"2023-02-16T14:38:32+00:00","dateModified":"2023-02-17T07:39:35+00:00","breadcrumb":{"@id":"https:\/\/www.erresse-shop.it\/es\/shop\/tabla\/vino\/calices\/villeroy-boch-metro-chic-set-2-copas-de-vino-tinto-240-mm\/#breadcrumb"},"inLanguage":"es","potentialAction":[{"@type":"ReadAction","target":["https:\/\/www.erresse-shop.it\/es\/shop\/tabla\/vino\/calices\/villeroy-boch-metro-chic-set-2-copas-de-vino-tinto-240-mm\/"]}]},{"@type":"BreadcrumbList","@id":"https:\/\/www.erresse-shop.it\/es\/shop\/tabla\/vino\/calices\/villeroy-boch-metro-chic-set-2-copas-de-vino-tinto-240-mm\/#breadcrumb","itemListElement":[{"@type":"ListItem","position":1,"name":"Home","item":"https:\/\/www.erresse-shop.it\/es\/"},{"@type":"ListItem","position":2,"name":"Shop","item":"https:\/\/www.erresse-shop.it\/es\/shop\/"},{"@type":"ListItem","position":3,"name":"VILLEROY &#038; BOCH Metro Chic Set 2 Copas de Vino Tinto 240 mm"}]},{"@type":"WebSite","@id":"https:\/\/www.erresse-shop.it\/es\/#website","url":"https:\/\/www.erresse-shop.it\/es\/","name":"Erresse Shop","description":"Articoli di qualit\u00e0 per la casa","potentialAction":[{"@type":"SearchAction","target":{"@type":"EntryPoint","urlTemplate":"https:\/\/www.erresse-shop.it\/es\/?s={search_term_string}"},"query-input":"required name=search_term_string"}],"inLanguage":"es"}]}},"df_price":47.92,"df_sale_price":47.92,"df_regular_price":59.9,"df_image_link":"https:\/\/www.erresse-shop.it\/wp-content\/uploads\/2023\/02\/VILLEROY-BOCH-Metro-Chic-Set-2-Calici-Vino-Rosso-240-mm-1-300x300.jpg","_links":{"self":[{"href":"https:\/\/www.erresse-shop.it\/es\/wp-json\/wp\/v2\/product\/239176"}],"collection":[{"href":"https:\/\/www.erresse-shop.it\/es\/wp-json\/wp\/v2\/product"}],"about":[{"href":"https:\/\/www.erresse-shop.it\/es\/wp-json\/wp\/v2\/types\/product"}],"wp:featuredmedia":[{"embeddable":true,"href":"https:\/\/www.erresse-shop.it\/es\/wp-json\/wp\/v2\/media\/474723"}],"wp:attachment":[{"href":"https:\/\/www.erresse-shop.it\/es\/wp-json\/wp\/v2\/media?parent=239176"}],"wp:term":[{"taxonomy":"product_cat","embeddable":true,"href":"https:\/\/www.erresse-shop.it\/es\/wp-json\/wp\/v2\/product_cat?post=239176"},{"taxonomy":"product_tag","embeddable":true,"href":"https:\/\/www.erresse-shop.it\/es\/wp-json\/wp\/v2\/product_tag?post=239176"}],"curies":[{"name":"wp","href":"https:\/\/api.w.org\/{rel}","templated":true}]}}