{"id":239140,"date":"2023-02-16T14:07:29","date_gmt":"2023-02-16T14:07:33","guid":{"rendered":"https:\/\/www.erresse-shop.it\/?post_type=product&#038;p=239140"},"modified":"2023-02-16T14:15:06","modified_gmt":"2023-02-16T14:15:06","slug":"villeroy-boch-new-moon-ensaladera-s","status":"publish","type":"product","link":"https:\/\/www.erresse-shop.it\/es\/shop\/tabla\/ensaladeras-y-soperas\/villeroy-boch-new-moon-ensaladera-s\/","title":{"rendered":"VILLEROY &#038; BOCH New Moon Ensaladera S"},"content":{"rendered":"<p><strong>Vers\u00e1til, para guarniciones, postres y ensaladas<\/strong><br \/>\nExpresiva, funcional, purista: con la l\u00ednea NewMoon puede contar con un dise\u00f1o \u00fanico tanto para el uso diario como para ocasiones especiales. El llamativo borde en forma de fina luna creciente y la ligera asimetr\u00eda resultante reflejan el claro car\u00e1cter de la colecci\u00f3n. Esta ensaladera es \u00fatil para muchas ocasiones y causar\u00e1 una excelente impresi\u00f3n. Descubra la porcelana inspirada en la belleza de la luna.<\/p>\n<p><strong>Material:<\/strong> porcelana<br \/>\n<strong>Di\u00e1metro:<\/strong> 186ml<br \/>\n<strong>Apto para lavavajillas:<\/strong> s\u00ed<br \/>\n<strong>Apto para microondas:<\/strong> s\u00ed<\/p>\n","protected":false},"excerpt":{"rendered":"<p>Vers\u00e1til, para guarniciones, postres y ensaladas Expresiva, funcional, purista: con la l\u00ednea NewMoon puede contar con un dise\u00f1o \u00fanico tanto<\/p>\n","protected":false},"featured_media":475494,"template":"","meta":{"_acf_changed":false,"inline_featured_image":false},"product_cat":[16030,16027],"product_tag":[16414,22004,16368,16527],"acf":[],"yoast_head":"<!-- This site is optimized with the Yoast SEO Premium plugin v18.6 (Yoast SEO v19.13) - https:\/\/yoast.com\/wordpress\/plugins\/seo\/ -->\n<title>VILLEROY &amp; BOCH New Moon Ensaladera S - Erresse Shop<\/title>\n<meta name=\"description\" content=\"Vers\u00e1til, para guarniciones, postres y ensaladas Expresiva, funcional, purista: con la l\u00ednea NewMoon puede contar con un dise\u00f1o \u00fanico tanto para el uso\" \/>\n<meta name=\"robots\" content=\"index, follow, max-snippet:-1, max-image-preview:large, max-video-preview:-1\" \/>\n<link rel=\"canonical\" href=\"https:\/\/www.erresse-shop.it\/es\/shop\/tabla\/ensaladeras-y-soperas\/villeroy-boch-new-moon-ensaladera-s\/\" \/>\n<meta property=\"og:locale\" content=\"es_ES\" \/>\n<meta property=\"og:type\" content=\"article\" \/>\n<meta property=\"og:title\" content=\"VILLEROY &amp; BOCH New Moon Ensaladera S\" \/>\n<meta property=\"og:description\" content=\"Vers\u00e1til, para guarniciones, postres y ensaladas Expresiva, funcional, purista: con la l\u00ednea NewMoon puede contar con un dise\u00f1o \u00fanico tanto para el uso\" \/>\n<meta property=\"og:url\" content=\"https:\/\/www.erresse-shop.it\/es\/shop\/tabla\/ensaladeras-y-soperas\/villeroy-boch-new-moon-ensaladera-s\/\" \/>\n<meta property=\"og:site_name\" content=\"Erresse Shop\" \/>\n<meta property=\"article:modified_time\" content=\"2023-02-16T14:15:06+00:00\" \/>\n<meta property=\"og:image\" content=\"https:\/\/www.erresse-shop.it\/wp-content\/uploads\/2023\/02\/VILLEROY-BOCH-New-Moon-Insalatiera-S.jpg\" \/>\n\t<meta property=\"og:image:width\" content=\"800\" \/>\n\t<meta property=\"og:image:height\" content=\"800\" \/>\n\t<meta property=\"og:image:type\" content=\"image\/jpeg\" \/>\n<meta name=\"twitter:card\" content=\"summary_large_image\" \/>\n<script type=\"application\/ld+json\" class=\"yoast-schema-graph\">{\"@context\":\"https:\/\/schema.org\",\"@graph\":[{\"@type\":\"WebPage\",\"@id\":\"https:\/\/www.erresse-shop.it\/es\/shop\/tabla\/ensaladeras-y-soperas\/villeroy-boch-new-moon-ensaladera-s\/\",\"url\":\"https:\/\/www.erresse-shop.it\/es\/shop\/tabla\/ensaladeras-y-soperas\/villeroy-boch-new-moon-ensaladera-s\/\",\"name\":\"VILLEROY & BOCH New Moon Ensaladera S - Erresse Shop\",\"isPartOf\":{\"@id\":\"https:\/\/www.erresse-shop.it\/es\/#website\"},\"datePublished\":\"2023-02-16T14:07:33+00:00\",\"dateModified\":\"2023-02-16T14:15:06+00:00\",\"description\":\"Vers\u00e1til, para guarniciones, postres y ensaladas Expresiva, funcional, purista: con la l\u00ednea NewMoon puede contar con un dise\u00f1o \u00fanico tanto para el uso\",\"breadcrumb\":{\"@id\":\"https:\/\/www.erresse-shop.it\/es\/shop\/tabla\/ensaladeras-y-soperas\/villeroy-boch-new-moon-ensaladera-s\/#breadcrumb\"},\"inLanguage\":\"es\",\"potentialAction\":[{\"@type\":\"ReadAction\",\"target\":[\"https:\/\/www.erresse-shop.it\/es\/shop\/tabla\/ensaladeras-y-soperas\/villeroy-boch-new-moon-ensaladera-s\/\"]}]},{\"@type\":\"BreadcrumbList\",\"@id\":\"https:\/\/www.erresse-shop.it\/es\/shop\/tabla\/ensaladeras-y-soperas\/villeroy-boch-new-moon-ensaladera-s\/#breadcrumb\",\"itemListElement\":[{\"@type\":\"ListItem\",\"position\":1,\"name\":\"Home\",\"item\":\"https:\/\/www.erresse-shop.it\/es\/\"},{\"@type\":\"ListItem\",\"position\":2,\"name\":\"Shop\",\"item\":\"https:\/\/www.erresse-shop.it\/es\/shop\/\"},{\"@type\":\"ListItem\",\"position\":3,\"name\":\"VILLEROY &#038; BOCH New Moon Ensaladera S\"}]},{\"@type\":\"WebSite\",\"@id\":\"https:\/\/www.erresse-shop.it\/es\/#website\",\"url\":\"https:\/\/www.erresse-shop.it\/es\/\",\"name\":\"Erresse Shop\",\"description\":\"Articoli di qualit\u00e0 per la casa\",\"potentialAction\":[{\"@type\":\"SearchAction\",\"target\":{\"@type\":\"EntryPoint\",\"urlTemplate\":\"https:\/\/www.erresse-shop.it\/es\/?s={search_term_string}\"},\"query-input\":\"required name=search_term_string\"}],\"inLanguage\":\"es\"}]}<\/script>\n<!-- \/ Yoast SEO Premium plugin. -->","yoast_head_json":{"title":"VILLEROY & BOCH New Moon Ensaladera S - Erresse Shop","description":"Vers\u00e1til, para guarniciones, postres y ensaladas Expresiva, funcional, purista: con la l\u00ednea NewMoon puede contar con un dise\u00f1o \u00fanico tanto para el uso","robots":{"index":"index","follow":"follow","max-snippet":"max-snippet:-1","max-image-preview":"max-image-preview:large","max-video-preview":"max-video-preview:-1"},"canonical":"https:\/\/www.erresse-shop.it\/es\/shop\/tabla\/ensaladeras-y-soperas\/villeroy-boch-new-moon-ensaladera-s\/","og_locale":"es_ES","og_type":"article","og_title":"VILLEROY & BOCH New Moon Ensaladera S","og_description":"Vers\u00e1til, para guarniciones, postres y ensaladas Expresiva, funcional, purista: con la l\u00ednea NewMoon puede contar con un dise\u00f1o \u00fanico tanto para el uso","og_url":"https:\/\/www.erresse-shop.it\/es\/shop\/tabla\/ensaladeras-y-soperas\/villeroy-boch-new-moon-ensaladera-s\/","og_site_name":"Erresse Shop","article_modified_time":"2023-02-16T14:15:06+00:00","og_image":[{"width":800,"height":800,"url":"https:\/\/www.erresse-shop.it\/wp-content\/uploads\/2023\/02\/VILLEROY-BOCH-New-Moon-Insalatiera-S.jpg","type":"image\/jpeg"}],"twitter_card":"summary_large_image","schema":{"@context":"https:\/\/schema.org","@graph":[{"@type":"WebPage","@id":"https:\/\/www.erresse-shop.it\/es\/shop\/tabla\/ensaladeras-y-soperas\/villeroy-boch-new-moon-ensaladera-s\/","url":"https:\/\/www.erresse-shop.it\/es\/shop\/tabla\/ensaladeras-y-soperas\/villeroy-boch-new-moon-ensaladera-s\/","name":"VILLEROY & BOCH New Moon Ensaladera S - Erresse Shop","isPartOf":{"@id":"https:\/\/www.erresse-shop.it\/es\/#website"},"datePublished":"2023-02-16T14:07:33+00:00","dateModified":"2023-02-16T14:15:06+00:00","description":"Vers\u00e1til, para guarniciones, postres y ensaladas Expresiva, funcional, purista: con la l\u00ednea NewMoon puede contar con un dise\u00f1o \u00fanico tanto para el uso","breadcrumb":{"@id":"https:\/\/www.erresse-shop.it\/es\/shop\/tabla\/ensaladeras-y-soperas\/villeroy-boch-new-moon-ensaladera-s\/#breadcrumb"},"inLanguage":"es","potentialAction":[{"@type":"ReadAction","target":["https:\/\/www.erresse-shop.it\/es\/shop\/tabla\/ensaladeras-y-soperas\/villeroy-boch-new-moon-ensaladera-s\/"]}]},{"@type":"BreadcrumbList","@id":"https:\/\/www.erresse-shop.it\/es\/shop\/tabla\/ensaladeras-y-soperas\/villeroy-boch-new-moon-ensaladera-s\/#breadcrumb","itemListElement":[{"@type":"ListItem","position":1,"name":"Home","item":"https:\/\/www.erresse-shop.it\/es\/"},{"@type":"ListItem","position":2,"name":"Shop","item":"https:\/\/www.erresse-shop.it\/es\/shop\/"},{"@type":"ListItem","position":3,"name":"VILLEROY &#038; BOCH New Moon Ensaladera S"}]},{"@type":"WebSite","@id":"https:\/\/www.erresse-shop.it\/es\/#website","url":"https:\/\/www.erresse-shop.it\/es\/","name":"Erresse Shop","description":"Articoli di qualit\u00e0 per la casa","potentialAction":[{"@type":"SearchAction","target":{"@type":"EntryPoint","urlTemplate":"https:\/\/www.erresse-shop.it\/es\/?s={search_term_string}"},"query-input":"required name=search_term_string"}],"inLanguage":"es"}]}},"df_price":22.32,"df_sale_price":22.32,"df_regular_price":27.9,"df_image_link":"https:\/\/www.erresse-shop.it\/wp-content\/uploads\/2023\/02\/VILLEROY-BOCH-New-Moon-Insalatiera-S-2-1-300x300.jpg","_links":{"self":[{"href":"https:\/\/www.erresse-shop.it\/es\/wp-json\/wp\/v2\/product\/239140"}],"collection":[{"href":"https:\/\/www.erresse-shop.it\/es\/wp-json\/wp\/v2\/product"}],"about":[{"href":"https:\/\/www.erresse-shop.it\/es\/wp-json\/wp\/v2\/types\/product"}],"wp:featuredmedia":[{"embeddable":true,"href":"https:\/\/www.erresse-shop.it\/es\/wp-json\/wp\/v2\/media\/475494"}],"wp:attachment":[{"href":"https:\/\/www.erresse-shop.it\/es\/wp-json\/wp\/v2\/media?parent=239140"}],"wp:term":[{"taxonomy":"product_cat","embeddable":true,"href":"https:\/\/www.erresse-shop.it\/es\/wp-json\/wp\/v2\/product_cat?post=239140"},{"taxonomy":"product_tag","embeddable":true,"href":"https:\/\/www.erresse-shop.it\/es\/wp-json\/wp\/v2\/product_tag?post=239140"}],"curies":[{"name":"wp","href":"https:\/\/api.w.org\/{rel}","templated":true}]}}