{"id":238936,"date":"2023-02-16T11:48:53","date_gmt":"2023-02-16T11:48:57","guid":{"rendered":"https:\/\/www.erresse-shop.it\/?post_type=product&#038;p=238936"},"modified":"2025-07-03T06:30:35","modified_gmt":"2025-07-03T06:30:35","slug":"villeroy-boch-new-moon-set-6-platos-planos-27-cm","status":"publish","type":"product","link":"https:\/\/www.erresse-shop.it\/es\/shop\/tabla\/platos\/villeroy-boch-new-moon-set-6-platos-planos-27-cm\/","title":{"rendered":"VILLEROY &#038; BOCH New Moon Set 6 Platos Planos 27 cm"},"content":{"rendered":"<p><strong>Un dise\u00f1o que llama la atenci\u00f3n en cualquier mesa<\/strong><br \/>\nExpresiva, funcional, purista: con la l\u00ednea NewMoon puede contar con un dise\u00f1o \u00fanico tanto para el uso diario como para las ocasiones especiales. El llamativo borde en forma de fina luna creciente y la ligera asimetr\u00eda resultante reflejan el claro car\u00e1cter de la colecci\u00f3n. El plato llano, con su bello dise\u00f1o, es una expresi\u00f3n del arte moderno de la vajilla, pero sin ocupar el centro del escenario. Descubra la porcelana inspirada en la belleza de la luna.<\/p>\n<p><strong>Material:<\/strong> porcelana<br \/>\n<strong>Di\u00e1metro:<\/strong> 270ml<br \/>\n<strong>Apto para lavavajillas:<\/strong> s\u00ed<br \/>\n<strong>Apto para microondas:<\/strong> s\u00ed<\/p>\n","protected":false},"excerpt":{"rendered":"<p>Un dise\u00f1o que llama la atenci\u00f3n en cualquier mesa Expresiva, funcional, purista: con la l\u00ednea NewMoon puede contar con un<\/p>\n","protected":false},"featured_media":474503,"template":"","meta":{"_acf_changed":false,"inline_featured_image":false},"product_cat":[16031,16027],"product_tag":[25029,21972,22004,16133,19362,21973,25023],"acf":[],"yoast_head":"<!-- This site is optimized with the Yoast SEO Premium plugin v18.6 (Yoast SEO v19.13) - https:\/\/yoast.com\/wordpress\/plugins\/seo\/ -->\n<title>VILLEROY &amp; BOCH New Moon Set 6 Platos Planos 27 cm - Erresse Shop<\/title>\n<meta name=\"description\" content=\"Un dise\u00f1o que llama la atenci\u00f3n en cualquier mesa Expresiva, funcional, purista: con la l\u00ednea NewMoon puede contar con un dise\u00f1o \u00fanico tanto para el uso\" \/>\n<meta name=\"robots\" content=\"index, follow, max-snippet:-1, max-image-preview:large, max-video-preview:-1\" \/>\n<link rel=\"canonical\" href=\"https:\/\/www.erresse-shop.it\/es\/shop\/tabla\/platos\/villeroy-boch-new-moon-set-6-platos-planos-27-cm\/\" \/>\n<meta property=\"og:locale\" content=\"es_ES\" \/>\n<meta property=\"og:type\" content=\"article\" \/>\n<meta property=\"og:title\" content=\"VILLEROY &amp; BOCH New Moon Set 6 Platos Planos 27 cm\" \/>\n<meta property=\"og:description\" content=\"Un dise\u00f1o que llama la atenci\u00f3n en cualquier mesa Expresiva, funcional, purista: con la l\u00ednea NewMoon puede contar con un dise\u00f1o \u00fanico tanto para el uso\" \/>\n<meta property=\"og:url\" content=\"https:\/\/www.erresse-shop.it\/es\/shop\/tabla\/platos\/villeroy-boch-new-moon-set-6-platos-planos-27-cm\/\" \/>\n<meta property=\"og:site_name\" content=\"Erresse Shop\" \/>\n<meta property=\"article:modified_time\" content=\"2025-07-03T06:30:35+00:00\" \/>\n<meta property=\"og:image\" content=\"https:\/\/www.erresse-shop.it\/wp-content\/uploads\/2023\/02\/VILLEROY-BOCH-New-Moon-Set-6-Piatti-Piani-27-cm.jpg\" \/>\n\t<meta property=\"og:image:width\" content=\"800\" \/>\n\t<meta property=\"og:image:height\" content=\"800\" \/>\n\t<meta property=\"og:image:type\" content=\"image\/jpeg\" \/>\n<meta name=\"twitter:card\" content=\"summary_large_image\" \/>\n<script type=\"application\/ld+json\" class=\"yoast-schema-graph\">{\"@context\":\"https:\/\/schema.org\",\"@graph\":[{\"@type\":\"WebPage\",\"@id\":\"https:\/\/www.erresse-shop.it\/es\/shop\/tabla\/platos\/villeroy-boch-new-moon-set-6-platos-planos-27-cm\/\",\"url\":\"https:\/\/www.erresse-shop.it\/es\/shop\/tabla\/platos\/villeroy-boch-new-moon-set-6-platos-planos-27-cm\/\",\"name\":\"VILLEROY & BOCH New Moon Set 6 Platos Planos 27 cm - Erresse Shop\",\"isPartOf\":{\"@id\":\"https:\/\/www.erresse-shop.it\/es\/#website\"},\"datePublished\":\"2023-02-16T11:48:57+00:00\",\"dateModified\":\"2025-07-03T06:30:35+00:00\",\"description\":\"Un dise\u00f1o que llama la atenci\u00f3n en cualquier mesa Expresiva, funcional, purista: con la l\u00ednea NewMoon puede contar con un dise\u00f1o \u00fanico tanto para el uso\",\"breadcrumb\":{\"@id\":\"https:\/\/www.erresse-shop.it\/es\/shop\/tabla\/platos\/villeroy-boch-new-moon-set-6-platos-planos-27-cm\/#breadcrumb\"},\"inLanguage\":\"es\",\"potentialAction\":[{\"@type\":\"ReadAction\",\"target\":[\"https:\/\/www.erresse-shop.it\/es\/shop\/tabla\/platos\/villeroy-boch-new-moon-set-6-platos-planos-27-cm\/\"]}]},{\"@type\":\"BreadcrumbList\",\"@id\":\"https:\/\/www.erresse-shop.it\/es\/shop\/tabla\/platos\/villeroy-boch-new-moon-set-6-platos-planos-27-cm\/#breadcrumb\",\"itemListElement\":[{\"@type\":\"ListItem\",\"position\":1,\"name\":\"Home\",\"item\":\"https:\/\/www.erresse-shop.it\/es\/\"},{\"@type\":\"ListItem\",\"position\":2,\"name\":\"Shop\",\"item\":\"https:\/\/www.erresse-shop.it\/es\/shop\/\"},{\"@type\":\"ListItem\",\"position\":3,\"name\":\"VILLEROY &#038; BOCH New Moon Set 6 Platos Planos 27 cm\"}]},{\"@type\":\"WebSite\",\"@id\":\"https:\/\/www.erresse-shop.it\/es\/#website\",\"url\":\"https:\/\/www.erresse-shop.it\/es\/\",\"name\":\"Erresse Shop\",\"description\":\"Articoli di qualit\u00e0 per la casa\",\"potentialAction\":[{\"@type\":\"SearchAction\",\"target\":{\"@type\":\"EntryPoint\",\"urlTemplate\":\"https:\/\/www.erresse-shop.it\/es\/?s={search_term_string}\"},\"query-input\":\"required name=search_term_string\"}],\"inLanguage\":\"es\"}]}<\/script>\n<!-- \/ Yoast SEO Premium plugin. -->","yoast_head_json":{"title":"VILLEROY & BOCH New Moon Set 6 Platos Planos 27 cm - Erresse Shop","description":"Un dise\u00f1o que llama la atenci\u00f3n en cualquier mesa Expresiva, funcional, purista: con la l\u00ednea NewMoon puede contar con un dise\u00f1o \u00fanico tanto para el uso","robots":{"index":"index","follow":"follow","max-snippet":"max-snippet:-1","max-image-preview":"max-image-preview:large","max-video-preview":"max-video-preview:-1"},"canonical":"https:\/\/www.erresse-shop.it\/es\/shop\/tabla\/platos\/villeroy-boch-new-moon-set-6-platos-planos-27-cm\/","og_locale":"es_ES","og_type":"article","og_title":"VILLEROY & BOCH New Moon Set 6 Platos Planos 27 cm","og_description":"Un dise\u00f1o que llama la atenci\u00f3n en cualquier mesa Expresiva, funcional, purista: con la l\u00ednea NewMoon puede contar con un dise\u00f1o \u00fanico tanto para el uso","og_url":"https:\/\/www.erresse-shop.it\/es\/shop\/tabla\/platos\/villeroy-boch-new-moon-set-6-platos-planos-27-cm\/","og_site_name":"Erresse Shop","article_modified_time":"2025-07-03T06:30:35+00:00","og_image":[{"width":800,"height":800,"url":"https:\/\/www.erresse-shop.it\/wp-content\/uploads\/2023\/02\/VILLEROY-BOCH-New-Moon-Set-6-Piatti-Piani-27-cm.jpg","type":"image\/jpeg"}],"twitter_card":"summary_large_image","schema":{"@context":"https:\/\/schema.org","@graph":[{"@type":"WebPage","@id":"https:\/\/www.erresse-shop.it\/es\/shop\/tabla\/platos\/villeroy-boch-new-moon-set-6-platos-planos-27-cm\/","url":"https:\/\/www.erresse-shop.it\/es\/shop\/tabla\/platos\/villeroy-boch-new-moon-set-6-platos-planos-27-cm\/","name":"VILLEROY & BOCH New Moon Set 6 Platos Planos 27 cm - Erresse Shop","isPartOf":{"@id":"https:\/\/www.erresse-shop.it\/es\/#website"},"datePublished":"2023-02-16T11:48:57+00:00","dateModified":"2025-07-03T06:30:35+00:00","description":"Un dise\u00f1o que llama la atenci\u00f3n en cualquier mesa Expresiva, funcional, purista: con la l\u00ednea NewMoon puede contar con un dise\u00f1o \u00fanico tanto para el uso","breadcrumb":{"@id":"https:\/\/www.erresse-shop.it\/es\/shop\/tabla\/platos\/villeroy-boch-new-moon-set-6-platos-planos-27-cm\/#breadcrumb"},"inLanguage":"es","potentialAction":[{"@type":"ReadAction","target":["https:\/\/www.erresse-shop.it\/es\/shop\/tabla\/platos\/villeroy-boch-new-moon-set-6-platos-planos-27-cm\/"]}]},{"@type":"BreadcrumbList","@id":"https:\/\/www.erresse-shop.it\/es\/shop\/tabla\/platos\/villeroy-boch-new-moon-set-6-platos-planos-27-cm\/#breadcrumb","itemListElement":[{"@type":"ListItem","position":1,"name":"Home","item":"https:\/\/www.erresse-shop.it\/es\/"},{"@type":"ListItem","position":2,"name":"Shop","item":"https:\/\/www.erresse-shop.it\/es\/shop\/"},{"@type":"ListItem","position":3,"name":"VILLEROY &#038; BOCH New Moon Set 6 Platos Planos 27 cm"}]},{"@type":"WebSite","@id":"https:\/\/www.erresse-shop.it\/es\/#website","url":"https:\/\/www.erresse-shop.it\/es\/","name":"Erresse Shop","description":"Articoli di qualit\u00e0 per la casa","potentialAction":[{"@type":"SearchAction","target":{"@type":"EntryPoint","urlTemplate":"https:\/\/www.erresse-shop.it\/es\/?s={search_term_string}"},"query-input":"required name=search_term_string"}],"inLanguage":"es"}]}},"df_price":119.52,"df_sale_price":119.52,"df_regular_price":149.4,"df_image_link":"https:\/\/www.erresse-shop.it\/wp-content\/uploads\/2023\/02\/VILLEROY-BOCH-New-Moon-Set-6-Piatti-Piani-27-cm-1-300x300.jpg","_links":{"self":[{"href":"https:\/\/www.erresse-shop.it\/es\/wp-json\/wp\/v2\/product\/238936"}],"collection":[{"href":"https:\/\/www.erresse-shop.it\/es\/wp-json\/wp\/v2\/product"}],"about":[{"href":"https:\/\/www.erresse-shop.it\/es\/wp-json\/wp\/v2\/types\/product"}],"wp:featuredmedia":[{"embeddable":true,"href":"https:\/\/www.erresse-shop.it\/es\/wp-json\/wp\/v2\/media\/474503"}],"wp:attachment":[{"href":"https:\/\/www.erresse-shop.it\/es\/wp-json\/wp\/v2\/media?parent=238936"}],"wp:term":[{"taxonomy":"product_cat","embeddable":true,"href":"https:\/\/www.erresse-shop.it\/es\/wp-json\/wp\/v2\/product_cat?post=238936"},{"taxonomy":"product_tag","embeddable":true,"href":"https:\/\/www.erresse-shop.it\/es\/wp-json\/wp\/v2\/product_tag?post=238936"}],"curies":[{"name":"wp","href":"https:\/\/api.w.org\/{rel}","templated":true}]}}