{"id":238050,"date":"2023-02-15T10:00:09","date_gmt":"2023-02-15T10:00:13","guid":{"rendered":"https:\/\/www.erresse-shop.it\/?post_type=product&#038;p=238050"},"modified":"2023-02-15T10:21:32","modified_gmt":"2023-02-15T10:21:32","slug":"villeroy-boch-rock-set-6-platos-pasta-28-cm","status":"publish","type":"product","link":"https:\/\/www.erresse-shop.it\/es\/shop\/tabla\/platos\/villeroy-boch-rock-set-6-platos-pasta-28-cm\/","title":{"rendered":"VILLEROY &#038; BOCH Rock Set 6 Platos Pasta 28 cm"},"content":{"rendered":"<p><strong>Plato original para desayuno y caf\u00e9<\/strong><br \/>\nImpresione a sus invitados con una vajilla dise\u00f1ada con gusto. Natural, original y con un tacto especial: esto es Manufacture Rock. El estilo artesanal en forma de porcelana con acabado de pizarra mate hace que esta colecci\u00f3n sea realmente especial. Combinado con los art\u00edculos pintados a mano de la colecci\u00f3n hermana Manufacture aportar\u00e1 calidez a su mesa.<\/p>\n<p><strong>Material:<\/strong> porcelana<br \/>\n<strong>Di\u00e1metro:<\/strong> 280ml<br \/>\n<strong>Apto para lavavajillas:<\/strong> s\u00ed<br \/>\n<strong>Apto para microondas:<\/strong> s\u00ed<\/p>\n","protected":false},"excerpt":{"rendered":"<p>Plato original para desayuno y caf\u00e9 Impresione a sus invitados con una vajilla dise\u00f1ada con gusto. Natural, original y con<\/p>\n","protected":false},"featured_media":474537,"template":"","meta":{"_acf_changed":false,"inline_featured_image":false},"product_cat":[16031,16027],"product_tag":[21972,16133,21976,19362,17889],"acf":[],"yoast_head":"<!-- This site is optimized with the Yoast SEO Premium plugin v18.6 (Yoast SEO v19.13) - https:\/\/yoast.com\/wordpress\/plugins\/seo\/ -->\n<title>VILLEROY &amp; BOCH Rock Set 6 Platos Pasta 28 cm - Erresse Shop<\/title>\n<meta name=\"description\" content=\"Plato original para desayuno y caf\u00e9 Impresione a sus invitados con una vajilla dise\u00f1ada con gusto. Natural, original y con un tacto especial: esto es\" \/>\n<meta name=\"robots\" content=\"index, follow, max-snippet:-1, max-image-preview:large, max-video-preview:-1\" \/>\n<link rel=\"canonical\" href=\"https:\/\/www.erresse-shop.it\/es\/shop\/tabla\/platos\/villeroy-boch-rock-set-6-platos-pasta-28-cm\/\" \/>\n<meta property=\"og:locale\" content=\"es_ES\" \/>\n<meta property=\"og:type\" content=\"article\" \/>\n<meta property=\"og:title\" content=\"VILLEROY &amp; BOCH Rock Set 6 Platos Pasta 28 cm\" \/>\n<meta property=\"og:description\" content=\"Plato original para desayuno y caf\u00e9 Impresione a sus invitados con una vajilla dise\u00f1ada con gusto. Natural, original y con un tacto especial: esto es\" \/>\n<meta property=\"og:url\" content=\"https:\/\/www.erresse-shop.it\/es\/shop\/tabla\/platos\/villeroy-boch-rock-set-6-platos-pasta-28-cm\/\" \/>\n<meta property=\"og:site_name\" content=\"Erresse Shop\" \/>\n<meta property=\"article:modified_time\" content=\"2023-02-15T10:21:32+00:00\" \/>\n<meta property=\"og:image\" content=\"https:\/\/www.erresse-shop.it\/wp-content\/uploads\/2023\/02\/VILLEROY-BOCH-Rock-Set-6-Piatti-Pasta-28-cm.jpg\" \/>\n\t<meta property=\"og:image:width\" content=\"800\" \/>\n\t<meta property=\"og:image:height\" content=\"800\" \/>\n\t<meta property=\"og:image:type\" content=\"image\/jpeg\" \/>\n<meta name=\"twitter:card\" content=\"summary_large_image\" \/>\n<script type=\"application\/ld+json\" class=\"yoast-schema-graph\">{\"@context\":\"https:\/\/schema.org\",\"@graph\":[{\"@type\":\"WebPage\",\"@id\":\"https:\/\/www.erresse-shop.it\/es\/shop\/tabla\/platos\/villeroy-boch-rock-set-6-platos-pasta-28-cm\/\",\"url\":\"https:\/\/www.erresse-shop.it\/es\/shop\/tabla\/platos\/villeroy-boch-rock-set-6-platos-pasta-28-cm\/\",\"name\":\"VILLEROY & BOCH Rock Set 6 Platos Pasta 28 cm - Erresse Shop\",\"isPartOf\":{\"@id\":\"https:\/\/www.erresse-shop.it\/es\/#website\"},\"datePublished\":\"2023-02-15T10:00:13+00:00\",\"dateModified\":\"2023-02-15T10:21:32+00:00\",\"description\":\"Plato original para desayuno y caf\u00e9 Impresione a sus invitados con una vajilla dise\u00f1ada con gusto. Natural, original y con un tacto especial: esto es\",\"breadcrumb\":{\"@id\":\"https:\/\/www.erresse-shop.it\/es\/shop\/tabla\/platos\/villeroy-boch-rock-set-6-platos-pasta-28-cm\/#breadcrumb\"},\"inLanguage\":\"es\",\"potentialAction\":[{\"@type\":\"ReadAction\",\"target\":[\"https:\/\/www.erresse-shop.it\/es\/shop\/tabla\/platos\/villeroy-boch-rock-set-6-platos-pasta-28-cm\/\"]}]},{\"@type\":\"BreadcrumbList\",\"@id\":\"https:\/\/www.erresse-shop.it\/es\/shop\/tabla\/platos\/villeroy-boch-rock-set-6-platos-pasta-28-cm\/#breadcrumb\",\"itemListElement\":[{\"@type\":\"ListItem\",\"position\":1,\"name\":\"Home\",\"item\":\"https:\/\/www.erresse-shop.it\/es\/\"},{\"@type\":\"ListItem\",\"position\":2,\"name\":\"Shop\",\"item\":\"https:\/\/www.erresse-shop.it\/es\/shop\/\"},{\"@type\":\"ListItem\",\"position\":3,\"name\":\"VILLEROY &#038; BOCH Rock Set 6 Platos Pasta 28 cm\"}]},{\"@type\":\"WebSite\",\"@id\":\"https:\/\/www.erresse-shop.it\/es\/#website\",\"url\":\"https:\/\/www.erresse-shop.it\/es\/\",\"name\":\"Erresse Shop\",\"description\":\"Articoli di qualit\u00e0 per la casa\",\"potentialAction\":[{\"@type\":\"SearchAction\",\"target\":{\"@type\":\"EntryPoint\",\"urlTemplate\":\"https:\/\/www.erresse-shop.it\/es\/?s={search_term_string}\"},\"query-input\":\"required name=search_term_string\"}],\"inLanguage\":\"es\"}]}<\/script>\n<!-- \/ Yoast SEO Premium plugin. -->","yoast_head_json":{"title":"VILLEROY & BOCH Rock Set 6 Platos Pasta 28 cm - Erresse Shop","description":"Plato original para desayuno y caf\u00e9 Impresione a sus invitados con una vajilla dise\u00f1ada con gusto. Natural, original y con un tacto especial: esto es","robots":{"index":"index","follow":"follow","max-snippet":"max-snippet:-1","max-image-preview":"max-image-preview:large","max-video-preview":"max-video-preview:-1"},"canonical":"https:\/\/www.erresse-shop.it\/es\/shop\/tabla\/platos\/villeroy-boch-rock-set-6-platos-pasta-28-cm\/","og_locale":"es_ES","og_type":"article","og_title":"VILLEROY & BOCH Rock Set 6 Platos Pasta 28 cm","og_description":"Plato original para desayuno y caf\u00e9 Impresione a sus invitados con una vajilla dise\u00f1ada con gusto. Natural, original y con un tacto especial: esto es","og_url":"https:\/\/www.erresse-shop.it\/es\/shop\/tabla\/platos\/villeroy-boch-rock-set-6-platos-pasta-28-cm\/","og_site_name":"Erresse Shop","article_modified_time":"2023-02-15T10:21:32+00:00","og_image":[{"width":800,"height":800,"url":"https:\/\/www.erresse-shop.it\/wp-content\/uploads\/2023\/02\/VILLEROY-BOCH-Rock-Set-6-Piatti-Pasta-28-cm.jpg","type":"image\/jpeg"}],"twitter_card":"summary_large_image","schema":{"@context":"https:\/\/schema.org","@graph":[{"@type":"WebPage","@id":"https:\/\/www.erresse-shop.it\/es\/shop\/tabla\/platos\/villeroy-boch-rock-set-6-platos-pasta-28-cm\/","url":"https:\/\/www.erresse-shop.it\/es\/shop\/tabla\/platos\/villeroy-boch-rock-set-6-platos-pasta-28-cm\/","name":"VILLEROY & BOCH Rock Set 6 Platos Pasta 28 cm - Erresse Shop","isPartOf":{"@id":"https:\/\/www.erresse-shop.it\/es\/#website"},"datePublished":"2023-02-15T10:00:13+00:00","dateModified":"2023-02-15T10:21:32+00:00","description":"Plato original para desayuno y caf\u00e9 Impresione a sus invitados con una vajilla dise\u00f1ada con gusto. Natural, original y con un tacto especial: esto es","breadcrumb":{"@id":"https:\/\/www.erresse-shop.it\/es\/shop\/tabla\/platos\/villeroy-boch-rock-set-6-platos-pasta-28-cm\/#breadcrumb"},"inLanguage":"es","potentialAction":[{"@type":"ReadAction","target":["https:\/\/www.erresse-shop.it\/es\/shop\/tabla\/platos\/villeroy-boch-rock-set-6-platos-pasta-28-cm\/"]}]},{"@type":"BreadcrumbList","@id":"https:\/\/www.erresse-shop.it\/es\/shop\/tabla\/platos\/villeroy-boch-rock-set-6-platos-pasta-28-cm\/#breadcrumb","itemListElement":[{"@type":"ListItem","position":1,"name":"Home","item":"https:\/\/www.erresse-shop.it\/es\/"},{"@type":"ListItem","position":2,"name":"Shop","item":"https:\/\/www.erresse-shop.it\/es\/shop\/"},{"@type":"ListItem","position":3,"name":"VILLEROY &#038; BOCH Rock Set 6 Platos Pasta 28 cm"}]},{"@type":"WebSite","@id":"https:\/\/www.erresse-shop.it\/es\/#website","url":"https:\/\/www.erresse-shop.it\/es\/","name":"Erresse Shop","description":"Articoli di qualit\u00e0 per la casa","potentialAction":[{"@type":"SearchAction","target":{"@type":"EntryPoint","urlTemplate":"https:\/\/www.erresse-shop.it\/es\/?s={search_term_string}"},"query-input":"required name=search_term_string"}],"inLanguage":"es"}]}},"df_price":89.7,"df_sale_price":89.7,"df_regular_price":179.4,"df_image_link":"https:\/\/www.erresse-shop.it\/wp-content\/uploads\/2023\/02\/VILLEROY-BOCH-Rock-Set-6-Piatti-Pasta-28-cm-1-300x300.jpg","_links":{"self":[{"href":"https:\/\/www.erresse-shop.it\/es\/wp-json\/wp\/v2\/product\/238050"}],"collection":[{"href":"https:\/\/www.erresse-shop.it\/es\/wp-json\/wp\/v2\/product"}],"about":[{"href":"https:\/\/www.erresse-shop.it\/es\/wp-json\/wp\/v2\/types\/product"}],"wp:featuredmedia":[{"embeddable":true,"href":"https:\/\/www.erresse-shop.it\/es\/wp-json\/wp\/v2\/media\/474537"}],"wp:attachment":[{"href":"https:\/\/www.erresse-shop.it\/es\/wp-json\/wp\/v2\/media?parent=238050"}],"wp:term":[{"taxonomy":"product_cat","embeddable":true,"href":"https:\/\/www.erresse-shop.it\/es\/wp-json\/wp\/v2\/product_cat?post=238050"},{"taxonomy":"product_tag","embeddable":true,"href":"https:\/\/www.erresse-shop.it\/es\/wp-json\/wp\/v2\/product_tag?post=238050"}],"curies":[{"name":"wp","href":"https:\/\/api.w.org\/{rel}","templated":true}]}}