{"id":231613,"date":"2023-01-23T10:30:16","date_gmt":"2023-01-23T10:30:21","guid":{"rendered":"https:\/\/www.erresse-shop.it\/?post_type=product&#038;p=231613"},"modified":"2024-02-13T00:00:46","modified_gmt":"2024-02-13T00:00:46","slug":"ooni-karu-16-horno-portatil-multicombustible-para-pizza","status":"publish","type":"product","link":"https:\/\/www.erresse-shop.it\/es\/shop\/pequenos-electrodomesticos\/hornos\/ooni-karu-16-horno-portatil-multicombustible-para-pizza\/","title":{"rendered":"OONI Karu 16 Horno Port\u00e1til Multicombustible para Pizza"},"content":{"rendered":"<p>El horno <strong>Ooni Karu 16<\/strong> aporta a sus pizzas la vers\u00e1til experiencia de cocina al aire libre de Ooni junto con la tecnolog\u00eda m\u00e1s avanzada.<\/p>\n<p>Extraordinarias maxi pizzas, carnes asadas, verduras a la sart\u00e9n o incluso pan fresco. Cocine fant\u00e1sticos platos al aire libre sobre un fuego alimentado con le\u00f1a, carb\u00f3n o gas.<br \/>\nGracias a las diferentes opciones de combustible, pruebe a utilizar le\u00f1a y\/o carb\u00f3n para disfrutar de la experiencia de una pizza hecha seg\u00fan las reglas y de ese delicado aroma de la cocina de le\u00f1a, u opte por una cocina de bajo mantenimiento con un quemador de gas para el Ooni Karu 16 (se vende por separado).<br \/>\nGracias a sus nuevas caracter\u00edsticas de dise\u00f1o, prepara pizzas de unos 40 cm de di\u00e1metro al tiempo que se beneficia de un mejor control de la temperatura, un flujo de aire m\u00e1s eficiente, un mejor aislamiento del horno y una mayor visibilidad.<br \/>\nTras s\u00f3lo 15 minutos de precalentamiento, podr\u00e1 hornear pizzas a 500\u00b0C en 60 segundos, filetes Tomahawk a la perfecci\u00f3n, verduras a la parrilla y mucho m\u00e1s con el horno Ooni Karu 16.<\/p>\n<ul>\n<li>M\u00faltiples opciones de potencia para cocinar con la m\u00e1xima versatilidad<\/li>\n<li>Cocine con le\u00f1a o carb\u00f3n inmediatamente despu\u00e9s de desembalar, o cocine con gas con el quemador de gas para Ooni Karu 16 (se vende por separado)<\/li>\n<li>Alcanza los 500\u00b0C en s\u00f3lo 15 minutos<\/li>\n<li>Nuevo dise\u00f1o de puerta de horno abatible con tecnolog\u00eda ViewFlame para una mayor visibilidad<\/li>\n<li>El term\u00f3metro digital instalado muestra la temperatura interna del horno (pilas incluidas)<\/li>\n<li>Gran superficie de cocci\u00f3n para pizzas de hasta unos 40 cm de di\u00e1metro y otros platos grandes<\/li>\n<li>El primer horno de pizza &#8220;recomendado para uso dom\u00e9stico&#8221; por la<\/li>\n<\/ul>\n<p>Asociaci\u00f3n Verace Pizza Napoletana, la autoridad internacionalmente aclamada sobre la verdadera pizza napolitana.<\/p>\n","protected":false},"excerpt":{"rendered":"<p>El horno Ooni Karu 16 aporta a sus pizzas la vers\u00e1til experiencia de cocina al aire libre de Ooni junto<\/p>\n","protected":false},"featured_media":231864,"template":"","meta":{"_acf_changed":false,"inline_featured_image":false},"product_cat":[16079,16073],"product_tag":[21856,16138,16169,18045,24605],"acf":[],"yoast_head":"<!-- This site is optimized with the Yoast SEO Premium plugin v18.6 (Yoast SEO v19.13) - https:\/\/yoast.com\/wordpress\/plugins\/seo\/ -->\n<title>OONI Karu 16 Horno Port\u00e1til Multicombustible para Pizza - Erresse Shop<\/title>\n<meta name=\"description\" content=\"El horno Ooni Karu 16 aporta a sus pizzas la vers\u00e1til experiencia de cocina al aire libre de Ooni junto con la tecnolog\u00eda m\u00e1s avanzada. Extraordinarias\" \/>\n<meta name=\"robots\" content=\"index, follow, max-snippet:-1, max-image-preview:large, max-video-preview:-1\" \/>\n<link rel=\"canonical\" href=\"https:\/\/www.erresse-shop.it\/es\/shop\/pequenos-electrodomesticos\/hornos\/ooni-karu-16-horno-portatil-multicombustible-para-pizza\/\" \/>\n<meta property=\"og:locale\" content=\"es_ES\" \/>\n<meta property=\"og:type\" content=\"article\" \/>\n<meta property=\"og:title\" content=\"OONI Karu 16 Horno Port\u00e1til Multicombustible para Pizza\" \/>\n<meta property=\"og:description\" content=\"El horno Ooni Karu 16 aporta a sus pizzas la vers\u00e1til experiencia de cocina al aire libre de Ooni junto con la tecnolog\u00eda m\u00e1s avanzada. Extraordinarias\" \/>\n<meta property=\"og:url\" content=\"https:\/\/www.erresse-shop.it\/es\/shop\/pequenos-electrodomesticos\/hornos\/ooni-karu-16-horno-portatil-multicombustible-para-pizza\/\" \/>\n<meta property=\"og:site_name\" content=\"Erresse Shop\" \/>\n<meta property=\"article:modified_time\" content=\"2024-02-13T00:00:46+00:00\" \/>\n<meta property=\"og:image\" content=\"https:\/\/www.erresse-shop.it\/wp-content\/uploads\/2023\/01\/OONI-Karu-16-Forno-Portatile-Multi-combustibile-1.jpg\" \/>\n\t<meta property=\"og:image:width\" content=\"800\" \/>\n\t<meta property=\"og:image:height\" content=\"800\" \/>\n\t<meta property=\"og:image:type\" content=\"image\/jpeg\" \/>\n<meta name=\"twitter:card\" content=\"summary_large_image\" \/>\n<script type=\"application\/ld+json\" class=\"yoast-schema-graph\">{\"@context\":\"https:\/\/schema.org\",\"@graph\":[{\"@type\":\"WebPage\",\"@id\":\"https:\/\/www.erresse-shop.it\/es\/shop\/pequenos-electrodomesticos\/hornos\/ooni-karu-16-horno-portatil-multicombustible-para-pizza\/\",\"url\":\"https:\/\/www.erresse-shop.it\/es\/shop\/pequenos-electrodomesticos\/hornos\/ooni-karu-16-horno-portatil-multicombustible-para-pizza\/\",\"name\":\"OONI Karu 16 Horno Port\u00e1til Multicombustible para Pizza - Erresse Shop\",\"isPartOf\":{\"@id\":\"https:\/\/www.erresse-shop.it\/es\/#website\"},\"datePublished\":\"2023-01-23T10:30:21+00:00\",\"dateModified\":\"2024-02-13T00:00:46+00:00\",\"description\":\"El horno Ooni Karu 16 aporta a sus pizzas la vers\u00e1til experiencia de cocina al aire libre de Ooni junto con la tecnolog\u00eda m\u00e1s avanzada. Extraordinarias\",\"breadcrumb\":{\"@id\":\"https:\/\/www.erresse-shop.it\/es\/shop\/pequenos-electrodomesticos\/hornos\/ooni-karu-16-horno-portatil-multicombustible-para-pizza\/#breadcrumb\"},\"inLanguage\":\"es\",\"potentialAction\":[{\"@type\":\"ReadAction\",\"target\":[\"https:\/\/www.erresse-shop.it\/es\/shop\/pequenos-electrodomesticos\/hornos\/ooni-karu-16-horno-portatil-multicombustible-para-pizza\/\"]}]},{\"@type\":\"BreadcrumbList\",\"@id\":\"https:\/\/www.erresse-shop.it\/es\/shop\/pequenos-electrodomesticos\/hornos\/ooni-karu-16-horno-portatil-multicombustible-para-pizza\/#breadcrumb\",\"itemListElement\":[{\"@type\":\"ListItem\",\"position\":1,\"name\":\"Home\",\"item\":\"https:\/\/www.erresse-shop.it\/es\/\"},{\"@type\":\"ListItem\",\"position\":2,\"name\":\"Shop\",\"item\":\"https:\/\/www.erresse-shop.it\/es\/shop\/\"},{\"@type\":\"ListItem\",\"position\":3,\"name\":\"OONI Karu 16 Horno Port\u00e1til Multicombustible para Pizza\"}]},{\"@type\":\"WebSite\",\"@id\":\"https:\/\/www.erresse-shop.it\/es\/#website\",\"url\":\"https:\/\/www.erresse-shop.it\/es\/\",\"name\":\"Erresse Shop\",\"description\":\"Articoli di qualit\u00e0 per la casa\",\"potentialAction\":[{\"@type\":\"SearchAction\",\"target\":{\"@type\":\"EntryPoint\",\"urlTemplate\":\"https:\/\/www.erresse-shop.it\/es\/?s={search_term_string}\"},\"query-input\":\"required name=search_term_string\"}],\"inLanguage\":\"es\"}]}<\/script>\n<!-- \/ Yoast SEO Premium plugin. -->","yoast_head_json":{"title":"OONI Karu 16 Horno Port\u00e1til Multicombustible para Pizza - Erresse Shop","description":"El horno Ooni Karu 16 aporta a sus pizzas la vers\u00e1til experiencia de cocina al aire libre de Ooni junto con la tecnolog\u00eda m\u00e1s avanzada. Extraordinarias","robots":{"index":"index","follow":"follow","max-snippet":"max-snippet:-1","max-image-preview":"max-image-preview:large","max-video-preview":"max-video-preview:-1"},"canonical":"https:\/\/www.erresse-shop.it\/es\/shop\/pequenos-electrodomesticos\/hornos\/ooni-karu-16-horno-portatil-multicombustible-para-pizza\/","og_locale":"es_ES","og_type":"article","og_title":"OONI Karu 16 Horno Port\u00e1til Multicombustible para Pizza","og_description":"El horno Ooni Karu 16 aporta a sus pizzas la vers\u00e1til experiencia de cocina al aire libre de Ooni junto con la tecnolog\u00eda m\u00e1s avanzada. Extraordinarias","og_url":"https:\/\/www.erresse-shop.it\/es\/shop\/pequenos-electrodomesticos\/hornos\/ooni-karu-16-horno-portatil-multicombustible-para-pizza\/","og_site_name":"Erresse Shop","article_modified_time":"2024-02-13T00:00:46+00:00","og_image":[{"width":800,"height":800,"url":"https:\/\/www.erresse-shop.it\/wp-content\/uploads\/2023\/01\/OONI-Karu-16-Forno-Portatile-Multi-combustibile-1.jpg","type":"image\/jpeg"}],"twitter_card":"summary_large_image","schema":{"@context":"https:\/\/schema.org","@graph":[{"@type":"WebPage","@id":"https:\/\/www.erresse-shop.it\/es\/shop\/pequenos-electrodomesticos\/hornos\/ooni-karu-16-horno-portatil-multicombustible-para-pizza\/","url":"https:\/\/www.erresse-shop.it\/es\/shop\/pequenos-electrodomesticos\/hornos\/ooni-karu-16-horno-portatil-multicombustible-para-pizza\/","name":"OONI Karu 16 Horno Port\u00e1til Multicombustible para Pizza - Erresse Shop","isPartOf":{"@id":"https:\/\/www.erresse-shop.it\/es\/#website"},"datePublished":"2023-01-23T10:30:21+00:00","dateModified":"2024-02-13T00:00:46+00:00","description":"El horno Ooni Karu 16 aporta a sus pizzas la vers\u00e1til experiencia de cocina al aire libre de Ooni junto con la tecnolog\u00eda m\u00e1s avanzada. Extraordinarias","breadcrumb":{"@id":"https:\/\/www.erresse-shop.it\/es\/shop\/pequenos-electrodomesticos\/hornos\/ooni-karu-16-horno-portatil-multicombustible-para-pizza\/#breadcrumb"},"inLanguage":"es","potentialAction":[{"@type":"ReadAction","target":["https:\/\/www.erresse-shop.it\/es\/shop\/pequenos-electrodomesticos\/hornos\/ooni-karu-16-horno-portatil-multicombustible-para-pizza\/"]}]},{"@type":"BreadcrumbList","@id":"https:\/\/www.erresse-shop.it\/es\/shop\/pequenos-electrodomesticos\/hornos\/ooni-karu-16-horno-portatil-multicombustible-para-pizza\/#breadcrumb","itemListElement":[{"@type":"ListItem","position":1,"name":"Home","item":"https:\/\/www.erresse-shop.it\/es\/"},{"@type":"ListItem","position":2,"name":"Shop","item":"https:\/\/www.erresse-shop.it\/es\/shop\/"},{"@type":"ListItem","position":3,"name":"OONI Karu 16 Horno Port\u00e1til Multicombustible para Pizza"}]},{"@type":"WebSite","@id":"https:\/\/www.erresse-shop.it\/es\/#website","url":"https:\/\/www.erresse-shop.it\/es\/","name":"Erresse Shop","description":"Articoli di qualit\u00e0 per la casa","potentialAction":[{"@type":"SearchAction","target":{"@type":"EntryPoint","urlTemplate":"https:\/\/www.erresse-shop.it\/es\/?s={search_term_string}"},"query-input":"required name=search_term_string"}],"inLanguage":"es"}]}},"df_price":769,"df_sale_price":769,"df_regular_price":799,"df_image_link":"https:\/\/www.erresse-shop.it\/wp-content\/uploads\/2023\/01\/OONI-Karu-16-Forno-Portatile-Multi-combustibile-1-300x300.jpg","_links":{"self":[{"href":"https:\/\/www.erresse-shop.it\/es\/wp-json\/wp\/v2\/product\/231613"}],"collection":[{"href":"https:\/\/www.erresse-shop.it\/es\/wp-json\/wp\/v2\/product"}],"about":[{"href":"https:\/\/www.erresse-shop.it\/es\/wp-json\/wp\/v2\/types\/product"}],"wp:featuredmedia":[{"embeddable":true,"href":"https:\/\/www.erresse-shop.it\/es\/wp-json\/wp\/v2\/media\/231864"}],"wp:attachment":[{"href":"https:\/\/www.erresse-shop.it\/es\/wp-json\/wp\/v2\/media?parent=231613"}],"wp:term":[{"taxonomy":"product_cat","embeddable":true,"href":"https:\/\/www.erresse-shop.it\/es\/wp-json\/wp\/v2\/product_cat?post=231613"},{"taxonomy":"product_tag","embeddable":true,"href":"https:\/\/www.erresse-shop.it\/es\/wp-json\/wp\/v2\/product_tag?post=231613"}],"curies":[{"name":"wp","href":"https:\/\/api.w.org\/{rel}","templated":true}]}}