{"id":225335,"date":"2022-12-28T09:30:19","date_gmt":"2022-12-28T09:30:24","guid":{"rendered":"https:\/\/www.erresse-shop.it\/?post_type=product&#038;p=225335"},"modified":"2022-12-29T08:04:10","modified_gmt":"2022-12-29T08:04:10","slug":"jura-cafetera-s8-moonlight-plata","status":"publish","type":"product","link":"https:\/\/www.erresse-shop.it\/es\/shop\/pequenos-electrodomesticos\/maquinas-de-cafe\/automatico\/jura-cafetera-s8-moonlight-plata\/","title":{"rendered":"JURA Cafetera S8 Moonlight Plata"},"content":{"rendered":"<p><strong>Gran espect\u00e1culo con un dise\u00f1o compacto<\/strong><br \/>\nLa elegante S Line, con su dise\u00f1o atrevido y escultural, se distingue por su calidad y precisi\u00f3n. Combina lo mejor de la clase compacta con elementos del segmento premium.<br \/>\nLa gran variedad de especialidades y su excelencia conquistan incluso a los amantes de las profundidades m\u00e1s exigentes. La filosof\u00eda de funcionamiento se caracteriza por la sencillez y la inteligencia.<br \/>\nLa l\u00ednea JURA S crea un nuevo segmento en las m\u00e1quinas autom\u00e1ticas: el segmento medio premium.<\/p>\n<p><strong>Molinillo Aroma Profesional<\/strong><br \/>\nEl Molinillo Aroma Profesional garantiza un 12,2%* m\u00e1s de aroma y una alta calidad de molienda inalterada durante toda la vida \u00fatil de la m\u00e1quina.<br \/>\nSu geometr\u00eda perfeccionada consigue la curva de afilado \u00f3ptima.<br \/>\nEsto significa que el mayor porcentaje de part\u00edculas finas permite que el aroma se despliegue en toda su intensidad.<\/p>\n<p>*El molinillo de aroma profesional comparado con los molinillos de caf\u00e9 convencionales.<\/p>\n<p><strong>Momentos variados de placer<\/strong><br \/>\nCon la elegante S8, toda la gama de especialidades se elabora con una calidad excelente, desde el espresso hasta el latte macchiato.<br \/>\nUn toque en la pantalla t\u00e1ctil en color y las 15 especialidades llegar\u00e1n a su taza gracias a numerosas innovaciones excepcionales.<br \/>\nEl molinillo de caf\u00e9 profesional Aroma muele los granos con mayor precisi\u00f3n, el doble de r\u00e1pido y conservando el aroma.<br \/>\nEl proceso de extracci\u00f3n pulsada (P.E.P.\u00ae) optimiza el tiempo de extracci\u00f3n para especialidades cortas y garantiza un aroma insuperable incluso para el espresso y el ristretto.<br \/>\nLa tecnolog\u00eda de microespuma permite preparar especialidades de moda con leche y espuma de leche.<\/p>\n<p><strong>Confort operativo que redefine una era<\/strong><br \/>\nLos controles son claros y c\u00f3modos gracias a la pantalla t\u00e1ctil en color de alta resoluci\u00f3n de 4,3&#8243; integrada en la cafetera.<br \/>\nBasta con tocar suavemente la pantalla para que su especialidad favorita llegue a su taza.<br \/>\nLa innovadora filosof\u00eda de manejo a trav\u00e9s de la gran pantalla seduce por su comprensibilidad y se adapta a la era moderna.<br \/>\nLas instrucciones con gr\u00e1ficos y animaciones hacen que la navegaci\u00f3n sea autoexplicativa y muestran todos los pasos de la preparaci\u00f3n.<br \/>\nAs\u00ed llegar\u00e1s directamente a la meta. Las preferencias individuales pueden programarse en unos pocos pasos. Renombrar, mover, copiar, duplicar: con el S8 se hace en un instante.<\/p>\n<p><strong>Espuma de leche de fantas\u00eda<\/strong><br \/>\nLa precisi\u00f3n y la calidad hasta el \u00faltimo detalle son el sello distintivo del dise\u00f1o de JURA.<br \/>\nLa nueva boquilla de microespuma S8 Professional est\u00e1 fabricada con materiales de alta calidad y combina la est\u00e9tica con un tacto agradable.<br \/>\nLa boquilla espumadora multifuncional se ha desarrollado especialmente para la preparaci\u00f3n de especialidades de caf\u00e9 con leche y espuma de leche de alta calidad, y prepara m\u00e1gicamente el latte macchiato<br \/>\ny mucho m\u00e1s. Los modernos gr\u00e1ficos y animaciones de la pantalla hacen que el manejo sea m\u00e1s f\u00e1cil que nunca.<\/p>\n<p><strong>ESPECIFICACIONES T\u00c9CNICAS:<\/strong><\/p>\n<ul>\n<li>N\u00famero de especialidades de caf\u00e9: 15<\/li>\n<li>Control activo de las alubias<\/li>\n<li>Conexi\u00f3n inteligente<\/li>\n<li>Funci\u00f3n One-Touch<\/li>\n<li>Grupo cervecero de capacidad variable<\/li>\n<li>Molinillo Aroma Profesional<\/li>\n<li>Bomba de 15 bar<\/li>\n<li>Sistema de calefacci\u00f3n Thermoblock<\/li>\n<li>Sistema de leche \/ espumador de leche sustituible<\/li>\n<li>Compartimento para caf\u00e9 molido<\/li>\n<li>Tapa de protecci\u00f3n arom\u00e1tica<\/li>\n<li>Pantalla en color de 4,3&#8221; con tecnolog\u00eda t\u00e1ctil<\/li>\n<li>Inserci\u00f3n, multiplicaci\u00f3n y personalizaci\u00f3n de productos<\/li>\n<li>Cantidad de agua para el caf\u00e9 programable y personalizable<\/li>\n<li>Intensidad del caf\u00e9 programable y personalizable &#8211; 10 niveles<\/li>\n<li>Cantidad de leche\/espuma programable<\/li>\n<li>Temperatura de infusi\u00f3n programable &#8211; 3 niveles<\/li>\n<li>Temperatura del agua caliente programable &#8211; 3 niveles<\/li>\n<li>Modo de ahorro de energ\u00eda<\/li>\n<li>Tiempo de desconexi\u00f3n programable<\/li>\n<li>Dispensador de caf\u00e9 regulable en altura y anchura<\/li>\n<li>Dispensador de capuchino regulable en altura<\/li>\n<li>Dispensador de agua caliente regulable en altura<\/li>\n<li>Capacidad del dep\u00f3sito de agua &#8211; 1,9 Lt<\/li>\n<li>Capacidad del recipiente de caf\u00e9 en grano &#8211; 280 gr<\/li>\n<li>Contenedor de posos de caf\u00e9 &#8211; 20 porciones<\/li>\n<li>Fabricado en Suiza<\/li>\n<\/ul>\n","protected":false},"excerpt":{"rendered":"<p>Gran espect\u00e1culo con un dise\u00f1o compacto La elegante S Line, con su dise\u00f1o atrevido y escultural, se distingue por su<\/p>\n","protected":false},"featured_media":225686,"template":"","meta":{"_acf_changed":false,"inline_featured_image":false},"product_cat":[25362,16076,16073],"product_tag":[23574,20769,23570,16395,21739],"acf":[],"yoast_head":"<!-- This site is optimized with the Yoast SEO Premium plugin v18.6 (Yoast SEO v19.13) - https:\/\/yoast.com\/wordpress\/plugins\/seo\/ -->\n<title>JURA Cafetera S8 Moonlight Plata - Erresse Shop<\/title>\n<meta name=\"description\" content=\"Gran espect\u00e1culo con un dise\u00f1o compacto La elegante S Line, con su dise\u00f1o atrevido y escultural, se distingue por su calidad y precisi\u00f3n. Combina lo mejor\" \/>\n<meta name=\"robots\" content=\"index, follow, max-snippet:-1, max-image-preview:large, max-video-preview:-1\" \/>\n<link rel=\"canonical\" href=\"https:\/\/www.erresse-shop.it\/es\/shop\/pequenos-electrodomesticos\/maquinas-de-cafe\/automatico\/jura-cafetera-s8-moonlight-plata\/\" \/>\n<meta property=\"og:locale\" content=\"es_ES\" \/>\n<meta property=\"og:type\" content=\"article\" \/>\n<meta property=\"og:title\" content=\"JURA Cafetera S8 Moonlight Plata\" \/>\n<meta property=\"og:description\" content=\"Gran espect\u00e1culo con un dise\u00f1o compacto La elegante S Line, con su dise\u00f1o atrevido y escultural, se distingue por su calidad y precisi\u00f3n. Combina lo mejor\" \/>\n<meta property=\"og:url\" content=\"https:\/\/www.erresse-shop.it\/es\/shop\/pequenos-electrodomesticos\/maquinas-de-cafe\/automatico\/jura-cafetera-s8-moonlight-plata\/\" \/>\n<meta property=\"og:site_name\" content=\"Erresse Shop\" \/>\n<meta property=\"article:modified_time\" content=\"2022-12-29T08:04:10+00:00\" \/>\n<meta property=\"og:image\" content=\"https:\/\/www.erresse-shop.it\/wp-content\/uploads\/2022\/12\/JURA-Macchina-da-caffe-S8.jpg\" \/>\n\t<meta property=\"og:image:width\" content=\"800\" \/>\n\t<meta property=\"og:image:height\" content=\"800\" \/>\n\t<meta property=\"og:image:type\" content=\"image\/jpeg\" \/>\n<meta name=\"twitter:card\" content=\"summary_large_image\" \/>\n<script type=\"application\/ld+json\" class=\"yoast-schema-graph\">{\"@context\":\"https:\/\/schema.org\",\"@graph\":[{\"@type\":\"WebPage\",\"@id\":\"https:\/\/www.erresse-shop.it\/es\/shop\/pequenos-electrodomesticos\/maquinas-de-cafe\/automatico\/jura-cafetera-s8-moonlight-plata\/\",\"url\":\"https:\/\/www.erresse-shop.it\/es\/shop\/pequenos-electrodomesticos\/maquinas-de-cafe\/automatico\/jura-cafetera-s8-moonlight-plata\/\",\"name\":\"JURA Cafetera S8 Moonlight Plata - Erresse Shop\",\"isPartOf\":{\"@id\":\"https:\/\/www.erresse-shop.it\/es\/#website\"},\"datePublished\":\"2022-12-28T09:30:24+00:00\",\"dateModified\":\"2022-12-29T08:04:10+00:00\",\"description\":\"Gran espect\u00e1culo con un dise\u00f1o compacto La elegante S Line, con su dise\u00f1o atrevido y escultural, se distingue por su calidad y precisi\u00f3n. Combina lo mejor\",\"breadcrumb\":{\"@id\":\"https:\/\/www.erresse-shop.it\/es\/shop\/pequenos-electrodomesticos\/maquinas-de-cafe\/automatico\/jura-cafetera-s8-moonlight-plata\/#breadcrumb\"},\"inLanguage\":\"es\",\"potentialAction\":[{\"@type\":\"ReadAction\",\"target\":[\"https:\/\/www.erresse-shop.it\/es\/shop\/pequenos-electrodomesticos\/maquinas-de-cafe\/automatico\/jura-cafetera-s8-moonlight-plata\/\"]}]},{\"@type\":\"BreadcrumbList\",\"@id\":\"https:\/\/www.erresse-shop.it\/es\/shop\/pequenos-electrodomesticos\/maquinas-de-cafe\/automatico\/jura-cafetera-s8-moonlight-plata\/#breadcrumb\",\"itemListElement\":[{\"@type\":\"ListItem\",\"position\":1,\"name\":\"Home\",\"item\":\"https:\/\/www.erresse-shop.it\/es\/\"},{\"@type\":\"ListItem\",\"position\":2,\"name\":\"Shop\",\"item\":\"https:\/\/www.erresse-shop.it\/es\/shop\/\"},{\"@type\":\"ListItem\",\"position\":3,\"name\":\"JURA Cafetera S8 Moonlight Plata\"}]},{\"@type\":\"WebSite\",\"@id\":\"https:\/\/www.erresse-shop.it\/es\/#website\",\"url\":\"https:\/\/www.erresse-shop.it\/es\/\",\"name\":\"Erresse Shop\",\"description\":\"Articoli di qualit\u00e0 per la casa\",\"potentialAction\":[{\"@type\":\"SearchAction\",\"target\":{\"@type\":\"EntryPoint\",\"urlTemplate\":\"https:\/\/www.erresse-shop.it\/es\/?s={search_term_string}\"},\"query-input\":\"required name=search_term_string\"}],\"inLanguage\":\"es\"}]}<\/script>\n<!-- \/ Yoast SEO Premium plugin. -->","yoast_head_json":{"title":"JURA Cafetera S8 Moonlight Plata - Erresse Shop","description":"Gran espect\u00e1culo con un dise\u00f1o compacto La elegante S Line, con su dise\u00f1o atrevido y escultural, se distingue por su calidad y precisi\u00f3n. Combina lo mejor","robots":{"index":"index","follow":"follow","max-snippet":"max-snippet:-1","max-image-preview":"max-image-preview:large","max-video-preview":"max-video-preview:-1"},"canonical":"https:\/\/www.erresse-shop.it\/es\/shop\/pequenos-electrodomesticos\/maquinas-de-cafe\/automatico\/jura-cafetera-s8-moonlight-plata\/","og_locale":"es_ES","og_type":"article","og_title":"JURA Cafetera S8 Moonlight Plata","og_description":"Gran espect\u00e1culo con un dise\u00f1o compacto La elegante S Line, con su dise\u00f1o atrevido y escultural, se distingue por su calidad y precisi\u00f3n. Combina lo mejor","og_url":"https:\/\/www.erresse-shop.it\/es\/shop\/pequenos-electrodomesticos\/maquinas-de-cafe\/automatico\/jura-cafetera-s8-moonlight-plata\/","og_site_name":"Erresse Shop","article_modified_time":"2022-12-29T08:04:10+00:00","og_image":[{"width":800,"height":800,"url":"https:\/\/www.erresse-shop.it\/wp-content\/uploads\/2022\/12\/JURA-Macchina-da-caffe-S8.jpg","type":"image\/jpeg"}],"twitter_card":"summary_large_image","schema":{"@context":"https:\/\/schema.org","@graph":[{"@type":"WebPage","@id":"https:\/\/www.erresse-shop.it\/es\/shop\/pequenos-electrodomesticos\/maquinas-de-cafe\/automatico\/jura-cafetera-s8-moonlight-plata\/","url":"https:\/\/www.erresse-shop.it\/es\/shop\/pequenos-electrodomesticos\/maquinas-de-cafe\/automatico\/jura-cafetera-s8-moonlight-plata\/","name":"JURA Cafetera S8 Moonlight Plata - Erresse Shop","isPartOf":{"@id":"https:\/\/www.erresse-shop.it\/es\/#website"},"datePublished":"2022-12-28T09:30:24+00:00","dateModified":"2022-12-29T08:04:10+00:00","description":"Gran espect\u00e1culo con un dise\u00f1o compacto La elegante S Line, con su dise\u00f1o atrevido y escultural, se distingue por su calidad y precisi\u00f3n. Combina lo mejor","breadcrumb":{"@id":"https:\/\/www.erresse-shop.it\/es\/shop\/pequenos-electrodomesticos\/maquinas-de-cafe\/automatico\/jura-cafetera-s8-moonlight-plata\/#breadcrumb"},"inLanguage":"es","potentialAction":[{"@type":"ReadAction","target":["https:\/\/www.erresse-shop.it\/es\/shop\/pequenos-electrodomesticos\/maquinas-de-cafe\/automatico\/jura-cafetera-s8-moonlight-plata\/"]}]},{"@type":"BreadcrumbList","@id":"https:\/\/www.erresse-shop.it\/es\/shop\/pequenos-electrodomesticos\/maquinas-de-cafe\/automatico\/jura-cafetera-s8-moonlight-plata\/#breadcrumb","itemListElement":[{"@type":"ListItem","position":1,"name":"Home","item":"https:\/\/www.erresse-shop.it\/es\/"},{"@type":"ListItem","position":2,"name":"Shop","item":"https:\/\/www.erresse-shop.it\/es\/shop\/"},{"@type":"ListItem","position":3,"name":"JURA Cafetera S8 Moonlight Plata"}]},{"@type":"WebSite","@id":"https:\/\/www.erresse-shop.it\/es\/#website","url":"https:\/\/www.erresse-shop.it\/es\/","name":"Erresse Shop","description":"Articoli di qualit\u00e0 per la casa","potentialAction":[{"@type":"SearchAction","target":{"@type":"EntryPoint","urlTemplate":"https:\/\/www.erresse-shop.it\/es\/?s={search_term_string}"},"query-input":"required name=search_term_string"}],"inLanguage":"es"}]}},"df_price":1394.1000000000001,"df_sale_price":1394.1000000000001,"df_regular_price":1549,"df_image_link":"https:\/\/www.erresse-shop.it\/wp-content\/uploads\/2022\/12\/JURA-Macchina-da-caffe-S8-300x300.jpg","_links":{"self":[{"href":"https:\/\/www.erresse-shop.it\/es\/wp-json\/wp\/v2\/product\/225335"}],"collection":[{"href":"https:\/\/www.erresse-shop.it\/es\/wp-json\/wp\/v2\/product"}],"about":[{"href":"https:\/\/www.erresse-shop.it\/es\/wp-json\/wp\/v2\/types\/product"}],"wp:featuredmedia":[{"embeddable":true,"href":"https:\/\/www.erresse-shop.it\/es\/wp-json\/wp\/v2\/media\/225686"}],"wp:attachment":[{"href":"https:\/\/www.erresse-shop.it\/es\/wp-json\/wp\/v2\/media?parent=225335"}],"wp:term":[{"taxonomy":"product_cat","embeddable":true,"href":"https:\/\/www.erresse-shop.it\/es\/wp-json\/wp\/v2\/product_cat?post=225335"},{"taxonomy":"product_tag","embeddable":true,"href":"https:\/\/www.erresse-shop.it\/es\/wp-json\/wp\/v2\/product_tag?post=225335"}],"curies":[{"name":"wp","href":"https:\/\/api.w.org\/{rel}","templated":true}]}}