{"id":225144,"date":"2022-12-27T14:44:16","date_gmt":"2022-12-27T14:44:16","guid":{"rendered":"https:\/\/www.erresse-shop.it\/?post_type=product&#038;p=225144"},"modified":"2025-06-05T07:00:45","modified_gmt":"2025-06-05T07:00:45","slug":"jura-cafetera-automatica-z10-aluminio-incluyendo-10-kg-de-cafe","status":"publish","type":"product","link":"https:\/\/www.erresse-shop.it\/es\/shop\/pequenos-electrodomesticos\/maquinas-de-cafe\/automatico\/jura-cafetera-automatica-z10-aluminio-incluyendo-10-kg-de-cafe\/","title":{"rendered":"JURA Cafetera Autom\u00e1tica Z10 Aluminio"},"content":{"rendered":"<p><strong>La revolucionaria Z10 con P.R.G. para especialidades de caf\u00e9 caliente y fr\u00edo<\/strong><\/p>\n<p>La nueva Z10, obra maestra de la ingenier\u00eda suiza, duplica la variedad de especialidades de caf\u00e9.<br \/>\nCon s\u00f3lo pulsar un bot\u00f3n, prepara toda la gama de productos calientes, desde un espresso intenso hasta un moderno Flat White,<br \/>\ncon las especialidades Cold Brew inaugura una nueva dimensi\u00f3n del disfrute del caf\u00e9, permitiendo el acceso a todo un universo paralelo.<br \/>\nEsto es posible gracias a la Picadora de Reconocimiento de Producto (P.R.G.), que reconoce la especialidad seleccionada y ajusta con exactitud la finura de la molienda en unos instantes.<\/p>\n<p>JURA tambi\u00e9n ha desarrollado el original Proceso de Extracci\u00f3n en Fr\u00edo, una extraordinaria innovaci\u00f3n refrescante.<br \/>\nSe hace pasar lentamente agua fr\u00eda a alta presi\u00f3n en chorros intermitentes a trav\u00e9s del caf\u00e9 en polvo reci\u00e9n molido.<br \/>\nEl resultado es una forma completamente nueva de disfrutar del caf\u00e9: especialidades refrescantes y energizantes con un aroma maravillosamente equilibrado.<\/p>\n<p>Esta exclusiva m\u00e1quina autom\u00e1tica de especialidades de caf\u00e9 del segmento premium est\u00e1 equipada con una pantalla de 4,3&#8243; con tecnolog\u00eda t\u00e1ctil,<br \/>\ncon el doble de velocidad de respuesta t\u00e1ctil e interruptor giratorio de cristal azul.<br \/>\nEl men\u00fa de selecci\u00f3n de especialidades y la inteligencia artificial hacen que el manejo sea especialmente f\u00e1cil e intuitivo. El gran salto tecnol\u00f3gico se refleja en el dise\u00f1o escultural.<br \/>\nEl panel frontal c\u00f3ncavo-convexo es una prueba visible del amor por el detalle y la precisi\u00f3n absoluta en la construcci\u00f3n.<br \/>\nSu extraordinaria calidad hace del Z10 una verdadera expresi\u00f3n de buen gusto tambi\u00e9n en t\u00e9rminos est\u00e9ticos.<\/p>\n<p><strong>Especificaciones:<\/strong><\/p>\n<ul>\n<li>N\u00famero de especialidades de caf\u00e9: 32<\/li>\n<li>Proceso de extracci\u00f3n en fr\u00edo<\/li>\n<li>Precalentamiento inteligente<\/li>\n<li>Tecnolog\u00eda de elaboraci\u00f3n de cerveza en 3D<\/li>\n<li>Ajuste autom\u00e1tico de la amoladora<\/li>\n<li>Control activo del grano de caf\u00e9<\/li>\n<li>Cambio autom\u00e1tico de leche\/espuma<\/li>\n<li>Indicador de estado de mantenimiento<\/li>\n<li>Conexi\u00f3n Wi-Fi<\/li>\n<li>Pantalla t\u00e1ctil en color de 4,3<\/li>\n<li>M\u00faltiples personalizaciones de productos<\/li>\n<li>Intensidad de caf\u00e9 programable<\/li>\n<li>Cantidad de leche\/espuma programable<\/li>\n<li>Temperatura de la leche\/espuma programable<\/li>\n<li>Temperatura del agua caliente programable<\/li>\n<li>Modo de ahorro de energ\u00eda<\/li>\n<li>Tiempo de desconexi\u00f3n programable<\/li>\n<li>Control del sistema con una sola pulsaci\u00f3n<\/li>\n<li>Programa integrado de aclarado, limpieza y descalcificaci\u00f3n<\/li>\n<li>Panel frontal de aluminio<\/li>\n<li>Iluminaci\u00f3n de la copa<\/li>\n<li>Iluminaci\u00f3n del dep\u00f3sito de agua<\/li>\n<li>Capacidad del dep\u00f3sito de agua 2,4 l<\/li>\n<li>Capacidad del recipiente de caf\u00e9 en grano: 280 gr<\/li>\n<li>Contenedor de posos de caf\u00e9: 20<\/li>\n<li>Clase de eficiencia energ\u00e9tica: A<\/li>\n<li>Consumo en espera: 0 W<\/li>\n<li>Producto fabricado en Suiza<\/li>\n<\/ul>\n<div class=\"su-youtube su-u-responsive-media-yes\"><iframe loading=\"lazy\" width=\"200\" height=\"200\" src=\"https:\/\/www.youtube.com\/embed\/nfKHc-Zb7VM?\" frameborder=\"0\" allowfullscreen allow=\"autoplay; encrypted-media; picture-in-picture\" title=\"\"><\/iframe><\/div>\n","protected":false},"excerpt":{"rendered":"<p>La revolucionaria Z10 con P.R.G. para especialidades de caf\u00e9 caliente y fr\u00edo La nueva Z10, obra maestra de la ingenier\u00eda<\/p>\n","protected":false},"featured_media":225644,"template":"","meta":{"_acf_changed":false,"inline_featured_image":false},"product_cat":[25362,16076,16073],"product_tag":[23574,20769,23570,16395,21739],"acf":[],"yoast_head":"<!-- This site is optimized with the Yoast SEO Premium plugin v18.6 (Yoast SEO v19.13) - https:\/\/yoast.com\/wordpress\/plugins\/seo\/ -->\n<title>JURA Cafetera Autom\u00e1tica Z10 Aluminio - Erresse Shop<\/title>\n<meta name=\"description\" content=\"La revolucionaria Z10 con P.R.G. para especialidades de caf\u00e9 caliente y fr\u00edo La nueva Z10, obra maestra de la ingenier\u00eda suiza, duplica la variedad de\" \/>\n<meta name=\"robots\" content=\"index, follow, max-snippet:-1, max-image-preview:large, max-video-preview:-1\" \/>\n<link rel=\"canonical\" href=\"https:\/\/www.erresse-shop.it\/es\/shop\/pequenos-electrodomesticos\/maquinas-de-cafe\/automatico\/jura-cafetera-automatica-z10-aluminio-incluyendo-10-kg-de-cafe\/\" \/>\n<meta property=\"og:locale\" content=\"es_ES\" \/>\n<meta property=\"og:type\" content=\"article\" \/>\n<meta property=\"og:title\" content=\"JURA Cafetera Autom\u00e1tica Z10 Aluminio\" \/>\n<meta property=\"og:description\" content=\"La revolucionaria Z10 con P.R.G. para especialidades de caf\u00e9 caliente y fr\u00edo La nueva Z10, obra maestra de la ingenier\u00eda suiza, duplica la variedad de\" \/>\n<meta property=\"og:url\" content=\"https:\/\/www.erresse-shop.it\/es\/shop\/pequenos-electrodomesticos\/maquinas-de-cafe\/automatico\/jura-cafetera-automatica-z10-aluminio-incluyendo-10-kg-de-cafe\/\" \/>\n<meta property=\"og:site_name\" content=\"Erresse Shop\" \/>\n<meta property=\"article:modified_time\" content=\"2025-06-05T07:00:45+00:00\" \/>\n<meta property=\"og:image\" content=\"https:\/\/www.erresse-shop.it\/wp-content\/uploads\/2022\/12\/JURA-Macchina-da-caffe-Z10.jpg\" \/>\n\t<meta property=\"og:image:width\" content=\"800\" \/>\n\t<meta property=\"og:image:height\" content=\"800\" \/>\n\t<meta property=\"og:image:type\" content=\"image\/jpeg\" \/>\n<meta name=\"twitter:card\" content=\"summary_large_image\" \/>\n<script type=\"application\/ld+json\" class=\"yoast-schema-graph\">{\"@context\":\"https:\/\/schema.org\",\"@graph\":[{\"@type\":\"WebPage\",\"@id\":\"https:\/\/www.erresse-shop.it\/es\/shop\/pequenos-electrodomesticos\/maquinas-de-cafe\/automatico\/jura-cafetera-automatica-z10-aluminio-incluyendo-10-kg-de-cafe\/\",\"url\":\"https:\/\/www.erresse-shop.it\/es\/shop\/pequenos-electrodomesticos\/maquinas-de-cafe\/automatico\/jura-cafetera-automatica-z10-aluminio-incluyendo-10-kg-de-cafe\/\",\"name\":\"JURA Cafetera Autom\u00e1tica Z10 Aluminio - Erresse Shop\",\"isPartOf\":{\"@id\":\"https:\/\/www.erresse-shop.it\/es\/#website\"},\"datePublished\":\"2022-12-27T14:44:16+00:00\",\"dateModified\":\"2025-06-05T07:00:45+00:00\",\"description\":\"La revolucionaria Z10 con P.R.G. para especialidades de caf\u00e9 caliente y fr\u00edo La nueva Z10, obra maestra de la ingenier\u00eda suiza, duplica la variedad de\",\"breadcrumb\":{\"@id\":\"https:\/\/www.erresse-shop.it\/es\/shop\/pequenos-electrodomesticos\/maquinas-de-cafe\/automatico\/jura-cafetera-automatica-z10-aluminio-incluyendo-10-kg-de-cafe\/#breadcrumb\"},\"inLanguage\":\"es\",\"potentialAction\":[{\"@type\":\"ReadAction\",\"target\":[\"https:\/\/www.erresse-shop.it\/es\/shop\/pequenos-electrodomesticos\/maquinas-de-cafe\/automatico\/jura-cafetera-automatica-z10-aluminio-incluyendo-10-kg-de-cafe\/\"]}]},{\"@type\":\"BreadcrumbList\",\"@id\":\"https:\/\/www.erresse-shop.it\/es\/shop\/pequenos-electrodomesticos\/maquinas-de-cafe\/automatico\/jura-cafetera-automatica-z10-aluminio-incluyendo-10-kg-de-cafe\/#breadcrumb\",\"itemListElement\":[{\"@type\":\"ListItem\",\"position\":1,\"name\":\"Home\",\"item\":\"https:\/\/www.erresse-shop.it\/es\/\"},{\"@type\":\"ListItem\",\"position\":2,\"name\":\"Shop\",\"item\":\"https:\/\/www.erresse-shop.it\/es\/shop\/\"},{\"@type\":\"ListItem\",\"position\":3,\"name\":\"JURA Cafetera Autom\u00e1tica Z10 Aluminio\"}]},{\"@type\":\"WebSite\",\"@id\":\"https:\/\/www.erresse-shop.it\/es\/#website\",\"url\":\"https:\/\/www.erresse-shop.it\/es\/\",\"name\":\"Erresse Shop\",\"description\":\"Articoli di qualit\u00e0 per la casa\",\"potentialAction\":[{\"@type\":\"SearchAction\",\"target\":{\"@type\":\"EntryPoint\",\"urlTemplate\":\"https:\/\/www.erresse-shop.it\/es\/?s={search_term_string}\"},\"query-input\":\"required name=search_term_string\"}],\"inLanguage\":\"es\"}]}<\/script>\n<!-- \/ Yoast SEO Premium plugin. -->","yoast_head_json":{"title":"JURA Cafetera Autom\u00e1tica Z10 Aluminio - Erresse Shop","description":"La revolucionaria Z10 con P.R.G. para especialidades de caf\u00e9 caliente y fr\u00edo La nueva Z10, obra maestra de la ingenier\u00eda suiza, duplica la variedad de","robots":{"index":"index","follow":"follow","max-snippet":"max-snippet:-1","max-image-preview":"max-image-preview:large","max-video-preview":"max-video-preview:-1"},"canonical":"https:\/\/www.erresse-shop.it\/es\/shop\/pequenos-electrodomesticos\/maquinas-de-cafe\/automatico\/jura-cafetera-automatica-z10-aluminio-incluyendo-10-kg-de-cafe\/","og_locale":"es_ES","og_type":"article","og_title":"JURA Cafetera Autom\u00e1tica Z10 Aluminio","og_description":"La revolucionaria Z10 con P.R.G. para especialidades de caf\u00e9 caliente y fr\u00edo La nueva Z10, obra maestra de la ingenier\u00eda suiza, duplica la variedad de","og_url":"https:\/\/www.erresse-shop.it\/es\/shop\/pequenos-electrodomesticos\/maquinas-de-cafe\/automatico\/jura-cafetera-automatica-z10-aluminio-incluyendo-10-kg-de-cafe\/","og_site_name":"Erresse Shop","article_modified_time":"2025-06-05T07:00:45+00:00","og_image":[{"width":800,"height":800,"url":"https:\/\/www.erresse-shop.it\/wp-content\/uploads\/2022\/12\/JURA-Macchina-da-caffe-Z10.jpg","type":"image\/jpeg"}],"twitter_card":"summary_large_image","schema":{"@context":"https:\/\/schema.org","@graph":[{"@type":"WebPage","@id":"https:\/\/www.erresse-shop.it\/es\/shop\/pequenos-electrodomesticos\/maquinas-de-cafe\/automatico\/jura-cafetera-automatica-z10-aluminio-incluyendo-10-kg-de-cafe\/","url":"https:\/\/www.erresse-shop.it\/es\/shop\/pequenos-electrodomesticos\/maquinas-de-cafe\/automatico\/jura-cafetera-automatica-z10-aluminio-incluyendo-10-kg-de-cafe\/","name":"JURA Cafetera Autom\u00e1tica Z10 Aluminio - Erresse Shop","isPartOf":{"@id":"https:\/\/www.erresse-shop.it\/es\/#website"},"datePublished":"2022-12-27T14:44:16+00:00","dateModified":"2025-06-05T07:00:45+00:00","description":"La revolucionaria Z10 con P.R.G. para especialidades de caf\u00e9 caliente y fr\u00edo La nueva Z10, obra maestra de la ingenier\u00eda suiza, duplica la variedad de","breadcrumb":{"@id":"https:\/\/www.erresse-shop.it\/es\/shop\/pequenos-electrodomesticos\/maquinas-de-cafe\/automatico\/jura-cafetera-automatica-z10-aluminio-incluyendo-10-kg-de-cafe\/#breadcrumb"},"inLanguage":"es","potentialAction":[{"@type":"ReadAction","target":["https:\/\/www.erresse-shop.it\/es\/shop\/pequenos-electrodomesticos\/maquinas-de-cafe\/automatico\/jura-cafetera-automatica-z10-aluminio-incluyendo-10-kg-de-cafe\/"]}]},{"@type":"BreadcrumbList","@id":"https:\/\/www.erresse-shop.it\/es\/shop\/pequenos-electrodomesticos\/maquinas-de-cafe\/automatico\/jura-cafetera-automatica-z10-aluminio-incluyendo-10-kg-de-cafe\/#breadcrumb","itemListElement":[{"@type":"ListItem","position":1,"name":"Home","item":"https:\/\/www.erresse-shop.it\/es\/"},{"@type":"ListItem","position":2,"name":"Shop","item":"https:\/\/www.erresse-shop.it\/es\/shop\/"},{"@type":"ListItem","position":3,"name":"JURA Cafetera Autom\u00e1tica Z10 Aluminio"}]},{"@type":"WebSite","@id":"https:\/\/www.erresse-shop.it\/es\/#website","url":"https:\/\/www.erresse-shop.it\/es\/","name":"Erresse Shop","description":"Articoli di qualit\u00e0 per la casa","potentialAction":[{"@type":"SearchAction","target":{"@type":"EntryPoint","urlTemplate":"https:\/\/www.erresse-shop.it\/es\/?s={search_term_string}"},"query-input":"required name=search_term_string"}],"inLanguage":"es"}]}},"df_price":2294.1,"df_sale_price":2294.1,"df_regular_price":2549,"df_image_link":"https:\/\/www.erresse-shop.it\/wp-content\/uploads\/2022\/12\/JURA-Macchina-da-caffe-Z10-300x300.jpg","_links":{"self":[{"href":"https:\/\/www.erresse-shop.it\/es\/wp-json\/wp\/v2\/product\/225144"}],"collection":[{"href":"https:\/\/www.erresse-shop.it\/es\/wp-json\/wp\/v2\/product"}],"about":[{"href":"https:\/\/www.erresse-shop.it\/es\/wp-json\/wp\/v2\/types\/product"}],"wp:featuredmedia":[{"embeddable":true,"href":"https:\/\/www.erresse-shop.it\/es\/wp-json\/wp\/v2\/media\/225644"}],"wp:attachment":[{"href":"https:\/\/www.erresse-shop.it\/es\/wp-json\/wp\/v2\/media?parent=225144"}],"wp:term":[{"taxonomy":"product_cat","embeddable":true,"href":"https:\/\/www.erresse-shop.it\/es\/wp-json\/wp\/v2\/product_cat?post=225144"},{"taxonomy":"product_tag","embeddable":true,"href":"https:\/\/www.erresse-shop.it\/es\/wp-json\/wp\/v2\/product_tag?post=225144"}],"curies":[{"name":"wp","href":"https:\/\/api.w.org\/{rel}","templated":true}]}}