{"id":223414,"date":"2022-12-21T11:38:42","date_gmt":"2022-12-21T11:38:47","guid":{"rendered":"https:\/\/www.erresse-shop.it\/?post_type=product&#038;p=223414"},"modified":"2023-06-19T06:20:53","modified_gmt":"2023-06-19T06:20:53","slug":"venini-fantasmino-lampara-de-sobremesa-aqua-marine","status":"publish","type":"product","link":"https:\/\/www.erresse-shop.it\/es\/shop\/mobiliario\/lamparas\/venini-fantasmino-lampara-de-sobremesa-aqua-marine\/","title":{"rendered":"VENINI Fantasmino L\u00e1mpara de sobremesa Aqua marine"},"content":{"rendered":"<p><strong>CIEN A\u00d1OS DE ARTE, BELLEZA Y MADE IN ITALY<\/strong><\/p>\n<p>La silueta recuerda al ic\u00f3nico jarr\u00f3n Fazzoletto de VENINI, dise\u00f1ado en 1948, pero su uso port\u00e1til le da un toque contempor\u00e1neo. Disponible en los cinco colores de moda Rosso, Arancio, Ambra, Acquamare y Lattimo, todos en cristal opalino, se convierte en una presencia dom\u00e9stica divertida y sorprendente.<\/p>\n<p>Esta l\u00e1mpara Venini Art Light est\u00e1 fabricada con la t\u00e9cnica de trabajo: Opalini. La t\u00e9cnica de elaboraci\u00f3n del vidrio Opalino consiste en a\u00f1adir sustancias opacificantes al vidrio &#8220;Lattimo&#8221; (un color blanco particular) durante el amasado, para que adquiera un color vivo y brillante.<\/p>\n<p>Esta obra forma parte de la colecci\u00f3n Architetture di Luce (Arquitecturas de luz), que incluye l\u00e1mparas y candelabros dise\u00f1ados para arrojar luz tanto cuando est\u00e1n encendidos como apagados. Como tales, son adecuadas para embellecer cualquier ambiente, especialmente el interior de una casa u oficina modernas. Se trata de una propuesta divertida y colorida que puede transportarse gracias a la innovadora soluci\u00f3n de iluminaci\u00f3n con pilas recargables.<\/p>\n<ul>\n<li>Modelo: Fantasmino<\/li>\n<li>Colecci\u00f3n: Arquitecturas de la luz<\/li>\n<li>Dimensiones Estructura: \u00d8 cm 14 H cm 18<\/li>\n<\/ul>\n<p><strong>FANTASMINO<\/strong><br \/>\n<strong>dise\u00f1o de Venini &#8211; 2022<\/strong><\/p>\n<div class=\"su-youtube su-u-responsive-media-yes\"><iframe loading=\"lazy\" width=\"200\" height=\"200\" src=\"https:\/\/www.youtube.com\/embed\/VaQdiOVv0rk?\" frameborder=\"0\" allowfullscreen allow=\"autoplay; encrypted-media; picture-in-picture\" title=\"\"><\/iframe><\/div>\n","protected":false},"excerpt":{"rendered":"<p>CIEN A\u00d1OS DE ARTE, BELLEZA Y MADE IN ITALY La silueta recuerda al ic\u00f3nico jarr\u00f3n Fazzoletto de VENINI, dise\u00f1ado en<\/p>\n","protected":false},"featured_media":232577,"template":"","meta":{"_acf_changed":false,"inline_featured_image":false},"product_cat":[16017,16016],"product_tag":[16119,17763,17475,16236,21732,24682,16307,17476],"acf":[],"yoast_head":"<!-- This site is optimized with the Yoast SEO Premium plugin v18.6 (Yoast SEO v19.13) - https:\/\/yoast.com\/wordpress\/plugins\/seo\/ -->\n<title>VENINI Fantasmino L\u00e1mpara de sobremesa Aqua marine - Erresse Shop<\/title>\n<meta name=\"description\" content=\"CIEN A\u00d1OS DE ARTE, BELLEZA Y MADE IN ITALY La silueta recuerda al ic\u00f3nico jarr\u00f3n Fazzoletto de VENINI, dise\u00f1ado en 1948, pero su uso port\u00e1til le da un\" \/>\n<meta name=\"robots\" content=\"index, follow, max-snippet:-1, max-image-preview:large, max-video-preview:-1\" \/>\n<link rel=\"canonical\" href=\"https:\/\/www.erresse-shop.it\/es\/shop\/mobiliario\/lamparas\/venini-fantasmino-lampara-de-sobremesa-aqua-marine\/\" \/>\n<meta property=\"og:locale\" content=\"es_ES\" \/>\n<meta property=\"og:type\" content=\"article\" \/>\n<meta property=\"og:title\" content=\"VENINI Fantasmino L\u00e1mpara de sobremesa Aqua marine\" \/>\n<meta property=\"og:description\" content=\"CIEN A\u00d1OS DE ARTE, BELLEZA Y MADE IN ITALY La silueta recuerda al ic\u00f3nico jarr\u00f3n Fazzoletto de VENINI, dise\u00f1ado en 1948, pero su uso port\u00e1til le da un\" \/>\n<meta property=\"og:url\" content=\"https:\/\/www.erresse-shop.it\/es\/shop\/mobiliario\/lamparas\/venini-fantasmino-lampara-de-sobremesa-aqua-marine\/\" \/>\n<meta property=\"og:site_name\" content=\"Erresse Shop\" \/>\n<meta property=\"article:modified_time\" content=\"2023-06-19T06:20:53+00:00\" \/>\n<meta property=\"og:image\" content=\"https:\/\/www.erresse-shop.it\/wp-content\/uploads\/2022\/12\/VENINI-Lampada-da-Tavolo-Fantasmino-Acquamarina.jpeg\" \/>\n\t<meta property=\"og:image:width\" content=\"800\" \/>\n\t<meta property=\"og:image:height\" content=\"800\" \/>\n\t<meta property=\"og:image:type\" content=\"image\/jpeg\" \/>\n<meta name=\"twitter:card\" content=\"summary_large_image\" \/>\n<script type=\"application\/ld+json\" class=\"yoast-schema-graph\">{\"@context\":\"https:\/\/schema.org\",\"@graph\":[{\"@type\":\"WebPage\",\"@id\":\"https:\/\/www.erresse-shop.it\/es\/shop\/mobiliario\/lamparas\/venini-fantasmino-lampara-de-sobremesa-aqua-marine\/\",\"url\":\"https:\/\/www.erresse-shop.it\/es\/shop\/mobiliario\/lamparas\/venini-fantasmino-lampara-de-sobremesa-aqua-marine\/\",\"name\":\"VENINI Fantasmino L\u00e1mpara de sobremesa Aqua marine - Erresse Shop\",\"isPartOf\":{\"@id\":\"https:\/\/www.erresse-shop.it\/es\/#website\"},\"datePublished\":\"2022-12-21T11:38:47+00:00\",\"dateModified\":\"2023-06-19T06:20:53+00:00\",\"description\":\"CIEN A\u00d1OS DE ARTE, BELLEZA Y MADE IN ITALY La silueta recuerda al ic\u00f3nico jarr\u00f3n Fazzoletto de VENINI, dise\u00f1ado en 1948, pero su uso port\u00e1til le da un\",\"breadcrumb\":{\"@id\":\"https:\/\/www.erresse-shop.it\/es\/shop\/mobiliario\/lamparas\/venini-fantasmino-lampara-de-sobremesa-aqua-marine\/#breadcrumb\"},\"inLanguage\":\"es\",\"potentialAction\":[{\"@type\":\"ReadAction\",\"target\":[\"https:\/\/www.erresse-shop.it\/es\/shop\/mobiliario\/lamparas\/venini-fantasmino-lampara-de-sobremesa-aqua-marine\/\"]}]},{\"@type\":\"BreadcrumbList\",\"@id\":\"https:\/\/www.erresse-shop.it\/es\/shop\/mobiliario\/lamparas\/venini-fantasmino-lampara-de-sobremesa-aqua-marine\/#breadcrumb\",\"itemListElement\":[{\"@type\":\"ListItem\",\"position\":1,\"name\":\"Home\",\"item\":\"https:\/\/www.erresse-shop.it\/es\/\"},{\"@type\":\"ListItem\",\"position\":2,\"name\":\"Shop\",\"item\":\"https:\/\/www.erresse-shop.it\/es\/shop\/\"},{\"@type\":\"ListItem\",\"position\":3,\"name\":\"VENINI Fantasmino L\u00e1mpara de sobremesa Aqua marine\"}]},{\"@type\":\"WebSite\",\"@id\":\"https:\/\/www.erresse-shop.it\/es\/#website\",\"url\":\"https:\/\/www.erresse-shop.it\/es\/\",\"name\":\"Erresse Shop\",\"description\":\"Articoli di qualit\u00e0 per la casa\",\"potentialAction\":[{\"@type\":\"SearchAction\",\"target\":{\"@type\":\"EntryPoint\",\"urlTemplate\":\"https:\/\/www.erresse-shop.it\/es\/?s={search_term_string}\"},\"query-input\":\"required name=search_term_string\"}],\"inLanguage\":\"es\"}]}<\/script>\n<!-- \/ Yoast SEO Premium plugin. -->","yoast_head_json":{"title":"VENINI Fantasmino L\u00e1mpara de sobremesa Aqua marine - Erresse Shop","description":"CIEN A\u00d1OS DE ARTE, BELLEZA Y MADE IN ITALY La silueta recuerda al ic\u00f3nico jarr\u00f3n Fazzoletto de VENINI, dise\u00f1ado en 1948, pero su uso port\u00e1til le da un","robots":{"index":"index","follow":"follow","max-snippet":"max-snippet:-1","max-image-preview":"max-image-preview:large","max-video-preview":"max-video-preview:-1"},"canonical":"https:\/\/www.erresse-shop.it\/es\/shop\/mobiliario\/lamparas\/venini-fantasmino-lampara-de-sobremesa-aqua-marine\/","og_locale":"es_ES","og_type":"article","og_title":"VENINI Fantasmino L\u00e1mpara de sobremesa Aqua marine","og_description":"CIEN A\u00d1OS DE ARTE, BELLEZA Y MADE IN ITALY La silueta recuerda al ic\u00f3nico jarr\u00f3n Fazzoletto de VENINI, dise\u00f1ado en 1948, pero su uso port\u00e1til le da un","og_url":"https:\/\/www.erresse-shop.it\/es\/shop\/mobiliario\/lamparas\/venini-fantasmino-lampara-de-sobremesa-aqua-marine\/","og_site_name":"Erresse Shop","article_modified_time":"2023-06-19T06:20:53+00:00","og_image":[{"width":800,"height":800,"url":"https:\/\/www.erresse-shop.it\/wp-content\/uploads\/2022\/12\/VENINI-Lampada-da-Tavolo-Fantasmino-Acquamarina.jpeg","type":"image\/jpeg"}],"twitter_card":"summary_large_image","schema":{"@context":"https:\/\/schema.org","@graph":[{"@type":"WebPage","@id":"https:\/\/www.erresse-shop.it\/es\/shop\/mobiliario\/lamparas\/venini-fantasmino-lampara-de-sobremesa-aqua-marine\/","url":"https:\/\/www.erresse-shop.it\/es\/shop\/mobiliario\/lamparas\/venini-fantasmino-lampara-de-sobremesa-aqua-marine\/","name":"VENINI Fantasmino L\u00e1mpara de sobremesa Aqua marine - Erresse Shop","isPartOf":{"@id":"https:\/\/www.erresse-shop.it\/es\/#website"},"datePublished":"2022-12-21T11:38:47+00:00","dateModified":"2023-06-19T06:20:53+00:00","description":"CIEN A\u00d1OS DE ARTE, BELLEZA Y MADE IN ITALY La silueta recuerda al ic\u00f3nico jarr\u00f3n Fazzoletto de VENINI, dise\u00f1ado en 1948, pero su uso port\u00e1til le da un","breadcrumb":{"@id":"https:\/\/www.erresse-shop.it\/es\/shop\/mobiliario\/lamparas\/venini-fantasmino-lampara-de-sobremesa-aqua-marine\/#breadcrumb"},"inLanguage":"es","potentialAction":[{"@type":"ReadAction","target":["https:\/\/www.erresse-shop.it\/es\/shop\/mobiliario\/lamparas\/venini-fantasmino-lampara-de-sobremesa-aqua-marine\/"]}]},{"@type":"BreadcrumbList","@id":"https:\/\/www.erresse-shop.it\/es\/shop\/mobiliario\/lamparas\/venini-fantasmino-lampara-de-sobremesa-aqua-marine\/#breadcrumb","itemListElement":[{"@type":"ListItem","position":1,"name":"Home","item":"https:\/\/www.erresse-shop.it\/es\/"},{"@type":"ListItem","position":2,"name":"Shop","item":"https:\/\/www.erresse-shop.it\/es\/shop\/"},{"@type":"ListItem","position":3,"name":"VENINI Fantasmino L\u00e1mpara de sobremesa Aqua marine"}]},{"@type":"WebSite","@id":"https:\/\/www.erresse-shop.it\/es\/#website","url":"https:\/\/www.erresse-shop.it\/es\/","name":"Erresse Shop","description":"Articoli di qualit\u00e0 per la casa","potentialAction":[{"@type":"SearchAction","target":{"@type":"EntryPoint","urlTemplate":"https:\/\/www.erresse-shop.it\/es\/?s={search_term_string}"},"query-input":"required name=search_term_string"}],"inLanguage":"es"}]}},"df_price":306.8,"df_sale_price":306.8,"df_regular_price":590,"df_image_link":"https:\/\/www.erresse-shop.it\/wp-content\/uploads\/2022\/12\/VENINI-Lampada-da-Tavolo-Fantasmino-Acquamarina-300x300.jpeg","_links":{"self":[{"href":"https:\/\/www.erresse-shop.it\/es\/wp-json\/wp\/v2\/product\/223414"}],"collection":[{"href":"https:\/\/www.erresse-shop.it\/es\/wp-json\/wp\/v2\/product"}],"about":[{"href":"https:\/\/www.erresse-shop.it\/es\/wp-json\/wp\/v2\/types\/product"}],"wp:featuredmedia":[{"embeddable":true,"href":"https:\/\/www.erresse-shop.it\/es\/wp-json\/wp\/v2\/media\/232577"}],"wp:attachment":[{"href":"https:\/\/www.erresse-shop.it\/es\/wp-json\/wp\/v2\/media?parent=223414"}],"wp:term":[{"taxonomy":"product_cat","embeddable":true,"href":"https:\/\/www.erresse-shop.it\/es\/wp-json\/wp\/v2\/product_cat?post=223414"},{"taxonomy":"product_tag","embeddable":true,"href":"https:\/\/www.erresse-shop.it\/es\/wp-json\/wp\/v2\/product_tag?post=223414"}],"curies":[{"name":"wp","href":"https:\/\/api.w.org\/{rel}","templated":true}]}}