{"id":223149,"date":"2022-12-21T09:29:42","date_gmt":"2022-12-21T09:29:50","guid":{"rendered":"https:\/\/www.erresse-shop.it\/?post_type=product&#038;p=223149"},"modified":"2026-02-24T12:20:29","modified_gmt":"2026-02-24T12:20:29","slug":"le-creuset-sarten-ovalada-de-hierro-fundido-para-risotto-27-cm-negro-mate","status":"publish","type":"product","link":"https:\/\/www.erresse-shop.it\/es\/shop\/sartenes-y-ollas\/cazuelas\/le-creuset-sarten-ovalada-de-hierro-fundido-para-risotto-27-cm-negro-mate\/","title":{"rendered":"LE CREUSET Sart\u00e9n Ovalada de Hierro Fundido para Risotto 27 cm Negro Mate"},"content":{"rendered":"<p><strong>\u00a1TODOS A LA MESA!<\/strong><\/p>\n<p>Igual de vers\u00e1til que el modelo redondo cl\u00e1sico, esta cocotte ovalada puede alojar una pierna entera de cordero sin ocupar todo el horno, por lo que tambi\u00e9n tendr\u00e1 espacio para guarniciones. Dondequiera que le lleve su fantas\u00eda culinaria, ha encontrado el compa\u00f1ero ideal para un embriagador viaje de sabores y aromas.<\/p>\n<p>Durante generaciones y generaciones, las familias han apreciado la cl\u00e1sica cocotte de hierro fundido que distribuye el calor uniformemente. El hierro fundido, excelente conductor del calor, es uno de los mejores materiales para la cocina. Adem\u00e1s, el fondo, las paredes y la tapa tienen el mismo grosor, lo que garantiza una absorci\u00f3n y distribuci\u00f3n uniformes del calor sin crear zonas sobrecalentadas. Como resultado, los alimentos no se queman ni quedan crudos en su interior. Adem\u00e1s, no pierden sus l\u00edquidos durante la cocci\u00f3n, lo que permite conservar sus nutrientes y vitaminas.<\/p>\n<p><strong>Propiedades de las cocottes de hierro fundido esmaltadas<\/strong><\/p>\n<p>&#8211; Distribuci\u00f3n uniforme del calor sin sobrecalentamiento de las zonas.<br \/>\n&#8211; Excelente retenci\u00f3n del calor.<br \/>\n&#8211; Pomo de acero inoxidable resistente a todas las temperaturas.<br \/>\n&#8211; Asas dise\u00f1adas para un agarre \u00f3ptimo.<br \/>\n&#8211; Superficie interior y exterior esmaltada. No absorbe la humedad, el sabor ni el olor de los alimentos.<br \/>\n&#8211; Recomendado por los mejores chefs y blogueros para hornear pan.<br \/>\n&#8211; F\u00e1cil limpieza.<br \/>\n&#8211; Durabilidad excepcional.<\/p>\n<p>Material: hierro fundido vitrificado<br \/>\nFabricado en: Francia<br \/>\nGarant\u00eda: de por vida<\/p>\n<p><strong>Fuente de calor:<\/strong><\/p>\n<ul>\n<li>Horno<\/li>\n<li>Horno Modo Grill<\/li>\n<li>Placa el\u00e9ctrica<\/li>\n<li>Vidrio cer\u00e1mico<\/li>\n<li>Placa de gas<\/li>\n<li>Placa de inducci\u00f3n<\/li>\n<\/ul>\n<p><strong>Limpieza y cuidados:<\/strong><\/p>\n<p>Espere a que el producto se enfr\u00ede antes de empezar a limpiarlo.<br \/>\nLimpie los restos de la base y los laterales del producto. Si hay comida pegada, llene el producto con agua jabonosa tibia y d\u00e9jelo en remojo durante 15-20 minutos antes de lavarlo como de costumbre.<br \/>\nNo utilice limpiadores abrasivos ni esponjas o cepillos met\u00e1licos abrasivos o muy r\u00edgidos en ninguna de las superficies.<br \/>\nSecar bien despu\u00e9s del lavado y guardar en un lugar seco.<\/p>\n<div class=\"su-youtube su-u-responsive-media-yes\"><iframe loading=\"lazy\" width=\"500\" height=\"200\" src=\"https:\/\/www.youtube.com\/embed\/YoiKOay1xos?\" frameborder=\"0\" allowfullscreen allow=\"autoplay; encrypted-media; picture-in-picture\" title=\"\"><\/iframe><\/div>\n","protected":false},"excerpt":{"rendered":"<p>\u00a1TODOS A LA MESA! Igual de vers\u00e1til que el modelo redondo cl\u00e1sico, esta cocotte ovalada puede alojar una pierna entera<\/p>\n","protected":false},"featured_media":223615,"template":"","meta":{"_acf_changed":false,"inline_featured_image":false},"product_cat":[16072,16058],"product_tag":[25090,16211,16137,16781,17104,16248,16158,25023],"acf":[],"yoast_head":"<!-- This site is optimized with the Yoast SEO Premium plugin v18.6 (Yoast SEO v19.13) - https:\/\/yoast.com\/wordpress\/plugins\/seo\/ -->\n<title>LE CREUSET Sart\u00e9n Ovalada de Hierro Fundido para Risotto 27 cm Negro Mate - Erresse Shop<\/title>\n<meta name=\"description\" content=\"\u00a1TODOS A LA MESA! Igual de vers\u00e1til que el modelo redondo cl\u00e1sico, esta cocotte ovalada puede alojar una pierna entera de cordero sin ocupar todo el\" \/>\n<meta name=\"robots\" content=\"index, follow, max-snippet:-1, max-image-preview:large, max-video-preview:-1\" \/>\n<link rel=\"canonical\" href=\"https:\/\/www.erresse-shop.it\/es\/shop\/sartenes-y-ollas\/cazuelas\/le-creuset-sarten-ovalada-de-hierro-fundido-para-risotto-27-cm-negro-mate\/\" \/>\n<meta property=\"og:locale\" content=\"es_ES\" \/>\n<meta property=\"og:type\" content=\"article\" \/>\n<meta property=\"og:title\" content=\"LE CREUSET Sart\u00e9n Ovalada de Hierro Fundido para Risotto 27 cm Negro Mate\" \/>\n<meta property=\"og:description\" content=\"\u00a1TODOS A LA MESA! Igual de vers\u00e1til que el modelo redondo cl\u00e1sico, esta cocotte ovalada puede alojar una pierna entera de cordero sin ocupar todo el\" \/>\n<meta property=\"og:url\" content=\"https:\/\/www.erresse-shop.it\/es\/shop\/sartenes-y-ollas\/cazuelas\/le-creuset-sarten-ovalada-de-hierro-fundido-para-risotto-27-cm-negro-mate\/\" \/>\n<meta property=\"og:site_name\" content=\"Erresse Shop\" \/>\n<meta property=\"article:modified_time\" content=\"2026-02-24T12:20:29+00:00\" \/>\n<meta property=\"og:image\" content=\"https:\/\/www.erresse-shop.it\/wp-content\/uploads\/2022\/12\/LE-CREUSET-Tegame-risotto-ovale-in-ghisa-vetrificata.jpg\" \/>\n\t<meta property=\"og:image:width\" content=\"800\" \/>\n\t<meta property=\"og:image:height\" content=\"800\" \/>\n\t<meta property=\"og:image:type\" content=\"image\/jpeg\" \/>\n<meta name=\"twitter:card\" content=\"summary_large_image\" \/>\n<script type=\"application\/ld+json\" class=\"yoast-schema-graph\">{\"@context\":\"https:\/\/schema.org\",\"@graph\":[{\"@type\":\"WebPage\",\"@id\":\"https:\/\/www.erresse-shop.it\/es\/shop\/sartenes-y-ollas\/cazuelas\/le-creuset-sarten-ovalada-de-hierro-fundido-para-risotto-27-cm-negro-mate\/\",\"url\":\"https:\/\/www.erresse-shop.it\/es\/shop\/sartenes-y-ollas\/cazuelas\/le-creuset-sarten-ovalada-de-hierro-fundido-para-risotto-27-cm-negro-mate\/\",\"name\":\"LE CREUSET Sart\u00e9n Ovalada de Hierro Fundido para Risotto 27 cm Negro Mate - Erresse Shop\",\"isPartOf\":{\"@id\":\"https:\/\/www.erresse-shop.it\/es\/#website\"},\"datePublished\":\"2022-12-21T09:29:50+00:00\",\"dateModified\":\"2026-02-24T12:20:29+00:00\",\"description\":\"\u00a1TODOS A LA MESA! Igual de vers\u00e1til que el modelo redondo cl\u00e1sico, esta cocotte ovalada puede alojar una pierna entera de cordero sin ocupar todo el\",\"breadcrumb\":{\"@id\":\"https:\/\/www.erresse-shop.it\/es\/shop\/sartenes-y-ollas\/cazuelas\/le-creuset-sarten-ovalada-de-hierro-fundido-para-risotto-27-cm-negro-mate\/#breadcrumb\"},\"inLanguage\":\"es\",\"potentialAction\":[{\"@type\":\"ReadAction\",\"target\":[\"https:\/\/www.erresse-shop.it\/es\/shop\/sartenes-y-ollas\/cazuelas\/le-creuset-sarten-ovalada-de-hierro-fundido-para-risotto-27-cm-negro-mate\/\"]}]},{\"@type\":\"BreadcrumbList\",\"@id\":\"https:\/\/www.erresse-shop.it\/es\/shop\/sartenes-y-ollas\/cazuelas\/le-creuset-sarten-ovalada-de-hierro-fundido-para-risotto-27-cm-negro-mate\/#breadcrumb\",\"itemListElement\":[{\"@type\":\"ListItem\",\"position\":1,\"name\":\"Home\",\"item\":\"https:\/\/www.erresse-shop.it\/es\/\"},{\"@type\":\"ListItem\",\"position\":2,\"name\":\"Shop\",\"item\":\"https:\/\/www.erresse-shop.it\/es\/shop\/\"},{\"@type\":\"ListItem\",\"position\":3,\"name\":\"LE CREUSET Sart\u00e9n Ovalada de Hierro Fundido para Risotto 27 cm Negro Mate\"}]},{\"@type\":\"WebSite\",\"@id\":\"https:\/\/www.erresse-shop.it\/es\/#website\",\"url\":\"https:\/\/www.erresse-shop.it\/es\/\",\"name\":\"Erresse Shop\",\"description\":\"Articoli di qualit\u00e0 per la casa\",\"potentialAction\":[{\"@type\":\"SearchAction\",\"target\":{\"@type\":\"EntryPoint\",\"urlTemplate\":\"https:\/\/www.erresse-shop.it\/es\/?s={search_term_string}\"},\"query-input\":\"required name=search_term_string\"}],\"inLanguage\":\"es\"}]}<\/script>\n<!-- \/ Yoast SEO Premium plugin. -->","yoast_head_json":{"title":"LE CREUSET Sart\u00e9n Ovalada de Hierro Fundido para Risotto 27 cm Negro Mate - Erresse Shop","description":"\u00a1TODOS A LA MESA! Igual de vers\u00e1til que el modelo redondo cl\u00e1sico, esta cocotte ovalada puede alojar una pierna entera de cordero sin ocupar todo el","robots":{"index":"index","follow":"follow","max-snippet":"max-snippet:-1","max-image-preview":"max-image-preview:large","max-video-preview":"max-video-preview:-1"},"canonical":"https:\/\/www.erresse-shop.it\/es\/shop\/sartenes-y-ollas\/cazuelas\/le-creuset-sarten-ovalada-de-hierro-fundido-para-risotto-27-cm-negro-mate\/","og_locale":"es_ES","og_type":"article","og_title":"LE CREUSET Sart\u00e9n Ovalada de Hierro Fundido para Risotto 27 cm Negro Mate","og_description":"\u00a1TODOS A LA MESA! Igual de vers\u00e1til que el modelo redondo cl\u00e1sico, esta cocotte ovalada puede alojar una pierna entera de cordero sin ocupar todo el","og_url":"https:\/\/www.erresse-shop.it\/es\/shop\/sartenes-y-ollas\/cazuelas\/le-creuset-sarten-ovalada-de-hierro-fundido-para-risotto-27-cm-negro-mate\/","og_site_name":"Erresse Shop","article_modified_time":"2026-02-24T12:20:29+00:00","og_image":[{"width":800,"height":800,"url":"https:\/\/www.erresse-shop.it\/wp-content\/uploads\/2022\/12\/LE-CREUSET-Tegame-risotto-ovale-in-ghisa-vetrificata.jpg","type":"image\/jpeg"}],"twitter_card":"summary_large_image","schema":{"@context":"https:\/\/schema.org","@graph":[{"@type":"WebPage","@id":"https:\/\/www.erresse-shop.it\/es\/shop\/sartenes-y-ollas\/cazuelas\/le-creuset-sarten-ovalada-de-hierro-fundido-para-risotto-27-cm-negro-mate\/","url":"https:\/\/www.erresse-shop.it\/es\/shop\/sartenes-y-ollas\/cazuelas\/le-creuset-sarten-ovalada-de-hierro-fundido-para-risotto-27-cm-negro-mate\/","name":"LE CREUSET Sart\u00e9n Ovalada de Hierro Fundido para Risotto 27 cm Negro Mate - Erresse Shop","isPartOf":{"@id":"https:\/\/www.erresse-shop.it\/es\/#website"},"datePublished":"2022-12-21T09:29:50+00:00","dateModified":"2026-02-24T12:20:29+00:00","description":"\u00a1TODOS A LA MESA! Igual de vers\u00e1til que el modelo redondo cl\u00e1sico, esta cocotte ovalada puede alojar una pierna entera de cordero sin ocupar todo el","breadcrumb":{"@id":"https:\/\/www.erresse-shop.it\/es\/shop\/sartenes-y-ollas\/cazuelas\/le-creuset-sarten-ovalada-de-hierro-fundido-para-risotto-27-cm-negro-mate\/#breadcrumb"},"inLanguage":"es","potentialAction":[{"@type":"ReadAction","target":["https:\/\/www.erresse-shop.it\/es\/shop\/sartenes-y-ollas\/cazuelas\/le-creuset-sarten-ovalada-de-hierro-fundido-para-risotto-27-cm-negro-mate\/"]}]},{"@type":"BreadcrumbList","@id":"https:\/\/www.erresse-shop.it\/es\/shop\/sartenes-y-ollas\/cazuelas\/le-creuset-sarten-ovalada-de-hierro-fundido-para-risotto-27-cm-negro-mate\/#breadcrumb","itemListElement":[{"@type":"ListItem","position":1,"name":"Home","item":"https:\/\/www.erresse-shop.it\/es\/"},{"@type":"ListItem","position":2,"name":"Shop","item":"https:\/\/www.erresse-shop.it\/es\/shop\/"},{"@type":"ListItem","position":3,"name":"LE CREUSET Sart\u00e9n Ovalada de Hierro Fundido para Risotto 27 cm Negro Mate"}]},{"@type":"WebSite","@id":"https:\/\/www.erresse-shop.it\/es\/#website","url":"https:\/\/www.erresse-shop.it\/es\/","name":"Erresse Shop","description":"Articoli di qualit\u00e0 per la casa","potentialAction":[{"@type":"SearchAction","target":{"@type":"EntryPoint","urlTemplate":"https:\/\/www.erresse-shop.it\/es\/?s={search_term_string}"},"query-input":"required name=search_term_string"}],"inLanguage":"es"}]}},"df_price":179.95,"df_sale_price":179.95,"df_regular_price":309,"df_image_link":"https:\/\/www.erresse-shop.it\/wp-content\/uploads\/2022\/12\/LE-CREUSET-Tegame-risotto-ovale-in-ghisa-vetrificata-300x300.jpg","_links":{"self":[{"href":"https:\/\/www.erresse-shop.it\/es\/wp-json\/wp\/v2\/product\/223149"}],"collection":[{"href":"https:\/\/www.erresse-shop.it\/es\/wp-json\/wp\/v2\/product"}],"about":[{"href":"https:\/\/www.erresse-shop.it\/es\/wp-json\/wp\/v2\/types\/product"}],"wp:featuredmedia":[{"embeddable":true,"href":"https:\/\/www.erresse-shop.it\/es\/wp-json\/wp\/v2\/media\/223615"}],"wp:attachment":[{"href":"https:\/\/www.erresse-shop.it\/es\/wp-json\/wp\/v2\/media?parent=223149"}],"wp:term":[{"taxonomy":"product_cat","embeddable":true,"href":"https:\/\/www.erresse-shop.it\/es\/wp-json\/wp\/v2\/product_cat?post=223149"},{"taxonomy":"product_tag","embeddable":true,"href":"https:\/\/www.erresse-shop.it\/es\/wp-json\/wp\/v2\/product_tag?post=223149"}],"curies":[{"name":"wp","href":"https:\/\/api.w.org\/{rel}","templated":true}]}}