{"id":222932,"date":"2022-12-20T15:32:56","date_gmt":"2022-12-20T15:33:00","guid":{"rendered":"https:\/\/www.erresse-shop.it\/?post_type=product&#038;p=222932"},"modified":"2023-01-03T13:31:08","modified_gmt":"2023-01-03T13:31:08","slug":"le-creuset-marmita-22-cm-cereza","status":"publish","type":"product","link":"https:\/\/www.erresse-shop.it\/es\/shop\/sartenes-y-ollas\/cazuelas\/le-creuset-marmita-22-cm-cereza\/","title":{"rendered":"LE CREUSET Marmita 22 cm Cereza"},"content":{"rendered":"<p>Cueza un guiso a fuego lento o d\u00e9jelo cocer en el horno, para que los deliciosos sabores se intensifiquen y se fundan.<\/p>\n<p><strong>Detalles<\/strong><\/p>\n<p>Nuestro pomo resistente al calor (hasta 260 \u00b0C) est\u00e1 dise\u00f1ado para un agarre \u00f3ptimo, incluso cuando se utiliza una agarradera para levantar la tapa.<br \/>\nLimpieza r\u00e1pida: una fina capa interior vitrificada facilita la limpieza.<br \/>\nAsas de ensue\u00f1o: gracias a nuestras amplias asas, podr\u00e1 desplazarse f\u00e1cilmente de la placa a la mesa, incluso utilizando guantes de horno.<br \/>\nVersatilidad: este producto tambi\u00e9n es adecuado para el horno en modo grill y para la cocina.<br \/>\nAlimentos sabrosos: el hierro fundido vitrificado retiene el calor para que la cocci\u00f3n y el dorado sean uniformes. Sus deliciosas creaciones se mantendr\u00e1n calientes m\u00e1s tiempo, incluso en la mesa.<br \/>\nConserva la suculencia: nuestra tapa retiene el vapor generado al cocinar los alimentos y realza los sabores para obtener unos resultados de cocci\u00f3n extraordinarios.<br \/>\nF\u00e1cil de sujetar: las elegantes y c\u00f3modas asas permiten levantar el producto con seguridad.<br \/>\nLos mejores de su clase: nuestros productos se elaboran con los mejores materiales en f\u00e1bricas de todo el mundo para garantizar la calidad que espera de Le Creuset.<\/p>\n<p><strong>Material<\/strong> Fundici\u00f3n esmaltada<\/p>\n<p><strong>Fabricado en Francia<\/strong><\/p>\n<p><strong>Garant\u00eda de por vida<\/strong><\/p>\n<p><strong>Fuente de calor<\/strong><\/p>\n<ul>\n<li>Horno<\/li>\n<li>Horno Modo Grill<\/li>\n<li>Placa el\u00e9ctrica<\/li>\n<li>Vidrio cer\u00e1mico<\/li>\n<li>Placa de gas<\/li>\n<li>Placa de inducci\u00f3n<\/li>\n<\/ul>\n<p><strong>Dimensiones<\/strong>:<\/p>\n<p>Capacidad: 2,2 l<br \/>\nLongitud: 29,9 cm<br \/>\nAnchura: 23,8 cm<br \/>\nAltura: 13,2 cm<br \/>\nProfundidad: 7,6 cm<\/p>\n<p><strong>Almacenamiento<\/strong><br \/>\nApto para congelador<\/p>\n<p><strong>Atenci\u00f3n<\/strong><br \/>\nApto para lavavajillas<\/p>\n<p><strong>Antes del primer uso<\/strong><\/p>\n<p>\u00a1Disfrute del momento de abrir el paquete de su nueva compra! Y aseg\u00farate de quitar todas las etiquetas y envoltorios.<br \/>\nLave su producto Le Creuset con agua tibia y jab\u00f3n, despu\u00e9s acl\u00e1relo y s\u00e9quelo bien.<\/p>\n<p><strong>Cocinar<\/strong><br \/>\nProt\u00e9jase utilizando siempre agarraderas cuando manipule utensilios calientes.<br \/>\nRecomendamos utilizar utensilios de silicona Le Creuset o de madera o pl\u00e1stico resistente al calor. Utilice los utensilios met\u00e1licos con cuidado, procurando no raspar la superficie de cocci\u00f3n, ya que podr\u00eda da\u00f1arla.<br \/>\nUtilice el producto en la placa de cocci\u00f3n del tama\u00f1o m\u00e1s adecuado: har\u00e1 que la cocci\u00f3n de los alimentos sea m\u00e1s uniforme y reducir\u00e1 el riesgo de da\u00f1os en las asas y los bordes. Esto es especialmente importante en las placas de inducci\u00f3n: si se utiliza un anillo de tama\u00f1o incorrecto, existe el riesgo de que la placa no &#8220;reconozca&#8221; el producto.<br \/>\nLa cocci\u00f3n a fuego medio o bajo produce los mejores resultados. Cali\u00e9ntelo gradualmente para conseguir sabores extraordinarios y una cocci\u00f3n uniforme. Si es necesario utilizar un calor m\u00e1s alto, baje la intensidad una vez alcanzado el nivel de calor deseado.<br \/>\nNo deslice ni arrastre el producto por una placa de cristal, ya que podr\u00eda da\u00f1ar la base del producto y el cristal. Levante siempre el producto al colocarlo, moverlo o retirarlo de la superficie.<\/p>\n<p><strong>Limpiar<\/strong><br \/>\nEspere a que el producto se enfr\u00ede completamente antes de empezar a limpiarlo.<br \/>\nElimine los restos de comida de la base y los bordes del producto. Para los restos de comida m\u00e1s resistentes, llene el producto con agua jabonosa tibia y d\u00e9jelo en remojo durante 15-20 minutos antes de lavarlo como de costumbre.<br \/>\nNo utilice limpiadores abrasivos ni esponjas met\u00e1licas o abrasivas ni cepillos muy duros y r\u00edgidos para limpiar ninguna de las superficies.<br \/>\nDespu\u00e9s de lavarlo, s\u00e9quelo bien y gu\u00e1rdelo en un lugar seco.<\/p>\n","protected":false},"excerpt":{"rendered":"<p>Cueza un guiso a fuego lento o d\u00e9jelo cocer en el horno, para que los deliciosos sabores se intensifiquen y<\/p>\n","protected":false},"featured_media":223229,"template":"","meta":{"_acf_changed":false,"inline_featured_image":false},"product_cat":[16072,16058],"product_tag":[25090,16211,16137,16248,16158,25023],"acf":[],"yoast_head":"<!-- This site is optimized with the Yoast SEO Premium plugin v18.6 (Yoast SEO v19.13) - https:\/\/yoast.com\/wordpress\/plugins\/seo\/ -->\n<title>LE CREUSET Marmita 22 cm Cereza - Erresse Shop<\/title>\n<meta name=\"description\" content=\"Cueza un guiso a fuego lento o d\u00e9jelo cocer en el horno, para que los deliciosos sabores se intensifiquen y se fundan. Detalles Nuestro pomo resistente al\" \/>\n<meta name=\"robots\" content=\"index, follow, max-snippet:-1, max-image-preview:large, max-video-preview:-1\" \/>\n<link rel=\"canonical\" href=\"https:\/\/www.erresse-shop.it\/es\/shop\/sartenes-y-ollas\/cazuelas\/le-creuset-marmita-22-cm-cereza\/\" \/>\n<meta property=\"og:locale\" content=\"es_ES\" \/>\n<meta property=\"og:type\" content=\"article\" \/>\n<meta property=\"og:title\" content=\"LE CREUSET Marmita 22 cm Cereza\" \/>\n<meta property=\"og:description\" content=\"Cueza un guiso a fuego lento o d\u00e9jelo cocer en el horno, para que los deliciosos sabores se intensifiquen y se fundan. Detalles Nuestro pomo resistente al\" \/>\n<meta property=\"og:url\" content=\"https:\/\/www.erresse-shop.it\/es\/shop\/sartenes-y-ollas\/cazuelas\/le-creuset-marmita-22-cm-cereza\/\" \/>\n<meta property=\"og:site_name\" content=\"Erresse Shop\" \/>\n<meta property=\"article:modified_time\" content=\"2023-01-03T13:31:08+00:00\" \/>\n<meta property=\"og:image\" content=\"https:\/\/www.erresse-shop.it\/wp-content\/uploads\/2022\/12\/Le-Creuset-Tegame-alto-Ciliegia-22-cm4.jpg\" \/>\n\t<meta property=\"og:image:width\" content=\"800\" \/>\n\t<meta property=\"og:image:height\" content=\"800\" \/>\n\t<meta property=\"og:image:type\" content=\"image\/jpeg\" \/>\n<meta name=\"twitter:card\" content=\"summary_large_image\" \/>\n<script type=\"application\/ld+json\" class=\"yoast-schema-graph\">{\"@context\":\"https:\/\/schema.org\",\"@graph\":[{\"@type\":\"WebPage\",\"@id\":\"https:\/\/www.erresse-shop.it\/es\/shop\/sartenes-y-ollas\/cazuelas\/le-creuset-marmita-22-cm-cereza\/\",\"url\":\"https:\/\/www.erresse-shop.it\/es\/shop\/sartenes-y-ollas\/cazuelas\/le-creuset-marmita-22-cm-cereza\/\",\"name\":\"LE CREUSET Marmita 22 cm Cereza - Erresse Shop\",\"isPartOf\":{\"@id\":\"https:\/\/www.erresse-shop.it\/es\/#website\"},\"datePublished\":\"2022-12-20T15:33:00+00:00\",\"dateModified\":\"2023-01-03T13:31:08+00:00\",\"description\":\"Cueza un guiso a fuego lento o d\u00e9jelo cocer en el horno, para que los deliciosos sabores se intensifiquen y se fundan. Detalles Nuestro pomo resistente al\",\"breadcrumb\":{\"@id\":\"https:\/\/www.erresse-shop.it\/es\/shop\/sartenes-y-ollas\/cazuelas\/le-creuset-marmita-22-cm-cereza\/#breadcrumb\"},\"inLanguage\":\"es\",\"potentialAction\":[{\"@type\":\"ReadAction\",\"target\":[\"https:\/\/www.erresse-shop.it\/es\/shop\/sartenes-y-ollas\/cazuelas\/le-creuset-marmita-22-cm-cereza\/\"]}]},{\"@type\":\"BreadcrumbList\",\"@id\":\"https:\/\/www.erresse-shop.it\/es\/shop\/sartenes-y-ollas\/cazuelas\/le-creuset-marmita-22-cm-cereza\/#breadcrumb\",\"itemListElement\":[{\"@type\":\"ListItem\",\"position\":1,\"name\":\"Home\",\"item\":\"https:\/\/www.erresse-shop.it\/es\/\"},{\"@type\":\"ListItem\",\"position\":2,\"name\":\"Shop\",\"item\":\"https:\/\/www.erresse-shop.it\/es\/shop\/\"},{\"@type\":\"ListItem\",\"position\":3,\"name\":\"LE CREUSET Marmita 22 cm Cereza\"}]},{\"@type\":\"WebSite\",\"@id\":\"https:\/\/www.erresse-shop.it\/es\/#website\",\"url\":\"https:\/\/www.erresse-shop.it\/es\/\",\"name\":\"Erresse Shop\",\"description\":\"Articoli di qualit\u00e0 per la casa\",\"potentialAction\":[{\"@type\":\"SearchAction\",\"target\":{\"@type\":\"EntryPoint\",\"urlTemplate\":\"https:\/\/www.erresse-shop.it\/es\/?s={search_term_string}\"},\"query-input\":\"required name=search_term_string\"}],\"inLanguage\":\"es\"}]}<\/script>\n<!-- \/ Yoast SEO Premium plugin. -->","yoast_head_json":{"title":"LE CREUSET Marmita 22 cm Cereza - Erresse Shop","description":"Cueza un guiso a fuego lento o d\u00e9jelo cocer en el horno, para que los deliciosos sabores se intensifiquen y se fundan. Detalles Nuestro pomo resistente al","robots":{"index":"index","follow":"follow","max-snippet":"max-snippet:-1","max-image-preview":"max-image-preview:large","max-video-preview":"max-video-preview:-1"},"canonical":"https:\/\/www.erresse-shop.it\/es\/shop\/sartenes-y-ollas\/cazuelas\/le-creuset-marmita-22-cm-cereza\/","og_locale":"es_ES","og_type":"article","og_title":"LE CREUSET Marmita 22 cm Cereza","og_description":"Cueza un guiso a fuego lento o d\u00e9jelo cocer en el horno, para que los deliciosos sabores se intensifiquen y se fundan. Detalles Nuestro pomo resistente al","og_url":"https:\/\/www.erresse-shop.it\/es\/shop\/sartenes-y-ollas\/cazuelas\/le-creuset-marmita-22-cm-cereza\/","og_site_name":"Erresse Shop","article_modified_time":"2023-01-03T13:31:08+00:00","og_image":[{"width":800,"height":800,"url":"https:\/\/www.erresse-shop.it\/wp-content\/uploads\/2022\/12\/Le-Creuset-Tegame-alto-Ciliegia-22-cm4.jpg","type":"image\/jpeg"}],"twitter_card":"summary_large_image","schema":{"@context":"https:\/\/schema.org","@graph":[{"@type":"WebPage","@id":"https:\/\/www.erresse-shop.it\/es\/shop\/sartenes-y-ollas\/cazuelas\/le-creuset-marmita-22-cm-cereza\/","url":"https:\/\/www.erresse-shop.it\/es\/shop\/sartenes-y-ollas\/cazuelas\/le-creuset-marmita-22-cm-cereza\/","name":"LE CREUSET Marmita 22 cm Cereza - Erresse Shop","isPartOf":{"@id":"https:\/\/www.erresse-shop.it\/es\/#website"},"datePublished":"2022-12-20T15:33:00+00:00","dateModified":"2023-01-03T13:31:08+00:00","description":"Cueza un guiso a fuego lento o d\u00e9jelo cocer en el horno, para que los deliciosos sabores se intensifiquen y se fundan. Detalles Nuestro pomo resistente al","breadcrumb":{"@id":"https:\/\/www.erresse-shop.it\/es\/shop\/sartenes-y-ollas\/cazuelas\/le-creuset-marmita-22-cm-cereza\/#breadcrumb"},"inLanguage":"es","potentialAction":[{"@type":"ReadAction","target":["https:\/\/www.erresse-shop.it\/es\/shop\/sartenes-y-ollas\/cazuelas\/le-creuset-marmita-22-cm-cereza\/"]}]},{"@type":"BreadcrumbList","@id":"https:\/\/www.erresse-shop.it\/es\/shop\/sartenes-y-ollas\/cazuelas\/le-creuset-marmita-22-cm-cereza\/#breadcrumb","itemListElement":[{"@type":"ListItem","position":1,"name":"Home","item":"https:\/\/www.erresse-shop.it\/es\/"},{"@type":"ListItem","position":2,"name":"Shop","item":"https:\/\/www.erresse-shop.it\/es\/shop\/"},{"@type":"ListItem","position":3,"name":"LE CREUSET Marmita 22 cm Cereza"}]},{"@type":"WebSite","@id":"https:\/\/www.erresse-shop.it\/es\/#website","url":"https:\/\/www.erresse-shop.it\/es\/","name":"Erresse Shop","description":"Articoli di qualit\u00e0 per la casa","potentialAction":[{"@type":"SearchAction","target":{"@type":"EntryPoint","urlTemplate":"https:\/\/www.erresse-shop.it\/es\/?s={search_term_string}"},"query-input":"required name=search_term_string"}],"inLanguage":"es"}]}},"df_price":101.25,"df_sale_price":101.25,"df_regular_price":225,"df_image_link":"https:\/\/www.erresse-shop.it\/wp-content\/uploads\/2022\/12\/Le-Creuset-Tegame-alto-Ciliegia-22-cm4-300x300.jpg","_links":{"self":[{"href":"https:\/\/www.erresse-shop.it\/es\/wp-json\/wp\/v2\/product\/222932"}],"collection":[{"href":"https:\/\/www.erresse-shop.it\/es\/wp-json\/wp\/v2\/product"}],"about":[{"href":"https:\/\/www.erresse-shop.it\/es\/wp-json\/wp\/v2\/types\/product"}],"wp:featuredmedia":[{"embeddable":true,"href":"https:\/\/www.erresse-shop.it\/es\/wp-json\/wp\/v2\/media\/223229"}],"wp:attachment":[{"href":"https:\/\/www.erresse-shop.it\/es\/wp-json\/wp\/v2\/media?parent=222932"}],"wp:term":[{"taxonomy":"product_cat","embeddable":true,"href":"https:\/\/www.erresse-shop.it\/es\/wp-json\/wp\/v2\/product_cat?post=222932"},{"taxonomy":"product_tag","embeddable":true,"href":"https:\/\/www.erresse-shop.it\/es\/wp-json\/wp\/v2\/product_tag?post=222932"}],"curies":[{"name":"wp","href":"https:\/\/api.w.org\/{rel}","templated":true}]}}