{"id":222859,"date":"2022-12-20T14:26:23","date_gmt":"2022-12-20T14:26:30","guid":{"rendered":"https:\/\/www.erresse-shop.it\/?post_type=product&#038;p=222859"},"modified":"2022-12-21T10:22:43","modified_gmt":"2022-12-21T10:22:43","slug":"le-creuset-silenciador-22-cm-negro","status":"publish","type":"product","link":"https:\/\/www.erresse-shop.it\/es\/shop\/sartenes-y-ollas\/marmitas-y-cocottes\/le-creuset-silenciador-22-cm-negro\/","title":{"rendered":"LE CREUSET Silenciador 22 cm Negro"},"content":{"rendered":"<p>Cueza a fuego lento su guiso favorito en la olla o d\u00e9jelo cocer en el horno, dejando que todos esos deliciosos sabores se profundicen y se mezclen.<br \/>\nCon sus lados inclinados, tapa abovedada y retenci\u00f3n uniforme del calor, esta olla redonda de hierro fundido hace que las cenas a la cazuela sean a\u00fan m\u00e1s satisfactorias de cocinar.<\/p>\n<p>Mantenga la calma: nuestro mando resistente al calor (hasta 260\u00b0C) est\u00e1 dise\u00f1ado para un mejor agarre, incluso cuando se utilizan guantes de horno para levantar la tapa.<br \/>\nLimpieza r\u00e1pida: el interior esmaltado transparente facilita la limpieza.<br \/>\nAsas de ensue\u00f1o: gracias a nuestras grandes asas, podr\u00e1 pasar f\u00e1cilmente de la placa de cocci\u00f3n al horno y de \u00e9ste a la mesa, incluso con guantes de cocina.<br \/>\nUn aut\u00e9ntico caballo de batalla: apto para horno, vitrocer\u00e1mica, inducci\u00f3n o bajo el grill.<br \/>\nGrandes alimentos para disfrutar: la estructura de hierro fundido retiene el calor para que la cocci\u00f3n y el dorado sean uniformes. Sus deliciosas creaciones permanecer\u00e1n calientes a\u00fan m\u00e1s tiempo en la mesa.<br \/>\nMantiene la humedad: nuestra tapa herm\u00e9tica ayuda a aumentar la humedad y mejorar el sabor, para que los alimentos queden perfectamente cocinados.<br \/>\nF\u00e1cil agarre: sus elegantes y c\u00f3modas asas permiten levantarla con seguridad.<br \/>\nLos mejores de su clase: nuestros productos se fabrican con los mejores materiales en instalaciones de todo el mundo, lo que garantiza la calidad que espera de Le Creuset.<\/p>\n<p>Material: hierro fundido vitrificado<br \/>\nFabricado en: Francia<br \/>\nGarant\u00eda: de por vida<\/p>\n<p><strong>Fuente de calor:<\/strong><\/p>\n<p>Horno<br \/>\nHorno Modo Grill<br \/>\nPlaca el\u00e9ctrica<br \/>\nVidrio cer\u00e1mico<br \/>\nPlaca de gas<br \/>\nPlaca de inducci\u00f3n<\/p>\n<p><strong>Limpieza y cuidados:<\/strong><\/p>\n<p>Espere a que el producto se enfr\u00ede antes de empezar a limpiarlo.<br \/>\nLimpie los restos de la base y los laterales del producto. Si hay comida pegada, llene el producto con agua jabonosa tibia y d\u00e9jelo en remojo durante 15-20 minutos antes de lavarlo como de costumbre.<br \/>\nNo utilice limpiadores abrasivos ni esponjas o cepillos met\u00e1licos abrasivos o muy r\u00edgidos en ninguna de las superficies.<br \/>\nSecar bien despu\u00e9s del lavado y guardar en un lugar seco.<\/p>\n<div class=\"su-youtube su-u-responsive-media-yes\"><iframe loading=\"lazy\" width=\"500\" height=\"200\" src=\"https:\/\/www.youtube.com\/embed\/YoiKOay1xos?\" frameborder=\"0\" allowfullscreen allow=\"autoplay; encrypted-media; picture-in-picture\" title=\"\"><\/iframe><\/div>\n","protected":false},"excerpt":{"rendered":"<p>Cueza a fuego lento su guiso favorito en la olla o d\u00e9jelo cocer en el horno, dejando que todos esos<\/p>\n","protected":false},"featured_media":223190,"template":"","meta":{"_acf_changed":false,"inline_featured_image":false},"product_cat":[16065,16058],"product_tag":[25090,16211,17104,16248,16158,16249,22976,25023],"acf":[],"yoast_head":"<!-- This site is optimized with the Yoast SEO Premium plugin v18.6 (Yoast SEO v19.13) - https:\/\/yoast.com\/wordpress\/plugins\/seo\/ -->\n<title>LE CREUSET Silenciador 22 cm Negro - Erresse Shop<\/title>\n<meta name=\"description\" content=\"Cueza a fuego lento su guiso favorito en la olla o d\u00e9jelo cocer en el horno, dejando que todos esos deliciosos sabores se profundicen y se mezclen. Con\" \/>\n<meta name=\"robots\" content=\"index, follow, max-snippet:-1, max-image-preview:large, max-video-preview:-1\" \/>\n<link rel=\"canonical\" href=\"https:\/\/www.erresse-shop.it\/es\/shop\/sartenes-y-ollas\/marmitas-y-cocottes\/le-creuset-silenciador-22-cm-negro\/\" \/>\n<meta property=\"og:locale\" content=\"es_ES\" \/>\n<meta property=\"og:type\" content=\"article\" \/>\n<meta property=\"og:title\" content=\"LE CREUSET Silenciador 22 cm Negro\" \/>\n<meta property=\"og:description\" content=\"Cueza a fuego lento su guiso favorito en la olla o d\u00e9jelo cocer en el horno, dejando que todos esos deliciosos sabores se profundicen y se mezclen. Con\" \/>\n<meta property=\"og:url\" content=\"https:\/\/www.erresse-shop.it\/es\/shop\/sartenes-y-ollas\/marmitas-y-cocottes\/le-creuset-silenciador-22-cm-negro\/\" \/>\n<meta property=\"og:site_name\" content=\"Erresse Shop\" \/>\n<meta property=\"article:modified_time\" content=\"2022-12-21T10:22:43+00:00\" \/>\n<meta property=\"og:image\" content=\"https:\/\/www.erresse-shop.it\/wp-content\/uploads\/2022\/12\/Le-Creuset-Marmitta-Nero-26-cm4.jpg\" \/>\n\t<meta property=\"og:image:width\" content=\"800\" \/>\n\t<meta property=\"og:image:height\" content=\"800\" \/>\n\t<meta property=\"og:image:type\" content=\"image\/jpeg\" \/>\n<meta name=\"twitter:card\" content=\"summary_large_image\" \/>\n<script type=\"application\/ld+json\" class=\"yoast-schema-graph\">{\"@context\":\"https:\/\/schema.org\",\"@graph\":[{\"@type\":\"WebPage\",\"@id\":\"https:\/\/www.erresse-shop.it\/es\/shop\/sartenes-y-ollas\/marmitas-y-cocottes\/le-creuset-silenciador-22-cm-negro\/\",\"url\":\"https:\/\/www.erresse-shop.it\/es\/shop\/sartenes-y-ollas\/marmitas-y-cocottes\/le-creuset-silenciador-22-cm-negro\/\",\"name\":\"LE CREUSET Silenciador 22 cm Negro - Erresse Shop\",\"isPartOf\":{\"@id\":\"https:\/\/www.erresse-shop.it\/es\/#website\"},\"datePublished\":\"2022-12-20T14:26:30+00:00\",\"dateModified\":\"2022-12-21T10:22:43+00:00\",\"description\":\"Cueza a fuego lento su guiso favorito en la olla o d\u00e9jelo cocer en el horno, dejando que todos esos deliciosos sabores se profundicen y se mezclen. Con\",\"breadcrumb\":{\"@id\":\"https:\/\/www.erresse-shop.it\/es\/shop\/sartenes-y-ollas\/marmitas-y-cocottes\/le-creuset-silenciador-22-cm-negro\/#breadcrumb\"},\"inLanguage\":\"es\",\"potentialAction\":[{\"@type\":\"ReadAction\",\"target\":[\"https:\/\/www.erresse-shop.it\/es\/shop\/sartenes-y-ollas\/marmitas-y-cocottes\/le-creuset-silenciador-22-cm-negro\/\"]}]},{\"@type\":\"BreadcrumbList\",\"@id\":\"https:\/\/www.erresse-shop.it\/es\/shop\/sartenes-y-ollas\/marmitas-y-cocottes\/le-creuset-silenciador-22-cm-negro\/#breadcrumb\",\"itemListElement\":[{\"@type\":\"ListItem\",\"position\":1,\"name\":\"Home\",\"item\":\"https:\/\/www.erresse-shop.it\/es\/\"},{\"@type\":\"ListItem\",\"position\":2,\"name\":\"Shop\",\"item\":\"https:\/\/www.erresse-shop.it\/es\/shop\/\"},{\"@type\":\"ListItem\",\"position\":3,\"name\":\"LE CREUSET Silenciador 22 cm Negro\"}]},{\"@type\":\"WebSite\",\"@id\":\"https:\/\/www.erresse-shop.it\/es\/#website\",\"url\":\"https:\/\/www.erresse-shop.it\/es\/\",\"name\":\"Erresse Shop\",\"description\":\"Articoli di qualit\u00e0 per la casa\",\"potentialAction\":[{\"@type\":\"SearchAction\",\"target\":{\"@type\":\"EntryPoint\",\"urlTemplate\":\"https:\/\/www.erresse-shop.it\/es\/?s={search_term_string}\"},\"query-input\":\"required name=search_term_string\"}],\"inLanguage\":\"es\"}]}<\/script>\n<!-- \/ Yoast SEO Premium plugin. -->","yoast_head_json":{"title":"LE CREUSET Silenciador 22 cm Negro - Erresse Shop","description":"Cueza a fuego lento su guiso favorito en la olla o d\u00e9jelo cocer en el horno, dejando que todos esos deliciosos sabores se profundicen y se mezclen. Con","robots":{"index":"index","follow":"follow","max-snippet":"max-snippet:-1","max-image-preview":"max-image-preview:large","max-video-preview":"max-video-preview:-1"},"canonical":"https:\/\/www.erresse-shop.it\/es\/shop\/sartenes-y-ollas\/marmitas-y-cocottes\/le-creuset-silenciador-22-cm-negro\/","og_locale":"es_ES","og_type":"article","og_title":"LE CREUSET Silenciador 22 cm Negro","og_description":"Cueza a fuego lento su guiso favorito en la olla o d\u00e9jelo cocer en el horno, dejando que todos esos deliciosos sabores se profundicen y se mezclen. Con","og_url":"https:\/\/www.erresse-shop.it\/es\/shop\/sartenes-y-ollas\/marmitas-y-cocottes\/le-creuset-silenciador-22-cm-negro\/","og_site_name":"Erresse Shop","article_modified_time":"2022-12-21T10:22:43+00:00","og_image":[{"width":800,"height":800,"url":"https:\/\/www.erresse-shop.it\/wp-content\/uploads\/2022\/12\/Le-Creuset-Marmitta-Nero-26-cm4.jpg","type":"image\/jpeg"}],"twitter_card":"summary_large_image","schema":{"@context":"https:\/\/schema.org","@graph":[{"@type":"WebPage","@id":"https:\/\/www.erresse-shop.it\/es\/shop\/sartenes-y-ollas\/marmitas-y-cocottes\/le-creuset-silenciador-22-cm-negro\/","url":"https:\/\/www.erresse-shop.it\/es\/shop\/sartenes-y-ollas\/marmitas-y-cocottes\/le-creuset-silenciador-22-cm-negro\/","name":"LE CREUSET Silenciador 22 cm Negro - Erresse Shop","isPartOf":{"@id":"https:\/\/www.erresse-shop.it\/es\/#website"},"datePublished":"2022-12-20T14:26:30+00:00","dateModified":"2022-12-21T10:22:43+00:00","description":"Cueza a fuego lento su guiso favorito en la olla o d\u00e9jelo cocer en el horno, dejando que todos esos deliciosos sabores se profundicen y se mezclen. Con","breadcrumb":{"@id":"https:\/\/www.erresse-shop.it\/es\/shop\/sartenes-y-ollas\/marmitas-y-cocottes\/le-creuset-silenciador-22-cm-negro\/#breadcrumb"},"inLanguage":"es","potentialAction":[{"@type":"ReadAction","target":["https:\/\/www.erresse-shop.it\/es\/shop\/sartenes-y-ollas\/marmitas-y-cocottes\/le-creuset-silenciador-22-cm-negro\/"]}]},{"@type":"BreadcrumbList","@id":"https:\/\/www.erresse-shop.it\/es\/shop\/sartenes-y-ollas\/marmitas-y-cocottes\/le-creuset-silenciador-22-cm-negro\/#breadcrumb","itemListElement":[{"@type":"ListItem","position":1,"name":"Home","item":"https:\/\/www.erresse-shop.it\/es\/"},{"@type":"ListItem","position":2,"name":"Shop","item":"https:\/\/www.erresse-shop.it\/es\/shop\/"},{"@type":"ListItem","position":3,"name":"LE CREUSET Silenciador 22 cm Negro"}]},{"@type":"WebSite","@id":"https:\/\/www.erresse-shop.it\/es\/#website","url":"https:\/\/www.erresse-shop.it\/es\/","name":"Erresse Shop","description":"Articoli di qualit\u00e0 per la casa","potentialAction":[{"@type":"SearchAction","target":{"@type":"EntryPoint","urlTemplate":"https:\/\/www.erresse-shop.it\/es\/?s={search_term_string}"},"query-input":"required name=search_term_string"}],"inLanguage":"es"}]}},"df_price":156.95,"df_sale_price":156.95,"df_regular_price":299,"df_image_link":"https:\/\/www.erresse-shop.it\/wp-content\/uploads\/2022\/12\/Le-Creuset-Marmitta-Nero-26-cm4-300x300.jpg","_links":{"self":[{"href":"https:\/\/www.erresse-shop.it\/es\/wp-json\/wp\/v2\/product\/222859"}],"collection":[{"href":"https:\/\/www.erresse-shop.it\/es\/wp-json\/wp\/v2\/product"}],"about":[{"href":"https:\/\/www.erresse-shop.it\/es\/wp-json\/wp\/v2\/types\/product"}],"wp:featuredmedia":[{"embeddable":true,"href":"https:\/\/www.erresse-shop.it\/es\/wp-json\/wp\/v2\/media\/223190"}],"wp:attachment":[{"href":"https:\/\/www.erresse-shop.it\/es\/wp-json\/wp\/v2\/media?parent=222859"}],"wp:term":[{"taxonomy":"product_cat","embeddable":true,"href":"https:\/\/www.erresse-shop.it\/es\/wp-json\/wp\/v2\/product_cat?post=222859"},{"taxonomy":"product_tag","embeddable":true,"href":"https:\/\/www.erresse-shop.it\/es\/wp-json\/wp\/v2\/product_tag?post=222859"}],"curies":[{"name":"wp","href":"https:\/\/api.w.org\/{rel}","templated":true}]}}