{"id":222553,"date":"2022-12-19T14:44:30","date_gmt":"2022-12-19T14:44:36","guid":{"rendered":"https:\/\/www.erresse-shop.it\/?post_type=product&#038;p=222553"},"modified":"2022-12-21T08:56:13","modified_gmt":"2022-12-21T08:56:13","slug":"le-creuset-cazuela-balti-de-hierro-fundido-24-cm-merengue","status":"publish","type":"product","link":"https:\/\/www.erresse-shop.it\/es\/shop\/sartenes-y-ollas\/ollas-y-cacerolas\/le-creuset-cazuela-balti-de-hierro-fundido-24-cm-merengue\/","title":{"rendered":"LE CREUSET Cazuela Balti de hierro fundido 24 cm Merengue"},"content":{"rendered":"<p><strong>ESPECIAS Y SABORES<\/strong><\/p>\n<p>El balti procede de la regi\u00f3n asi\u00e1tica de Baltist\u00e1n, en el norte de Pakist\u00e1n. Nuestra cazuela balti de hierro fundido vitrificado tiene una base plana apta para la placa de cocci\u00f3n. Tambi\u00e9n se puede utilizar en el horno en modo grill. Como su nombre indica, es ideal para cocinar deliciosos platos de curry. Puedes hacer mucho m\u00e1s para dar rienda suelta a tu creatividad.<\/p>\n<p>Versatilidad: este producto es apto para horno, cocina y grill.<br \/>\nAlimentos sabrosos: el hierro fundido vitrificado retiene el calor para que la cocci\u00f3n y el dorado sean uniformes. Sus deliciosas creaciones se mantendr\u00e1n calientes m\u00e1s tiempo, incluso en la mesa.<br \/>\nF\u00e1cil de sujetar: las elegantes y c\u00f3modas asas permiten levantar el producto con seguridad.<br \/>\nNo demasiado caliente: cocine con un fuego constante de bajo a medio para cuidar su producto de hierro fundido vitrificado y conseguir unos resultados deliciosos.<br \/>\nMejora con el tiempo: el interior vitrificado desarrolla una p\u00e1tina natural que act\u00faa casi como una superficie antiadherente. Su acabado tiene propiedades que impiden<br \/>\nlos alimentos se peguen, incluso con peque\u00f1as cantidades de aceite. Lave el producto s\u00f3lo con agua para que se desarrolle la p\u00e1tina.<br \/>\nNuestros productos se elaboran con los mejores materiales en f\u00e1bricas de todo el mundo para garantizar la calidad que espera de Le Creuset.<br \/>\nMaterial: hierro fundido vitrificado<br \/>\nFabricado en: Francia<br \/>\nGarant\u00eda: de por vida<\/p>\n<p><strong>Fuente de calor:<\/strong><\/p>\n<ul>\n<li>Placa el\u00e9ctrica<\/li>\n<li>Vidrio cer\u00e1mico<\/li>\n<li>Placa de gas<\/li>\n<li>Placa de inducci\u00f3n<\/li>\n<\/ul>\n<p><strong>Limpieza y cuidados:<\/strong><\/p>\n<p>Espere a que el producto se enfr\u00ede antes de empezar a limpiarlo.<br \/>\nLimpie los restos de la base y los laterales del producto. Si hay comida pegada, llene el producto con agua jabonosa tibia y d\u00e9jelo en remojo durante 15-20 minutos antes de lavarlo como de costumbre.<br \/>\nNo utilice limpiadores abrasivos ni esponjas o cepillos met\u00e1licos abrasivos o muy r\u00edgidos en ninguna de las superficies.<br \/>\nSecar bien despu\u00e9s del lavado y guardar en un lugar seco.<\/p>\n<div class=\"su-youtube su-u-responsive-media-yes\"><iframe loading=\"lazy\" width=\"500\" height=\"200\" src=\"https:\/\/www.youtube.com\/embed\/drbRmKhuElo?\" frameborder=\"0\" allowfullscreen allow=\"autoplay; encrypted-media; picture-in-picture\" title=\"\"><\/iframe><\/div>\n","protected":false},"excerpt":{"rendered":"<p>ESPECIAS Y SABORES El balti procede de la regi\u00f3n asi\u00e1tica de Baltist\u00e1n, en el norte de Pakist\u00e1n. Nuestra cazuela balti<\/p>\n","protected":false},"featured_media":498348,"template":"","meta":{"_acf_changed":false,"inline_featured_image":false},"product_cat":[16067,16058],"product_tag":[16252,16248,16158],"acf":[],"yoast_head":"<!-- This site is optimized with the Yoast SEO Premium plugin v18.6 (Yoast SEO v19.13) - https:\/\/yoast.com\/wordpress\/plugins\/seo\/ -->\n<title>LE CREUSET Cazuela Balti de hierro fundido 24 cm Merengue - Erresse Shop<\/title>\n<meta name=\"description\" content=\"ESPECIAS Y SABORES El balti procede de la regi\u00f3n asi\u00e1tica de Baltist\u00e1n, en el norte de Pakist\u00e1n. Nuestra cazuela balti de hierro fundido vitrificado tiene\" \/>\n<meta name=\"robots\" content=\"index, follow, max-snippet:-1, max-image-preview:large, max-video-preview:-1\" \/>\n<link rel=\"canonical\" href=\"https:\/\/www.erresse-shop.it\/es\/shop\/sartenes-y-ollas\/ollas-y-cacerolas\/le-creuset-cazuela-balti-de-hierro-fundido-24-cm-merengue\/\" \/>\n<meta property=\"og:locale\" content=\"es_ES\" \/>\n<meta property=\"og:type\" content=\"article\" \/>\n<meta property=\"og:title\" content=\"LE CREUSET Cazuela Balti de hierro fundido 24 cm Merengue\" \/>\n<meta property=\"og:description\" content=\"ESPECIAS Y SABORES El balti procede de la regi\u00f3n asi\u00e1tica de Baltist\u00e1n, en el norte de Pakist\u00e1n. Nuestra cazuela balti de hierro fundido vitrificado tiene\" \/>\n<meta property=\"og:url\" content=\"https:\/\/www.erresse-shop.it\/es\/shop\/sartenes-y-ollas\/ollas-y-cacerolas\/le-creuset-cazuela-balti-de-hierro-fundido-24-cm-merengue\/\" \/>\n<meta property=\"og:site_name\" content=\"Erresse Shop\" \/>\n<meta property=\"article:modified_time\" content=\"2022-12-21T08:56:13+00:00\" \/>\n<meta property=\"og:image\" content=\"https:\/\/www.erresse-shop.it\/wp-content\/uploads\/2022\/12\/Le-Creuset-Balti-casseruola-meringa-1.png\" \/>\n\t<meta property=\"og:image:width\" content=\"765\" \/>\n\t<meta property=\"og:image:height\" content=\"510\" \/>\n\t<meta property=\"og:image:type\" content=\"image\/png\" \/>\n<meta name=\"twitter:card\" content=\"summary_large_image\" \/>\n<script type=\"application\/ld+json\" class=\"yoast-schema-graph\">{\"@context\":\"https:\/\/schema.org\",\"@graph\":[{\"@type\":\"WebPage\",\"@id\":\"https:\/\/www.erresse-shop.it\/es\/shop\/sartenes-y-ollas\/ollas-y-cacerolas\/le-creuset-cazuela-balti-de-hierro-fundido-24-cm-merengue\/\",\"url\":\"https:\/\/www.erresse-shop.it\/es\/shop\/sartenes-y-ollas\/ollas-y-cacerolas\/le-creuset-cazuela-balti-de-hierro-fundido-24-cm-merengue\/\",\"name\":\"LE CREUSET Cazuela Balti de hierro fundido 24 cm Merengue - Erresse Shop\",\"isPartOf\":{\"@id\":\"https:\/\/www.erresse-shop.it\/es\/#website\"},\"datePublished\":\"2022-12-19T14:44:36+00:00\",\"dateModified\":\"2022-12-21T08:56:13+00:00\",\"description\":\"ESPECIAS Y SABORES El balti procede de la regi\u00f3n asi\u00e1tica de Baltist\u00e1n, en el norte de Pakist\u00e1n. Nuestra cazuela balti de hierro fundido vitrificado tiene\",\"breadcrumb\":{\"@id\":\"https:\/\/www.erresse-shop.it\/es\/shop\/sartenes-y-ollas\/ollas-y-cacerolas\/le-creuset-cazuela-balti-de-hierro-fundido-24-cm-merengue\/#breadcrumb\"},\"inLanguage\":\"es\",\"potentialAction\":[{\"@type\":\"ReadAction\",\"target\":[\"https:\/\/www.erresse-shop.it\/es\/shop\/sartenes-y-ollas\/ollas-y-cacerolas\/le-creuset-cazuela-balti-de-hierro-fundido-24-cm-merengue\/\"]}]},{\"@type\":\"BreadcrumbList\",\"@id\":\"https:\/\/www.erresse-shop.it\/es\/shop\/sartenes-y-ollas\/ollas-y-cacerolas\/le-creuset-cazuela-balti-de-hierro-fundido-24-cm-merengue\/#breadcrumb\",\"itemListElement\":[{\"@type\":\"ListItem\",\"position\":1,\"name\":\"Home\",\"item\":\"https:\/\/www.erresse-shop.it\/es\/\"},{\"@type\":\"ListItem\",\"position\":2,\"name\":\"Shop\",\"item\":\"https:\/\/www.erresse-shop.it\/es\/shop\/\"},{\"@type\":\"ListItem\",\"position\":3,\"name\":\"LE CREUSET Cazuela Balti de hierro fundido 24 cm Merengue\"}]},{\"@type\":\"WebSite\",\"@id\":\"https:\/\/www.erresse-shop.it\/es\/#website\",\"url\":\"https:\/\/www.erresse-shop.it\/es\/\",\"name\":\"Erresse Shop\",\"description\":\"Articoli di qualit\u00e0 per la casa\",\"potentialAction\":[{\"@type\":\"SearchAction\",\"target\":{\"@type\":\"EntryPoint\",\"urlTemplate\":\"https:\/\/www.erresse-shop.it\/es\/?s={search_term_string}\"},\"query-input\":\"required name=search_term_string\"}],\"inLanguage\":\"es\"}]}<\/script>\n<!-- \/ Yoast SEO Premium plugin. -->","yoast_head_json":{"title":"LE CREUSET Cazuela Balti de hierro fundido 24 cm Merengue - Erresse Shop","description":"ESPECIAS Y SABORES El balti procede de la regi\u00f3n asi\u00e1tica de Baltist\u00e1n, en el norte de Pakist\u00e1n. Nuestra cazuela balti de hierro fundido vitrificado tiene","robots":{"index":"index","follow":"follow","max-snippet":"max-snippet:-1","max-image-preview":"max-image-preview:large","max-video-preview":"max-video-preview:-1"},"canonical":"https:\/\/www.erresse-shop.it\/es\/shop\/sartenes-y-ollas\/ollas-y-cacerolas\/le-creuset-cazuela-balti-de-hierro-fundido-24-cm-merengue\/","og_locale":"es_ES","og_type":"article","og_title":"LE CREUSET Cazuela Balti de hierro fundido 24 cm Merengue","og_description":"ESPECIAS Y SABORES El balti procede de la regi\u00f3n asi\u00e1tica de Baltist\u00e1n, en el norte de Pakist\u00e1n. Nuestra cazuela balti de hierro fundido vitrificado tiene","og_url":"https:\/\/www.erresse-shop.it\/es\/shop\/sartenes-y-ollas\/ollas-y-cacerolas\/le-creuset-cazuela-balti-de-hierro-fundido-24-cm-merengue\/","og_site_name":"Erresse Shop","article_modified_time":"2022-12-21T08:56:13+00:00","og_image":[{"width":765,"height":510,"url":"https:\/\/www.erresse-shop.it\/wp-content\/uploads\/2022\/12\/Le-Creuset-Balti-casseruola-meringa-1.png","type":"image\/png"}],"twitter_card":"summary_large_image","schema":{"@context":"https:\/\/schema.org","@graph":[{"@type":"WebPage","@id":"https:\/\/www.erresse-shop.it\/es\/shop\/sartenes-y-ollas\/ollas-y-cacerolas\/le-creuset-cazuela-balti-de-hierro-fundido-24-cm-merengue\/","url":"https:\/\/www.erresse-shop.it\/es\/shop\/sartenes-y-ollas\/ollas-y-cacerolas\/le-creuset-cazuela-balti-de-hierro-fundido-24-cm-merengue\/","name":"LE CREUSET Cazuela Balti de hierro fundido 24 cm Merengue - Erresse Shop","isPartOf":{"@id":"https:\/\/www.erresse-shop.it\/es\/#website"},"datePublished":"2022-12-19T14:44:36+00:00","dateModified":"2022-12-21T08:56:13+00:00","description":"ESPECIAS Y SABORES El balti procede de la regi\u00f3n asi\u00e1tica de Baltist\u00e1n, en el norte de Pakist\u00e1n. Nuestra cazuela balti de hierro fundido vitrificado tiene","breadcrumb":{"@id":"https:\/\/www.erresse-shop.it\/es\/shop\/sartenes-y-ollas\/ollas-y-cacerolas\/le-creuset-cazuela-balti-de-hierro-fundido-24-cm-merengue\/#breadcrumb"},"inLanguage":"es","potentialAction":[{"@type":"ReadAction","target":["https:\/\/www.erresse-shop.it\/es\/shop\/sartenes-y-ollas\/ollas-y-cacerolas\/le-creuset-cazuela-balti-de-hierro-fundido-24-cm-merengue\/"]}]},{"@type":"BreadcrumbList","@id":"https:\/\/www.erresse-shop.it\/es\/shop\/sartenes-y-ollas\/ollas-y-cacerolas\/le-creuset-cazuela-balti-de-hierro-fundido-24-cm-merengue\/#breadcrumb","itemListElement":[{"@type":"ListItem","position":1,"name":"Home","item":"https:\/\/www.erresse-shop.it\/es\/"},{"@type":"ListItem","position":2,"name":"Shop","item":"https:\/\/www.erresse-shop.it\/es\/shop\/"},{"@type":"ListItem","position":3,"name":"LE CREUSET Cazuela Balti de hierro fundido 24 cm Merengue"}]},{"@type":"WebSite","@id":"https:\/\/www.erresse-shop.it\/es\/#website","url":"https:\/\/www.erresse-shop.it\/es\/","name":"Erresse Shop","description":"Articoli di qualit\u00e0 per la casa","potentialAction":[{"@type":"SearchAction","target":{"@type":"EntryPoint","urlTemplate":"https:\/\/www.erresse-shop.it\/es\/?s={search_term_string}"},"query-input":"required name=search_term_string"}],"inLanguage":"es"}]}},"df_price":74.25,"df_sale_price":74.25,"df_regular_price":165,"df_image_link":"https:\/\/www.erresse-shop.it\/wp-content\/uploads\/2022\/12\/LE-CREUSET-Casseruola-Balti-in-Ghisa-24-cm-Meringa-2-300x300.jpg","_links":{"self":[{"href":"https:\/\/www.erresse-shop.it\/es\/wp-json\/wp\/v2\/product\/222553"}],"collection":[{"href":"https:\/\/www.erresse-shop.it\/es\/wp-json\/wp\/v2\/product"}],"about":[{"href":"https:\/\/www.erresse-shop.it\/es\/wp-json\/wp\/v2\/types\/product"}],"wp:featuredmedia":[{"embeddable":true,"href":"https:\/\/www.erresse-shop.it\/es\/wp-json\/wp\/v2\/media\/498348"}],"wp:attachment":[{"href":"https:\/\/www.erresse-shop.it\/es\/wp-json\/wp\/v2\/media?parent=222553"}],"wp:term":[{"taxonomy":"product_cat","embeddable":true,"href":"https:\/\/www.erresse-shop.it\/es\/wp-json\/wp\/v2\/product_cat?post=222553"},{"taxonomy":"product_tag","embeddable":true,"href":"https:\/\/www.erresse-shop.it\/es\/wp-json\/wp\/v2\/product_tag?post=222553"}],"curies":[{"name":"wp","href":"https:\/\/api.w.org\/{rel}","templated":true}]}}