{"id":221655,"date":"2022-12-16T11:34:57","date_gmt":"2022-12-16T11:35:01","guid":{"rendered":"https:\/\/www.erresse-shop.it\/?post_type=product&#038;p=221655"},"modified":"2023-07-08T00:19:33","modified_gmt":"2023-07-08T00:19:33","slug":"zwilling-enfinigy-batidora-de-inmersion-negro","status":"publish","type":"product","link":"https:\/\/www.erresse-shop.it\/es\/shop\/pequenos-electrodomesticos\/licuadoras\/zwilling-enfinigy-batidora-de-inmersion-negro\/","title":{"rendered":"ZWILLING ENFINIGY Batidora de inmersi\u00f3n Negro"},"content":{"rendered":"<p><strong>DESCRIPCI\u00d3N<\/strong><\/p>\n<p>Una batidora, una jarra, infinitas posibilidades. La batidora de inmersi\u00f3n <strong>ZWILLING<\/strong> <strong>ENFINIGY<\/strong> con jarra medidora es pr\u00e1ctica<br \/>\npr\u00e1ctico y vers\u00e1til para muchas preparaciones diferentes, ya sean batidos, salsas o alimentos homogeneizados.<\/p>\n<p>Gracias a su potente motor de 800 vatios y a sus 9 velocidades, la batidora siempre tiene el ajuste adecuado para que cada preparaci\u00f3n salga perfecta.<br \/>\nLa afilada cuchilla ZWILLING con aletas y dentado Pirahna garantiza unos resultados de batido perfectos.<br \/>\nLa jarra medidora de 600 ml no contiene BPA y tiene una tapa compatible con ZWILLING FRESH &amp; SAVE.<br \/>\nDe este modo, las salsas pueden prepararse con antelaci\u00f3n, envasarse al vac\u00edo y disfrutarse frescas m\u00e1s adelante.<br \/>\nOtras ventajas exclusivas de la batidora de inmersi\u00f3n son: la funci\u00f3n de arranque suave para reducir las salpicaduras, el mando intuitivo de 2 botones y el cable de 1,2 metros.<br \/>\npara un manejo c\u00f3modo mientras se cocina.<\/p>\n<ul>\n<li>Potente motor de 800 vatios para una mezcla perfecta<\/li>\n<li>9 velocidades diferentes ajustables (6.500 &#8211; 13.000 RPM), incluida la funci\u00f3n de pulso<\/li>\n<li>Hoja con aletas ZWILLING con dentado Pira\u00f1a para un picado excepcional de los ingredientes<\/li>\n<li>Hoja robusta de acero inoxidable de alta calidad<\/li>\n<li>Jarra de 600 ml, sin BFA, con tapa herm\u00e9tica para el correcto almacenamiento de los preparados<\/li>\n<li>Cable de alimentaci\u00f3n de 1,2 m para un uso m\u00e1s c\u00f3modo<\/li>\n<li>Bolsa de algod\u00f3n incluida para guardar c\u00f3modamente la batidora de inmersi\u00f3n despu\u00e9s de cada uso<\/li>\n<li>Envases sin pl\u00e1stico<\/li>\n<\/ul>\n<p><strong>CARACTER\u00cdSTICAS<\/strong><\/p>\n<ul>\n<li>Color: negro acero<\/li>\n<li>Material: ABS<\/li>\n<li>N\u00famero de piezas: 1<\/li>\n<li>Tensi\u00f3n: 220-240 V<\/li>\n<li>Frecuencia: 50\/60 Hz<\/li>\n<li>Cierre de seguridad: S\u00ed<\/li>\n<li>Tipo de motor: Motor de CC<\/li>\n<li>Programas: 1<\/li>\n<li>Tipo de hoja: Hoja de ala<\/li>\n<li>Velocidad: 9<\/li>\n<li>Potencia absorbida: 800 W<\/li>\n<li>Peso neto: 1,20 kg<\/li>\n<\/ul>\n<p><strong>Design:<\/strong> Matteo Thun &amp; Antonio Rodriguez<\/p>\n<p><strong>NO SE VENDE FUERA DE EUROPA<\/strong><\/p>\n","protected":false},"excerpt":{"rendered":"<p>DESCRIPCI\u00d3N Una batidora, una jarra, infinitas posibilidades. La batidora de inmersi\u00f3n ZWILLING ENFINIGY con jarra medidora es pr\u00e1ctica pr\u00e1ctico y<\/p>\n","protected":false},"featured_media":223856,"template":"","meta":{"_acf_changed":false,"inline_featured_image":false},"product_cat":[16075,16073],"product_tag":[25039,16554,20854,16259,16178,16553,25023],"acf":[],"yoast_head":"<!-- This site is optimized with the Yoast SEO Premium plugin v18.6 (Yoast SEO v19.13) - https:\/\/yoast.com\/wordpress\/plugins\/seo\/ -->\n<title>ZWILLING ENFINIGY Batidora de inmersi\u00f3n Negro - Erresse Shop<\/title>\n<meta name=\"description\" content=\"DESCRIPCI\u00d3N Una batidora, una jarra, infinitas posibilidades. La batidora de inmersi\u00f3n ZWILLING ENFINIGY con jarra medidora es pr\u00e1ctica pr\u00e1ctico y\" \/>\n<meta name=\"robots\" content=\"index, follow, max-snippet:-1, max-image-preview:large, max-video-preview:-1\" \/>\n<link rel=\"canonical\" href=\"https:\/\/www.erresse-shop.it\/es\/shop\/pequenos-electrodomesticos\/licuadoras\/zwilling-enfinigy-batidora-de-inmersion-negro\/\" \/>\n<meta property=\"og:locale\" content=\"es_ES\" \/>\n<meta property=\"og:type\" content=\"article\" \/>\n<meta property=\"og:title\" content=\"ZWILLING ENFINIGY Batidora de inmersi\u00f3n Negro\" \/>\n<meta property=\"og:description\" content=\"DESCRIPCI\u00d3N Una batidora, una jarra, infinitas posibilidades. La batidora de inmersi\u00f3n ZWILLING ENFINIGY con jarra medidora es pr\u00e1ctica pr\u00e1ctico y\" \/>\n<meta property=\"og:url\" content=\"https:\/\/www.erresse-shop.it\/es\/shop\/pequenos-electrodomesticos\/licuadoras\/zwilling-enfinigy-batidora-de-inmersion-negro\/\" \/>\n<meta property=\"og:site_name\" content=\"Erresse Shop\" \/>\n<meta property=\"article:modified_time\" content=\"2023-07-08T00:19:33+00:00\" \/>\n<meta property=\"og:image\" content=\"https:\/\/www.erresse-shop.it\/wp-content\/uploads\/2022\/12\/ZWILLING-ENFINIGY-Frullatore-ad-Immersione-Nero.jpg\" \/>\n\t<meta property=\"og:image:width\" content=\"800\" \/>\n\t<meta property=\"og:image:height\" content=\"800\" \/>\n\t<meta property=\"og:image:type\" content=\"image\/jpeg\" \/>\n<meta name=\"twitter:card\" content=\"summary_large_image\" \/>\n<script type=\"application\/ld+json\" class=\"yoast-schema-graph\">{\"@context\":\"https:\/\/schema.org\",\"@graph\":[{\"@type\":\"WebPage\",\"@id\":\"https:\/\/www.erresse-shop.it\/es\/shop\/pequenos-electrodomesticos\/licuadoras\/zwilling-enfinigy-batidora-de-inmersion-negro\/\",\"url\":\"https:\/\/www.erresse-shop.it\/es\/shop\/pequenos-electrodomesticos\/licuadoras\/zwilling-enfinigy-batidora-de-inmersion-negro\/\",\"name\":\"ZWILLING ENFINIGY Batidora de inmersi\u00f3n Negro - Erresse Shop\",\"isPartOf\":{\"@id\":\"https:\/\/www.erresse-shop.it\/es\/#website\"},\"datePublished\":\"2022-12-16T11:35:01+00:00\",\"dateModified\":\"2023-07-08T00:19:33+00:00\",\"description\":\"DESCRIPCI\u00d3N Una batidora, una jarra, infinitas posibilidades. La batidora de inmersi\u00f3n ZWILLING ENFINIGY con jarra medidora es pr\u00e1ctica pr\u00e1ctico y\",\"breadcrumb\":{\"@id\":\"https:\/\/www.erresse-shop.it\/es\/shop\/pequenos-electrodomesticos\/licuadoras\/zwilling-enfinigy-batidora-de-inmersion-negro\/#breadcrumb\"},\"inLanguage\":\"es\",\"potentialAction\":[{\"@type\":\"ReadAction\",\"target\":[\"https:\/\/www.erresse-shop.it\/es\/shop\/pequenos-electrodomesticos\/licuadoras\/zwilling-enfinigy-batidora-de-inmersion-negro\/\"]}]},{\"@type\":\"BreadcrumbList\",\"@id\":\"https:\/\/www.erresse-shop.it\/es\/shop\/pequenos-electrodomesticos\/licuadoras\/zwilling-enfinigy-batidora-de-inmersion-negro\/#breadcrumb\",\"itemListElement\":[{\"@type\":\"ListItem\",\"position\":1,\"name\":\"Home\",\"item\":\"https:\/\/www.erresse-shop.it\/es\/\"},{\"@type\":\"ListItem\",\"position\":2,\"name\":\"Shop\",\"item\":\"https:\/\/www.erresse-shop.it\/es\/shop\/\"},{\"@type\":\"ListItem\",\"position\":3,\"name\":\"ZWILLING ENFINIGY Batidora de inmersi\u00f3n Negro\"}]},{\"@type\":\"WebSite\",\"@id\":\"https:\/\/www.erresse-shop.it\/es\/#website\",\"url\":\"https:\/\/www.erresse-shop.it\/es\/\",\"name\":\"Erresse Shop\",\"description\":\"Articoli di qualit\u00e0 per la casa\",\"potentialAction\":[{\"@type\":\"SearchAction\",\"target\":{\"@type\":\"EntryPoint\",\"urlTemplate\":\"https:\/\/www.erresse-shop.it\/es\/?s={search_term_string}\"},\"query-input\":\"required name=search_term_string\"}],\"inLanguage\":\"es\"}]}<\/script>\n<!-- \/ Yoast SEO Premium plugin. -->","yoast_head_json":{"title":"ZWILLING ENFINIGY Batidora de inmersi\u00f3n Negro - Erresse Shop","description":"DESCRIPCI\u00d3N Una batidora, una jarra, infinitas posibilidades. La batidora de inmersi\u00f3n ZWILLING ENFINIGY con jarra medidora es pr\u00e1ctica pr\u00e1ctico y","robots":{"index":"index","follow":"follow","max-snippet":"max-snippet:-1","max-image-preview":"max-image-preview:large","max-video-preview":"max-video-preview:-1"},"canonical":"https:\/\/www.erresse-shop.it\/es\/shop\/pequenos-electrodomesticos\/licuadoras\/zwilling-enfinigy-batidora-de-inmersion-negro\/","og_locale":"es_ES","og_type":"article","og_title":"ZWILLING ENFINIGY Batidora de inmersi\u00f3n Negro","og_description":"DESCRIPCI\u00d3N Una batidora, una jarra, infinitas posibilidades. La batidora de inmersi\u00f3n ZWILLING ENFINIGY con jarra medidora es pr\u00e1ctica pr\u00e1ctico y","og_url":"https:\/\/www.erresse-shop.it\/es\/shop\/pequenos-electrodomesticos\/licuadoras\/zwilling-enfinigy-batidora-de-inmersion-negro\/","og_site_name":"Erresse Shop","article_modified_time":"2023-07-08T00:19:33+00:00","og_image":[{"width":800,"height":800,"url":"https:\/\/www.erresse-shop.it\/wp-content\/uploads\/2022\/12\/ZWILLING-ENFINIGY-Frullatore-ad-Immersione-Nero.jpg","type":"image\/jpeg"}],"twitter_card":"summary_large_image","schema":{"@context":"https:\/\/schema.org","@graph":[{"@type":"WebPage","@id":"https:\/\/www.erresse-shop.it\/es\/shop\/pequenos-electrodomesticos\/licuadoras\/zwilling-enfinigy-batidora-de-inmersion-negro\/","url":"https:\/\/www.erresse-shop.it\/es\/shop\/pequenos-electrodomesticos\/licuadoras\/zwilling-enfinigy-batidora-de-inmersion-negro\/","name":"ZWILLING ENFINIGY Batidora de inmersi\u00f3n Negro - Erresse Shop","isPartOf":{"@id":"https:\/\/www.erresse-shop.it\/es\/#website"},"datePublished":"2022-12-16T11:35:01+00:00","dateModified":"2023-07-08T00:19:33+00:00","description":"DESCRIPCI\u00d3N Una batidora, una jarra, infinitas posibilidades. La batidora de inmersi\u00f3n ZWILLING ENFINIGY con jarra medidora es pr\u00e1ctica pr\u00e1ctico y","breadcrumb":{"@id":"https:\/\/www.erresse-shop.it\/es\/shop\/pequenos-electrodomesticos\/licuadoras\/zwilling-enfinigy-batidora-de-inmersion-negro\/#breadcrumb"},"inLanguage":"es","potentialAction":[{"@type":"ReadAction","target":["https:\/\/www.erresse-shop.it\/es\/shop\/pequenos-electrodomesticos\/licuadoras\/zwilling-enfinigy-batidora-de-inmersion-negro\/"]}]},{"@type":"BreadcrumbList","@id":"https:\/\/www.erresse-shop.it\/es\/shop\/pequenos-electrodomesticos\/licuadoras\/zwilling-enfinigy-batidora-de-inmersion-negro\/#breadcrumb","itemListElement":[{"@type":"ListItem","position":1,"name":"Home","item":"https:\/\/www.erresse-shop.it\/es\/"},{"@type":"ListItem","position":2,"name":"Shop","item":"https:\/\/www.erresse-shop.it\/es\/shop\/"},{"@type":"ListItem","position":3,"name":"ZWILLING ENFINIGY Batidora de inmersi\u00f3n Negro"}]},{"@type":"WebSite","@id":"https:\/\/www.erresse-shop.it\/es\/#website","url":"https:\/\/www.erresse-shop.it\/es\/","name":"Erresse Shop","description":"Articoli di qualit\u00e0 per la casa","potentialAction":[{"@type":"SearchAction","target":{"@type":"EntryPoint","urlTemplate":"https:\/\/www.erresse-shop.it\/es\/?s={search_term_string}"},"query-input":"required name=search_term_string"}],"inLanguage":"es"}]}},"df_price":79.95,"df_sale_price":79.95,"df_regular_price":119,"df_image_link":"https:\/\/www.erresse-shop.it\/wp-content\/uploads\/2022\/12\/ZWILLING-ENFINIGY-Frullatore-ad-Immersione-Nero-300x300.jpg","_links":{"self":[{"href":"https:\/\/www.erresse-shop.it\/es\/wp-json\/wp\/v2\/product\/221655"}],"collection":[{"href":"https:\/\/www.erresse-shop.it\/es\/wp-json\/wp\/v2\/product"}],"about":[{"href":"https:\/\/www.erresse-shop.it\/es\/wp-json\/wp\/v2\/types\/product"}],"wp:featuredmedia":[{"embeddable":true,"href":"https:\/\/www.erresse-shop.it\/es\/wp-json\/wp\/v2\/media\/223856"}],"wp:attachment":[{"href":"https:\/\/www.erresse-shop.it\/es\/wp-json\/wp\/v2\/media?parent=221655"}],"wp:term":[{"taxonomy":"product_cat","embeddable":true,"href":"https:\/\/www.erresse-shop.it\/es\/wp-json\/wp\/v2\/product_cat?post=221655"},{"taxonomy":"product_tag","embeddable":true,"href":"https:\/\/www.erresse-shop.it\/es\/wp-json\/wp\/v2\/product_tag?post=221655"}],"curies":[{"name":"wp","href":"https:\/\/api.w.org\/{rel}","templated":true}]}}