{"id":220520,"date":"2022-12-14T13:29:03","date_gmt":"2022-12-14T13:29:10","guid":{"rendered":"https:\/\/www.erresse-shop.it\/?post_type=product&#038;p=220520"},"modified":"2024-05-09T09:14:10","modified_gmt":"2024-05-09T09:14:10","slug":"coravin-timeless-eleven-negro","status":"publish","type":"product","link":"https:\/\/www.erresse-shop.it\/es\/shop\/tabla\/vino\/aireadores\/coravin-timeless-eleven-negro\/","title":{"rendered":"CORAVIN Timeless Eleven Negro"},"content":{"rendered":"<p>Timeless Eleven es el primer sistema de almacenamiento de vino autom\u00e1tico y conectado. Con\u00e9ctate a la app Coravin Moments para disfrutar de otras funciones, como velocidades de vertido personalizadas, comprobaciones del estado del sistema y recordatorios de sustituci\u00f3n de c\u00e1psulas. El Timeless Eleven es fruto de los \u00faltimos avances en el campo de la tecnolog\u00eda vitivin\u00edcola. El juego incluye accesorios clave ideales para coleccionistas, entendidos y expertos en tecnolog\u00eda.<\/p>\n<p><strong>Qu\u00e9 incluye<\/strong><\/p>\n<ul>\n<li><strong>Sistema de conservaci\u00f3n de vino Timeless Eleven<\/strong><br \/>\nEl sistema de conservaci\u00f3n de vino Timeless Eleven cuenta con activaci\u00f3n autom\u00e1tica del vertido, conectividad Bluetooth y una pantalla LED interactiva.<\/li>\n<li><strong>Coravin Pure\u2122 C\u00e1psulas de arg\u00f3n<\/strong><br \/>\nLas c\u00e1psulas Coravin Pure\u2122 contienen gas arg\u00f3n puro y se fabrican e inspeccionan para garantizar el m\u00e1ximo nivel de conservaci\u00f3n sin afectar al sabor del vino.<\/li>\n<li><strong>Aireador intemporal<\/strong><br \/>\nEl aireador Coravin crea peque\u00f1os chorros de vino durante el vertido, aireando r\u00e1pidamente el vino para proporcionar los mismos resultados que una decantaci\u00f3n de 60-90 minutos.<\/li>\n<li><strong>Tapones de rosca<\/strong><br \/>\nEl tap\u00f3n de rosca Coravin se puede utilizar en cualquier botella con tap\u00f3n de rosca para su uso con todas las agujas Coravin. La silicona autosellante protege el vino hasta tres meses.<\/li>\n<li><strong>Malet\u00edn de transporte intemporal<\/strong><br \/>\nEl estuche Coravin tiene dos bolsillos interiores para guardar las c\u00e1psulas Coravin Pure\u2122 o el aireador Coravin.<\/li>\n<li><strong>Detergente<\/strong><br \/>\nSi la aguja de Timeless Eleven se obstruye, utilice esta herramienta especialmente dise\u00f1ada para eliminar las part\u00edculas de corcho.<\/li>\n<li><strong>Tapa de la botella<\/strong><br \/>\nLas botellas de vino da\u00f1adas o defectuosas pueden romperse al presurizarlas. El uso de la tapa para botellas Coravin ayuda a reducir el riesgo de lesiones causadas por la rotura de cristales.<\/li>\n<\/ul>\n<p><strong>Una nueva forma de servir el vino<\/strong><\/p>\n<p><strong>Inserte<\/strong><br \/>\nAlinee las SmartClamps\u2122 en el cuello de la botella y con un movimiento suave empuje firmemente el asa.<\/p>\n<p><strong>Inclinar y verter<\/strong><br \/>\nIncline la botella hasta que el pico quede sobre el cristal. El vino se verter\u00e1 autom\u00e1ticamente.<\/p>\n<p><strong>Seguimiento del uso del sistema<br \/>\n<\/strong>Descargue la aplicaci\u00f3n Coravin Moments y conecte de forma inal\u00e1mbrica su sistema Model Eleven para realizar un seguimiento de las inserciones, el uso del gas y mucho m\u00e1s.<\/p>\n<p><strong>Vertido autom\u00e1tico<br \/>\n<\/strong>Vierta como lo har\u00eda de forma natural, simplemente inclinando el sistema y la botella sobre el vaso. El sistema verter\u00e1 autom\u00e1ticamente el vino por la boquilla.<\/p>\n<p><strong>Caracter\u00edsticas principales<\/strong><\/p>\n<ul>\n<li>Vertido autom\u00e1tico<\/li>\n<li>Inserta la aguja en el corcho e inclina la botella. El vino se derramar\u00e1 autom\u00e1ticamente.<\/li>\n<li>Pantalla LED en color<\/li>\n<li>Unos iconos intuitivos te indican cu\u00e1ndo es el momento de cargar el sistema y cu\u00e1ndo est\u00e1s conectado a la app Coravin Moments.<\/li>\n<\/ul>\n<p><strong>Aplicaci\u00f3n Coravin Moments<br \/>\n<\/strong>Con\u00e9ctate a la app Coravin Moments para gestionar el nivel de gas, la carga de la bater\u00eda, la velocidad de vertido y mucho m\u00e1s.<\/p>\n<p>&nbsp;<\/p>\n<div class=\"su-youtube su-u-responsive-media-yes\"><iframe loading=\"lazy\" width=\"200\" height=\"200\" src=\"https:\/\/www.youtube.com\/embed\/l8foetvN05I?\" frameborder=\"0\" allowfullscreen allow=\"autoplay; encrypted-media; picture-in-picture\" title=\"\"><\/iframe><\/div>\n","protected":false},"excerpt":{"rendered":"<p>Timeless Eleven es el primer sistema de almacenamiento de vino autom\u00e1tico y conectado. Con\u00e9ctate a la app Coravin Moments para<\/p>\n","protected":false},"featured_media":220539,"template":"","meta":{"_acf_changed":false,"inline_featured_image":false},"product_cat":[25984,16027,16051],"product_tag":[21416,21720,21719,16887,23684],"acf":[],"yoast_head":"<!-- This site is optimized with the Yoast SEO Premium plugin v18.6 (Yoast SEO v19.13) - https:\/\/yoast.com\/wordpress\/plugins\/seo\/ -->\n<title>CORAVIN Timeless Eleven Negro - Erresse Shop<\/title>\n<meta name=\"description\" content=\"Timeless Eleven es el primer sistema de almacenamiento de vino autom\u00e1tico y conectado. Con\u00e9ctate a la app Coravin Moments para disfrutar de otras\" \/>\n<meta name=\"robots\" content=\"index, follow, max-snippet:-1, max-image-preview:large, max-video-preview:-1\" \/>\n<link rel=\"canonical\" href=\"https:\/\/www.erresse-shop.it\/es\/shop\/tabla\/vino\/aireadores\/coravin-timeless-eleven-negro\/\" \/>\n<meta property=\"og:locale\" content=\"es_ES\" \/>\n<meta property=\"og:type\" content=\"article\" \/>\n<meta property=\"og:title\" content=\"CORAVIN Timeless Eleven Negro\" \/>\n<meta property=\"og:description\" content=\"Timeless Eleven es el primer sistema de almacenamiento de vino autom\u00e1tico y conectado. Con\u00e9ctate a la app Coravin Moments para disfrutar de otras\" \/>\n<meta property=\"og:url\" content=\"https:\/\/www.erresse-shop.it\/es\/shop\/tabla\/vino\/aireadores\/coravin-timeless-eleven-negro\/\" \/>\n<meta property=\"og:site_name\" content=\"Erresse Shop\" \/>\n<meta property=\"article:modified_time\" content=\"2024-05-09T09:14:10+00:00\" \/>\n<meta property=\"og:image\" content=\"https:\/\/www.erresse-shop.it\/wp-content\/uploads\/2022\/12\/IMG_Model-Eleven_Wine-Collectors-Pack.jpeg\" \/>\n\t<meta property=\"og:image:width\" content=\"800\" \/>\n\t<meta property=\"og:image:height\" content=\"800\" \/>\n\t<meta property=\"og:image:type\" content=\"image\/jpeg\" \/>\n<meta name=\"twitter:card\" content=\"summary_large_image\" \/>\n<script type=\"application\/ld+json\" class=\"yoast-schema-graph\">{\"@context\":\"https:\/\/schema.org\",\"@graph\":[{\"@type\":\"WebPage\",\"@id\":\"https:\/\/www.erresse-shop.it\/es\/shop\/tabla\/vino\/aireadores\/coravin-timeless-eleven-negro\/\",\"url\":\"https:\/\/www.erresse-shop.it\/es\/shop\/tabla\/vino\/aireadores\/coravin-timeless-eleven-negro\/\",\"name\":\"CORAVIN Timeless Eleven Negro - Erresse Shop\",\"isPartOf\":{\"@id\":\"https:\/\/www.erresse-shop.it\/es\/#website\"},\"datePublished\":\"2022-12-14T13:29:10+00:00\",\"dateModified\":\"2024-05-09T09:14:10+00:00\",\"description\":\"Timeless Eleven es el primer sistema de almacenamiento de vino autom\u00e1tico y conectado. Con\u00e9ctate a la app Coravin Moments para disfrutar de otras\",\"breadcrumb\":{\"@id\":\"https:\/\/www.erresse-shop.it\/es\/shop\/tabla\/vino\/aireadores\/coravin-timeless-eleven-negro\/#breadcrumb\"},\"inLanguage\":\"es\",\"potentialAction\":[{\"@type\":\"ReadAction\",\"target\":[\"https:\/\/www.erresse-shop.it\/es\/shop\/tabla\/vino\/aireadores\/coravin-timeless-eleven-negro\/\"]}]},{\"@type\":\"BreadcrumbList\",\"@id\":\"https:\/\/www.erresse-shop.it\/es\/shop\/tabla\/vino\/aireadores\/coravin-timeless-eleven-negro\/#breadcrumb\",\"itemListElement\":[{\"@type\":\"ListItem\",\"position\":1,\"name\":\"Home\",\"item\":\"https:\/\/www.erresse-shop.it\/es\/\"},{\"@type\":\"ListItem\",\"position\":2,\"name\":\"Shop\",\"item\":\"https:\/\/www.erresse-shop.it\/es\/shop\/\"},{\"@type\":\"ListItem\",\"position\":3,\"name\":\"CORAVIN Timeless Eleven Negro\"}]},{\"@type\":\"WebSite\",\"@id\":\"https:\/\/www.erresse-shop.it\/es\/#website\",\"url\":\"https:\/\/www.erresse-shop.it\/es\/\",\"name\":\"Erresse Shop\",\"description\":\"Articoli di qualit\u00e0 per la casa\",\"potentialAction\":[{\"@type\":\"SearchAction\",\"target\":{\"@type\":\"EntryPoint\",\"urlTemplate\":\"https:\/\/www.erresse-shop.it\/es\/?s={search_term_string}\"},\"query-input\":\"required name=search_term_string\"}],\"inLanguage\":\"es\"}]}<\/script>\n<!-- \/ Yoast SEO Premium plugin. -->","yoast_head_json":{"title":"CORAVIN Timeless Eleven Negro - Erresse Shop","description":"Timeless Eleven es el primer sistema de almacenamiento de vino autom\u00e1tico y conectado. Con\u00e9ctate a la app Coravin Moments para disfrutar de otras","robots":{"index":"index","follow":"follow","max-snippet":"max-snippet:-1","max-image-preview":"max-image-preview:large","max-video-preview":"max-video-preview:-1"},"canonical":"https:\/\/www.erresse-shop.it\/es\/shop\/tabla\/vino\/aireadores\/coravin-timeless-eleven-negro\/","og_locale":"es_ES","og_type":"article","og_title":"CORAVIN Timeless Eleven Negro","og_description":"Timeless Eleven es el primer sistema de almacenamiento de vino autom\u00e1tico y conectado. Con\u00e9ctate a la app Coravin Moments para disfrutar de otras","og_url":"https:\/\/www.erresse-shop.it\/es\/shop\/tabla\/vino\/aireadores\/coravin-timeless-eleven-negro\/","og_site_name":"Erresse Shop","article_modified_time":"2024-05-09T09:14:10+00:00","og_image":[{"width":800,"height":800,"url":"https:\/\/www.erresse-shop.it\/wp-content\/uploads\/2022\/12\/IMG_Model-Eleven_Wine-Collectors-Pack.jpeg","type":"image\/jpeg"}],"twitter_card":"summary_large_image","schema":{"@context":"https:\/\/schema.org","@graph":[{"@type":"WebPage","@id":"https:\/\/www.erresse-shop.it\/es\/shop\/tabla\/vino\/aireadores\/coravin-timeless-eleven-negro\/","url":"https:\/\/www.erresse-shop.it\/es\/shop\/tabla\/vino\/aireadores\/coravin-timeless-eleven-negro\/","name":"CORAVIN Timeless Eleven Negro - Erresse Shop","isPartOf":{"@id":"https:\/\/www.erresse-shop.it\/es\/#website"},"datePublished":"2022-12-14T13:29:10+00:00","dateModified":"2024-05-09T09:14:10+00:00","description":"Timeless Eleven es el primer sistema de almacenamiento de vino autom\u00e1tico y conectado. Con\u00e9ctate a la app Coravin Moments para disfrutar de otras","breadcrumb":{"@id":"https:\/\/www.erresse-shop.it\/es\/shop\/tabla\/vino\/aireadores\/coravin-timeless-eleven-negro\/#breadcrumb"},"inLanguage":"es","potentialAction":[{"@type":"ReadAction","target":["https:\/\/www.erresse-shop.it\/es\/shop\/tabla\/vino\/aireadores\/coravin-timeless-eleven-negro\/"]}]},{"@type":"BreadcrumbList","@id":"https:\/\/www.erresse-shop.it\/es\/shop\/tabla\/vino\/aireadores\/coravin-timeless-eleven-negro\/#breadcrumb","itemListElement":[{"@type":"ListItem","position":1,"name":"Home","item":"https:\/\/www.erresse-shop.it\/es\/"},{"@type":"ListItem","position":2,"name":"Shop","item":"https:\/\/www.erresse-shop.it\/es\/shop\/"},{"@type":"ListItem","position":3,"name":"CORAVIN Timeless Eleven Negro"}]},{"@type":"WebSite","@id":"https:\/\/www.erresse-shop.it\/es\/#website","url":"https:\/\/www.erresse-shop.it\/es\/","name":"Erresse Shop","description":"Articoli di qualit\u00e0 per la casa","potentialAction":[{"@type":"SearchAction","target":{"@type":"EntryPoint","urlTemplate":"https:\/\/www.erresse-shop.it\/es\/?s={search_term_string}"},"query-input":"required name=search_term_string"}],"inLanguage":"es"}]}},"df_price":419.92999999999995,"df_sale_price":419.92999999999995,"df_regular_price":599.9,"df_image_link":"https:\/\/www.erresse-shop.it\/wp-content\/uploads\/2022\/12\/IMG_Model-Eleven_Wine-Collectors-Pack-300x300.jpeg","_links":{"self":[{"href":"https:\/\/www.erresse-shop.it\/es\/wp-json\/wp\/v2\/product\/220520"}],"collection":[{"href":"https:\/\/www.erresse-shop.it\/es\/wp-json\/wp\/v2\/product"}],"about":[{"href":"https:\/\/www.erresse-shop.it\/es\/wp-json\/wp\/v2\/types\/product"}],"wp:featuredmedia":[{"embeddable":true,"href":"https:\/\/www.erresse-shop.it\/es\/wp-json\/wp\/v2\/media\/220539"}],"wp:attachment":[{"href":"https:\/\/www.erresse-shop.it\/es\/wp-json\/wp\/v2\/media?parent=220520"}],"wp:term":[{"taxonomy":"product_cat","embeddable":true,"href":"https:\/\/www.erresse-shop.it\/es\/wp-json\/wp\/v2\/product_cat?post=220520"},{"taxonomy":"product_tag","embeddable":true,"href":"https:\/\/www.erresse-shop.it\/es\/wp-json\/wp\/v2\/product_tag?post=220520"}],"curies":[{"name":"wp","href":"https:\/\/api.w.org\/{rel}","templated":true}]}}