{"id":220407,"date":"2022-12-14T11:02:23","date_gmt":"2022-12-14T11:02:30","guid":{"rendered":"https:\/\/www.erresse-shop.it\/?post_type=product&#038;p=220407"},"modified":"2025-05-21T13:21:43","modified_gmt":"2025-05-21T13:21:43","slug":"coravin-pivot-negro","status":"publish","type":"product","link":"https:\/\/www.erresse-shop.it\/es\/shop\/tabla\/vino\/aireadores\/coravin-pivot-negro\/","title":{"rendered":"CORAVIN Pivot+ Negro"},"content":{"rendered":"<p>Sirva sus vinos favoritos sin quitar nunca el corcho. El Coravin Timeless Six lleva la elegancia al siguiente nivel al permitirle elegir entre una variedad de sofisticados colores, todos ellos con acabados brillantes, toques met\u00e1licos y una oferta de accesorios de primera calidad. Simplemente inserte, incline y vierta todo el vino que desee mientras guarda tranquilamente el resto de la botella durante semanas, meses o incluso a\u00f1os. Este elegante sistema de almacenamiento de vino es perfecto para los entendidos, pero tambi\u00e9n para todos los amantes del vino.<\/p>\n<p><strong>SISTEMA DE CONSERVACI\u00d3N DE VINO:<\/strong> conserve el sabor, el color y el aroma de su vino tinto o blanco hasta 4 semanas con el sistema de conservaci\u00f3n de vino Pivot Plus y el accesorio aireador Pivot<br \/>\n<strong>DISFRUTA DEL VINO EN SUS PROPIAS CONDICIONES:<\/strong> los amantes del vino pueden disfrutar de tanto o tan poco vino como quieran sin la presi\u00f3n de acabarse la botella en una sola sesi\u00f3n &#8211; dura m\u00e1s tiempo<br \/>\n<strong>PROTEGE EL VINO DE LA OXIDACI\u00d3N:<\/strong> el sistema Pivot sustituye el ox\u00edgeno de una botella abierta por gas arg\u00f3n puro de calidad alimentaria, para que su vino se mantenga fresco durante m\u00e1s tiempo.<br \/>\n<strong>MANTIENE EL VINO FRESCO:<\/strong> simplemente sustituya el tap\u00f3n de corcho o de rosca por un tap\u00f3n, conecte el aireador al dispositivo pivotante y luego inserte el dispositivo cuando est\u00e9 listo para servir. Cuando haya terminado, retire el dispositivo y cierre el tap\u00f3n.<br \/>\n<strong>CONTENIDO DEL PAQUETE:<\/strong> 1 dispositivo pivotante, 2 tapones pivotantes, 2 tapones Coravin Pure y 1 aireador pivotante.<\/p>\n<p>El sistema Pivot\u2122+ combina la conservaci\u00f3n del vino con una oxigenaci\u00f3n perfecta. Gracias al aireador Pivot (incluido), se puede conseguir un efecto de decantaci\u00f3n de 90 minutos durante el escanciado, lo que potenciar\u00e1 el sabor y el aroma de nuestro vino. La cantidad restante en la botella puede consumirse durante las 4 semanas siguientes con la garant\u00eda de que la \u00faltima copa ser\u00e1 tan perfecta como la primera. Combine el vino con su estado de \u00e1nimo, el plato de la cena o el tiempo, usted elige.<\/p>\n<p><strong>Para ne\u00f3fitos y entusiastas<\/strong><br \/>\nEl sistema Pivot es la soluci\u00f3n ideal tanto para los &#8220;entusiastas ocasionales&#8221; como para los &#8220;entusiastas en ciernes&#8221;.<\/p>\n<p><strong>Vida \u00fatil de la c\u00e1psula<\/strong><br \/>\nCada c\u00e1psula permite servir hasta veinte vasos de vino de 150 ml.<\/p>\n<p><strong>Dise\u00f1o exclusivo<\/strong><br \/>\nAbra la botella, sustituya el tap\u00f3n original por el Stopper Pivot y disfrute de una o varias copas de vino s\u00f3lo cuando lo desee.<\/p>\n<p><strong>Materiales<\/strong><\/p>\n<ul>\n<li>Dispositivo Pivot\u2122: pl\u00e1stico moldeado por inyecci\u00f3n, acero inoxidable, elast\u00f3meros.<\/li>\n<li>Aireador Pivot\u2122: Elast\u00f3meros, acero inoxidable<\/li>\n<li>Pivot\u2122 Stopper: pl\u00e1stico moldeado por inyecci\u00f3n<\/li>\n<li>C\u00e1psulas Coravin Pure\u2122 Argon: Acero reciclable, gas arg\u00f3n 100% puro, caucho sint\u00e9tico, nailon reforzado con fibra de vidrio.<\/li>\n<li>Funda del biber\u00f3n: poli\u00e9ster<\/li>\n<\/ul>\n<div class=\"su-youtube su-u-responsive-media-yes\"><iframe loading=\"lazy\" width=\"200\" height=\"200\" src=\"https:\/\/www.youtube.com\/embed\/l8foetvN05I?\" frameborder=\"0\" allowfullscreen allow=\"autoplay; encrypted-media; picture-in-picture\" title=\"\"><\/iframe><\/div>\n","protected":false},"excerpt":{"rendered":"<p>Sirva sus vinos favoritos sin quitar nunca el corcho. El Coravin Timeless Six lleva la elegancia al siguiente nivel al<\/p>\n","protected":false},"featured_media":500459,"template":"","meta":{"_acf_changed":false,"inline_featured_image":false},"product_cat":[25984,16027,16051],"product_tag":[25039,24399,21719,25023,16887],"acf":[],"yoast_head":"<!-- This site is optimized with the Yoast SEO Premium plugin v18.6 (Yoast SEO v19.13) - https:\/\/yoast.com\/wordpress\/plugins\/seo\/ -->\n<title>CORAVIN Pivot+ Negro - Erresse Shop<\/title>\n<meta name=\"description\" content=\"Sirva sus vinos favoritos sin quitar nunca el corcho. El Coravin Timeless Six lleva la elegancia al siguiente nivel al permitirle elegir entre una\" \/>\n<meta name=\"robots\" content=\"index, follow, max-snippet:-1, max-image-preview:large, max-video-preview:-1\" \/>\n<link rel=\"canonical\" href=\"https:\/\/www.erresse-shop.it\/es\/shop\/tabla\/vino\/aireadores\/coravin-pivot-negro\/\" \/>\n<meta property=\"og:locale\" content=\"es_ES\" \/>\n<meta property=\"og:type\" content=\"article\" \/>\n<meta property=\"og:title\" content=\"CORAVIN Pivot+ Negro\" \/>\n<meta property=\"og:description\" content=\"Sirva sus vinos favoritos sin quitar nunca el corcho. El Coravin Timeless Six lleva la elegancia al siguiente nivel al permitirle elegir entre una\" \/>\n<meta property=\"og:url\" content=\"https:\/\/www.erresse-shop.it\/es\/shop\/tabla\/vino\/aireadores\/coravin-pivot-negro\/\" \/>\n<meta property=\"og:site_name\" content=\"Erresse Shop\" \/>\n<meta property=\"article:modified_time\" content=\"2025-05-21T13:21:43+00:00\" \/>\n<meta property=\"og:image\" content=\"https:\/\/www.erresse-shop.it\/wp-content\/uploads\/2022\/12\/CORAVIN-Pivot-Nero.jpg\" \/>\n\t<meta property=\"og:image:width\" content=\"1200\" \/>\n\t<meta property=\"og:image:height\" content=\"1200\" \/>\n\t<meta property=\"og:image:type\" content=\"image\/jpeg\" \/>\n<meta name=\"twitter:card\" content=\"summary_large_image\" \/>\n<script type=\"application\/ld+json\" class=\"yoast-schema-graph\">{\"@context\":\"https:\/\/schema.org\",\"@graph\":[{\"@type\":\"WebPage\",\"@id\":\"https:\/\/www.erresse-shop.it\/es\/shop\/tabla\/vino\/aireadores\/coravin-pivot-negro\/\",\"url\":\"https:\/\/www.erresse-shop.it\/es\/shop\/tabla\/vino\/aireadores\/coravin-pivot-negro\/\",\"name\":\"CORAVIN Pivot+ Negro - Erresse Shop\",\"isPartOf\":{\"@id\":\"https:\/\/www.erresse-shop.it\/es\/#website\"},\"datePublished\":\"2022-12-14T11:02:30+00:00\",\"dateModified\":\"2025-05-21T13:21:43+00:00\",\"description\":\"Sirva sus vinos favoritos sin quitar nunca el corcho. El Coravin Timeless Six lleva la elegancia al siguiente nivel al permitirle elegir entre una\",\"breadcrumb\":{\"@id\":\"https:\/\/www.erresse-shop.it\/es\/shop\/tabla\/vino\/aireadores\/coravin-pivot-negro\/#breadcrumb\"},\"inLanguage\":\"es\",\"potentialAction\":[{\"@type\":\"ReadAction\",\"target\":[\"https:\/\/www.erresse-shop.it\/es\/shop\/tabla\/vino\/aireadores\/coravin-pivot-negro\/\"]}]},{\"@type\":\"BreadcrumbList\",\"@id\":\"https:\/\/www.erresse-shop.it\/es\/shop\/tabla\/vino\/aireadores\/coravin-pivot-negro\/#breadcrumb\",\"itemListElement\":[{\"@type\":\"ListItem\",\"position\":1,\"name\":\"Home\",\"item\":\"https:\/\/www.erresse-shop.it\/es\/\"},{\"@type\":\"ListItem\",\"position\":2,\"name\":\"Shop\",\"item\":\"https:\/\/www.erresse-shop.it\/es\/shop\/\"},{\"@type\":\"ListItem\",\"position\":3,\"name\":\"CORAVIN Pivot+ Negro\"}]},{\"@type\":\"WebSite\",\"@id\":\"https:\/\/www.erresse-shop.it\/es\/#website\",\"url\":\"https:\/\/www.erresse-shop.it\/es\/\",\"name\":\"Erresse Shop\",\"description\":\"Articoli di qualit\u00e0 per la casa\",\"potentialAction\":[{\"@type\":\"SearchAction\",\"target\":{\"@type\":\"EntryPoint\",\"urlTemplate\":\"https:\/\/www.erresse-shop.it\/es\/?s={search_term_string}\"},\"query-input\":\"required name=search_term_string\"}],\"inLanguage\":\"es\"}]}<\/script>\n<!-- \/ Yoast SEO Premium plugin. -->","yoast_head_json":{"title":"CORAVIN Pivot+ Negro - Erresse Shop","description":"Sirva sus vinos favoritos sin quitar nunca el corcho. El Coravin Timeless Six lleva la elegancia al siguiente nivel al permitirle elegir entre una","robots":{"index":"index","follow":"follow","max-snippet":"max-snippet:-1","max-image-preview":"max-image-preview:large","max-video-preview":"max-video-preview:-1"},"canonical":"https:\/\/www.erresse-shop.it\/es\/shop\/tabla\/vino\/aireadores\/coravin-pivot-negro\/","og_locale":"es_ES","og_type":"article","og_title":"CORAVIN Pivot+ Negro","og_description":"Sirva sus vinos favoritos sin quitar nunca el corcho. El Coravin Timeless Six lleva la elegancia al siguiente nivel al permitirle elegir entre una","og_url":"https:\/\/www.erresse-shop.it\/es\/shop\/tabla\/vino\/aireadores\/coravin-pivot-negro\/","og_site_name":"Erresse Shop","article_modified_time":"2025-05-21T13:21:43+00:00","og_image":[{"width":1200,"height":1200,"url":"https:\/\/www.erresse-shop.it\/wp-content\/uploads\/2022\/12\/CORAVIN-Pivot-Nero.jpg","type":"image\/jpeg"}],"twitter_card":"summary_large_image","schema":{"@context":"https:\/\/schema.org","@graph":[{"@type":"WebPage","@id":"https:\/\/www.erresse-shop.it\/es\/shop\/tabla\/vino\/aireadores\/coravin-pivot-negro\/","url":"https:\/\/www.erresse-shop.it\/es\/shop\/tabla\/vino\/aireadores\/coravin-pivot-negro\/","name":"CORAVIN Pivot+ Negro - Erresse Shop","isPartOf":{"@id":"https:\/\/www.erresse-shop.it\/es\/#website"},"datePublished":"2022-12-14T11:02:30+00:00","dateModified":"2025-05-21T13:21:43+00:00","description":"Sirva sus vinos favoritos sin quitar nunca el corcho. El Coravin Timeless Six lleva la elegancia al siguiente nivel al permitirle elegir entre una","breadcrumb":{"@id":"https:\/\/www.erresse-shop.it\/es\/shop\/tabla\/vino\/aireadores\/coravin-pivot-negro\/#breadcrumb"},"inLanguage":"es","potentialAction":[{"@type":"ReadAction","target":["https:\/\/www.erresse-shop.it\/es\/shop\/tabla\/vino\/aireadores\/coravin-pivot-negro\/"]}]},{"@type":"BreadcrumbList","@id":"https:\/\/www.erresse-shop.it\/es\/shop\/tabla\/vino\/aireadores\/coravin-pivot-negro\/#breadcrumb","itemListElement":[{"@type":"ListItem","position":1,"name":"Home","item":"https:\/\/www.erresse-shop.it\/es\/"},{"@type":"ListItem","position":2,"name":"Shop","item":"https:\/\/www.erresse-shop.it\/es\/shop\/"},{"@type":"ListItem","position":3,"name":"CORAVIN Pivot+ Negro"}]},{"@type":"WebSite","@id":"https:\/\/www.erresse-shop.it\/es\/#website","url":"https:\/\/www.erresse-shop.it\/es\/","name":"Erresse Shop","description":"Articoli di qualit\u00e0 per la casa","potentialAction":[{"@type":"SearchAction","target":{"@type":"EntryPoint","urlTemplate":"https:\/\/www.erresse-shop.it\/es\/?s={search_term_string}"},"query-input":"required name=search_term_string"}],"inLanguage":"es"}]}},"df_price":139.993,"df_sale_price":139.993,"df_regular_price":199.99,"df_image_link":"https:\/\/www.erresse-shop.it\/wp-content\/uploads\/2022\/12\/CORAVIN-Pivot-Nero-300x300.jpg","_links":{"self":[{"href":"https:\/\/www.erresse-shop.it\/es\/wp-json\/wp\/v2\/product\/220407"}],"collection":[{"href":"https:\/\/www.erresse-shop.it\/es\/wp-json\/wp\/v2\/product"}],"about":[{"href":"https:\/\/www.erresse-shop.it\/es\/wp-json\/wp\/v2\/types\/product"}],"wp:featuredmedia":[{"embeddable":true,"href":"https:\/\/www.erresse-shop.it\/es\/wp-json\/wp\/v2\/media\/500459"}],"wp:attachment":[{"href":"https:\/\/www.erresse-shop.it\/es\/wp-json\/wp\/v2\/media?parent=220407"}],"wp:term":[{"taxonomy":"product_cat","embeddable":true,"href":"https:\/\/www.erresse-shop.it\/es\/wp-json\/wp\/v2\/product_cat?post=220407"},{"taxonomy":"product_tag","embeddable":true,"href":"https:\/\/www.erresse-shop.it\/es\/wp-json\/wp\/v2\/product_tag?post=220407"}],"curies":[{"name":"wp","href":"https:\/\/api.w.org\/{rel}","templated":true}]}}