{"id":219951,"date":"2022-12-13T11:08:59","date_gmt":"2022-12-13T11:09:05","guid":{"rendered":"https:\/\/www.erresse-shop.it\/?post_type=product&#038;p=219951"},"modified":"2022-12-29T07:28:34","modified_gmt":"2022-12-29T07:28:34","slug":"jura-cafetera-automatica-giga-6-aluminio","status":"publish","type":"product","link":"https:\/\/www.erresse-shop.it\/es\/shop\/pequenos-electrodomesticos\/maquinas-de-cafe\/automatico\/jura-cafetera-automatica-giga-6-aluminio\/","title":{"rendered":"JURA Cafetera autom\u00e1tica GIGA 6 Aluminio"},"content":{"rendered":"<p><strong>Perfecci\u00f3n, precisi\u00f3n y profesionalidad en una nueva dimensi\u00f3n<\/strong><br \/>La JURA GIGA 6 redefine el concepto de &#8220;m\u00e1quina autom\u00e1tica para especialidades de caf\u00e9&#8221;. La cafetera profesional para el hogar se caracteriza por el uso de tecnolog\u00eda punta con resultados extraordinarios.<\/p>\n<p>Fabricada con precisi\u00f3n suiza y materiales de alta calidad, el lenguaje de dise\u00f1o refleja la fuerza y la experiencia de la GIGA 6. El s\u00f3lido panel frontal de aluminio con un grosor de 3 mil\u00edmetros y las robustas tapas de conservaci\u00f3n del aroma fabricadas en fundici\u00f3n a presi\u00f3n de zinc cromado resaltan claramente la alta calidad de este nuevo icono entre las cafeteras.<br \/>Gracias a la pantalla con tecnolog\u00eda t\u00e1ctil y al Rotary Switch de cristal azul, la GIGA 6, una joya de la ingenier\u00eda suiza, se maneja de forma intuitiva y ofrece a los amantes de las profundidades L una selecci\u00f3n de 28 especialidades insuperables. La inteligencia artificial y un dise\u00f1o bien pensado permiten un funcionamiento de cinco estrellas.<\/p>\n<p><strong>Doble potencia, doble acci\u00f3n para 28 especialidades<\/strong><br \/>El m\u00e1ximo placer del caf\u00e9 es el resultado de unas condiciones de extracci\u00f3n ideales. Las especialidades de moda son la suma de ingredientes perfectos.<br \/>Por esta raz\u00f3n, la nueva GIGA 6 es capaz de tres procesos diferentes de preparaci\u00f3n del caf\u00e9, as\u00ed como de calentar y espumar la leche de forma \u00f3ptima; procesos que alcanzan su m\u00e1xima expresi\u00f3n cuando se preparan especialidades de moda. Una estructura interna completamente nueva, con dos sistemas de calentamiento y dos bombas, permite la preparaci\u00f3n paralela de caf\u00e9 y leche o espuma. As\u00ed, los amantes del caf\u00e9 pueden disfrutar de deliciosas bebidas como el caffelatte, el flat white o el cortado. El nuevo producto premium de JURA prepara incluso dos especialidades al mismo tiempo.<br \/>La leche y la espuma de leche pueden calibrarse al gusto personal y programarse a diez niveles de temperatura.<\/p>\n<p><strong>Especialidades:<\/strong><\/p>\n<ul>\n<li>Espresso<\/li>\n<li>2 x Espresso<\/li>\n<li>Caf\u00e9<\/li>\n<li>2 x Caf\u00e9<\/li>\n<li>Caf\u00e9 Barista<\/li>\n<li>2 x Barista<\/li>\n<li>Barista largo<\/li>\n<li>2 x Lungo Barista<\/li>\n<li>Espresso doble<\/li>\n<li>Briquetas de caf\u00e9<\/li>\n<li>Cortado<\/li>\n<li>2 x Cortado<\/li>\n<li>Espresso Macchiato<\/li>\n<li>2 x Espresso Macchiato<\/li>\n<li>Caf\u00e9 con leche<\/li>\n<li>Capuchino<\/li>\n<li>2 x Cappuccino<\/li>\n<li>Blanco Plano<\/li>\n<li>2 x Flat White<\/li>\n<li>Latte Macchiato<\/li>\n<li>2 x Latte Macchiato<\/li>\n<li>Porci\u00f3n de espuma de leche<\/li>\n<li>2 x Espuma de leche<\/li>\n<li>Porci\u00f3n de leche<\/li>\n<li>2 x Porci\u00f3n de leche<\/li>\n<li>Agua caliente<\/li>\n<li>Agua de t\u00e9 verde<\/li>\n<\/ul>\n<p><strong>Ventajas espec\u00edficas:<\/strong><\/p>\n<ul>\n<li>Precalentamiento inteligente<\/li>\n<li>Ajuste autom\u00e1tico de la amoladora<\/li>\n<li>Conmutaci\u00f3n leche \/ espuma<\/li>\n<li>Cabina de mando Jura con indicaci\u00f3n del estado de mantenimiento<\/li>\n<li>Conexi\u00f3n Wi-Fi<\/li>\n<\/ul>\n<p><strong>De serie para las cafeteras autom\u00e1ticas JURA:<\/strong><\/p>\n<ul>\n<li>Proceso de extracci\u00f3n por impulsos (P.E.P.\u00ae)<\/li>\n<li>Funci\u00f3n One Touch larga<\/li>\n<li>Grupo dispensador de potencia variable (5\/16 gr)<\/li>\n<li>2 Molinillos de caf\u00e9 con muelas de cer\u00e1mica<\/li>\n<li>Bomba de 15 bares<\/li>\n<li>Sistema de calefacci\u00f3n Thermoblock<\/li>\n<li>Dispensador de leche instant\u00e1nea<\/li>\n<li>Compartimento para caf\u00e9 molido<\/li>\n<li>Tapa de protecci\u00f3n arom\u00e1tica<\/li>\n<\/ul>\n<p><strong>Control y programaci\u00f3n est\u00e1ndar:<\/strong><\/p>\n<ul>\n<li>Pantalla en color de 4,3&#8243; con tecnolog\u00eda Touche Screen<\/li>\n<li>Personalizaci\u00f3n de productos<\/li>\n<li>Intensidad del caf\u00e9 programable (10 niveles)<\/li>\n<li>Cantidad de leche\/espuma programable<\/li>\n<li>Temperatura del agua caliente programable<\/li>\n<li>Control del smartphone<\/li>\n<\/ul>\n<p><strong>Normas higi\u00e9nicas:<\/strong><\/p>\n<ul>\n<li>Sistema de agua inteligente<\/li>\n<li>Filtro inteligente Claris<\/li>\n<li>Programa integrado de limpieza y descalcificaci\u00f3n<\/li>\n<li>Bandeja de recogida de agua controlada<\/li>\n<li>Certificado Jura Hygiene T \u00dc V<\/li>\n<\/ul>\n<p><strong>Otras especificaciones:<\/strong><\/p>\n<ul>\n<li>Modo de ahorro de energ\u00eda<\/li>\n<li>Tiempo de desconexi\u00f3n programable<\/li>\n<li>Encendido\/apagado programable<\/li>\n<li>Iluminaci\u00f3n de tazas<\/li>\n<li>Capacidad del dep\u00f3sito 2,6 litros<\/li>\n<li>Capacidad del recipiente de caf\u00e9 en grano 2 x 280 g<\/li>\n<li>Contenedor de posos de caf\u00e9 20 Porciones<\/li>\n<li>Longitud del cable 1,2 M<\/li>\n<li>Absorci\u00f3n de tensi\u00f3n 230V<\/li>\n<li>Absorci\u00f3n Stand By 0,5W<\/li>\n<li>Peso 18 Kg<\/li>\n<li>Dimensiones (ancho x alto x fondo) 32 x 41,5 x 48 cm<\/li>\n<li>Pa\u00eds de producci\u00f3n Suiza\n<div class=\"su-youtube su-u-responsive-media-yes\"><iframe loading=\"lazy\" width=\"200\" height=\"200\" src=\"https:\/\/www.youtube.com\/embed\/XGNvoexI48c?\" frameborder=\"0\" allowfullscreen allow=\"autoplay; encrypted-media; picture-in-picture\" title=\"\"><\/iframe><\/div><\/li>\n<\/ul>\n","protected":false},"excerpt":{"rendered":"<p><br data-mce-bogus=\"1\"><\/p>\n","protected":false},"featured_media":225630,"template":"","meta":{"_acf_changed":false,"inline_featured_image":false},"product_cat":[25362,16076,16073],"product_tag":[23574,16874,20769,23570],"acf":[],"yoast_head":"<!-- This site is optimized with the Yoast SEO Premium plugin v18.6 (Yoast SEO v19.13) - https:\/\/yoast.com\/wordpress\/plugins\/seo\/ -->\n<title>JURA Cafetera autom\u00e1tica GIGA 6 Aluminio - Erresse Shop<\/title>\n<meta name=\"robots\" content=\"index, follow, max-snippet:-1, max-image-preview:large, max-video-preview:-1\" \/>\n<link rel=\"canonical\" href=\"https:\/\/www.erresse-shop.it\/es\/shop\/pequenos-electrodomesticos\/maquinas-de-cafe\/automatico\/jura-cafetera-automatica-giga-6-aluminio\/\" \/>\n<meta property=\"og:locale\" content=\"es_ES\" \/>\n<meta property=\"og:type\" content=\"article\" \/>\n<meta property=\"og:title\" content=\"JURA Cafetera autom\u00e1tica GIGA 6 Aluminio\" \/>\n<meta property=\"og:url\" content=\"https:\/\/www.erresse-shop.it\/es\/shop\/pequenos-electrodomesticos\/maquinas-de-cafe\/automatico\/jura-cafetera-automatica-giga-6-aluminio\/\" \/>\n<meta property=\"og:site_name\" content=\"Erresse Shop\" \/>\n<meta property=\"article:modified_time\" content=\"2022-12-29T07:28:34+00:00\" \/>\n<meta property=\"og:image\" content=\"https:\/\/www.erresse-shop.it\/wp-content\/uploads\/2022\/12\/JURA-Macchina-da-caffe-Giga-6.jpg\" \/>\n\t<meta property=\"og:image:width\" content=\"800\" \/>\n\t<meta property=\"og:image:height\" content=\"800\" \/>\n\t<meta property=\"og:image:type\" content=\"image\/jpeg\" \/>\n<meta name=\"twitter:card\" content=\"summary_large_image\" \/>\n<script type=\"application\/ld+json\" class=\"yoast-schema-graph\">{\"@context\":\"https:\/\/schema.org\",\"@graph\":[{\"@type\":\"WebPage\",\"@id\":\"https:\/\/www.erresse-shop.it\/es\/shop\/pequenos-electrodomesticos\/maquinas-de-cafe\/automatico\/jura-cafetera-automatica-giga-6-aluminio\/\",\"url\":\"https:\/\/www.erresse-shop.it\/es\/shop\/pequenos-electrodomesticos\/maquinas-de-cafe\/automatico\/jura-cafetera-automatica-giga-6-aluminio\/\",\"name\":\"JURA Cafetera autom\u00e1tica GIGA 6 Aluminio - Erresse Shop\",\"isPartOf\":{\"@id\":\"https:\/\/www.erresse-shop.it\/es\/#website\"},\"datePublished\":\"2022-12-13T11:09:05+00:00\",\"dateModified\":\"2022-12-29T07:28:34+00:00\",\"breadcrumb\":{\"@id\":\"https:\/\/www.erresse-shop.it\/es\/shop\/pequenos-electrodomesticos\/maquinas-de-cafe\/automatico\/jura-cafetera-automatica-giga-6-aluminio\/#breadcrumb\"},\"inLanguage\":\"es\",\"potentialAction\":[{\"@type\":\"ReadAction\",\"target\":[\"https:\/\/www.erresse-shop.it\/es\/shop\/pequenos-electrodomesticos\/maquinas-de-cafe\/automatico\/jura-cafetera-automatica-giga-6-aluminio\/\"]}]},{\"@type\":\"BreadcrumbList\",\"@id\":\"https:\/\/www.erresse-shop.it\/es\/shop\/pequenos-electrodomesticos\/maquinas-de-cafe\/automatico\/jura-cafetera-automatica-giga-6-aluminio\/#breadcrumb\",\"itemListElement\":[{\"@type\":\"ListItem\",\"position\":1,\"name\":\"Home\",\"item\":\"https:\/\/www.erresse-shop.it\/es\/\"},{\"@type\":\"ListItem\",\"position\":2,\"name\":\"Shop\",\"item\":\"https:\/\/www.erresse-shop.it\/es\/shop\/\"},{\"@type\":\"ListItem\",\"position\":3,\"name\":\"JURA Cafetera autom\u00e1tica GIGA 6 Aluminio\"}]},{\"@type\":\"WebSite\",\"@id\":\"https:\/\/www.erresse-shop.it\/es\/#website\",\"url\":\"https:\/\/www.erresse-shop.it\/es\/\",\"name\":\"Erresse Shop\",\"description\":\"Articoli di qualit\u00e0 per la casa\",\"potentialAction\":[{\"@type\":\"SearchAction\",\"target\":{\"@type\":\"EntryPoint\",\"urlTemplate\":\"https:\/\/www.erresse-shop.it\/es\/?s={search_term_string}\"},\"query-input\":\"required name=search_term_string\"}],\"inLanguage\":\"es\"}]}<\/script>\n<!-- \/ Yoast SEO Premium plugin. -->","yoast_head_json":{"title":"JURA Cafetera autom\u00e1tica GIGA 6 Aluminio - Erresse Shop","robots":{"index":"index","follow":"follow","max-snippet":"max-snippet:-1","max-image-preview":"max-image-preview:large","max-video-preview":"max-video-preview:-1"},"canonical":"https:\/\/www.erresse-shop.it\/es\/shop\/pequenos-electrodomesticos\/maquinas-de-cafe\/automatico\/jura-cafetera-automatica-giga-6-aluminio\/","og_locale":"es_ES","og_type":"article","og_title":"JURA Cafetera autom\u00e1tica GIGA 6 Aluminio","og_url":"https:\/\/www.erresse-shop.it\/es\/shop\/pequenos-electrodomesticos\/maquinas-de-cafe\/automatico\/jura-cafetera-automatica-giga-6-aluminio\/","og_site_name":"Erresse Shop","article_modified_time":"2022-12-29T07:28:34+00:00","og_image":[{"width":800,"height":800,"url":"https:\/\/www.erresse-shop.it\/wp-content\/uploads\/2022\/12\/JURA-Macchina-da-caffe-Giga-6.jpg","type":"image\/jpeg"}],"twitter_card":"summary_large_image","schema":{"@context":"https:\/\/schema.org","@graph":[{"@type":"WebPage","@id":"https:\/\/www.erresse-shop.it\/es\/shop\/pequenos-electrodomesticos\/maquinas-de-cafe\/automatico\/jura-cafetera-automatica-giga-6-aluminio\/","url":"https:\/\/www.erresse-shop.it\/es\/shop\/pequenos-electrodomesticos\/maquinas-de-cafe\/automatico\/jura-cafetera-automatica-giga-6-aluminio\/","name":"JURA Cafetera autom\u00e1tica GIGA 6 Aluminio - Erresse Shop","isPartOf":{"@id":"https:\/\/www.erresse-shop.it\/es\/#website"},"datePublished":"2022-12-13T11:09:05+00:00","dateModified":"2022-12-29T07:28:34+00:00","breadcrumb":{"@id":"https:\/\/www.erresse-shop.it\/es\/shop\/pequenos-electrodomesticos\/maquinas-de-cafe\/automatico\/jura-cafetera-automatica-giga-6-aluminio\/#breadcrumb"},"inLanguage":"es","potentialAction":[{"@type":"ReadAction","target":["https:\/\/www.erresse-shop.it\/es\/shop\/pequenos-electrodomesticos\/maquinas-de-cafe\/automatico\/jura-cafetera-automatica-giga-6-aluminio\/"]}]},{"@type":"BreadcrumbList","@id":"https:\/\/www.erresse-shop.it\/es\/shop\/pequenos-electrodomesticos\/maquinas-de-cafe\/automatico\/jura-cafetera-automatica-giga-6-aluminio\/#breadcrumb","itemListElement":[{"@type":"ListItem","position":1,"name":"Home","item":"https:\/\/www.erresse-shop.it\/es\/"},{"@type":"ListItem","position":2,"name":"Shop","item":"https:\/\/www.erresse-shop.it\/es\/shop\/"},{"@type":"ListItem","position":3,"name":"JURA Cafetera autom\u00e1tica GIGA 6 Aluminio"}]},{"@type":"WebSite","@id":"https:\/\/www.erresse-shop.it\/es\/#website","url":"https:\/\/www.erresse-shop.it\/es\/","name":"Erresse Shop","description":"Articoli di qualit\u00e0 per la casa","potentialAction":[{"@type":"SearchAction","target":{"@type":"EntryPoint","urlTemplate":"https:\/\/www.erresse-shop.it\/es\/?s={search_term_string}"},"query-input":"required name=search_term_string"}],"inLanguage":"es"}]}},"df_price":3599.1,"df_sale_price":3599.1,"df_regular_price":3999,"df_image_link":"https:\/\/www.erresse-shop.it\/wp-content\/uploads\/2022\/12\/JURA-Macchina-da-caffe-Giga-6-300x300.jpg","_links":{"self":[{"href":"https:\/\/www.erresse-shop.it\/es\/wp-json\/wp\/v2\/product\/219951"}],"collection":[{"href":"https:\/\/www.erresse-shop.it\/es\/wp-json\/wp\/v2\/product"}],"about":[{"href":"https:\/\/www.erresse-shop.it\/es\/wp-json\/wp\/v2\/types\/product"}],"wp:featuredmedia":[{"embeddable":true,"href":"https:\/\/www.erresse-shop.it\/es\/wp-json\/wp\/v2\/media\/225630"}],"wp:attachment":[{"href":"https:\/\/www.erresse-shop.it\/es\/wp-json\/wp\/v2\/media?parent=219951"}],"wp:term":[{"taxonomy":"product_cat","embeddable":true,"href":"https:\/\/www.erresse-shop.it\/es\/wp-json\/wp\/v2\/product_cat?post=219951"},{"taxonomy":"product_tag","embeddable":true,"href":"https:\/\/www.erresse-shop.it\/es\/wp-json\/wp\/v2\/product_tag?post=219951"}],"curies":[{"name":"wp","href":"https:\/\/api.w.org\/{rel}","templated":true}]}}