{"id":219449,"date":"2022-12-12T11:57:38","date_gmt":"2022-12-12T11:57:43","guid":{"rendered":"https:\/\/www.erresse-shop.it\/?post_type=product&#038;p=219449"},"modified":"2024-09-16T15:06:42","modified_gmt":"2024-09-16T15:06:42","slug":"cilio-exprimidor-de-granada-profi-negro","status":"publish","type":"product","link":"https:\/\/www.erresse-shop.it\/es\/shop\/pequenos-electrodomesticos\/exprimidores\/cilio-exprimidor-de-granada-profi-negro\/","title":{"rendered":"CILIO Exprimidor de Granada Profi Negro"},"content":{"rendered":"<p><strong>El zumo de granada es un aliado indispensable para nuestra salud.<\/strong><\/p>\n<p>Tambi\u00e9n conocida como &#8220;la fruta de la medicina&#8221;, es rica en vitaminas A, B, C, E, K y minerales como el magnesio, el zinc<br \/>\nf\u00f3sforo y potasio.<br \/>\nBeber zumo de granada reci\u00e9n exprimido enriquece nuestro organismo con flavonoides, los antioxidantes por excelencia, que mantienen nuestro cuerpo sano.<br \/>\nque mantienen sanos nuestro sistema inmunitario, el h\u00edgado y los capilares.<br \/>\nEspecialmente indicada para las mujeres embarazadas, la fruta de la fertilidad proporciona bienestar y bondad en un solo zumo.<\/p>\n<p>Profi: un aut\u00e9ntico exprimidor de granadas que puede exprimir cualquier fruta sin problemas gracias a una estructura m\u00e1s robusta que el exprimidor de c\u00edtricos tradicional<\/p>\n<ul>\n<li>Base de soporte de fruta de 13 cm<\/li>\n<li>Sistema de palanca dise\u00f1ado para impartir mucha fuerza sin deformar el instrumento.<\/li>\n<li>Cono de acero inoxidable,<\/li>\n<li>Armaz\u00f3n de aleaci\u00f3n de metal cromado.<\/li>\n<li>Apto para exprimir c\u00edtricos<\/li>\n<li>Ventosas para mayor estabilidad<\/li>\n<li>Color Negro &#8211; acero<\/li>\n<li>Dimensiones del producto: 25 x 18 x 48\/79 cm<\/li>\n<li>Peso del producto: 6,5 kg<\/li>\n<\/ul>\n","protected":false},"excerpt":{"rendered":"<p>El zumo de granada es un aliado indispensable para nuestra salud. Tambi\u00e9n conocida como &#8220;la fruta de la medicina&#8221;, es<\/p>\n","protected":false},"featured_media":219507,"template":"","meta":{"_acf_changed":false,"inline_featured_image":false},"product_cat":[16078,16073],"product_tag":[25029,18695,24605,21823,25023],"acf":[],"yoast_head":"<!-- This site is optimized with the Yoast SEO Premium plugin v18.6 (Yoast SEO v19.13) - https:\/\/yoast.com\/wordpress\/plugins\/seo\/ -->\n<title>CILIO Exprimidor de Granada Profi Negro - Erresse Shop<\/title>\n<meta name=\"description\" content=\"El zumo de granada es un aliado indispensable para nuestra salud. Tambi\u00e9n conocida como &quot;la fruta de la medicina&quot;, es rica en vitaminas A, B, C, E, K y\" \/>\n<meta name=\"robots\" content=\"index, follow, max-snippet:-1, max-image-preview:large, max-video-preview:-1\" \/>\n<link rel=\"canonical\" href=\"https:\/\/www.erresse-shop.it\/es\/shop\/pequenos-electrodomesticos\/exprimidores\/cilio-exprimidor-de-granada-profi-negro\/\" \/>\n<meta property=\"og:locale\" content=\"es_ES\" \/>\n<meta property=\"og:type\" content=\"article\" \/>\n<meta property=\"og:title\" content=\"CILIO Exprimidor de Granada Profi Negro\" \/>\n<meta property=\"og:description\" content=\"El zumo de granada es un aliado indispensable para nuestra salud. Tambi\u00e9n conocida como &quot;la fruta de la medicina&quot;, es rica en vitaminas A, B, C, E, K y\" \/>\n<meta property=\"og:url\" content=\"https:\/\/www.erresse-shop.it\/es\/shop\/pequenos-electrodomesticos\/exprimidores\/cilio-exprimidor-de-granada-profi-negro\/\" \/>\n<meta property=\"og:site_name\" content=\"Erresse Shop\" \/>\n<meta property=\"article:modified_time\" content=\"2024-09-16T15:06:42+00:00\" \/>\n<meta property=\"og:image\" content=\"https:\/\/www.erresse-shop.it\/wp-content\/uploads\/2022\/12\/Spremi-melograno-Profi-3.jpg\" \/>\n\t<meta property=\"og:image:width\" content=\"800\" \/>\n\t<meta property=\"og:image:height\" content=\"800\" \/>\n\t<meta property=\"og:image:type\" content=\"image\/jpeg\" \/>\n<meta name=\"twitter:card\" content=\"summary_large_image\" \/>\n<script type=\"application\/ld+json\" class=\"yoast-schema-graph\">{\"@context\":\"https:\/\/schema.org\",\"@graph\":[{\"@type\":\"WebPage\",\"@id\":\"https:\/\/www.erresse-shop.it\/es\/shop\/pequenos-electrodomesticos\/exprimidores\/cilio-exprimidor-de-granada-profi-negro\/\",\"url\":\"https:\/\/www.erresse-shop.it\/es\/shop\/pequenos-electrodomesticos\/exprimidores\/cilio-exprimidor-de-granada-profi-negro\/\",\"name\":\"CILIO Exprimidor de Granada Profi Negro - Erresse Shop\",\"isPartOf\":{\"@id\":\"https:\/\/www.erresse-shop.it\/es\/#website\"},\"datePublished\":\"2022-12-12T11:57:43+00:00\",\"dateModified\":\"2024-09-16T15:06:42+00:00\",\"description\":\"El zumo de granada es un aliado indispensable para nuestra salud. Tambi\u00e9n conocida como \\\"la fruta de la medicina\\\", es rica en vitaminas A, B, C, E, K y\",\"breadcrumb\":{\"@id\":\"https:\/\/www.erresse-shop.it\/es\/shop\/pequenos-electrodomesticos\/exprimidores\/cilio-exprimidor-de-granada-profi-negro\/#breadcrumb\"},\"inLanguage\":\"es\",\"potentialAction\":[{\"@type\":\"ReadAction\",\"target\":[\"https:\/\/www.erresse-shop.it\/es\/shop\/pequenos-electrodomesticos\/exprimidores\/cilio-exprimidor-de-granada-profi-negro\/\"]}]},{\"@type\":\"BreadcrumbList\",\"@id\":\"https:\/\/www.erresse-shop.it\/es\/shop\/pequenos-electrodomesticos\/exprimidores\/cilio-exprimidor-de-granada-profi-negro\/#breadcrumb\",\"itemListElement\":[{\"@type\":\"ListItem\",\"position\":1,\"name\":\"Home\",\"item\":\"https:\/\/www.erresse-shop.it\/es\/\"},{\"@type\":\"ListItem\",\"position\":2,\"name\":\"Shop\",\"item\":\"https:\/\/www.erresse-shop.it\/es\/shop\/\"},{\"@type\":\"ListItem\",\"position\":3,\"name\":\"CILIO Exprimidor de Granada Profi Negro\"}]},{\"@type\":\"WebSite\",\"@id\":\"https:\/\/www.erresse-shop.it\/es\/#website\",\"url\":\"https:\/\/www.erresse-shop.it\/es\/\",\"name\":\"Erresse Shop\",\"description\":\"Articoli di qualit\u00e0 per la casa\",\"potentialAction\":[{\"@type\":\"SearchAction\",\"target\":{\"@type\":\"EntryPoint\",\"urlTemplate\":\"https:\/\/www.erresse-shop.it\/es\/?s={search_term_string}\"},\"query-input\":\"required name=search_term_string\"}],\"inLanguage\":\"es\"}]}<\/script>\n<!-- \/ Yoast SEO Premium plugin. -->","yoast_head_json":{"title":"CILIO Exprimidor de Granada Profi Negro - Erresse Shop","description":"El zumo de granada es un aliado indispensable para nuestra salud. Tambi\u00e9n conocida como \"la fruta de la medicina\", es rica en vitaminas A, B, C, E, K y","robots":{"index":"index","follow":"follow","max-snippet":"max-snippet:-1","max-image-preview":"max-image-preview:large","max-video-preview":"max-video-preview:-1"},"canonical":"https:\/\/www.erresse-shop.it\/es\/shop\/pequenos-electrodomesticos\/exprimidores\/cilio-exprimidor-de-granada-profi-negro\/","og_locale":"es_ES","og_type":"article","og_title":"CILIO Exprimidor de Granada Profi Negro","og_description":"El zumo de granada es un aliado indispensable para nuestra salud. Tambi\u00e9n conocida como \"la fruta de la medicina\", es rica en vitaminas A, B, C, E, K y","og_url":"https:\/\/www.erresse-shop.it\/es\/shop\/pequenos-electrodomesticos\/exprimidores\/cilio-exprimidor-de-granada-profi-negro\/","og_site_name":"Erresse Shop","article_modified_time":"2024-09-16T15:06:42+00:00","og_image":[{"width":800,"height":800,"url":"https:\/\/www.erresse-shop.it\/wp-content\/uploads\/2022\/12\/Spremi-melograno-Profi-3.jpg","type":"image\/jpeg"}],"twitter_card":"summary_large_image","schema":{"@context":"https:\/\/schema.org","@graph":[{"@type":"WebPage","@id":"https:\/\/www.erresse-shop.it\/es\/shop\/pequenos-electrodomesticos\/exprimidores\/cilio-exprimidor-de-granada-profi-negro\/","url":"https:\/\/www.erresse-shop.it\/es\/shop\/pequenos-electrodomesticos\/exprimidores\/cilio-exprimidor-de-granada-profi-negro\/","name":"CILIO Exprimidor de Granada Profi Negro - Erresse Shop","isPartOf":{"@id":"https:\/\/www.erresse-shop.it\/es\/#website"},"datePublished":"2022-12-12T11:57:43+00:00","dateModified":"2024-09-16T15:06:42+00:00","description":"El zumo de granada es un aliado indispensable para nuestra salud. Tambi\u00e9n conocida como \"la fruta de la medicina\", es rica en vitaminas A, B, C, E, K y","breadcrumb":{"@id":"https:\/\/www.erresse-shop.it\/es\/shop\/pequenos-electrodomesticos\/exprimidores\/cilio-exprimidor-de-granada-profi-negro\/#breadcrumb"},"inLanguage":"es","potentialAction":[{"@type":"ReadAction","target":["https:\/\/www.erresse-shop.it\/es\/shop\/pequenos-electrodomesticos\/exprimidores\/cilio-exprimidor-de-granada-profi-negro\/"]}]},{"@type":"BreadcrumbList","@id":"https:\/\/www.erresse-shop.it\/es\/shop\/pequenos-electrodomesticos\/exprimidores\/cilio-exprimidor-de-granada-profi-negro\/#breadcrumb","itemListElement":[{"@type":"ListItem","position":1,"name":"Home","item":"https:\/\/www.erresse-shop.it\/es\/"},{"@type":"ListItem","position":2,"name":"Shop","item":"https:\/\/www.erresse-shop.it\/es\/shop\/"},{"@type":"ListItem","position":3,"name":"CILIO Exprimidor de Granada Profi Negro"}]},{"@type":"WebSite","@id":"https:\/\/www.erresse-shop.it\/es\/#website","url":"https:\/\/www.erresse-shop.it\/es\/","name":"Erresse Shop","description":"Articoli di qualit\u00e0 per la casa","potentialAction":[{"@type":"SearchAction","target":{"@type":"EntryPoint","urlTemplate":"https:\/\/www.erresse-shop.it\/es\/?s={search_term_string}"},"query-input":"required name=search_term_string"}],"inLanguage":"es"}]}},"df_price":169.5,"df_sale_price":169.5,"df_regular_price":189.9,"df_image_link":"https:\/\/www.erresse-shop.it\/wp-content\/uploads\/2022\/12\/Spremi-melograno-Profi-3-300x300.jpg","_links":{"self":[{"href":"https:\/\/www.erresse-shop.it\/es\/wp-json\/wp\/v2\/product\/219449"}],"collection":[{"href":"https:\/\/www.erresse-shop.it\/es\/wp-json\/wp\/v2\/product"}],"about":[{"href":"https:\/\/www.erresse-shop.it\/es\/wp-json\/wp\/v2\/types\/product"}],"wp:featuredmedia":[{"embeddable":true,"href":"https:\/\/www.erresse-shop.it\/es\/wp-json\/wp\/v2\/media\/219507"}],"wp:attachment":[{"href":"https:\/\/www.erresse-shop.it\/es\/wp-json\/wp\/v2\/media?parent=219449"}],"wp:term":[{"taxonomy":"product_cat","embeddable":true,"href":"https:\/\/www.erresse-shop.it\/es\/wp-json\/wp\/v2\/product_cat?post=219449"},{"taxonomy":"product_tag","embeddable":true,"href":"https:\/\/www.erresse-shop.it\/es\/wp-json\/wp\/v2\/product_tag?post=219449"}],"curies":[{"name":"wp","href":"https:\/\/api.w.org\/{rel}","templated":true}]}}