{"id":219309,"date":"2022-12-14T08:49:40","date_gmt":"2022-12-14T08:49:40","guid":{"rendered":"https:\/\/www.erresse-shop.it\/?post_type=product&#038;p=219309"},"modified":"2024-05-09T07:48:08","modified_gmt":"2024-05-09T07:48:08","slug":"cilio-exprimidor-de-citricos-amalfi-negro","status":"publish","type":"product","link":"https:\/\/www.erresse-shop.it\/es\/shop\/pequenos-electrodomesticos\/exprimidores\/cilio-exprimidor-de-citricos-amalfi-negro\/","title":{"rendered":"CILIO Exprimidor de c\u00edtricos Amalfi negro"},"content":{"rendered":"<p>Zumo de naranja o de lim\u00f3n, \u00bfreci\u00e9n exprimido?<br \/>\nCon el exprimidor Cilio Amalfi podr\u00e1 convertir los c\u00edtricos en delicioso zumo en un abrir y cerrar de ojos.<\/p>\n<ul>\n<li>25% m\u00e1s de zumo que un exprimidor convencional.<\/li>\n<li>Adecuado para todo tipo de c\u00edtricos.<\/li>\n<li>F\u00e1cil de usar<\/li>\n<li>Sistema de exprimido accionado por palanca<\/li>\n<li>Cuatro pies de succi\u00f3n garantizan una posici\u00f3n segura.<\/li>\n<li>Pr\u00e1ctico: \u00a1las semillas y la pulpa permanecen en el cono prensado!<\/li>\n<li>Calidad profesional: el robusto acero inoxidable no s\u00f3lo tiene un aspecto elegante y estilizado, sino que tambi\u00e9n es duradero y muy resistente\n<p><strong>Los exprimidores profesionales no s\u00f3lo son un elemento de dise\u00f1o en cualquier cocina, sino que tambi\u00e9n impresionan por su perfecta funcionalidad y calidad.\u00a0 \u00a0<\/strong><\/li>\n<\/ul>\n<p><strong>FRESCO, DELICIOSO Y SANO:<\/strong><\/p>\n<ul>\n<li>El zumo de fruta reci\u00e9n exprimido no s\u00f3lo es sano, sino tambi\u00e9n delicioso.<\/li>\n<li>Con el exprimidor profesional Amalfi de Cilio, podr\u00e1 exprimir sin esfuerzo todos los zumos de c\u00edtricos en cualquier lugar y sin electricidad.<\/li>\n<li>La ventaja del exprimidor manual es que, en comparaci\u00f3n con los exprimidores el\u00e9ctricos, se prensan muchas menos sustancias amargas en el recipiente y el zumo queda dulce y afrutado.<\/li>\n<\/ul>\n<p><strong>CALIDAD SUPERIOR PARA UN RESULTADO EXCEPCIONAL:<\/strong><\/p>\n<ul>\n<li>F\u00e1cil de exprimir con el m\u00ednimo esfuerzo. La transmisi\u00f3n mec\u00e1nica de la fuerza se basa en la antigua ley f\u00edsica del efecto palanca.<\/li>\n<li>El mango largo con transmisi\u00f3n sofisticada garantiza un apriete f\u00e1cil sin gran esfuerzo<\/li>\n<\/ul>\n<p><strong>EMBUDO Y CONO DE ACERO FUNDIDO A PRESI\u00d3N:<\/strong><\/p>\n<ul>\n<li>El cono exprimidor de alta calidad garantiza el m\u00e1ximo rendimiento del zumo. El embudo y el cono son de acero inoxidable, f\u00e1ciles de extraer y aptos para el lavavajillas.<\/li>\n<\/ul>\n<p><strong>Especificaciones del producto<\/strong><\/p>\n<p><strong>Marca:<\/strong> Cilio<br \/>\n<strong>Color:<\/strong> Negro<br \/>\n<strong>Material:<\/strong> Acero<br \/>\n<strong>Cuidados del producto<\/strong>: Apto para lavavajillas<br \/>\n<strong>Peso del producto:<\/strong> 4,5 Kg<br \/>\n<strong>Material de la hoja:<\/strong> Acero inoxidable<br \/>\n<strong>Dimensiones del producto:<\/strong> 18 X 23 X 40\/72 cm<\/p>\n","protected":false},"excerpt":{"rendered":"<p>Zumo de naranja o de lim\u00f3n, \u00bfreci\u00e9n exprimido? Con el exprimidor Cilio Amalfi podr\u00e1 convertir los c\u00edtricos en delicioso zumo<\/p>\n","protected":false},"featured_media":219293,"template":"","meta":{"_acf_changed":false,"inline_featured_image":false},"product_cat":[16078,16073],"product_tag":[25029,16673,24605,25023],"acf":[],"yoast_head":"<!-- This site is optimized with the Yoast SEO Premium plugin v18.6 (Yoast SEO v19.13) - https:\/\/yoast.com\/wordpress\/plugins\/seo\/ -->\n<title>CILIO Exprimidor de c\u00edtricos Amalfi negro - Erresse Shop<\/title>\n<meta name=\"description\" content=\"Zumo de naranja o de lim\u00f3n, \u00bfreci\u00e9n exprimido? Con el exprimidor Cilio Amalfi podr\u00e1 convertir los c\u00edtricos en delicioso zumo en un abrir y cerrar de ojos.\" \/>\n<meta name=\"robots\" content=\"index, follow, max-snippet:-1, max-image-preview:large, max-video-preview:-1\" \/>\n<link rel=\"canonical\" href=\"https:\/\/www.erresse-shop.it\/es\/shop\/pequenos-electrodomesticos\/exprimidores\/cilio-exprimidor-de-citricos-amalfi-negro\/\" \/>\n<meta property=\"og:locale\" content=\"es_ES\" \/>\n<meta property=\"og:type\" content=\"article\" \/>\n<meta property=\"og:title\" content=\"CILIO Exprimidor de c\u00edtricos Amalfi negro\" \/>\n<meta property=\"og:description\" content=\"Zumo de naranja o de lim\u00f3n, \u00bfreci\u00e9n exprimido? Con el exprimidor Cilio Amalfi podr\u00e1 convertir los c\u00edtricos en delicioso zumo en un abrir y cerrar de ojos.\" \/>\n<meta property=\"og:url\" content=\"https:\/\/www.erresse-shop.it\/es\/shop\/pequenos-electrodomesticos\/exprimidores\/cilio-exprimidor-de-citricos-amalfi-negro\/\" \/>\n<meta property=\"og:site_name\" content=\"Erresse Shop\" \/>\n<meta property=\"article:modified_time\" content=\"2024-05-09T07:48:08+00:00\" \/>\n<meta property=\"og:image\" content=\"https:\/\/www.erresse-shop.it\/wp-content\/uploads\/2022\/12\/amalfi-nero.jpg\" \/>\n\t<meta property=\"og:image:width\" content=\"1535\" \/>\n\t<meta property=\"og:image:height\" content=\"1535\" \/>\n\t<meta property=\"og:image:type\" content=\"image\/jpeg\" \/>\n<meta name=\"twitter:card\" content=\"summary_large_image\" \/>\n<script type=\"application\/ld+json\" class=\"yoast-schema-graph\">{\"@context\":\"https:\/\/schema.org\",\"@graph\":[{\"@type\":\"WebPage\",\"@id\":\"https:\/\/www.erresse-shop.it\/es\/shop\/pequenos-electrodomesticos\/exprimidores\/cilio-exprimidor-de-citricos-amalfi-negro\/\",\"url\":\"https:\/\/www.erresse-shop.it\/es\/shop\/pequenos-electrodomesticos\/exprimidores\/cilio-exprimidor-de-citricos-amalfi-negro\/\",\"name\":\"CILIO Exprimidor de c\u00edtricos Amalfi negro - Erresse Shop\",\"isPartOf\":{\"@id\":\"https:\/\/www.erresse-shop.it\/es\/#website\"},\"datePublished\":\"2022-12-14T08:49:40+00:00\",\"dateModified\":\"2024-05-09T07:48:08+00:00\",\"description\":\"Zumo de naranja o de lim\u00f3n, \u00bfreci\u00e9n exprimido? Con el exprimidor Cilio Amalfi podr\u00e1 convertir los c\u00edtricos en delicioso zumo en un abrir y cerrar de ojos.\",\"breadcrumb\":{\"@id\":\"https:\/\/www.erresse-shop.it\/es\/shop\/pequenos-electrodomesticos\/exprimidores\/cilio-exprimidor-de-citricos-amalfi-negro\/#breadcrumb\"},\"inLanguage\":\"es\",\"potentialAction\":[{\"@type\":\"ReadAction\",\"target\":[\"https:\/\/www.erresse-shop.it\/es\/shop\/pequenos-electrodomesticos\/exprimidores\/cilio-exprimidor-de-citricos-amalfi-negro\/\"]}]},{\"@type\":\"BreadcrumbList\",\"@id\":\"https:\/\/www.erresse-shop.it\/es\/shop\/pequenos-electrodomesticos\/exprimidores\/cilio-exprimidor-de-citricos-amalfi-negro\/#breadcrumb\",\"itemListElement\":[{\"@type\":\"ListItem\",\"position\":1,\"name\":\"Home\",\"item\":\"https:\/\/www.erresse-shop.it\/es\/\"},{\"@type\":\"ListItem\",\"position\":2,\"name\":\"Shop\",\"item\":\"https:\/\/www.erresse-shop.it\/es\/shop\/\"},{\"@type\":\"ListItem\",\"position\":3,\"name\":\"CILIO Exprimidor de c\u00edtricos Amalfi negro\"}]},{\"@type\":\"WebSite\",\"@id\":\"https:\/\/www.erresse-shop.it\/es\/#website\",\"url\":\"https:\/\/www.erresse-shop.it\/es\/\",\"name\":\"Erresse Shop\",\"description\":\"Articoli di qualit\u00e0 per la casa\",\"potentialAction\":[{\"@type\":\"SearchAction\",\"target\":{\"@type\":\"EntryPoint\",\"urlTemplate\":\"https:\/\/www.erresse-shop.it\/es\/?s={search_term_string}\"},\"query-input\":\"required name=search_term_string\"}],\"inLanguage\":\"es\"}]}<\/script>\n<!-- \/ Yoast SEO Premium plugin. -->","yoast_head_json":{"title":"CILIO Exprimidor de c\u00edtricos Amalfi negro - Erresse Shop","description":"Zumo de naranja o de lim\u00f3n, \u00bfreci\u00e9n exprimido? Con el exprimidor Cilio Amalfi podr\u00e1 convertir los c\u00edtricos en delicioso zumo en un abrir y cerrar de ojos.","robots":{"index":"index","follow":"follow","max-snippet":"max-snippet:-1","max-image-preview":"max-image-preview:large","max-video-preview":"max-video-preview:-1"},"canonical":"https:\/\/www.erresse-shop.it\/es\/shop\/pequenos-electrodomesticos\/exprimidores\/cilio-exprimidor-de-citricos-amalfi-negro\/","og_locale":"es_ES","og_type":"article","og_title":"CILIO Exprimidor de c\u00edtricos Amalfi negro","og_description":"Zumo de naranja o de lim\u00f3n, \u00bfreci\u00e9n exprimido? Con el exprimidor Cilio Amalfi podr\u00e1 convertir los c\u00edtricos en delicioso zumo en un abrir y cerrar de ojos.","og_url":"https:\/\/www.erresse-shop.it\/es\/shop\/pequenos-electrodomesticos\/exprimidores\/cilio-exprimidor-de-citricos-amalfi-negro\/","og_site_name":"Erresse Shop","article_modified_time":"2024-05-09T07:48:08+00:00","og_image":[{"width":1535,"height":1535,"url":"https:\/\/www.erresse-shop.it\/wp-content\/uploads\/2022\/12\/amalfi-nero.jpg","type":"image\/jpeg"}],"twitter_card":"summary_large_image","schema":{"@context":"https:\/\/schema.org","@graph":[{"@type":"WebPage","@id":"https:\/\/www.erresse-shop.it\/es\/shop\/pequenos-electrodomesticos\/exprimidores\/cilio-exprimidor-de-citricos-amalfi-negro\/","url":"https:\/\/www.erresse-shop.it\/es\/shop\/pequenos-electrodomesticos\/exprimidores\/cilio-exprimidor-de-citricos-amalfi-negro\/","name":"CILIO Exprimidor de c\u00edtricos Amalfi negro - Erresse Shop","isPartOf":{"@id":"https:\/\/www.erresse-shop.it\/es\/#website"},"datePublished":"2022-12-14T08:49:40+00:00","dateModified":"2024-05-09T07:48:08+00:00","description":"Zumo de naranja o de lim\u00f3n, \u00bfreci\u00e9n exprimido? Con el exprimidor Cilio Amalfi podr\u00e1 convertir los c\u00edtricos en delicioso zumo en un abrir y cerrar de ojos.","breadcrumb":{"@id":"https:\/\/www.erresse-shop.it\/es\/shop\/pequenos-electrodomesticos\/exprimidores\/cilio-exprimidor-de-citricos-amalfi-negro\/#breadcrumb"},"inLanguage":"es","potentialAction":[{"@type":"ReadAction","target":["https:\/\/www.erresse-shop.it\/es\/shop\/pequenos-electrodomesticos\/exprimidores\/cilio-exprimidor-de-citricos-amalfi-negro\/"]}]},{"@type":"BreadcrumbList","@id":"https:\/\/www.erresse-shop.it\/es\/shop\/pequenos-electrodomesticos\/exprimidores\/cilio-exprimidor-de-citricos-amalfi-negro\/#breadcrumb","itemListElement":[{"@type":"ListItem","position":1,"name":"Home","item":"https:\/\/www.erresse-shop.it\/es\/"},{"@type":"ListItem","position":2,"name":"Shop","item":"https:\/\/www.erresse-shop.it\/es\/shop\/"},{"@type":"ListItem","position":3,"name":"CILIO Exprimidor de c\u00edtricos Amalfi negro"}]},{"@type":"WebSite","@id":"https:\/\/www.erresse-shop.it\/es\/#website","url":"https:\/\/www.erresse-shop.it\/es\/","name":"Erresse Shop","description":"Articoli di qualit\u00e0 per la casa","potentialAction":[{"@type":"SearchAction","target":{"@type":"EntryPoint","urlTemplate":"https:\/\/www.erresse-shop.it\/es\/?s={search_term_string}"},"query-input":"required name=search_term_string"}],"inLanguage":"es"}]}},"df_price":169.5,"df_sale_price":169.5,"df_regular_price":189.9,"df_image_link":"https:\/\/www.erresse-shop.it\/wp-content\/uploads\/2022\/12\/amalfi-nero-300x300.jpg","_links":{"self":[{"href":"https:\/\/www.erresse-shop.it\/es\/wp-json\/wp\/v2\/product\/219309"}],"collection":[{"href":"https:\/\/www.erresse-shop.it\/es\/wp-json\/wp\/v2\/product"}],"about":[{"href":"https:\/\/www.erresse-shop.it\/es\/wp-json\/wp\/v2\/types\/product"}],"wp:featuredmedia":[{"embeddable":true,"href":"https:\/\/www.erresse-shop.it\/es\/wp-json\/wp\/v2\/media\/219293"}],"wp:attachment":[{"href":"https:\/\/www.erresse-shop.it\/es\/wp-json\/wp\/v2\/media?parent=219309"}],"wp:term":[{"taxonomy":"product_cat","embeddable":true,"href":"https:\/\/www.erresse-shop.it\/es\/wp-json\/wp\/v2\/product_cat?post=219309"},{"taxonomy":"product_tag","embeddable":true,"href":"https:\/\/www.erresse-shop.it\/es\/wp-json\/wp\/v2\/product_tag?post=219309"}],"curies":[{"name":"wp","href":"https:\/\/api.w.org\/{rel}","templated":true}]}}