{"id":218147,"date":"2022-12-09T09:01:53","date_gmt":"2022-12-09T09:01:57","guid":{"rendered":"https:\/\/www.erresse-shop.it\/?post_type=product&#038;p=218147"},"modified":"2025-05-21T12:33:10","modified_gmt":"2025-05-21T12:33:10","slug":"joseph-elevate-set-6-utensilios-de-cocina-carrusel-verde","status":"publish","type":"product","link":"https:\/\/www.erresse-shop.it\/es\/shop\/cocina\/herramientas\/joseph-elevate-set-6-utensilios-de-cocina-carrusel-verde\/","title":{"rendered":"JOSEPH JOSEPH Elevate Set 6 Utensilios de Cocina Carrusel Verde"},"content":{"rendered":"<p><strong>Caracter\u00edsticas del producto<\/strong><\/p>\n<ul>\n<li>Los utensilios de cocina incluidos en este juego tienen mangos contrapesados para una higiene \u00f3ptima y una superficie de trabajo eficaz.<\/li>\n<li>El juego incluye: espumadera, cuchar\u00f3n para espaguetis, esp\u00e1tulas ranuradas, flexibles y macizas, cuchar\u00f3n<\/li>\n<li>Los mangos lastrados garantizan que los cabezales no toquen la superficie de trabajo cuando se colocan hacia abajo<\/li>\n<li>Los cabezales de nylon son resistentes al calor hasta 200\u00b0C (392\u00b0F)<\/li>\n<li>Los mangos de silicona son resistentes al calor hasta 270\u00b0C (520\u00b0F)&nbsp; &nbsp; &nbsp; &nbsp; &nbsp; &nbsp; &nbsp; &nbsp; <\/li>\n<li>El carrusel est\u00e1 equipado con una base antideslizante y se mueve f\u00e1cilmente para facilitar la selecci\u00f3n de utensilios.<\/li>\n<li>Apto para todo tipo de utensilios de cocina<\/li>\n<\/ul>\n<p><strong>Precauciones y uso<\/strong><\/p>\n<ul>\n<li>Apto para lavavajillas<\/li>\n<li>Limpie el carrusel con un pa\u00f1o h\u00famedo<\/li>\n<li>Para evitar las manchas, no utilice productos con un fuerte poder colorante, como la c\u00farcuma.<\/li>\n<li>Sin BPA<\/li>\n<\/ul>\n<p><strong>Dimensiones:<\/strong><br \/>H35 x A16,5 x P16,5 cm (H13\u00be x L6\u00bd x D6\u00bd pulgadas)<\/p>\n<p><strong>Dise\u00f1ado por Joseph Joseph<\/strong><\/p>\n","protected":false},"excerpt":{"rendered":"<p><\/p>\n","protected":false},"featured_media":500356,"template":"","meta":{"_acf_changed":false,"inline_featured_image":false},"product_cat":[16040,25335],"product_tag":[25029,21638,21639,18368,21640,25023],"acf":[],"yoast_head":"<!-- This site is optimized with the Yoast SEO Premium plugin v18.6 (Yoast SEO v19.13) - https:\/\/yoast.com\/wordpress\/plugins\/seo\/ -->\n<title>JOSEPH JOSEPH Elevate Set 6 Utensilios de Cocina Carrusel Verde - Erresse Shop<\/title>\n<meta name=\"robots\" content=\"index, follow, max-snippet:-1, max-image-preview:large, max-video-preview:-1\" \/>\n<link rel=\"canonical\" href=\"https:\/\/www.erresse-shop.it\/es\/shop\/cocina\/herramientas\/joseph-elevate-set-6-utensilios-de-cocina-carrusel-verde\/\" \/>\n<meta property=\"og:locale\" content=\"es_ES\" \/>\n<meta property=\"og:type\" content=\"article\" \/>\n<meta property=\"og:title\" content=\"JOSEPH JOSEPH Elevate Set 6 Utensilios de Cocina Carrusel Verde\" \/>\n<meta property=\"og:url\" content=\"https:\/\/www.erresse-shop.it\/es\/shop\/cocina\/herramientas\/joseph-elevate-set-6-utensilios-de-cocina-carrusel-verde\/\" \/>\n<meta property=\"og:site_name\" content=\"Erresse Shop\" \/>\n<meta property=\"article:modified_time\" content=\"2025-05-21T12:33:10+00:00\" \/>\n<meta property=\"og:image\" content=\"https:\/\/www.erresse-shop.it\/wp-content\/uploads\/2022\/12\/JOSEPH-JOSEPH-Set-6-Utensili-da-Cucina-Carosello-Verde.jpg\" \/>\n\t<meta property=\"og:image:width\" content=\"1200\" \/>\n\t<meta property=\"og:image:height\" content=\"1200\" \/>\n\t<meta property=\"og:image:type\" content=\"image\/jpeg\" \/>\n<meta name=\"twitter:card\" content=\"summary_large_image\" \/>\n<script type=\"application\/ld+json\" class=\"yoast-schema-graph\">{\"@context\":\"https:\/\/schema.org\",\"@graph\":[{\"@type\":\"WebPage\",\"@id\":\"https:\/\/www.erresse-shop.it\/es\/shop\/cocina\/herramientas\/joseph-elevate-set-6-utensilios-de-cocina-carrusel-verde\/\",\"url\":\"https:\/\/www.erresse-shop.it\/es\/shop\/cocina\/herramientas\/joseph-elevate-set-6-utensilios-de-cocina-carrusel-verde\/\",\"name\":\"JOSEPH JOSEPH Elevate Set 6 Utensilios de Cocina Carrusel Verde - Erresse Shop\",\"isPartOf\":{\"@id\":\"https:\/\/www.erresse-shop.it\/es\/#website\"},\"datePublished\":\"2022-12-09T09:01:57+00:00\",\"dateModified\":\"2025-05-21T12:33:10+00:00\",\"breadcrumb\":{\"@id\":\"https:\/\/www.erresse-shop.it\/es\/shop\/cocina\/herramientas\/joseph-elevate-set-6-utensilios-de-cocina-carrusel-verde\/#breadcrumb\"},\"inLanguage\":\"es\",\"potentialAction\":[{\"@type\":\"ReadAction\",\"target\":[\"https:\/\/www.erresse-shop.it\/es\/shop\/cocina\/herramientas\/joseph-elevate-set-6-utensilios-de-cocina-carrusel-verde\/\"]}]},{\"@type\":\"BreadcrumbList\",\"@id\":\"https:\/\/www.erresse-shop.it\/es\/shop\/cocina\/herramientas\/joseph-elevate-set-6-utensilios-de-cocina-carrusel-verde\/#breadcrumb\",\"itemListElement\":[{\"@type\":\"ListItem\",\"position\":1,\"name\":\"Home\",\"item\":\"https:\/\/www.erresse-shop.it\/es\/\"},{\"@type\":\"ListItem\",\"position\":2,\"name\":\"Shop\",\"item\":\"https:\/\/www.erresse-shop.it\/es\/shop\/\"},{\"@type\":\"ListItem\",\"position\":3,\"name\":\"JOSEPH JOSEPH Elevate Set 6 Utensilios de Cocina Carrusel Verde\"}]},{\"@type\":\"WebSite\",\"@id\":\"https:\/\/www.erresse-shop.it\/es\/#website\",\"url\":\"https:\/\/www.erresse-shop.it\/es\/\",\"name\":\"Erresse Shop\",\"description\":\"Articoli di qualit\u00e0 per la casa\",\"potentialAction\":[{\"@type\":\"SearchAction\",\"target\":{\"@type\":\"EntryPoint\",\"urlTemplate\":\"https:\/\/www.erresse-shop.it\/es\/?s={search_term_string}\"},\"query-input\":\"required name=search_term_string\"}],\"inLanguage\":\"es\"}]}<\/script>\n<!-- \/ Yoast SEO Premium plugin. -->","yoast_head_json":{"title":"JOSEPH JOSEPH Elevate Set 6 Utensilios de Cocina Carrusel Verde - Erresse Shop","robots":{"index":"index","follow":"follow","max-snippet":"max-snippet:-1","max-image-preview":"max-image-preview:large","max-video-preview":"max-video-preview:-1"},"canonical":"https:\/\/www.erresse-shop.it\/es\/shop\/cocina\/herramientas\/joseph-elevate-set-6-utensilios-de-cocina-carrusel-verde\/","og_locale":"es_ES","og_type":"article","og_title":"JOSEPH JOSEPH Elevate Set 6 Utensilios de Cocina Carrusel Verde","og_url":"https:\/\/www.erresse-shop.it\/es\/shop\/cocina\/herramientas\/joseph-elevate-set-6-utensilios-de-cocina-carrusel-verde\/","og_site_name":"Erresse Shop","article_modified_time":"2025-05-21T12:33:10+00:00","og_image":[{"width":1200,"height":1200,"url":"https:\/\/www.erresse-shop.it\/wp-content\/uploads\/2022\/12\/JOSEPH-JOSEPH-Set-6-Utensili-da-Cucina-Carosello-Verde.jpg","type":"image\/jpeg"}],"twitter_card":"summary_large_image","schema":{"@context":"https:\/\/schema.org","@graph":[{"@type":"WebPage","@id":"https:\/\/www.erresse-shop.it\/es\/shop\/cocina\/herramientas\/joseph-elevate-set-6-utensilios-de-cocina-carrusel-verde\/","url":"https:\/\/www.erresse-shop.it\/es\/shop\/cocina\/herramientas\/joseph-elevate-set-6-utensilios-de-cocina-carrusel-verde\/","name":"JOSEPH JOSEPH Elevate Set 6 Utensilios de Cocina Carrusel Verde - Erresse Shop","isPartOf":{"@id":"https:\/\/www.erresse-shop.it\/es\/#website"},"datePublished":"2022-12-09T09:01:57+00:00","dateModified":"2025-05-21T12:33:10+00:00","breadcrumb":{"@id":"https:\/\/www.erresse-shop.it\/es\/shop\/cocina\/herramientas\/joseph-elevate-set-6-utensilios-de-cocina-carrusel-verde\/#breadcrumb"},"inLanguage":"es","potentialAction":[{"@type":"ReadAction","target":["https:\/\/www.erresse-shop.it\/es\/shop\/cocina\/herramientas\/joseph-elevate-set-6-utensilios-de-cocina-carrusel-verde\/"]}]},{"@type":"BreadcrumbList","@id":"https:\/\/www.erresse-shop.it\/es\/shop\/cocina\/herramientas\/joseph-elevate-set-6-utensilios-de-cocina-carrusel-verde\/#breadcrumb","itemListElement":[{"@type":"ListItem","position":1,"name":"Home","item":"https:\/\/www.erresse-shop.it\/es\/"},{"@type":"ListItem","position":2,"name":"Shop","item":"https:\/\/www.erresse-shop.it\/es\/shop\/"},{"@type":"ListItem","position":3,"name":"JOSEPH JOSEPH Elevate Set 6 Utensilios de Cocina Carrusel Verde"}]},{"@type":"WebSite","@id":"https:\/\/www.erresse-shop.it\/es\/#website","url":"https:\/\/www.erresse-shop.it\/es\/","name":"Erresse Shop","description":"Articoli di qualit\u00e0 per la casa","potentialAction":[{"@type":"SearchAction","target":{"@type":"EntryPoint","urlTemplate":"https:\/\/www.erresse-shop.it\/es\/?s={search_term_string}"},"query-input":"required name=search_term_string"}],"inLanguage":"es"}]}},"df_price":39.95,"df_sale_price":39.95,"df_regular_price":79.9,"df_image_link":"https:\/\/www.erresse-shop.it\/wp-content\/uploads\/2022\/12\/JOSEPH-JOSEPH-Set-6-Utensili-da-Cucina-Carosello-Verde-300x300.jpg","_links":{"self":[{"href":"https:\/\/www.erresse-shop.it\/es\/wp-json\/wp\/v2\/product\/218147"}],"collection":[{"href":"https:\/\/www.erresse-shop.it\/es\/wp-json\/wp\/v2\/product"}],"about":[{"href":"https:\/\/www.erresse-shop.it\/es\/wp-json\/wp\/v2\/types\/product"}],"wp:featuredmedia":[{"embeddable":true,"href":"https:\/\/www.erresse-shop.it\/es\/wp-json\/wp\/v2\/media\/500356"}],"wp:attachment":[{"href":"https:\/\/www.erresse-shop.it\/es\/wp-json\/wp\/v2\/media?parent=218147"}],"wp:term":[{"taxonomy":"product_cat","embeddable":true,"href":"https:\/\/www.erresse-shop.it\/es\/wp-json\/wp\/v2\/product_cat?post=218147"},{"taxonomy":"product_tag","embeddable":true,"href":"https:\/\/www.erresse-shop.it\/es\/wp-json\/wp\/v2\/product_tag?post=218147"}],"curies":[{"name":"wp","href":"https:\/\/api.w.org\/{rel}","templated":true}]}}