{"id":216773,"date":"2022-12-06T15:53:47","date_gmt":"2022-12-06T15:53:52","guid":{"rendered":"https:\/\/www.erresse-shop.it\/?post_type=product&#038;p=216773"},"modified":"2025-05-21T13:57:12","modified_gmt":"2025-05-21T13:57:12","slug":"coravin-pure-capsulas-argon","status":"publish","type":"product","link":"https:\/\/www.erresse-shop.it\/es\/shop\/tabla\/vino\/aireadores\/coravin-pure-capsulas-argon\/","title":{"rendered":"CORAVIN Pure C\u00e1psulas Argon"},"content":{"rendered":"<p>Las c\u00e1psulas de arg\u00f3n Coravin Pure\u2122 alimentan los dispositivos Coravin Timeless y Pivot\u2122. Se llenan con gas Arg\u00f3n puro que presuriza la botella para permitir la salida del vino y repone el volumen dentro de la botella para proteger el vino una vez retirado el sistema. Las c\u00e1psulas Argon no son compatibles con el Coravin Sparkling\u2122.<\/p>\n<p><strong>Encienda su sistema Coravin<\/strong><\/p>\n<p>Desenroscar<br \/>\nDeslice hacia arriba las SmartClamps\u2122 utilizando el desbloqueo del tornillo de banco. Desenrosque la tapa de la c\u00e1psula.<\/p>\n<p>Instale<br \/>\nIntroduzca una c\u00e1psula y vuelva a enroscar la tapa de la c\u00e1psula r\u00e1pida y completamente, asegur\u00e1ndose de que no quede ning\u00fan espacio entre el sistema y la c\u00e1psula. Deslice las SmartClamps\u2122 hacia abajo. Ahora puedes verter.<\/p>\n<p>Vida \u00fatil de la c\u00e1psula<br \/>\nCada c\u00e1psula le permitir\u00e1 servir hasta 15 copas de 150 ml (cinco onzas) de vino con los sistemas Timeless o 20 copas de 150 ml (cinco onzas) con los sistemas Pivot\u2122.<\/p>\n<p>C\u00e1psulas Coravin<br \/>\nEl gas arg\u00f3n 100% puro alimenta todos los sistemas de almacenamiento de vino Coravin y conserva el vino.<\/p>\n<p>Calidad profesional<br \/>\nLos productos Coravin son utilizados con confianza por profesionales del vino de todo el mundo.<\/p>\n<p><strong>Detalles del producto<\/strong><\/p>\n<p>Gas arg\u00f3n puro. El gas arg\u00f3n 5.0 de grado m\u00e9dico 100% puro est\u00e1 certificado en origen para las c\u00e1psulas Coravin Pure\u2122.<\/p>\n<p>Pureza superior<\/p>\n<p>Pureza probada<\/p>\n<p>La tecnolog\u00eda patentada &#8220;cap and seal&#8221; garantiza que las c\u00e1psulas Coravin Pure\u2122 encajen perfectamente en los mecanismos de seguridad de nuestros sistemas y sean totalmente estancas, para mezclas perfectas y tranquilidad.<\/p>\n<p>Cada c\u00e1psula Coravin Pure\u2122 debe superar una inspecci\u00f3n sensorial multipunto posterior a la producci\u00f3n. De este modo se garantiza el m\u00e1ximo nivel de conservaci\u00f3n sin afectar al sabor del vino.<\/p>\n","protected":false},"excerpt":{"rendered":"<p>Las c\u00e1psulas de arg\u00f3n Coravin Pure\u2122 alimentan los dispositivos Coravin Timeless y Pivot\u2122. Se llenan con gas Arg\u00f3n puro que<\/p>\n","protected":false},"featured_media":500494,"template":"","meta":{"_acf_changed":false,"inline_featured_image":false},"product_cat":[25984,16027,16051],"product_tag":[25039,21416,21491,24399,25023,23684,21479],"acf":[],"yoast_head":"<!-- This site is optimized with the Yoast SEO Premium plugin v18.6 (Yoast SEO v19.13) - https:\/\/yoast.com\/wordpress\/plugins\/seo\/ -->\n<title>CORAVIN Pure C\u00e1psulas Argon - Erresse Shop<\/title>\n<meta name=\"description\" content=\"Las c\u00e1psulas de arg\u00f3n Coravin Pure\u2122 alimentan los dispositivos Coravin Timeless y Pivot\u2122. Se llenan con gas Arg\u00f3n puro que presuriza la botella para\" \/>\n<meta name=\"robots\" content=\"index, follow, max-snippet:-1, max-image-preview:large, max-video-preview:-1\" \/>\n<link rel=\"canonical\" href=\"https:\/\/www.erresse-shop.it\/es\/shop\/tabla\/vino\/aireadores\/coravin-pure-capsulas-argon\/\" \/>\n<meta property=\"og:locale\" content=\"es_ES\" \/>\n<meta property=\"og:type\" content=\"article\" \/>\n<meta property=\"og:title\" content=\"CORAVIN Pure C\u00e1psulas Argon\" \/>\n<meta property=\"og:description\" content=\"Las c\u00e1psulas de arg\u00f3n Coravin Pure\u2122 alimentan los dispositivos Coravin Timeless y Pivot\u2122. Se llenan con gas Arg\u00f3n puro que presuriza la botella para\" \/>\n<meta property=\"og:url\" content=\"https:\/\/www.erresse-shop.it\/es\/shop\/tabla\/vino\/aireadores\/coravin-pure-capsulas-argon\/\" \/>\n<meta property=\"og:site_name\" content=\"Erresse Shop\" \/>\n<meta property=\"article:modified_time\" content=\"2025-05-21T13:57:12+00:00\" \/>\n<meta property=\"og:image\" content=\"https:\/\/www.erresse-shop.it\/wp-content\/uploads\/2022\/12\/CORAVIN-Pure-Set-6-Capsule-di-Argon.jpg\" \/>\n\t<meta property=\"og:image:width\" content=\"1200\" \/>\n\t<meta property=\"og:image:height\" content=\"1200\" \/>\n\t<meta property=\"og:image:type\" content=\"image\/jpeg\" \/>\n<meta name=\"twitter:card\" content=\"summary_large_image\" \/>\n<script type=\"application\/ld+json\" class=\"yoast-schema-graph\">{\"@context\":\"https:\/\/schema.org\",\"@graph\":[{\"@type\":\"WebPage\",\"@id\":\"https:\/\/www.erresse-shop.it\/es\/shop\/tabla\/vino\/aireadores\/coravin-pure-capsulas-argon\/\",\"url\":\"https:\/\/www.erresse-shop.it\/es\/shop\/tabla\/vino\/aireadores\/coravin-pure-capsulas-argon\/\",\"name\":\"CORAVIN Pure C\u00e1psulas Argon - Erresse Shop\",\"isPartOf\":{\"@id\":\"https:\/\/www.erresse-shop.it\/es\/#website\"},\"datePublished\":\"2022-12-06T15:53:52+00:00\",\"dateModified\":\"2025-05-21T13:57:12+00:00\",\"description\":\"Las c\u00e1psulas de arg\u00f3n Coravin Pure\u2122 alimentan los dispositivos Coravin Timeless y Pivot\u2122. Se llenan con gas Arg\u00f3n puro que presuriza la botella para\",\"breadcrumb\":{\"@id\":\"https:\/\/www.erresse-shop.it\/es\/shop\/tabla\/vino\/aireadores\/coravin-pure-capsulas-argon\/#breadcrumb\"},\"inLanguage\":\"es\",\"potentialAction\":[{\"@type\":\"ReadAction\",\"target\":[\"https:\/\/www.erresse-shop.it\/es\/shop\/tabla\/vino\/aireadores\/coravin-pure-capsulas-argon\/\"]}]},{\"@type\":\"BreadcrumbList\",\"@id\":\"https:\/\/www.erresse-shop.it\/es\/shop\/tabla\/vino\/aireadores\/coravin-pure-capsulas-argon\/#breadcrumb\",\"itemListElement\":[{\"@type\":\"ListItem\",\"position\":1,\"name\":\"Home\",\"item\":\"https:\/\/www.erresse-shop.it\/es\/\"},{\"@type\":\"ListItem\",\"position\":2,\"name\":\"Shop\",\"item\":\"https:\/\/www.erresse-shop.it\/es\/shop\/\"},{\"@type\":\"ListItem\",\"position\":3,\"name\":\"CORAVIN Pure C\u00e1psulas Argon\"}]},{\"@type\":\"WebSite\",\"@id\":\"https:\/\/www.erresse-shop.it\/es\/#website\",\"url\":\"https:\/\/www.erresse-shop.it\/es\/\",\"name\":\"Erresse Shop\",\"description\":\"Articoli di qualit\u00e0 per la casa\",\"potentialAction\":[{\"@type\":\"SearchAction\",\"target\":{\"@type\":\"EntryPoint\",\"urlTemplate\":\"https:\/\/www.erresse-shop.it\/es\/?s={search_term_string}\"},\"query-input\":\"required name=search_term_string\"}],\"inLanguage\":\"es\"}]}<\/script>\n<!-- \/ Yoast SEO Premium plugin. -->","yoast_head_json":{"title":"CORAVIN Pure C\u00e1psulas Argon - Erresse Shop","description":"Las c\u00e1psulas de arg\u00f3n Coravin Pure\u2122 alimentan los dispositivos Coravin Timeless y Pivot\u2122. Se llenan con gas Arg\u00f3n puro que presuriza la botella para","robots":{"index":"index","follow":"follow","max-snippet":"max-snippet:-1","max-image-preview":"max-image-preview:large","max-video-preview":"max-video-preview:-1"},"canonical":"https:\/\/www.erresse-shop.it\/es\/shop\/tabla\/vino\/aireadores\/coravin-pure-capsulas-argon\/","og_locale":"es_ES","og_type":"article","og_title":"CORAVIN Pure C\u00e1psulas Argon","og_description":"Las c\u00e1psulas de arg\u00f3n Coravin Pure\u2122 alimentan los dispositivos Coravin Timeless y Pivot\u2122. Se llenan con gas Arg\u00f3n puro que presuriza la botella para","og_url":"https:\/\/www.erresse-shop.it\/es\/shop\/tabla\/vino\/aireadores\/coravin-pure-capsulas-argon\/","og_site_name":"Erresse Shop","article_modified_time":"2025-05-21T13:57:12+00:00","og_image":[{"width":1200,"height":1200,"url":"https:\/\/www.erresse-shop.it\/wp-content\/uploads\/2022\/12\/CORAVIN-Pure-Set-6-Capsule-di-Argon.jpg","type":"image\/jpeg"}],"twitter_card":"summary_large_image","schema":{"@context":"https:\/\/schema.org","@graph":[{"@type":"WebPage","@id":"https:\/\/www.erresse-shop.it\/es\/shop\/tabla\/vino\/aireadores\/coravin-pure-capsulas-argon\/","url":"https:\/\/www.erresse-shop.it\/es\/shop\/tabla\/vino\/aireadores\/coravin-pure-capsulas-argon\/","name":"CORAVIN Pure C\u00e1psulas Argon - Erresse Shop","isPartOf":{"@id":"https:\/\/www.erresse-shop.it\/es\/#website"},"datePublished":"2022-12-06T15:53:52+00:00","dateModified":"2025-05-21T13:57:12+00:00","description":"Las c\u00e1psulas de arg\u00f3n Coravin Pure\u2122 alimentan los dispositivos Coravin Timeless y Pivot\u2122. Se llenan con gas Arg\u00f3n puro que presuriza la botella para","breadcrumb":{"@id":"https:\/\/www.erresse-shop.it\/es\/shop\/tabla\/vino\/aireadores\/coravin-pure-capsulas-argon\/#breadcrumb"},"inLanguage":"es","potentialAction":[{"@type":"ReadAction","target":["https:\/\/www.erresse-shop.it\/es\/shop\/tabla\/vino\/aireadores\/coravin-pure-capsulas-argon\/"]}]},{"@type":"BreadcrumbList","@id":"https:\/\/www.erresse-shop.it\/es\/shop\/tabla\/vino\/aireadores\/coravin-pure-capsulas-argon\/#breadcrumb","itemListElement":[{"@type":"ListItem","position":1,"name":"Home","item":"https:\/\/www.erresse-shop.it\/es\/"},{"@type":"ListItem","position":2,"name":"Shop","item":"https:\/\/www.erresse-shop.it\/es\/shop\/"},{"@type":"ListItem","position":3,"name":"CORAVIN Pure C\u00e1psulas Argon"}]},{"@type":"WebSite","@id":"https:\/\/www.erresse-shop.it\/es\/#website","url":"https:\/\/www.erresse-shop.it\/es\/","name":"Erresse Shop","description":"Articoli di qualit\u00e0 per la casa","potentialAction":[{"@type":"SearchAction","target":{"@type":"EntryPoint","urlTemplate":"https:\/\/www.erresse-shop.it\/es\/?s={search_term_string}"},"query-input":"required name=search_term_string"}],"inLanguage":"es"}]}},"df_price":37.029999999999994,"df_sale_price":37.029999999999994,"df_regular_price":52.9,"df_image_link":"https:\/\/www.erresse-shop.it\/wp-content\/uploads\/2022\/12\/CORAVIN-Pure-Set-6-Capsule-di-Argon-300x300.jpg","_links":{"self":[{"href":"https:\/\/www.erresse-shop.it\/es\/wp-json\/wp\/v2\/product\/216773"}],"collection":[{"href":"https:\/\/www.erresse-shop.it\/es\/wp-json\/wp\/v2\/product"}],"about":[{"href":"https:\/\/www.erresse-shop.it\/es\/wp-json\/wp\/v2\/types\/product"}],"wp:featuredmedia":[{"embeddable":true,"href":"https:\/\/www.erresse-shop.it\/es\/wp-json\/wp\/v2\/media\/500494"}],"wp:attachment":[{"href":"https:\/\/www.erresse-shop.it\/es\/wp-json\/wp\/v2\/media?parent=216773"}],"wp:term":[{"taxonomy":"product_cat","embeddable":true,"href":"https:\/\/www.erresse-shop.it\/es\/wp-json\/wp\/v2\/product_cat?post=216773"},{"taxonomy":"product_tag","embeddable":true,"href":"https:\/\/www.erresse-shop.it\/es\/wp-json\/wp\/v2\/product_tag?post=216773"}],"curies":[{"name":"wp","href":"https:\/\/api.w.org\/{rel}","templated":true}]}}